{"id":1533,"date":"2025-06-03T12:07:29","date_gmt":"2025-06-03T12:07:29","guid":{"rendered":"https:\/\/riftgame.com\/formulaire-de-retractation\/"},"modified":"2025-07-03T11:48:18","modified_gmt":"2025-07-03T11:48:18","slug":"formulaire-de-retractation","status":"publish","type":"page","link":"https:\/\/riftgame.com\/fr\/formulaire-de-retractation\/","title":{"rendered":"Formulaire de r\u00e9tractation"},"content":{"rendered":"\t\t<div data-elementor-type=\"wp-page\" data-elementor-id=\"1533\" class=\"elementor elementor-1533 elementor-1374\" data-elementor-post-type=\"page\">\n\t\t\t\t<div class=\"elementor-element elementor-element-2ec903f e-con-full main-container e-flex e-con e-parent\" data-id=\"2ec903f\" data-element_type=\"container\" data-e-type=\"container\" data-settings=\"{&quot;background_background&quot;:&quot;classic&quot;}\">\n\t\t<div class=\"elementor-element elementor-element-10f3f8b e-con-full e-flex e-con e-child\" data-id=\"10f3f8b\" data-element_type=\"container\" data-e-type=\"container\" data-settings=\"{&quot;background_background&quot;:&quot;classic&quot;}\">\n\t\t<div class=\"elementor-element elementor-element-0c5f546 e-con-full content-width e-flex e-con e-child\" data-id=\"0c5f546\" data-element_type=\"container\" data-e-type=\"container\">\n\t\t<div class=\"elementor-element elementor-element-c52957b e-con-full e-flex e-con e-child\" data-id=\"c52957b\" data-element_type=\"container\" data-e-type=\"container\">\n\t\t\t\t<div class=\"elementor-element elementor-element-2d665fc elementor-widget elementor-widget-theme-post-title elementor-page-title elementor-widget-heading\" data-id=\"2d665fc\" data-element_type=\"widget\" data-e-type=\"widget\" data-widget_type=\"theme-post-title.default\">\n\t\t\t\t\t<h1 class=\"elementor-heading-title elementor-size-default\">Formulaire de r\u00e9tractation<\/h1>\t\t\t\t<\/div>\n\t\t\t\t<div class=\"elementor-element elementor-element-14c96ff elementor-widget elementor-widget-text-editor\" data-id=\"14c96ff\" data-element_type=\"widget\" data-e-type=\"widget\" data-widget_type=\"text-editor.default\">\n\t\t\t\t\t\t\t\t\t<p>Veuiller cliquer<a href=\"https:\/\/sitecdn.trionworlds.com\/uploads\/2025\/03\/497c291c-20250327_-template-withdrawal-form-gamigo-us-inc.-fr.pdf\" target=\"_blank\" rel=\"noopener\"> ici <\/a>pour t\u00e9l\u00e9charger une version PDF de ce document.<\/p><p>(Si vous souhaitez annuler votre contrat, veuillez remplir le formulaire ci-apr\u00e8s et nous le renvoyer.)<\/p>\t\t\t\t\t\t\t\t<\/div>\n\t\t\t\t<\/div>\n\t\t<div class=\"elementor-element elementor-element-5b58d2c e-con-full e-flex e-con e-child\" data-id=\"5b58d2c\" data-element_type=\"container\" data-e-type=\"container\">\n\t\t\t\t<div class=\"elementor-element elementor-element-89f3158 elementor-widget elementor-widget-text-editor\" data-id=\"89f3158\" data-element_type=\"widget\" data-e-type=\"widget\" data-widget_type=\"text-editor.default\">\n\t\t\t\t\t\t\t\t\t<ul><li>\u00c0 gamigo US Inc., 3800 Quick Hill Road, Austin, TX 78728, \u00c9tats-Unis,<br>T\u00e9l. : +1 512-623-5900, Courriel : <a href=\"mailto:infoUS@gamigo.com\">infoUS@gamigo.com<\/a>.<\/li><\/ul>\t\t\t\t\t\t\t\t<\/div>\n\t\t\t\t<div class=\"elementor-element elementor-element-e12d726 elementor-widget elementor-widget-text-editor\" data-id=\"e12d726\" data-element_type=\"widget\" data-e-type=\"widget\" data-widget_type=\"text-editor.default\">\n\t\t\t\t\t\t\t\t\t<ul><li>Par les pr\u00e9sentes, je notifie\/nous notifions (*) la r\u00e9traction au contrat que j\u2019ai\/nous avons (*) pass\u00e9 relatif \u00e0 l\u2019achat des produits suivants\/l\u2019ex\u00e9cution du service suivant (*)<\/li><\/ul>\t\t\t\t\t\t\t\t<\/div>\n\t\t\t\t<div class=\"elementor-element elementor-element-9e6781e elementor-widget elementor-widget-text-editor\" data-id=\"9e6781e\" data-element_type=\"widget\" data-e-type=\"widget\" data-widget_type=\"text-editor.default\">\n\t\t\t\t\t\t\t\t\t<ul><li>Command\u00e9 le\/Re\u00e7u le (*)<\/li><\/ul>\t\t\t\t\t\t\t\t<\/div>\n\t\t\t\t<div class=\"elementor-element elementor-element-71c8b01 elementor-widget elementor-widget-text-editor\" data-id=\"71c8b01\" data-element_type=\"widget\" data-e-type=\"widget\" data-widget_type=\"text-editor.default\">\n\t\t\t\t\t\t\t\t\t<ul><li>Nom du(des) client(s) (*)<\/li><\/ul>\t\t\t\t\t\t\t\t<\/div>\n\t\t\t\t<div class=\"elementor-element elementor-element-a54ff09 elementor-widget elementor-widget-text-editor\" data-id=\"a54ff09\" data-element_type=\"widget\" data-e-type=\"widget\" data-widget_type=\"text-editor.default\">\n\t\t\t\t\t\t\t\t\t<ul><li>Adresse du(des) client(s) (*)<\/li><\/ul>\t\t\t\t\t\t\t\t<\/div>\n\t\t\t\t<div class=\"elementor-element elementor-element-b148a6c elementor-widget elementor-widget-text-editor\" data-id=\"b148a6c\" data-element_type=\"widget\" data-e-type=\"widget\" data-widget_type=\"text-editor.default\">\n\t\t\t\t\t\t\t\t\t<ul><li>Signature du(des) client(s) (uniquement si notification du pr\u00e9sent formulaire sur papier)<\/li><\/ul>\t\t\t\t\t\t\t\t<\/div>\n\t\t\t\t<div class=\"elementor-element elementor-element-37deae4 elementor-widget elementor-widget-text-editor\" data-id=\"37deae4\" data-element_type=\"widget\" data-e-type=\"widget\" data-widget_type=\"text-editor.default\">\n\t\t\t\t\t\t\t\t\t<ul><li>Date<\/li><\/ul>\t\t\t\t\t\t\t\t<\/div>\n\t\t\t\t<\/div>\n\t\t<div class=\"elementor-element elementor-element-d78292a e-con-full e-flex e-con e-child\" data-id=\"d78292a\" data-element_type=\"container\" data-e-type=\"container\">\n\t\t\t\t<div class=\"elementor-element elementor-element-d1a24a6 elementor-widget elementor-widget-text-editor\" data-id=\"d1a24a6\" data-element_type=\"widget\" data-e-type=\"widget\" data-widget_type=\"text-editor.default\">\n\t\t\t\t\t\t\t\t\t<p>(*) Effacer les mentions inutiles<\/p>\t\t\t\t\t\t\t\t<\/div>\n\t\t\t\t<\/div>\n\t\t\t\t<\/div>\n\t\t\t\t<\/div>\n\t\t\t\t<\/div>\n\t\t\t\t<\/div>\n\t\t","protected":false},"excerpt":{"rendered":"<p>Veuiller cliquer ici pour t\u00e9l\u00e9charger une version PDF de ce document. (Si vous souhaitez annuler votre contrat, veuillez remplir le formulaire ci-apr\u00e8s et nous le renvoyer.) \u00c0 gamigo US Inc., 3800 Quick Hill Road, Austin, TX 78728, \u00c9tats-Unis,T\u00e9l. : +1 512-623-5900, Courriel : infoUS@gamigo.com. Par les pr\u00e9sentes, je notifie\/nous notifions (*) la r\u00e9traction au contrat [&hellip;]<\/p>\n","protected":false},"author":3,"featured_media":0,"parent":0,"menu_order":0,"comment_status":"closed","ping_status":"closed","template":"","meta":{"_acf_changed":false,"footnotes":""},"class_list":["post-1533","page","type-page","status-publish","hentry"],"acf":[],"_links":{"self":[{"href":"https:\/\/riftgame.com\/fr\/wp-json\/wp\/v2\/pages\/1533","targetHints":{"allow":["GET"]}}],"collection":[{"href":"https:\/\/riftgame.com\/fr\/wp-json\/wp\/v2\/pages"}],"about":[{"href":"https:\/\/riftgame.com\/fr\/wp-json\/wp\/v2\/types\/page"}],"author":[{"embeddable":true,"href":"https:\/\/riftgame.com\/fr\/wp-json\/wp\/v2\/users\/3"}],"replies":[{"embeddable":true,"href":"https:\/\/riftgame.com\/fr\/wp-json\/wp\/v2\/comments?post=1533"}],"version-history":[{"count":0,"href":"https:\/\/riftgame.com\/fr\/wp-json\/wp\/v2\/pages\/1533\/revisions"}],"wp:attachment":[{"href":"https:\/\/riftgame.com\/fr\/wp-json\/wp\/v2\/media?parent=1533"}],"curies":[{"name":"wp","href":"https:\/\/api.w.org\/{rel}","templated":true}]}}