{"id":1411,"date":"2025-06-03T12:03:56","date_gmt":"2025-06-03T12:03:56","guid":{"rendered":"https:\/\/riftgame.com\/politique-dannulation\/"},"modified":"2025-07-03T14:44:06","modified_gmt":"2025-07-03T14:44:06","slug":"politique-dannulation","status":"publish","type":"page","link":"https:\/\/riftgame.com\/fr\/politique-dannulation\/","title":{"rendered":"Politique d\u2019annulation"},"content":{"rendered":"\t\t<div data-elementor-type=\"wp-page\" data-elementor-id=\"1411\" class=\"elementor elementor-1411 elementor-1370\" data-elementor-post-type=\"page\">\n\t\t\t\t<div class=\"elementor-element elementor-element-e420a89 e-con-full main-container e-flex e-con e-parent\" data-id=\"e420a89\" data-element_type=\"container\" data-e-type=\"container\" data-settings=\"{&quot;background_background&quot;:&quot;classic&quot;}\">\n\t\t<div class=\"elementor-element elementor-element-95fbb76 e-con-full e-flex e-con e-child\" data-id=\"95fbb76\" data-element_type=\"container\" data-e-type=\"container\" data-settings=\"{&quot;background_background&quot;:&quot;classic&quot;}\">\n\t\t<div class=\"elementor-element elementor-element-b20a478 e-con-full content-width e-flex e-con e-child\" data-id=\"b20a478\" data-element_type=\"container\" data-e-type=\"container\">\n\t\t<div class=\"elementor-element elementor-element-b187372 e-con-full e-flex e-con e-child\" data-id=\"b187372\" data-element_type=\"container\" data-e-type=\"container\">\n\t\t\t\t<div class=\"elementor-element elementor-element-b6bef36 elementor-widget elementor-widget-theme-post-title elementor-page-title elementor-widget-heading\" data-id=\"b6bef36\" data-element_type=\"widget\" data-e-type=\"widget\" data-widget_type=\"theme-post-title.default\">\n\t\t\t\t\t<h1 class=\"elementor-heading-title elementor-size-default\">Politique d\u2019annulation<\/h1>\t\t\t\t<\/div>\n\t\t\t\t<div class=\"elementor-element elementor-element-2890b25 elementor-widget elementor-widget-text-editor\" data-id=\"2890b25\" data-element_type=\"widget\" data-e-type=\"widget\" data-widget_type=\"text-editor.default\">\n\t\t\t\t\t\t\t\t\t<p>Veuiller cliquer<a href=\"https:\/\/sitecdn.trionworlds.com\/uploads\/2025\/03\/09979c5f-20250327_-information-concerning-the-exercise-of-the-right-of-withdrawal-gamigo-us-inc.-fr.pdf\" target=\"_blank\" rel=\"noopener\"> ici <\/a>pour t\u00e9l\u00e9charger une version PDF de ce document.<\/p>\t\t\t\t\t\t\t\t<\/div>\n\t\t\t\t<\/div>\n\t\t<div class=\"elementor-element elementor-element-6cb825e e-con-full e-flex e-con e-child\" data-id=\"6cb825e\" data-element_type=\"container\" data-e-type=\"container\">\n\t\t\t\t<div class=\"elementor-element elementor-element-5365c22 elementor-widget elementor-widget-heading\" data-id=\"5365c22\" data-element_type=\"widget\" data-e-type=\"widget\" data-widget_type=\"heading.default\">\n\t\t\t\t\t<h3 class=\"elementor-heading-title elementor-size-default\">Droit de r\u00e9tractation<\/h3>\t\t\t\t<\/div>\n\t\t\t\t<div class=\"elementor-element elementor-element-1cd2904 elementor-widget elementor-widget-text-editor\" data-id=\"1cd2904\" data-element_type=\"widget\" data-e-type=\"widget\" data-widget_type=\"text-editor.default\">\n\t\t\t\t\t\t\t\t\t<p>Vous avez le droit de vous retirer de ce contrat dans un d\u00e9lai de 14 jours sans avoir \u00e0 vous justifier.<\/p><p>Le d\u00e9lai de r\u00e9tractation expire 14 jours apr\u00e8s la date de conclusion du contrat.<\/p>\t\t\t\t\t\t\t\t<\/div>\n\t\t\t\t<div class=\"elementor-element elementor-element-e695555 elementor-widget elementor-widget-text-editor\" data-id=\"e695555\" data-element_type=\"widget\" data-e-type=\"widget\" data-widget_type=\"text-editor.default\">\n\t\t\t\t\t\t\t\t\t<p>Pour exercer le droit de r\u00e9tractation, vous devez informer gamigo US Inc., 3800 Quick Hill Road, Austin, TX 78728, \u00c9tats-Unis, T\u00e9l\u00e9phone: +1 512-623-5900, E-mail: infoUS@gamigo.com de votre d\u00e9cision de vous retirer de ce contrat par le biais d\u2019une d\u00e9claration sans \u00e9quivoque (par ex. une lettre envoy\u00e9e par courrier, fax ou e-mail). Vous pouvez utiliser le <a href=\"https:\/\/riftgame.com\/fr\/formulaire-de-retractation\/\" target=\"_blank\" rel=\"noopener\">formulaire type de r\u00e9tractation ci-joint<\/a>, mais ce n\u2019est pas obligatoire. <\/p>\t\t\t\t\t\t\t\t<\/div>\n\t\t\t\t<div class=\"elementor-element elementor-element-24ebd9b elementor-widget elementor-widget-text-editor\" data-id=\"24ebd9b\" data-element_type=\"widget\" data-e-type=\"widget\" data-widget_type=\"text-editor.default\">\n\t\t\t\t\t\t\t\t\t<p>Afin de respecter le d\u00e9lai de r\u00e9tractation, il vous suffit d\u2019envoyer votre lettre de r\u00e9tractation avant l\u2019expiration du d\u00e9lai de r\u00e9tractation.<\/p>\t\t\t\t\t\t\t\t<\/div>\n\t\t\t\t<\/div>\n\t\t<div class=\"elementor-element elementor-element-358aa1e e-con-full e-flex e-con e-child\" data-id=\"358aa1e\" data-element_type=\"container\" data-e-type=\"container\">\n\t\t\t\t<div class=\"elementor-element elementor-element-579bb28 elementor-widget elementor-widget-heading\" data-id=\"579bb28\" data-element_type=\"widget\" data-e-type=\"widget\" data-widget_type=\"heading.default\">\n\t\t\t\t\t<h3 class=\"elementor-heading-title elementor-size-default\"> Effets de la r\u00e9tractation<\/h3>\t\t\t\t<\/div>\n\t\t\t\t<div class=\"elementor-element elementor-element-b23145a elementor-widget elementor-widget-text-editor\" data-id=\"b23145a\" data-element_type=\"widget\" data-e-type=\"widget\" data-widget_type=\"text-editor.default\">\n\t\t\t\t\t\t\t\t\t<p>Si vous vous retirez du pr\u00e9sent contrat, nous vous rembourserons tous les paiements que vous nous avez vers\u00e9s, y compris les frais de livraison (\u00e0 l\u2019exception des frais suppl\u00e9mentaires r\u00e9sultant de votre choix d\u2019un mode de livraison autre que le mode de livraison standard le moins cher que nous proposons), dans les meilleurs d\u00e9lais et dans tous les cas au plus tard 14 jours \u00e0 compter de la date \u00e0 laquelle nous sommes inform\u00e9s de votre d\u00e9cision de vous retirer du pr\u00e9sent contrat. Nous effectuerons ce remboursement en utilisant le m\u00eame moyen de paiement que celui que vous avez utilis\u00e9 pour la transaction initiale, sauf si vous avez demand\u00e9 explicitement \u00e0 \u00eatre rembours\u00e9 avec un autre moyen de paiement ; dans tous les cas, ce remboursement n\u2019occasionnera aucuns frais pour vous. <\/p>\t\t\t\t\t\t\t\t<\/div>\n\t\t<div class=\"elementor-element elementor-element-0437fdc e-con-full e-flex e-con e-child\" data-id=\"0437fdc\" data-element_type=\"container\" data-e-type=\"container\">\n\t\t\t\t<\/div>\n\t\t\t\t<\/div>\n\t\t\t\t<\/div>\n\t\t\t\t<\/div>\n\t\t\t\t<\/div>\n\t\t\t\t<\/div>\n\t\t","protected":false},"excerpt":{"rendered":"<p>Veuiller cliquer ici pour t\u00e9l\u00e9charger une version PDF de ce document. Droit de r\u00e9tractation Vous avez le droit de vous retirer de ce contrat dans un d\u00e9lai de 14 jours sans avoir \u00e0 vous justifier. Le d\u00e9lai de r\u00e9tractation expire 14 jours apr\u00e8s la date de conclusion du contrat. Pour exercer le droit de r\u00e9tractation, [&hellip;]<\/p>\n","protected":false},"author":3,"featured_media":0,"parent":0,"menu_order":0,"comment_status":"closed","ping_status":"closed","template":"","meta":{"_acf_changed":false,"footnotes":""},"class_list":["post-1411","page","type-page","status-publish","hentry"],"acf":[],"_links":{"self":[{"href":"https:\/\/riftgame.com\/fr\/wp-json\/wp\/v2\/pages\/1411","targetHints":{"allow":["GET"]}}],"collection":[{"href":"https:\/\/riftgame.com\/fr\/wp-json\/wp\/v2\/pages"}],"about":[{"href":"https:\/\/riftgame.com\/fr\/wp-json\/wp\/v2\/types\/page"}],"author":[{"embeddable":true,"href":"https:\/\/riftgame.com\/fr\/wp-json\/wp\/v2\/users\/3"}],"replies":[{"embeddable":true,"href":"https:\/\/riftgame.com\/fr\/wp-json\/wp\/v2\/comments?post=1411"}],"version-history":[{"count":0,"href":"https:\/\/riftgame.com\/fr\/wp-json\/wp\/v2\/pages\/1411\/revisions"}],"wp:attachment":[{"href":"https:\/\/riftgame.com\/fr\/wp-json\/wp\/v2\/media?parent=1411"}],"curies":[{"name":"wp","href":"https:\/\/api.w.org\/{rel}","templated":true}]}}