{"id":1212,"date":"2024-11-15T13:17:59","date_gmt":"2024-11-15T13:17:59","guid":{"rendered":"https:\/\/riftgame.com\/jcj\/"},"modified":"2025-07-03T11:08:25","modified_gmt":"2025-07-03T11:08:25","slug":"jcj","status":"publish","type":"page","link":"https:\/\/riftgame.com\/fr\/jeu\/jcj\/","title":{"rendered":"PvP"},"content":{"rendered":"\t\t<div data-elementor-type=\"wp-page\" data-elementor-id=\"1212\" class=\"elementor elementor-1212 elementor-167\" data-elementor-post-type=\"page\">\n\t\t\t\t<div class=\"elementor-element elementor-element-50f48d6e e-con-full e-flex e-con e-parent\" data-id=\"50f48d6e\" data-element_type=\"container\" data-e-type=\"container\">\n\t\t<div class=\"elementor-element elementor-element-46e6ddad e-con-full max-container-width e-flex e-con e-child\" data-id=\"46e6ddad\" data-element_type=\"container\" data-e-type=\"container\" id=\"features-header-section\">\n\t\t<div class=\"elementor-element elementor-element-54317d5b e-con-full e-flex e-con e-child\" data-id=\"54317d5b\" data-element_type=\"container\" data-e-type=\"container\" id=\"features-mask-top\" data-settings=\"{&quot;background_background&quot;:&quot;classic&quot;}\">\n\t\t<div class=\"elementor-element elementor-element-2159ce0f e-con-full max-content-width e-flex e-con e-child\" data-id=\"2159ce0f\" data-element_type=\"container\" data-e-type=\"container\">\n\t\t<div class=\"elementor-element elementor-element-3566d313 e-con-full e-flex e-con e-child\" data-id=\"3566d313\" data-element_type=\"container\" data-e-type=\"container\">\n\t\t\t\t<div class=\"elementor-element elementor-element-70b97151 animated-slow elementor-invisible elementor-widget elementor-widget-heading\" data-id=\"70b97151\" data-element_type=\"widget\" data-e-type=\"widget\" data-settings=\"{&quot;_animation&quot;:&quot;fadeInRight&quot;}\" data-widget_type=\"heading.default\">\n\t\t\t\t\t<h1 class=\"elementor-heading-title elementor-size-default\">PlayeR vs playeR<\/h1>\t\t\t\t<\/div>\n\t\t\t\t<div class=\"elementor-element elementor-element-6ea143a5 animated-slow elementor-invisible elementor-widget elementor-widget-text-editor\" data-id=\"6ea143a5\" data-element_type=\"widget\" data-e-type=\"widget\" data-settings=\"{&quot;_animation&quot;:&quot;fadeInRight&quot;,&quot;_animation_delay&quot;:500}\" data-widget_type=\"text-editor.default\">\n\t\t\t\t\t\t\t\t\t<p>Quel affrontement pourrait bien rivaliser avec l\u2019intensit\u00e9 de la guerre contre la Temp\u00eate Sanglante ? Rien de moins qu\u2019un combat entre \u00c9lus ! Affrontez d\u2019autres joueurs lors de champs de bataille instanci\u00e9s, de conqu\u00eates colossales, de dimensions JcJ ou d\u2019affrontements en monde ouvert pour gagner de l\u2019EXP, de l\u2019\u00e9quipement et votre part de gloire !  <\/p>\t\t\t\t\t\t\t\t<\/div>\n\t\t\t\t<\/div>\n\t\t\t\t<\/div>\n\t\t\t\t<\/div>\n\t\t\t\t<\/div>\n\t\t<div class=\"elementor-element elementor-element-67f43b57 e-con-full max-container-width e-flex e-con e-child\" data-id=\"67f43b57\" data-element_type=\"container\" data-e-type=\"container\" id=\"features-lower-section\">\n\t\t<div class=\"elementor-element elementor-element-5c310dd5 e-con-full max-content-width e-flex e-con e-child\" data-id=\"5c310dd5\" data-element_type=\"container\" data-e-type=\"container\">\n\t\t<div class=\"elementor-element elementor-element-6b8dc3e9 e-con-full e-flex e-con e-child\" data-id=\"6b8dc3e9\" data-element_type=\"container\" data-e-type=\"container\" data-settings=\"{&quot;motion_fx_motion_fx_scrolling&quot;:&quot;yes&quot;,&quot;motion_fx_translateY_effect&quot;:&quot;yes&quot;,&quot;motion_fx_translateY_direction&quot;:&quot;negative&quot;,&quot;motion_fx_translateY_speed&quot;:{&quot;unit&quot;:&quot;px&quot;,&quot;size&quot;:2,&quot;sizes&quot;:[]},&quot;motion_fx_translateY_affectedRange&quot;:{&quot;unit&quot;:&quot;%&quot;,&quot;size&quot;:&quot;&quot;,&quot;sizes&quot;:{&quot;start&quot;:25,&quot;end&quot;:100}},&quot;motion_fx_devices&quot;:[&quot;widescreen&quot;,&quot;desktop&quot;,&quot;laptop&quot;,&quot;tablet_extra&quot;]}\">\n\t\t<div class=\"elementor-element elementor-element-46f84716 e-con-full screenshot-border e-flex e-con e-child\" data-id=\"46f84716\" data-element_type=\"container\" data-e-type=\"container\">\n\t\t\t\t<div class=\"elementor-element elementor-element-465efde2 elementor-widget elementor-widget-image\" data-id=\"465efde2\" data-element_type=\"widget\" data-e-type=\"widget\" data-widget_type=\"image.default\">\n\t\t\t\t\t\t\t\t\t\t\t\t\t\t\t\t<a href=\"https:\/\/www.youtube.com\/watch?v=vEsH6b73f5k&#038;t=1s\" target=\"_blank\" rel=\"noopener\">\n\t\t\t\t\t\t\t<img fetchpriority=\"high\" decoding=\"async\" width=\"720\" height=\"450\" src=\"https:\/\/riftgame.com\/wp-content\/uploads\/2025\/03\/Pvp_relentless2.png\" class=\"attachment-full size-full wp-image-962\" alt=\"\" srcset=\"https:\/\/riftgame.com\/wp-content\/uploads\/2025\/03\/Pvp_relentless2.png 720w, https:\/\/riftgame.com\/wp-content\/uploads\/2025\/03\/Pvp_relentless2-300x188.png 300w\" sizes=\"(max-width: 720px) 100vw, 720px\" \/>\t\t\t\t\t\t\t\t<\/a>\n\t\t\t\t\t\t\t\t\t\t\t\t\t\t\t<\/div>\n\t\t\t\t<\/div>\n\t\t\t\t<div class=\"elementor-element elementor-element-40c562cd elementor-widget elementor-widget-heading\" data-id=\"40c562cd\" data-element_type=\"widget\" data-e-type=\"widget\" data-widget_type=\"heading.default\">\n\t\t\t\t\t<h2 class=\"elementor-heading-title elementor-size-default\">Guide du combat PvP<\/h2>\t\t\t\t<\/div>\n\t\t\t\t<div class=\"elementor-element elementor-element-27f9ede7 elementor-widget__width-initial elementor-widget elementor-widget-text-editor\" data-id=\"27f9ede7\" data-element_type=\"widget\" data-e-type=\"widget\" data-widget_type=\"text-editor.default\">\n\t\t\t\t\t\t\t\t\t<p>Quel affrontement pourrait bien rivaliser avec l\u2019intensit\u00e9 de la guerre contre la Temp\u00eate Sanglante ? Rien de moins qu\u2019un combat entre \u00c9lus ! Affrontez d\u2019autres joueurs lors de champs de bataille instanci\u00e9s, de conqu\u00eates colossales, de dimensions JcJ ou d\u2019affrontements en monde ouvert pour gagner de l\u2019EXP, de l\u2019\u00e9quipement et votre part de gloire !  <\/p><p>D\u00e9couvrez tout ce qu\u2019il y a \u00e0 savoir sur le <a href=\"https:\/\/www.youtube.com\/watch?v=vEsH6b73f5k&amp;t=1s\" target=\"_blank\" rel=\"noopener\">JcJ de RIFT<\/a> dans cette vid\u00e9o !<\/p>\t\t\t\t\t\t\t\t<\/div>\n\t\t\t\t<\/div>\n\t\t<div class=\"elementor-element elementor-element-2132ba00 e-con-full e-flex e-con e-child\" data-id=\"2132ba00\" data-element_type=\"container\" data-e-type=\"container\" data-settings=\"{&quot;motion_fx_motion_fx_scrolling&quot;:&quot;yes&quot;,&quot;motion_fx_translateY_effect&quot;:&quot;yes&quot;,&quot;motion_fx_translateY_direction&quot;:&quot;negative&quot;,&quot;motion_fx_translateY_speed&quot;:{&quot;unit&quot;:&quot;px&quot;,&quot;size&quot;:2,&quot;sizes&quot;:[]},&quot;motion_fx_translateY_affectedRange&quot;:{&quot;unit&quot;:&quot;%&quot;,&quot;size&quot;:&quot;&quot;,&quot;sizes&quot;:{&quot;start&quot;:25,&quot;end&quot;:100}},&quot;motion_fx_devices&quot;:[&quot;widescreen&quot;,&quot;desktop&quot;,&quot;laptop&quot;,&quot;tablet_extra&quot;]}\">\n\t\t<div class=\"elementor-element elementor-element-2d06dd28 e-con-full screenshot-border e-flex e-con e-child\" data-id=\"2d06dd28\" data-element_type=\"container\" data-e-type=\"container\">\n\t\t\t\t<div class=\"elementor-element elementor-element-74bd2ea9 elementor-widget elementor-widget-image\" data-id=\"74bd2ea9\" data-element_type=\"widget\" data-e-type=\"widget\" data-widget_type=\"image.default\">\n\t\t\t\t\t\t\t\t\t\t\t\t\t\t\t<img decoding=\"async\" width=\"720\" height=\"450\" src=\"https:\/\/riftgame.com\/wp-content\/uploads\/2025\/03\/Pvp_a-boundless-universe\u200b.png\" class=\"attachment-full size-full wp-image-964\" alt=\"\" srcset=\"https:\/\/riftgame.com\/wp-content\/uploads\/2025\/03\/Pvp_a-boundless-universe\u200b.png 720w, https:\/\/riftgame.com\/wp-content\/uploads\/2025\/03\/Pvp_a-boundless-universe\u200b-300x188.png 300w\" sizes=\"(max-width: 720px) 100vw, 720px\" \/>\t\t\t\t\t\t\t\t\t\t\t\t\t\t\t<\/div>\n\t\t\t\t<\/div>\n\t\t\t\t<div class=\"elementor-element elementor-element-2d92ec91 elementor-widget elementor-widget-heading\" data-id=\"2d92ec91\" data-element_type=\"widget\" data-e-type=\"widget\" data-widget_type=\"heading.default\">\n\t\t\t\t\t<h2 class=\"elementor-heading-title elementor-size-default\">Champs de bataille\n<\/h2>\t\t\t\t<\/div>\n\t\t\t\t<div class=\"elementor-element elementor-element-739044e1 elementor-widget__width-initial elementor-widget elementor-widget-text-editor\" data-id=\"739044e1\" data-element_type=\"widget\" data-e-type=\"widget\" data-widget_type=\"text-editor.default\">\n\t\t\t\t\t\t\t\t\t<p>Les champs de bataille sont la principale forme de JcJ dans RIFT. Ces instances permettent \u00e0 deux \u00e9quipes d\u2019\u00c9lus de s\u2019affronter dans diff\u00e9rents modes : <\/p><ul><li>Capturer le drapeau<\/li><li>Assaut<\/li><li>Martyr<\/li><li>Escalade<\/li><\/ul><p>D\u00e9couvrez tout ce qu\u2019il y a \u00e0 savoir sur <a href=\"https:\/\/youtu.be\/e7dG_Zpx9eU\" target=\"_blank\" rel=\"noopener\">les champs de bataille<\/a> dans cette vid\u00e9o !<\/p>\t\t\t\t\t\t\t\t<\/div>\n\t\t\t\t<\/div>\n\t\t<div class=\"elementor-element elementor-element-3ee308d5 e-con-full e-flex e-con e-child\" data-id=\"3ee308d5\" data-element_type=\"container\" data-e-type=\"container\" data-settings=\"{&quot;motion_fx_motion_fx_scrolling&quot;:&quot;yes&quot;,&quot;motion_fx_translateY_effect&quot;:&quot;yes&quot;,&quot;motion_fx_translateY_direction&quot;:&quot;negative&quot;,&quot;motion_fx_translateY_speed&quot;:{&quot;unit&quot;:&quot;px&quot;,&quot;size&quot;:2,&quot;sizes&quot;:[]},&quot;motion_fx_translateY_affectedRange&quot;:{&quot;unit&quot;:&quot;%&quot;,&quot;size&quot;:&quot;&quot;,&quot;sizes&quot;:{&quot;start&quot;:25,&quot;end&quot;:100}},&quot;motion_fx_devices&quot;:[&quot;widescreen&quot;,&quot;desktop&quot;,&quot;laptop&quot;,&quot;tablet_extra&quot;]}\">\n\t\t<div class=\"elementor-element elementor-element-79bebbf e-con-full screenshot-border e-flex e-con e-child\" data-id=\"79bebbf\" data-element_type=\"container\" data-e-type=\"container\">\n\t\t\t\t<div class=\"elementor-element elementor-element-3540662 elementor-widget elementor-widget-image\" data-id=\"3540662\" data-element_type=\"widget\" data-e-type=\"widget\" data-widget_type=\"image.default\">\n\t\t\t\t\t\t\t\t\t\t\t\t\t\t\t<img decoding=\"async\" width=\"720\" height=\"450\" src=\"https:\/\/riftgame.com\/wp-content\/uploads\/2025\/03\/Pvp_new-way-to-play.png\" class=\"attachment-full size-full wp-image-966\" alt=\"\" srcset=\"https:\/\/riftgame.com\/wp-content\/uploads\/2025\/03\/Pvp_new-way-to-play.png 720w, https:\/\/riftgame.com\/wp-content\/uploads\/2025\/03\/Pvp_new-way-to-play-300x188.png 300w\" sizes=\"(max-width: 720px) 100vw, 720px\" \/>\t\t\t\t\t\t\t\t\t\t\t\t\t\t\t<\/div>\n\t\t\t\t<\/div>\n\t\t\t\t<div class=\"elementor-element elementor-element-2a31845e elementor-widget elementor-widget-heading\" data-id=\"2a31845e\" data-element_type=\"widget\" data-e-type=\"widget\" data-widget_type=\"heading.default\">\n\t\t\t\t\t<h2 class=\"elementor-heading-title elementor-size-default\">Conqu\u00eate<\/h2>\t\t\t\t<\/div>\n\t\t\t\t<div class=\"elementor-element elementor-element-43e47d1d elementor-widget__width-initial elementor-widget elementor-widget-text-editor\" data-id=\"43e47d1d\" data-element_type=\"widget\" data-e-type=\"widget\" data-widget_type=\"text-editor.default\">\n\t\t\t\t\t\t\t\t\t<div class=\"content-column one_half\">Au niveau 65, vous gagnez le droit de participer aux conqu\u00eates : des batailles opposant trois factions dans une r\u00e9alit\u00e9 alternative. Pr\u00eatez serment aupr\u00e8s des Nyctalopes, des Pr\u00e9cellents ou des Fid\u00e8les, et participez \u00e0 une guerre colossale proposant aussi bien des objectifs JcE que JcJ. B\u00e9n\u00e9ficiez \u00e9galement de bonus de personnage qui persistent m\u00eame apr\u00e8s la bataille. <\/div><div> <\/div><div><p>D\u00e9couvrez tout ce qu\u2019il y a \u00e0 savoir sur <a href=\"https:\/\/youtu.be\/dZLlPibVkpE\" target=\"_blank\" rel=\"noopener\">les conqu\u00eates<\/a> dans cette vid\u00e9o !<\/p><\/div>\t\t\t\t\t\t\t\t<\/div>\n\t\t\t\t<\/div>\n\t\t\t\t<\/div>\n\t\t\t\t<\/div>\n\t\t<div class=\"elementor-element elementor-element-302ca8e e-con-full max-container-width e-flex e-con e-child\" data-id=\"302ca8e\" data-element_type=\"container\" data-e-type=\"container\">\n\t\t<div class=\"elementor-element elementor-element-2cf26e4 e-con-full max-content-width e-flex e-con e-child\" data-id=\"2cf26e4\" data-element_type=\"container\" data-e-type=\"container\">\n\t\t<div class=\"elementor-element elementor-element-2847166 e-con-full e-flex e-con e-child\" data-id=\"2847166\" data-element_type=\"container\" data-e-type=\"container\" data-settings=\"{&quot;motion_fx_motion_fx_scrolling&quot;:&quot;yes&quot;,&quot;motion_fx_translateY_effect&quot;:&quot;yes&quot;,&quot;motion_fx_translateY_direction&quot;:&quot;negative&quot;,&quot;motion_fx_translateY_speed&quot;:{&quot;unit&quot;:&quot;px&quot;,&quot;size&quot;:2,&quot;sizes&quot;:[]},&quot;motion_fx_translateY_affectedRange&quot;:{&quot;unit&quot;:&quot;%&quot;,&quot;size&quot;:&quot;&quot;,&quot;sizes&quot;:{&quot;start&quot;:25,&quot;end&quot;:100}},&quot;motion_fx_devices&quot;:[&quot;widescreen&quot;,&quot;desktop&quot;,&quot;laptop&quot;,&quot;tablet_extra&quot;]}\">\n\t\t<div class=\"elementor-element elementor-element-417e328 e-con-full screenshot-border e-flex e-con e-child\" data-id=\"417e328\" data-element_type=\"container\" data-e-type=\"container\">\n\t\t\t\t<div class=\"elementor-element elementor-element-96175bf elementor-widget elementor-widget-image\" data-id=\"96175bf\" data-element_type=\"widget\" data-e-type=\"widget\" data-widget_type=\"image.default\">\n\t\t\t\t\t\t\t\t\t\t\t\t\t\t\t\t<a href=\"https:\/\/www.youtube.com\/watch?v=vEsH6b73f5k&#038;t=1s\" target=\"_blank\" rel=\"noopener\">\n\t\t\t\t\t\t\t<img loading=\"lazy\" decoding=\"async\" width=\"720\" height=\"450\" src=\"https:\/\/riftgame.com\/wp-content\/uploads\/2025\/05\/open-world_720-450.jpg\" class=\"attachment-full size-full wp-image-1206\" alt=\"Open worlds colide\" srcset=\"https:\/\/riftgame.com\/wp-content\/uploads\/2025\/05\/open-world_720-450.jpg 720w, https:\/\/riftgame.com\/wp-content\/uploads\/2025\/05\/open-world_720-450-300x188.jpg 300w\" sizes=\"(max-width: 720px) 100vw, 720px\" \/>\t\t\t\t\t\t\t\t<\/a>\n\t\t\t\t\t\t\t\t\t\t\t\t\t\t\t<\/div>\n\t\t\t\t<\/div>\n\t\t\t\t<div class=\"elementor-element elementor-element-361a93c elementor-widget elementor-widget-heading\" data-id=\"361a93c\" data-element_type=\"widget\" data-e-type=\"widget\" data-widget_type=\"heading.default\">\n\t\t\t\t\t<h2 class=\"elementor-heading-title elementor-size-default\">Monde ouvert<\/h2>\t\t\t\t<\/div>\n\t\t\t\t<div class=\"elementor-element elementor-element-22f9dd0 elementor-widget__width-initial elementor-widget elementor-widget-text-editor\" data-id=\"22f9dd0\" data-element_type=\"widget\" data-e-type=\"widget\" data-widget_type=\"text-editor.default\">\n\t\t\t\t\t\t\t\t\t<div class=\"content-column one_half\"><div class=\"content-column one_half\">Combattez \u00e0 travers Telara ! Nos serveurs d\u00e9di\u00e9s au JcJ ont \u00e9t\u00e9 con\u00e7us pour que le combat vous suive, o\u00f9 que vous alliez ! De quoi assouvir la soif de sang des \u00c9lus les plus belliqueux. Pr\u00e9parez-vous \u00e0 vous mesurer \u00e0 de redoutables adversaires !  <\/div><\/div><div> <\/div><div><p>D\u00e9couvrez tout ce qu\u2019il y a \u00e0 savoir sur <a href=\"https:\/\/youtu.be\/e-VhGJZoCmM\" target=\"_blank\" rel=\"noopener\">le JcJ en monde<\/a> ouvert dans cette vid\u00e9o !<\/p><\/div>\t\t\t\t\t\t\t\t<\/div>\n\t\t\t\t<\/div>\n\t\t<div class=\"elementor-element elementor-element-53dc048 e-con-full e-flex e-con e-child\" data-id=\"53dc048\" data-element_type=\"container\" data-e-type=\"container\" data-settings=\"{&quot;motion_fx_motion_fx_scrolling&quot;:&quot;yes&quot;,&quot;motion_fx_translateY_effect&quot;:&quot;yes&quot;,&quot;motion_fx_translateY_direction&quot;:&quot;negative&quot;,&quot;motion_fx_translateY_speed&quot;:{&quot;unit&quot;:&quot;px&quot;,&quot;size&quot;:2,&quot;sizes&quot;:[]},&quot;motion_fx_translateY_affectedRange&quot;:{&quot;unit&quot;:&quot;%&quot;,&quot;size&quot;:&quot;&quot;,&quot;sizes&quot;:{&quot;start&quot;:25,&quot;end&quot;:100}},&quot;motion_fx_devices&quot;:[&quot;widescreen&quot;,&quot;desktop&quot;,&quot;laptop&quot;,&quot;tablet_extra&quot;]}\">\n\t\t<div class=\"elementor-element elementor-element-8c0127f e-con-full screenshot-border e-flex e-con e-child\" data-id=\"8c0127f\" data-element_type=\"container\" data-e-type=\"container\">\n\t\t\t\t<div class=\"elementor-element elementor-element-ad48c0e elementor-widget elementor-widget-image\" data-id=\"ad48c0e\" data-element_type=\"widget\" data-e-type=\"widget\" data-widget_type=\"image.default\">\n\t\t\t\t\t\t\t\t\t\t\t\t\t\t\t<img loading=\"lazy\" decoding=\"async\" width=\"720\" height=\"450\" src=\"https:\/\/riftgame.com\/wp-content\/uploads\/2024\/11\/rift-nightmare.jpg\" class=\"attachment-full size-full wp-image-788\" alt=\"\" srcset=\"https:\/\/riftgame.com\/wp-content\/uploads\/2024\/11\/rift-nightmare.jpg 720w, https:\/\/riftgame.com\/wp-content\/uploads\/2024\/11\/rift-nightmare-300x188.jpg 300w\" sizes=\"(max-width: 720px) 100vw, 720px\" \/>\t\t\t\t\t\t\t\t\t\t\t\t\t\t\t<\/div>\n\t\t\t\t<\/div>\n\t\t\t\t<div class=\"elementor-element elementor-element-aba2411 elementor-widget elementor-widget-heading\" data-id=\"aba2411\" data-element_type=\"widget\" data-e-type=\"widget\" data-widget_type=\"heading.default\">\n\t\t\t\t\t<h2 class=\"elementor-heading-title elementor-size-default\">Dimensions JcJ\n<\/h2>\t\t\t\t<\/div>\n\t\t\t\t<div class=\"elementor-element elementor-element-c6785b8 elementor-widget__width-initial elementor-widget elementor-widget-text-editor\" data-id=\"c6785b8\" data-element_type=\"widget\" data-e-type=\"widget\" data-widget_type=\"text-editor.default\">\n\t\t\t\t\t\t\t\t\t<div class=\"content-column one_half\"><div class=\"content-column one_half\">Aurez-vous la puissance n\u00e9cessaire pour impressionner les joueurs de RIFT ? Devenez une l\u00e9gende de Telara en concevant vos propres champs de bataille JcJ ! <\/div><div> <\/div><\/div><div>D\u00e9couvrez tout ce qu\u2019il y a \u00e0 savoir sur<a href=\"https:\/\/youtu.be\/pJvAWJv7e10\" target=\"_blank\" rel=\"noopener\"> les dimensions JcJ<\/a> dans cette vid\u00e9o.<\/div>\t\t\t\t\t\t\t\t<\/div>\n\t\t\t\t<\/div>\n\t\t<div class=\"elementor-element elementor-element-2b1e9a8 e-con-full e-flex e-con e-child\" data-id=\"2b1e9a8\" data-element_type=\"container\" data-e-type=\"container\" data-settings=\"{&quot;motion_fx_motion_fx_scrolling&quot;:&quot;yes&quot;,&quot;motion_fx_translateY_effect&quot;:&quot;yes&quot;,&quot;motion_fx_translateY_direction&quot;:&quot;negative&quot;,&quot;motion_fx_translateY_speed&quot;:{&quot;unit&quot;:&quot;px&quot;,&quot;size&quot;:2,&quot;sizes&quot;:[]},&quot;motion_fx_translateY_affectedRange&quot;:{&quot;unit&quot;:&quot;%&quot;,&quot;size&quot;:&quot;&quot;,&quot;sizes&quot;:{&quot;start&quot;:25,&quot;end&quot;:100}},&quot;motion_fx_devices&quot;:[&quot;widescreen&quot;,&quot;desktop&quot;,&quot;laptop&quot;,&quot;tablet_extra&quot;]}\">\n\t\t<div class=\"elementor-element elementor-element-ccf3e64 e-con-full screenshot-border e-flex e-con e-child\" data-id=\"ccf3e64\" data-element_type=\"container\" data-e-type=\"container\">\n\t\t\t\t<div class=\"elementor-element elementor-element-fcb1563 elementor-widget elementor-widget-image\" data-id=\"fcb1563\" data-element_type=\"widget\" data-e-type=\"widget\" data-widget_type=\"image.default\">\n\t\t\t\t\t\t\t\t\t\t\t\t\t\t\t<img loading=\"lazy\" decoding=\"async\" width=\"720\" height=\"450\" src=\"https:\/\/riftgame.com\/wp-content\/uploads\/2025\/05\/prestige-720-450.jpg\" class=\"attachment-full size-full wp-image-1209\" alt=\"Hail to the victor\" srcset=\"https:\/\/riftgame.com\/wp-content\/uploads\/2025\/05\/prestige-720-450.jpg 720w, https:\/\/riftgame.com\/wp-content\/uploads\/2025\/05\/prestige-720-450-300x188.jpg 300w\" sizes=\"(max-width: 720px) 100vw, 720px\" \/>\t\t\t\t\t\t\t\t\t\t\t\t\t\t\t<\/div>\n\t\t\t\t<\/div>\n\t\t\t\t<div class=\"elementor-element elementor-element-7e4f109 elementor-widget elementor-widget-heading\" data-id=\"7e4f109\" data-element_type=\"widget\" data-e-type=\"widget\" data-widget_type=\"heading.default\">\n\t\t\t\t\t<h2 class=\"elementor-heading-title elementor-size-default\">Exploits et Prestige\n<\/h2>\t\t\t\t<\/div>\n\t\t\t\t<div class=\"elementor-element elementor-element-cd72b69 elementor-widget__width-initial elementor-widget elementor-widget-text-editor\" data-id=\"cd72b69\" data-element_type=\"widget\" data-e-type=\"widget\" data-widget_type=\"text-editor.default\">\n\t\t\t\t\t\t\t\t\t<div class=\"content-column one_half\">Les combats Joueur contre Joueur vous permettent de d\u00e9bloquer des exploits suppl\u00e9mentaires, des armures, des titres et des costumes.<\/div><div> <\/div><div class=\"content-column one_half\">D\u00e9couvrez tout ce qu\u2019il y a \u00e0 savoir sur les exploits et <a href=\"https:\/\/youtu.be\/Ymqk81nxwRM\" target=\"_blank\" rel=\"noopener\">le Prestige dans<\/a> cette vid\u00e9o !<\/div><div> <\/div><div><p><strong>\u00c9quipement et am\u00e9liorations<\/strong><\/p><div class=\"content-column one_half\">Vous avez d\u00e9bloqu\u00e9 de nouveaux \u00e9quipements gr\u00e2ce \u00e0 tous vos gains de Faveur et de Prestige, mais vous ne savez pas quoi en faire ? <a href=\"https:\/\/youtu.be\/7lAlvv-DjTk\" target=\"_blank\" rel=\"noopener\">Grim conna\u00eet quelques astuces pour vous<\/a> aider \u00e0 optimiser votre \u00e9quipement. <\/div><\/div><div> <\/div>\t\t\t\t\t\t\t\t<\/div>\n\t\t\t\t<\/div>\n\t\t\t\t<\/div>\n\t\t\t\t<\/div>\n\t\t\t\t<\/div>\n\t\t\t\t<\/div>\n\t\t","protected":false},"excerpt":{"rendered":"<p>PlayeR vs playeR Quel affrontement pourrait bien rivaliser avec l\u2019intensit\u00e9 de la guerre contre la Temp\u00eate Sanglante ? Rien de moins qu\u2019un combat entre \u00c9lus ! Affrontez d\u2019autres joueurs lors de champs de bataille instanci\u00e9s, de conqu\u00eates colossales, de dimensions JcJ ou d\u2019affrontements en monde ouvert pour gagner de l\u2019EXP, de l\u2019\u00e9quipement et votre part [&hellip;]<\/p>\n","protected":false},"author":3,"featured_media":0,"parent":1241,"menu_order":0,"comment_status":"closed","ping_status":"closed","template":"","meta":{"_acf_changed":false,"footnotes":""},"class_list":["post-1212","page","type-page","status-publish","hentry"],"acf":[],"_links":{"self":[{"href":"https:\/\/riftgame.com\/fr\/wp-json\/wp\/v2\/pages\/1212","targetHints":{"allow":["GET"]}}],"collection":[{"href":"https:\/\/riftgame.com\/fr\/wp-json\/wp\/v2\/pages"}],"about":[{"href":"https:\/\/riftgame.com\/fr\/wp-json\/wp\/v2\/types\/page"}],"author":[{"embeddable":true,"href":"https:\/\/riftgame.com\/fr\/wp-json\/wp\/v2\/users\/3"}],"replies":[{"embeddable":true,"href":"https:\/\/riftgame.com\/fr\/wp-json\/wp\/v2\/comments?post=1212"}],"version-history":[{"count":0,"href":"https:\/\/riftgame.com\/fr\/wp-json\/wp\/v2\/pages\/1212\/revisions"}],"up":[{"embeddable":true,"href":"https:\/\/riftgame.com\/fr\/wp-json\/wp\/v2\/pages\/1241"}],"wp:attachment":[{"href":"https:\/\/riftgame.com\/fr\/wp-json\/wp\/v2\/media?parent=1212"}],"curies":[{"name":"wp","href":"https:\/\/api.w.org\/{rel}","templated":true}]}}