{"id":1190,"date":"2024-11-15T13:16:19","date_gmt":"2024-11-15T13:16:19","guid":{"rendered":"https:\/\/riftgame.com\/les-plans-elementaires\/"},"modified":"2025-07-03T11:08:06","modified_gmt":"2025-07-03T11:08:06","slug":"les-plans-elementaires","status":"publish","type":"page","link":"https:\/\/riftgame.com\/fr\/jeu\/les-plans-elementaires\/","title":{"rendered":"Les plans \u00e9l\u00e9mentaires"},"content":{"rendered":"\t\t<div data-elementor-type=\"wp-page\" data-elementor-id=\"1190\" class=\"elementor elementor-1190 elementor-163\" data-elementor-post-type=\"page\">\n\t\t\t\t<div class=\"elementor-element elementor-element-33c74b93 e-con-full e-flex e-con e-parent\" data-id=\"33c74b93\" data-element_type=\"container\" data-e-type=\"container\">\n\t\t<div class=\"elementor-element elementor-element-71432c07 e-con-full e-flex e-con e-child\" data-id=\"71432c07\" data-element_type=\"container\" data-e-type=\"container\" data-settings=\"{&quot;background_background&quot;:&quot;classic&quot;}\">\n\t\t<div class=\"elementor-element elementor-element-16ab6553 e-con-full e-flex e-con e-child\" data-id=\"16ab6553\" data-element_type=\"container\" data-e-type=\"container\">\n\t\t\t\t<div class=\"elementor-element elementor-element-2606f34d elementor-widget elementor-widget-heading\" data-id=\"2606f34d\" data-element_type=\"widget\" data-e-type=\"widget\" data-widget_type=\"heading.default\">\n\t\t\t\t\t<h2 class=\"elementor-heading-title elementor-size-default\">Les plans \u00e9l\u00e9mentaiRes<\/h2>\t\t\t\t<\/div>\n\t\t\t\t<div class=\"elementor-element elementor-element-c4cdd23 elementor-widget elementor-widget-text-editor\" data-id=\"c4cdd23\" data-element_type=\"widget\" data-e-type=\"widget\" data-widget_type=\"text-editor.default\">\n\t\t\t\t\t\t\t\t\t<p>Les Failles, des d\u00e9chirures de la r\u00e9alit\u00e9, \u00e9clatent lorsque les Plans \u00e9l\u00e9mentaires de l\u2019existence entrent en collision avec Telara. Chacune a ouvert les portes \u00e0 l&rsquo;invasion, un portail par lequel les arm\u00e9es d&rsquo;autres mondes se tournent pour conqu\u00e9rir et d\u00e9truire.<\/p><p>\u00c0 la t\u00eate de ces arm\u00e9es : des g\u00e9n\u00e9raux de la Temp\u00eate de sang, qui sont sous le joug des dieux dragon, et des ennemis jur\u00e9s des \u00catres \u00c9lus.<\/p>\t\t\t\t\t\t\t\t<\/div>\n\t\t\t\t<\/div>\n\t\t\t\t<\/div>\n\t\t<div class=\"elementor-element elementor-element-79d69a19 e-con-full e-flex e-con e-child\" data-id=\"79d69a19\" data-element_type=\"container\" data-e-type=\"container\" data-settings=\"{&quot;background_background&quot;:&quot;classic&quot;}\">\n\t\t<div class=\"elementor-element elementor-element-5a3026ec e-con-full e-flex e-con e-child\" data-id=\"5a3026ec\" data-element_type=\"container\" data-e-type=\"container\">\n\t\t\t\t<div class=\"elementor-element elementor-element-479aa301 elementor-widget elementor-widget-heading\" data-id=\"479aa301\" data-element_type=\"widget\" data-e-type=\"widget\" data-widget_type=\"heading.default\">\n\t\t\t\t\t<h2 class=\"elementor-heading-title elementor-size-default\">PlaN du feu<\/h2>\t\t\t\t<\/div>\n\t\t\t\t<div class=\"elementor-element elementor-element-38a95264 elementor-widget elementor-widget-text-editor\" data-id=\"38a95264\" data-element_type=\"widget\" data-e-type=\"widget\" data-widget_type=\"text-editor.default\">\n\t\t\t\t\t\t\t\t\t<h3>DRAGON : MAELFORGE<\/h3><p>Des failles de feu surgissent et \u00e9clatent dans le ciel, telles des soleils imp\u00e9riaux, br\u00fblant l&rsquo;herbe et le sol, \u00e9touffant la terre qui se craquelle, devient cendre et rocs. Les gobelins et \u00e9l\u00e9mentaires, Serviteurs de Maelforge, se ruent hors des failles vers tout ce qui peut \u00eatre br\u00fbl\u00e9. <\/p><p>Quelque part, leur dieu dragon sourit alors que sa passion pour le chaos et la destruction s&rsquo;enflamme.<\/p>\t\t\t\t\t\t\t\t<\/div>\n\t\t\t\t<\/div>\n\t\t\t\t<\/div>\n\t\t<div class=\"elementor-element elementor-element-4548ffad e-con-full e-flex e-con e-child\" data-id=\"4548ffad\" data-element_type=\"container\" data-e-type=\"container\" data-settings=\"{&quot;background_background&quot;:&quot;classic&quot;}\">\n\t\t<div class=\"elementor-element elementor-element-43c24197 e-con-full e-flex e-con e-child\" data-id=\"43c24197\" data-element_type=\"container\" data-e-type=\"container\">\n\t\t\t\t<div class=\"elementor-element elementor-element-70e43fb elementor-widget elementor-widget-heading\" data-id=\"70e43fb\" data-element_type=\"widget\" data-e-type=\"widget\" data-widget_type=\"heading.default\">\n\t\t\t\t\t<h2 class=\"elementor-heading-title elementor-size-default\">PlaN de la terre<\/h2>\t\t\t\t<\/div>\n\t\t\t\t<div class=\"elementor-element elementor-element-9b4d74e elementor-widget elementor-widget-text-editor\" data-id=\"9b4d74e\" data-element_type=\"widget\" data-e-type=\"widget\" data-widget_type=\"text-editor.default\">\n\t\t\t\t\t\t\t\t\t<h3><strong>DRAGON : LAETHYS<\/strong><\/h3><p>Les sommets des failles de la Terre regorgent de pr\u00e9cieux min\u00e9raux et de gemmes, des leurres qui attirent les plus cupides vers des horreurs qui n&rsquo;attendent qu&rsquo;eux. Mineriens and troglogdytes, trolls et golems se tiennent pr\u00eats \u00e0 envahir Telara. <\/p><p>Il y r\u00e9cup\u00e8reront le corps de Laethys, dieu dragon de la Terre, pi\u00e8ce \u00e9tincelante par pi\u00e8ce&#8230;<\/p>\t\t\t\t\t\t\t\t<\/div>\n\t\t\t\t<\/div>\n\t\t\t\t<\/div>\n\t\t<div class=\"elementor-element elementor-element-71064188 e-con-full e-flex e-con e-child\" data-id=\"71064188\" data-element_type=\"container\" data-e-type=\"container\" data-settings=\"{&quot;background_background&quot;:&quot;classic&quot;}\">\n\t\t<div class=\"elementor-element elementor-element-453ae4dc e-con-full e-flex e-con e-child\" data-id=\"453ae4dc\" data-element_type=\"container\" data-e-type=\"container\">\n\t\t\t\t<div class=\"elementor-element elementor-element-42220410 elementor-widget elementor-widget-heading\" data-id=\"42220410\" data-element_type=\"widget\" data-e-type=\"widget\" data-widget_type=\"heading.default\">\n\t\t\t\t\t<h2 class=\"elementor-heading-title elementor-size-default\">PlaN de l\u00b4air<\/h2>\t\t\t\t<\/div>\n\t\t\t\t<div class=\"elementor-element elementor-element-7a63aa75 elementor-widget elementor-widget-text-editor\" data-id=\"7a63aa75\" data-element_type=\"widget\" data-e-type=\"widget\" data-widget_type=\"text-editor.default\">\n\t\t\t\t\t\t\t\t\t<h3><strong>DRAGON : CRUCIA<\/strong><\/h3><p>Crucia cherche \u00e0 refaire les tissus des plans, et lache sa L\u00e9gion de la Temp\u00eate sur ceux qui s&rsquo;opposent \u00e0 son autorit\u00e9.<\/p><p>Les plus chanceux seront \u00e9cras\u00e9s par des rochers surfant sur les vents aiguis\u00e9s de ses Failles de l&rsquo;air.<\/p><p>Les autres seront happ\u00e9s par ses b\u00eates ail\u00e9s et amen\u00e9s dans des portails o\u00f9 un destin bien pire les attend.<\/p>\t\t\t\t\t\t\t\t<\/div>\n\t\t\t\t<\/div>\n\t\t\t\t<\/div>\n\t\t<div class=\"elementor-element elementor-element-25a25b5a e-con-full e-flex e-con e-child\" data-id=\"25a25b5a\" data-element_type=\"container\" data-e-type=\"container\" data-settings=\"{&quot;background_background&quot;:&quot;classic&quot;}\">\n\t\t<div class=\"elementor-element elementor-element-38e4109 e-con-full e-flex e-con e-child\" data-id=\"38e4109\" data-element_type=\"container\" data-e-type=\"container\">\n\t\t\t\t<div class=\"elementor-element elementor-element-438e0fae elementor-widget elementor-widget-heading\" data-id=\"438e0fae\" data-element_type=\"widget\" data-e-type=\"widget\" data-widget_type=\"heading.default\">\n\t\t\t\t\t<h2 class=\"elementor-heading-title elementor-size-default\">PlaN de la Mort<\/h2>\t\t\t\t<\/div>\n\t\t\t\t<div class=\"elementor-element elementor-element-11737e00 elementor-widget elementor-widget-text-editor\" data-id=\"11737e00\" data-element_type=\"widget\" data-e-type=\"widget\" data-widget_type=\"text-editor.default\">\n\t\t\t\t\t\t\t\t\t<h3><strong>DRAGON: REGULOS<\/strong><\/h3><p>Des failles mortelles r\u00e9pandent terreurs innommables et d\u00e9sespoir, d\u00e9gorgent des arm\u00e9es de vampires et des os de dragons \u00e0 travers Telara.<\/p><p>Ces envahisseurs sont contraints par la Cour \u00c9ternelle \u00e0 r\u00e9colter des vic\u00e8res et des \u00e2mes pour le nouveau corps de Regulos. Un corps qui sera invincible s&rsquo;il parvient \u00e0 s&rsquo;\u00e9chaper du Plan de la Mort.<\/p>\t\t\t\t\t\t\t\t<\/div>\n\t\t\t\t<\/div>\n\t\t\t\t<\/div>\n\t\t<div class=\"elementor-element elementor-element-298b539 e-con-full e-flex e-con e-child\" data-id=\"298b539\" data-element_type=\"container\" data-e-type=\"container\" data-settings=\"{&quot;background_background&quot;:&quot;classic&quot;}\">\n\t\t<div class=\"elementor-element elementor-element-9dd5df8 e-con-full e-flex e-con e-child\" data-id=\"9dd5df8\" data-element_type=\"container\" data-e-type=\"container\">\n\t\t\t\t<div class=\"elementor-element elementor-element-15967b4 elementor-widget elementor-widget-heading\" data-id=\"15967b4\" data-element_type=\"widget\" data-e-type=\"widget\" data-widget_type=\"heading.default\">\n\t\t\t\t\t<h2 class=\"elementor-heading-title elementor-size-default\">PlaN de la vie<\/h2>\t\t\t\t<\/div>\n\t\t\t\t<div class=\"elementor-element elementor-element-523e31b elementor-widget elementor-widget-text-editor\" data-id=\"523e31b\" data-element_type=\"widget\" data-e-type=\"widget\" data-widget_type=\"text-editor.default\">\n\t\t\t\t\t\t\t\t\t<h3><strong>DRAGON : VERT\u00c9CAILLE<\/strong><\/h3>\nVert\u00e9caille le Primitif est l&rsquo;ennemi inlassable de la civilisation, il d\u00e9teste toute structure couvant les faibles et entravant les forts. \n\nLes failles de ce Plan ou cette Vie sauvage lib\u00e8re des forces naturelles chaotiques et destructrices, d\u00e9gorgent de b\u00eates tordues et de vignes pointues qui d\u00e9chirent ses cr\u00e9atures natives comme les \u00catres \u00c9lus.\t\t\t\t\t\t\t\t<\/div>\n\t\t\t\t<\/div>\n\t\t\t\t<\/div>\n\t\t<div class=\"elementor-element elementor-element-7d417578 e-con-full e-flex e-con e-child\" data-id=\"7d417578\" data-element_type=\"container\" data-e-type=\"container\" data-settings=\"{&quot;background_background&quot;:&quot;classic&quot;}\">\n\t\t<div class=\"elementor-element elementor-element-2740523e e-con-full e-flex e-con e-child\" data-id=\"2740523e\" data-element_type=\"container\" data-e-type=\"container\">\n\t\t\t\t<div class=\"elementor-element elementor-element-610098e8 elementor-widget elementor-widget-heading\" data-id=\"610098e8\" data-element_type=\"widget\" data-e-type=\"widget\" data-widget_type=\"heading.default\">\n\t\t\t\t\t<h2 class=\"elementor-heading-title elementor-size-default\">PlaN de l\u00b4eau<\/h2>\t\t\t\t<\/div>\n\t\t\t\t<div class=\"elementor-element elementor-element-2d06966f elementor-widget elementor-widget-text-editor\" data-id=\"2d06966f\" data-element_type=\"widget\" data-e-type=\"widget\" data-widget_type=\"text-editor.default\">\n\t\t\t\t\t\t\t\t\t<h3><strong>DRAGON : AKYLIOS<\/strong><\/h3><p>Des failles d&rsquo;eau fr\u00e9missent \u00e0 travers les grands oc\u00e9ans, au-dessus des d\u00e9serts, for\u00eats et vall\u00e9es. Leurs vils tentacules s&rsquo;agitent alors que les portails d\u00e9versent des monstrueux C\u00e9phalons dans Telara. <\/p><p>Chacun souhaite trouver Akylios, dieu fou de l&rsquo;Eau, et se faufile avec ardeur pour d\u00e9couvrir sa tombe.<\/p>\t\t\t\t\t\t\t\t<\/div>\n\t\t\t\t<\/div>\n\t\t\t\t<\/div>\n\t\t<div class=\"elementor-element elementor-element-4dad4361 e-con-full e-flex e-con e-child\" data-id=\"4dad4361\" data-element_type=\"container\" data-e-type=\"container\" data-settings=\"{&quot;background_background&quot;:&quot;classic&quot;}\">\n\t\t<div class=\"elementor-element elementor-element-11ed0ec0 e-con-full e-flex e-con e-child\" data-id=\"11ed0ec0\" data-element_type=\"container\" data-e-type=\"container\">\n\t\t\t\t<div class=\"elementor-element elementor-element-60e1f7f0 elementor-widget elementor-widget-heading\" data-id=\"60e1f7f0\" data-element_type=\"widget\" data-e-type=\"widget\" data-widget_type=\"heading.default\">\n\t\t\t\t\t<h2 class=\"elementor-heading-title elementor-size-default\">PRoph\u00e9tie Dor\u00e9e<\/h2>\t\t\t\t<\/div>\n\t\t\t\t<div class=\"elementor-element elementor-element-7550933d elementor-widget elementor-widget-text-editor\" data-id=\"7550933d\" data-element_type=\"widget\" data-e-type=\"widget\" data-widget_type=\"text-editor.default\">\n\t\t\t\t\t\t\t\t\t<h3><strong>La Com\u00e8te d\u2019Ahnket<\/strong><\/h3><p><span data-teams=\"true\">Continue ton combat contre Ahnket, une entit\u00e9 t\u00e9n\u00e9br\u00e9enne de proportions monolithiques qui a d\u00e9chir\u00e9 les plans \u00e9l\u00e9mentaires, d\u00e9termin\u00e9 \u00e0 an\u00e9antir Telara \u00e0 tout prix. <\/span><\/p><p><span data-teams=\"true\">Tu auras besoin de toute ta force et de ta coordination avec tes alli\u00e9s pour surmonter cette crise et sortir victorieux en tant que vrai h\u00e9ros de Telara !<\/span><\/p>\t\t\t\t\t\t\t\t<\/div>\n\t\t\t\t<\/div>\n\t\t\t\t<\/div>\n\t\t\t\t<\/div>\n\t\t\t\t<\/div>\n\t\t","protected":false},"excerpt":{"rendered":"<p>Les plans \u00e9l\u00e9mentaiRes Les Failles, des d\u00e9chirures de la r\u00e9alit\u00e9, \u00e9clatent lorsque les Plans \u00e9l\u00e9mentaires de l\u2019existence entrent en collision avec Telara. Chacune a ouvert les portes \u00e0 l&rsquo;invasion, un portail par lequel les arm\u00e9es d&rsquo;autres mondes se tournent pour conqu\u00e9rir et d\u00e9truire. \u00c0 la t\u00eate de ces arm\u00e9es : des g\u00e9n\u00e9raux de la Temp\u00eate [&hellip;]<\/p>\n","protected":false},"author":3,"featured_media":0,"parent":1241,"menu_order":0,"comment_status":"closed","ping_status":"closed","template":"","meta":{"_acf_changed":false,"footnotes":""},"class_list":["post-1190","page","type-page","status-publish","hentry"],"acf":[],"_links":{"self":[{"href":"https:\/\/riftgame.com\/fr\/wp-json\/wp\/v2\/pages\/1190","targetHints":{"allow":["GET"]}}],"collection":[{"href":"https:\/\/riftgame.com\/fr\/wp-json\/wp\/v2\/pages"}],"about":[{"href":"https:\/\/riftgame.com\/fr\/wp-json\/wp\/v2\/types\/page"}],"author":[{"embeddable":true,"href":"https:\/\/riftgame.com\/fr\/wp-json\/wp\/v2\/users\/3"}],"replies":[{"embeddable":true,"href":"https:\/\/riftgame.com\/fr\/wp-json\/wp\/v2\/comments?post=1190"}],"version-history":[{"count":0,"href":"https:\/\/riftgame.com\/fr\/wp-json\/wp\/v2\/pages\/1190\/revisions"}],"up":[{"embeddable":true,"href":"https:\/\/riftgame.com\/fr\/wp-json\/wp\/v2\/pages\/1241"}],"wp:attachment":[{"href":"https:\/\/riftgame.com\/fr\/wp-json\/wp\/v2\/media?parent=1190"}],"curies":[{"name":"wp","href":"https:\/\/api.w.org\/{rel}","templated":true}]}}