{"id":1185,"date":"2024-10-29T14:22:46","date_gmt":"2024-10-29T14:22:46","guid":{"rendered":"https:\/\/riftgame.com\/quest-ce-que-rift\/"},"modified":"2025-07-03T11:08:33","modified_gmt":"2025-07-03T11:08:33","slug":"quest-ce-que-rift","status":"publish","type":"page","link":"https:\/\/riftgame.com\/fr\/jeu\/quest-ce-que-rift\/","title":{"rendered":"Qu\u2019est-ce que RIFT ?"},"content":{"rendered":"\t\t<div data-elementor-type=\"wp-page\" data-elementor-id=\"1185\" class=\"elementor elementor-1185 elementor-21\" data-elementor-post-type=\"page\">\n\t\t\t\t<div class=\"elementor-element elementor-element-2427db04 e-con-full e-flex e-con e-parent\" data-id=\"2427db04\" data-element_type=\"container\" data-e-type=\"container\">\n\t\t<div class=\"elementor-element elementor-element-41dd36c4 e-con-full max-container-width e-flex e-con e-child\" data-id=\"41dd36c4\" data-element_type=\"container\" data-e-type=\"container\" id=\"features-header-section\">\n\t\t<div class=\"elementor-element elementor-element-31d7e02f e-con-full e-flex e-con e-child\" data-id=\"31d7e02f\" data-element_type=\"container\" data-e-type=\"container\" id=\"features-mask-top\" data-settings=\"{&quot;background_background&quot;:&quot;classic&quot;}\">\n\t\t<div class=\"elementor-element elementor-element-9b2495c e-con-full max-content-width e-flex e-con e-child\" data-id=\"9b2495c\" data-element_type=\"container\" data-e-type=\"container\">\n\t\t<div class=\"elementor-element elementor-element-58c9f650 e-con-full e-flex e-con e-child\" data-id=\"58c9f650\" data-element_type=\"container\" data-e-type=\"container\">\n\t\t\t\t<div class=\"elementor-element elementor-element-639fcd26 animated-slow elementor-invisible elementor-widget elementor-widget-heading\" data-id=\"639fcd26\" data-element_type=\"widget\" data-e-type=\"widget\" data-settings=\"{&quot;_animation&quot;:&quot;fadeInRight&quot;}\" data-widget_type=\"heading.default\">\n\t\t\t\t\t<h1 class=\"elementor-heading-title elementor-size-default\">Qu\u2019est-ce que RIFT ?<\/h1>\t\t\t\t<\/div>\n\t\t\t\t<div class=\"elementor-element elementor-element-42a2e7e8 animated-slow elementor-invisible elementor-widget elementor-widget-text-editor\" data-id=\"42a2e7e8\" data-element_type=\"widget\" data-e-type=\"widget\" data-settings=\"{&quot;_animation&quot;:&quot;fadeInRight&quot;,&quot;_animation_delay&quot;:500}\" data-widget_type=\"text-editor.default\">\n\t\t\t\t\t\t\t\t\t<p>RIFT est un jeu d\u2019aventure en ligne massivement multijoueur (MMORPG) dont l\u2019action se d\u00e9roule dans l\u2019univers fantastique et dynamique de Telara. vous y \u00eates un \u00eatre \u00c9lu, un h\u00e9ros de Telara prot\u00e9geant votre terre contre des envahisseurs issus de Plans \u00e9l\u00e9mentaires.<\/p>\t\t\t\t\t\t\t\t<\/div>\n\t\t\t\t<\/div>\n\t\t\t\t<\/div>\n\t\t\t\t<\/div>\n\t\t\t\t<\/div>\n\t\t\t\t<\/div>\n\t\t<div class=\"elementor-element elementor-element-54590d2 e-flex e-con-boxed e-con e-parent\" data-id=\"54590d2\" data-element_type=\"container\" data-e-type=\"container\" data-settings=\"{&quot;background_background&quot;:&quot;classic&quot;}\">\n\t\t\t\t\t<div class=\"e-con-inner\">\n\t\t<div class=\"elementor-element elementor-element-0c6dd10 e-con-full e-flex e-con e-child\" data-id=\"0c6dd10\" data-element_type=\"container\" data-e-type=\"container\">\n\t\t<div class=\"elementor-element elementor-element-5d7a44e e-con-full e-flex e-con e-child\" data-id=\"5d7a44e\" data-element_type=\"container\" data-e-type=\"container\">\n\t\t\t\t<div class=\"elementor-element elementor-element-54c0d27 elementor-widget elementor-widget-heading\" data-id=\"54c0d27\" data-element_type=\"widget\" data-e-type=\"widget\" data-widget_type=\"heading.default\">\n\t\t\t\t\t<h2 class=\"elementor-heading-title elementor-size-default\">Un jeu de r\u00f4le, une odyss\u00e9e<\/h2>\t\t\t\t<\/div>\n\t\t\t\t<div class=\"elementor-element elementor-element-d3ae13f elementor-widget elementor-widget-text-editor\" data-id=\"d3ae13f\" data-element_type=\"widget\" data-e-type=\"widget\" data-widget_type=\"text-editor.default\">\n\t\t\t\t\t\t\t\t\t<p>Telara est un domaine o\u00f9 les combats peuvent peuvent commener \u00e0 tout moment et en tout endroit. Alors restez sur vos gardes et battez-vous pour la gloire !  <\/p><p>Avec son robuste syst\u00e8me de cr\u00e9ation de personnage et son univers son fin, RIFT propose d\u2019innombrables fa\u00e7on de jouer et d\u2019incessantes am\u00e9liorations de performance et de contenu. Oh, et le jeu est absolument free-to-play ! Z\u00e9ro condition, z\u00e9ro pi\u00e8ge !  <\/p>\t\t\t\t\t\t\t\t<\/div>\n\t\t\t\t<\/div>\n\t\t\t\t<div class=\"elementor-element elementor-element-59caec2 elementor-widget elementor-widget-spacer\" data-id=\"59caec2\" data-element_type=\"widget\" data-e-type=\"widget\" data-widget_type=\"spacer.default\">\n\t\t\t\t\t\t\t<div class=\"elementor-spacer\">\n\t\t\t<div class=\"elementor-spacer-inner\"><\/div>\n\t\t<\/div>\n\t\t\t\t\t\t<\/div>\n\t\t<div class=\"elementor-element elementor-element-6310f5c e-con-full e-flex e-con e-child\" data-id=\"6310f5c\" data-element_type=\"container\" data-e-type=\"container\">\n\t\t<div class=\"elementor-element elementor-element-22ddd3f e-con-full screenshot-border e-flex e-con e-child\" data-id=\"22ddd3f\" data-element_type=\"container\" data-e-type=\"container\">\n\t\t\t\t<div class=\"elementor-element elementor-element-ee6f067 screen elementor-widget__width-initial elementor-widget elementor-widget-image\" data-id=\"ee6f067\" data-element_type=\"widget\" data-e-type=\"widget\" data-widget_type=\"image.default\">\n\t\t\t\t\t\t\t\t\t\t\t\t\t\t\t<img fetchpriority=\"high\" decoding=\"async\" width=\"554\" height=\"311\" src=\"https:\/\/riftgame.com\/wp-content\/uploads\/2024\/10\/overview.webp\" class=\"attachment-large size-large wp-image-716\" alt=\"\" srcset=\"https:\/\/riftgame.com\/wp-content\/uploads\/2024\/10\/overview.webp 554w, https:\/\/riftgame.com\/wp-content\/uploads\/2024\/10\/overview-300x168.webp 300w\" sizes=\"(max-width: 554px) 100vw, 554px\" \/>\t\t\t\t\t\t\t\t\t\t\t\t\t\t\t<\/div>\n\t\t\t\t<\/div>\n\t\t\t\t<\/div>\n\t\t\t\t<\/div>\n\t\t<div class=\"elementor-element elementor-element-cfa2c00 e-con-full e-flex e-con e-child\" data-id=\"cfa2c00\" data-element_type=\"container\" data-e-type=\"container\">\n\t\t<div class=\"elementor-element elementor-element-a6f9782 e-con-full e-flex e-con e-child\" data-id=\"a6f9782\" data-element_type=\"container\" data-e-type=\"container\">\n\t\t<div class=\"elementor-element elementor-element-a0a8f38 e-con-full screenshot-border e-flex e-con e-child\" data-id=\"a0a8f38\" data-element_type=\"container\" data-e-type=\"container\">\n\t\t\t\t<div class=\"elementor-element elementor-element-48cb349 screen elementor-widget elementor-widget-image\" data-id=\"48cb349\" data-element_type=\"widget\" data-e-type=\"widget\" data-widget_type=\"image.default\">\n\t\t\t\t\t\t\t\t\t\t\t\t\t\t\t<img decoding=\"async\" width=\"720\" height=\"450\" src=\"https:\/\/riftgame.com\/wp-content\/uploads\/2024\/11\/rift-relentless.jpg\" class=\"attachment-large size-large wp-image-732\" alt=\"\" srcset=\"https:\/\/riftgame.com\/wp-content\/uploads\/2024\/11\/rift-relentless.jpg 720w, https:\/\/riftgame.com\/wp-content\/uploads\/2024\/11\/rift-relentless-300x188.jpg 300w\" sizes=\"(max-width: 720px) 100vw, 720px\" \/>\t\t\t\t\t\t\t\t\t\t\t\t\t\t\t<\/div>\n\t\t\t\t<\/div>\n\t\t\t\t<\/div>\n\t\t\t\t<div class=\"elementor-element elementor-element-9f21627 elementor-widget elementor-widget-spacer\" data-id=\"9f21627\" data-element_type=\"widget\" data-e-type=\"widget\" data-widget_type=\"spacer.default\">\n\t\t\t\t\t\t\t<div class=\"elementor-spacer\">\n\t\t\t<div class=\"elementor-spacer-inner\"><\/div>\n\t\t<\/div>\n\t\t\t\t\t\t<\/div>\n\t\t<div class=\"elementor-element elementor-element-02ff9b8 e-con-full e-flex e-con e-child\" data-id=\"02ff9b8\" data-element_type=\"container\" data-e-type=\"container\">\n\t\t\t\t<div class=\"elementor-element elementor-element-9fac9bf elementor-widget elementor-widget-heading\" data-id=\"9fac9bf\" data-element_type=\"widget\" data-e-type=\"widget\" data-widget_type=\"heading.default\">\n\t\t\t\t\t<h2 class=\"elementor-heading-title elementor-size-default\">Un combat impitoyable<\/h2>\t\t\t\t<\/div>\n\t\t\t\t<div class=\"elementor-element elementor-element-20dd937 elementor-widget elementor-widget-text-editor\" data-id=\"20dd937\" data-element_type=\"widget\" data-e-type=\"widget\" data-widget_type=\"text-editor.default\">\n\t\t\t\t\t\t\t\t\t<p>\u00c9quipez vos personnages en vue de confrontations massives aux c\u00f4t\u00e9s d\u2019arm\u00e9es de joueurs se mesurant contre des ennemis diss\u00e9min\u00e9s aux quatre coins du monde ouvert, en donjon ou encore et champ de bataille JcJ. Que vous pr\u00e9f\u00e9riez \u00e9voluer en solo ou bien faire partie d\u2019un groupe ou d\u2019un raid, RIFT propose d\u2019infinies fa\u00e7ons de combattre dans des \u00e9v\u00e9nements de grande envergure, et vous pouvez vous y lancer \u00e0 tout moment d\u00e8s que vous posez les pieds dans l\u2019univers de Telara. D\u00e8s le niveau 1, RIFT laisse libre cours \u00e0 vos envies : libre \u00e0 vous de partir \u00e0 l\u2019aventure quand et comme vous le souhaitez.  <\/p>\t\t\t\t\t\t\t\t<\/div>\n\t\t\t\t<\/div>\n\t\t\t\t<\/div>\n\t\t<div class=\"elementor-element elementor-element-0ce024a e-con-full e-flex e-con e-child\" data-id=\"0ce024a\" data-element_type=\"container\" data-e-type=\"container\">\n\t\t<div class=\"elementor-element elementor-element-7914ee1 e-con-full e-flex e-con e-child\" data-id=\"7914ee1\" data-element_type=\"container\" data-e-type=\"container\">\n\t\t\t\t<div class=\"elementor-element elementor-element-fb1a531 elementor-widget elementor-widget-heading\" data-id=\"fb1a531\" data-element_type=\"widget\" data-e-type=\"widget\" data-widget_type=\"heading.default\">\n\t\t\t\t\t<h2 class=\"elementor-heading-title elementor-size-default\">Un univers sans limites<\/h2>\t\t\t\t<\/div>\n\t\t\t\t<div class=\"elementor-element elementor-element-5f8a59b elementor-widget elementor-widget-text-editor\" data-id=\"5f8a59b\" data-element_type=\"widget\" data-e-type=\"widget\" data-widget_type=\"text-editor.default\">\n\t\t\t\t\t\t\t\t\t<p>Telara a beau \u00eatre le lieu de d\u00e9part de vos aventures, votre p\u00e9riple vous emportera bien au-del\u00e0 des Failles, ces ouvertures vers les Plans \u00e9l\u00e9mentaires qui d\u00e9chirent les cieux. Vos premiers pas \u00e0 Mathosia vous m\u00e8neront jusqu\u2019\u00e0 l\u2019\u00cele de Braise, puis vers les continents de Brunante et Tynandra cach\u00e9s en bordure du monde connu. Un ancien portail dimensionnel y ouvre la voie vers des mondes qui bouleversent les destin\u00e9es. Si vous avez l\u2019\u00e2me d\u2019un grand voyageur planaire et qu\u2019elle meurt d\u2019envie de d\u00e9couvrir d\u2019autres contr\u00e9es, les mondes alternatifs de Telara, ou Prismes de r\u00e9alit\u00e9, vous combleront au-del\u00e0 de vos d\u00e9sirs.   <\/p>\t\t\t\t\t\t\t\t<\/div>\n\t\t\t\t<\/div>\n\t\t\t\t<div class=\"elementor-element elementor-element-132e0fc elementor-widget elementor-widget-spacer\" data-id=\"132e0fc\" data-element_type=\"widget\" data-e-type=\"widget\" data-widget_type=\"spacer.default\">\n\t\t\t\t\t\t\t<div class=\"elementor-spacer\">\n\t\t\t<div class=\"elementor-spacer-inner\"><\/div>\n\t\t<\/div>\n\t\t\t\t\t\t<\/div>\n\t\t<div class=\"elementor-element elementor-element-077beb4 e-con-full e-flex e-con e-child\" data-id=\"077beb4\" data-element_type=\"container\" data-e-type=\"container\">\n\t\t<div class=\"elementor-element elementor-element-7fbddce e-con-full screenshot-border e-flex e-con e-child\" data-id=\"7fbddce\" data-element_type=\"container\" data-e-type=\"container\">\n\t\t\t\t<div class=\"elementor-element elementor-element-aec24b2 screen elementor-widget elementor-widget-image\" data-id=\"aec24b2\" data-element_type=\"widget\" data-e-type=\"widget\" data-widget_type=\"image.default\">\n\t\t\t\t\t\t\t\t\t\t\t\t\t\t\t<img decoding=\"async\" width=\"720\" height=\"450\" src=\"https:\/\/riftgame.com\/wp-content\/uploads\/2024\/11\/rift-newway.jpg\" class=\"attachment-large size-large wp-image-730\" alt=\"\" srcset=\"https:\/\/riftgame.com\/wp-content\/uploads\/2024\/11\/rift-newway.jpg 720w, https:\/\/riftgame.com\/wp-content\/uploads\/2024\/11\/rift-newway-300x188.jpg 300w\" sizes=\"(max-width: 720px) 100vw, 720px\" \/>\t\t\t\t\t\t\t\t\t\t\t\t\t\t\t<\/div>\n\t\t\t\t<\/div>\n\t\t\t\t<\/div>\n\t\t\t\t<\/div>\n\t\t<div class=\"elementor-element elementor-element-e944614 e-con-full e-flex e-con e-child\" data-id=\"e944614\" data-element_type=\"container\" data-e-type=\"container\">\n\t\t<div class=\"elementor-element elementor-element-421435d e-con-full e-flex e-con e-child\" data-id=\"421435d\" data-element_type=\"container\" data-e-type=\"container\">\n\t\t<div class=\"elementor-element elementor-element-281d448 e-con-full screenshot-border e-flex e-con e-child\" data-id=\"281d448\" data-element_type=\"container\" data-e-type=\"container\">\n\t\t\t\t<div class=\"elementor-element elementor-element-7df3dd2 screen elementor-widget elementor-widget-image\" data-id=\"7df3dd2\" data-element_type=\"widget\" data-e-type=\"widget\" data-widget_type=\"image.default\">\n\t\t\t\t\t\t\t\t\t\t\t\t\t\t\t<img loading=\"lazy\" decoding=\"async\" width=\"720\" height=\"450\" src=\"https:\/\/riftgame.com\/wp-content\/uploads\/2025\/04\/faq-factions_webP.webp\" class=\"attachment-large size-large wp-image-1042\" alt=\"\" srcset=\"https:\/\/riftgame.com\/wp-content\/uploads\/2025\/04\/faq-factions_webP.webp 720w, https:\/\/riftgame.com\/wp-content\/uploads\/2025\/04\/faq-factions_webP-300x188.webp 300w\" sizes=\"(max-width: 720px) 100vw, 720px\" \/>\t\t\t\t\t\t\t\t\t\t\t\t\t\t\t<\/div>\n\t\t\t\t<\/div>\n\t\t\t\t<\/div>\n\t\t\t\t<div class=\"elementor-element elementor-element-8eeb934 elementor-widget elementor-widget-spacer\" data-id=\"8eeb934\" data-element_type=\"widget\" data-e-type=\"widget\" data-widget_type=\"spacer.default\">\n\t\t\t\t\t\t\t<div class=\"elementor-spacer\">\n\t\t\t<div class=\"elementor-spacer-inner\"><\/div>\n\t\t<\/div>\n\t\t\t\t\t\t<\/div>\n\t\t<div class=\"elementor-element elementor-element-2306a0d e-con-full e-flex e-con e-child\" data-id=\"2306a0d\" data-element_type=\"container\" data-e-type=\"container\">\n\t\t\t\t<div class=\"elementor-element elementor-element-6813fa8 elementor-widget elementor-widget-heading\" data-id=\"6813fa8\" data-element_type=\"widget\" data-e-type=\"widget\" data-widget_type=\"heading.default\">\n\t\t\t\t\t<h2 class=\"elementor-heading-title elementor-size-default\">Une nouvelle fa\u00e7on de jouer<\/h2>\t\t\t\t<\/div>\n\t\t\t\t<div class=\"elementor-element elementor-element-7c7e8e6 elementor-widget elementor-widget-text-editor\" data-id=\"7c7e8e6\" data-element_type=\"widget\" data-e-type=\"widget\" data-widget_type=\"text-editor.default\">\n\t\t\t\t\t\t\t\t\t<p>Dans RIFT, vous avez la possibilit\u00e9 in\u00e9gal\u00e9e de cr\u00e9er et de peaufiner des personnages qui correspondent \u00e0 votre style de jeu id\u00e9al. S\u00e9lectionnez la faction au nom de laquelle vous d\u00e9sirez combattre, celle des Gardiens ou celle des Ren\u00e9gats, puis votre race. Choisissez ensuite parmi une des vocations suivantes : Guerrier, Clerc, Mage, Voleur ou Primaliste. Chacune de ces vocations vous permet de s\u00e9lectionner et d\u2019associer des \u00c2mes qui conf\u00e8rent des dizaines de capacit\u00e9s et particularit\u00e9s tri\u00e9es sur le volet. RIFT met en outre \u00e0 disposition des Profils, ou configurations de personnages pr\u00e9d\u00e9finies, si vous pr\u00e9f\u00e9rez vous jeter \u00e0 l\u2019eau sans trop avoir \u00e0 r\u00e9fl\u00e9chir !<br> <br> <br> <br>   <\/p>\t\t\t\t\t\t\t\t<\/div>\n\t\t\t\t<\/div>\n\t\t\t\t<\/div>\n\t\t\t\t\t<\/div>\n\t\t\t\t<\/div>\n\t\t\t\t<\/div>\n\t\t","protected":false},"excerpt":{"rendered":"<p>Qu\u2019est-ce que RIFT ? RIFT est un jeu d\u2019aventure en ligne massivement multijoueur (MMORPG) dont l\u2019action se d\u00e9roule dans l\u2019univers fantastique et dynamique de Telara. vous y \u00eates un \u00eatre \u00c9lu, un h\u00e9ros de Telara prot\u00e9geant votre terre contre des envahisseurs issus de Plans \u00e9l\u00e9mentaires. Un jeu de r\u00f4le, une odyss\u00e9e Telara est un domaine [&hellip;]<\/p>\n","protected":false},"author":3,"featured_media":0,"parent":1241,"menu_order":0,"comment_status":"closed","ping_status":"closed","template":"","meta":{"_acf_changed":false,"footnotes":""},"class_list":["post-1185","page","type-page","status-publish","hentry"],"acf":[],"_links":{"self":[{"href":"https:\/\/riftgame.com\/fr\/wp-json\/wp\/v2\/pages\/1185","targetHints":{"allow":["GET"]}}],"collection":[{"href":"https:\/\/riftgame.com\/fr\/wp-json\/wp\/v2\/pages"}],"about":[{"href":"https:\/\/riftgame.com\/fr\/wp-json\/wp\/v2\/types\/page"}],"author":[{"embeddable":true,"href":"https:\/\/riftgame.com\/fr\/wp-json\/wp\/v2\/users\/3"}],"replies":[{"embeddable":true,"href":"https:\/\/riftgame.com\/fr\/wp-json\/wp\/v2\/comments?post=1185"}],"version-history":[{"count":0,"href":"https:\/\/riftgame.com\/fr\/wp-json\/wp\/v2\/pages\/1185\/revisions"}],"up":[{"embeddable":true,"href":"https:\/\/riftgame.com\/fr\/wp-json\/wp\/v2\/pages\/1241"}],"wp:attachment":[{"href":"https:\/\/riftgame.com\/fr\/wp-json\/wp\/v2\/media?parent=1185"}],"curies":[{"name":"wp","href":"https:\/\/api.w.org\/{rel}","templated":true}]}}