{"id":1183,"date":"2024-11-15T13:18:44","date_gmt":"2024-11-15T13:18:44","guid":{"rendered":"https:\/\/riftgame.com\/commerce-et-techniques-de-survie\/"},"modified":"2025-07-03T11:03:22","modified_gmt":"2025-07-03T11:03:22","slug":"commerce-et-techniques-de-survie","status":"publish","type":"page","link":"https:\/\/riftgame.com\/fr\/jeu\/commerce-et-techniques-de-survie\/","title":{"rendered":"Commerce et techniques de survie"},"content":{"rendered":"\t\t<div data-elementor-type=\"wp-page\" data-elementor-id=\"1183\" class=\"elementor elementor-1183 elementor-169\" data-elementor-post-type=\"page\">\n\t\t\t\t<div class=\"elementor-element elementor-element-74452847 e-con-full e-flex e-con e-parent\" data-id=\"74452847\" data-element_type=\"container\" data-e-type=\"container\">\n\t\t<div class=\"elementor-element elementor-element-4a27100b e-con-full max-container-width e-flex e-con e-child\" data-id=\"4a27100b\" data-element_type=\"container\" data-e-type=\"container\" id=\"features-header-section\">\n\t\t<div class=\"elementor-element elementor-element-376479e9 e-con-full e-flex e-con e-child\" data-id=\"376479e9\" data-element_type=\"container\" data-e-type=\"container\" id=\"features-mask-top\" data-settings=\"{&quot;background_background&quot;:&quot;classic&quot;}\">\n\t\t<div class=\"elementor-element elementor-element-4385521 e-con-full max-content-width e-flex e-con e-child\" data-id=\"4385521\" data-element_type=\"container\" data-e-type=\"container\">\n\t\t<div class=\"elementor-element elementor-element-315d44c9 e-con-full e-flex e-con e-child\" data-id=\"315d44c9\" data-element_type=\"container\" data-e-type=\"container\">\n\t\t\t\t<div class=\"elementor-element elementor-element-7dd2d8c6 animated-slow elementor-invisible elementor-widget elementor-widget-heading\" data-id=\"7dd2d8c6\" data-element_type=\"widget\" data-e-type=\"widget\" data-settings=\"{&quot;_animation&quot;:&quot;fadeInRight&quot;}\" data-widget_type=\"heading.default\">\n\t\t\t\t\t<h1 class=\"elementor-heading-title elementor-size-default\">Commerce et techniques de survie<\/h1>\t\t\t\t<\/div>\n\t\t\t\t<div class=\"elementor-element elementor-element-286cdd25 animated-slow elementor-invisible elementor-widget elementor-widget-text-editor\" data-id=\"286cdd25\" data-element_type=\"widget\" data-e-type=\"widget\" data-settings=\"{&quot;_animation&quot;:&quot;fadeInRight&quot;,&quot;_animation_delay&quot;:500}\" data-widget_type=\"text-editor.default\">\n\t\t\t\t\t\t\t\t\t<p>Les cit\u00e9s de Telara vivent au rythme du vacarme de ses fabricants. Des forges rugissantes, des m\u00e9tiers \u00e0 tisser ronflantes et des enclumes tonitruantes sont les signes r\u00e9v\u00e9lateurs des \u00c9lus cr\u00e9ant (et ratant aussi parfois) des \u00e9quipements, runes et potions entre autres. <\/p><p>Vous trouver une place dans cette \u00e9conomie vivante est aussi simple que de choisir vos artisanats : collecterez-vous des mati\u00e8res premi\u00e8res pour les revendre aux autres \u00c9lus, concevrez-vous des armes et armures rares, ou bien les deux ?<\/p>\t\t\t\t\t\t\t\t<\/div>\n\t\t\t\t<\/div>\n\t\t\t\t<\/div>\n\t\t\t\t<\/div>\n\t\t\t\t<\/div>\n\t\t<div class=\"elementor-element elementor-element-61b48216 e-con-full max-container-width e-flex e-con e-child\" data-id=\"61b48216\" data-element_type=\"container\" data-e-type=\"container\" id=\"features-lower-section\">\n\t\t<div class=\"elementor-element elementor-element-2ae0e074 e-con-full max-content-width e-flex e-con e-child\" data-id=\"2ae0e074\" data-element_type=\"container\" data-e-type=\"container\">\n\t\t<div class=\"elementor-element elementor-element-1eae417c e-con-full e-flex e-con e-child\" data-id=\"1eae417c\" data-element_type=\"container\" data-e-type=\"container\" data-settings=\"{&quot;motion_fx_motion_fx_scrolling&quot;:&quot;yes&quot;,&quot;motion_fx_translateY_effect&quot;:&quot;yes&quot;,&quot;motion_fx_translateY_direction&quot;:&quot;negative&quot;,&quot;motion_fx_translateY_speed&quot;:{&quot;unit&quot;:&quot;px&quot;,&quot;size&quot;:2,&quot;sizes&quot;:[]},&quot;motion_fx_translateY_affectedRange&quot;:{&quot;unit&quot;:&quot;%&quot;,&quot;size&quot;:&quot;&quot;,&quot;sizes&quot;:{&quot;start&quot;:25,&quot;end&quot;:100}},&quot;motion_fx_devices&quot;:[&quot;widescreen&quot;,&quot;desktop&quot;,&quot;laptop&quot;,&quot;tablet_extra&quot;]}\">\n\t\t<div class=\"elementor-element elementor-element-35f05f3e e-con-full screenshot-border e-flex e-con e-child\" data-id=\"35f05f3e\" data-element_type=\"container\" data-e-type=\"container\">\n\t\t\t\t<div class=\"elementor-element elementor-element-2d43901a elementor-widget elementor-widget-image\" data-id=\"2d43901a\" data-element_type=\"widget\" data-e-type=\"widget\" data-widget_type=\"image.default\">\n\t\t\t\t\t\t\t\t\t\t\t\t\t\t\t<img fetchpriority=\"high\" decoding=\"async\" width=\"720\" height=\"450\" src=\"https:\/\/riftgame.com\/wp-content\/uploads\/2024\/11\/rift-fishing.jpg\" class=\"attachment-full size-full wp-image-800\" alt=\"\" srcset=\"https:\/\/riftgame.com\/wp-content\/uploads\/2024\/11\/rift-fishing.jpg 720w, https:\/\/riftgame.com\/wp-content\/uploads\/2024\/11\/rift-fishing-300x188.jpg 300w\" sizes=\"(max-width: 720px) 100vw, 720px\" \/>\t\t\t\t\t\t\t\t\t\t\t\t\t\t\t<\/div>\n\t\t\t\t<\/div>\n\t\t\t\t<div class=\"elementor-element elementor-element-312a6ba4 elementor-widget elementor-widget-heading\" data-id=\"312a6ba4\" data-element_type=\"widget\" data-e-type=\"widget\" data-widget_type=\"heading.default\">\n\t\t\t\t\t<h2 class=\"elementor-heading-title elementor-size-default\">M\u00e9tiers de collecte<\/h2>\t\t\t\t<\/div>\n\t\t\t\t<div class=\"elementor-element elementor-element-1bcf7759 elementor-widget__width-initial elementor-widget elementor-widget-text-editor\" data-id=\"1bcf7759\" data-element_type=\"widget\" data-e-type=\"widget\" data-widget_type=\"text-editor.default\">\n\t\t\t\t\t\t\t\t\t<p>Les richesses de la nature sont l\u00e0 pour que vous les r\u00e9coltiez, saisissiez, cueilliez ou extrayiez. Collectez les mati\u00e8res premi\u00e8res pour le type de m\u00e9tier que vous souhaitez pratiquer, ou concentrez-vous uniquement sur la collecte et vendez vos trouvailles pour de l\u2019argent ! <\/p><p><strong>Boucherie<\/strong><br>R\u00e9cup\u00e9rez et travaillez la peau, le cuir, les chairs et plus (m\u00e9tier populaire aupr\u00e8s des Tailleurs et des Cuisiniers).<br>Utile pour : Tailleur, Fabricant d\u2019armures et Apothicaire<\/p><p><strong>P\u00eache<\/strong><br>Lancez votre ligne et jouez du moulinet de Bois d\u2019Argent \u00e0 Serratos. Meilleurs sont votre coin et votre leurre, meilleure sera la prise !<br><br> <br>Utile pour : sp\u00e9cialiste de la Survie<\/p><p><strong>Ramassage<\/strong><br>Le commerce des herbes et du bois d\u2019\u0153uvre n\u2019a jamais \u00e9t\u00e9 si porteur. Collectez ces deux ressources, taillez des planches et utilisez-les, \u00e0 moins que le plus offrant ne vous convainque de les lui vendre.<br>Utile pour : Apothicaire, Artificier et Fabricant d\u2019armes<\/p><p><strong>Extraction<\/strong><br>Faites ressurgir le minerai \u00e9tincelant et les pierres pr\u00e9cieuses utilis\u00e9es dans la confection d\u2019armures, d\u2019armes et d\u2019appareils magiques.<br>Utile pour : Fabricant d\u2019armures, Fabricant d\u2019armes et Artificier<\/p>\t\t\t\t\t\t\t\t<\/div>\n\t\t\t\t<\/div>\n\t\t<div class=\"elementor-element elementor-element-12830d60 e-con-full e-flex e-con e-child\" data-id=\"12830d60\" data-element_type=\"container\" data-e-type=\"container\" data-settings=\"{&quot;motion_fx_motion_fx_scrolling&quot;:&quot;yes&quot;,&quot;motion_fx_translateY_effect&quot;:&quot;yes&quot;,&quot;motion_fx_translateY_direction&quot;:&quot;negative&quot;,&quot;motion_fx_translateY_speed&quot;:{&quot;unit&quot;:&quot;px&quot;,&quot;size&quot;:2,&quot;sizes&quot;:[]},&quot;motion_fx_translateY_affectedRange&quot;:{&quot;unit&quot;:&quot;%&quot;,&quot;size&quot;:&quot;&quot;,&quot;sizes&quot;:{&quot;start&quot;:25,&quot;end&quot;:100}},&quot;motion_fx_devices&quot;:[&quot;widescreen&quot;,&quot;desktop&quot;,&quot;laptop&quot;,&quot;tablet_extra&quot;]}\">\n\t\t<div class=\"elementor-element elementor-element-b0a90f8 e-con-full screenshot-border e-flex e-con e-child\" data-id=\"b0a90f8\" data-element_type=\"container\" data-e-type=\"container\">\n\t\t\t\t<div class=\"elementor-element elementor-element-59a42751 elementor-widget elementor-widget-image\" data-id=\"59a42751\" data-element_type=\"widget\" data-e-type=\"widget\" data-widget_type=\"image.default\">\n\t\t\t\t\t\t\t\t\t\t\t\t\t\t\t<img decoding=\"async\" width=\"720\" height=\"450\" src=\"https:\/\/riftgame.com\/wp-content\/uploads\/2024\/11\/rift-craftingskill.jpg\" class=\"attachment-full size-full wp-image-796\" alt=\"\" srcset=\"https:\/\/riftgame.com\/wp-content\/uploads\/2024\/11\/rift-craftingskill.jpg 720w, https:\/\/riftgame.com\/wp-content\/uploads\/2024\/11\/rift-craftingskill-300x188.jpg 300w\" sizes=\"(max-width: 720px) 100vw, 720px\" \/>\t\t\t\t\t\t\t\t\t\t\t\t\t\t\t<\/div>\n\t\t\t\t<\/div>\n\t\t\t\t<div class=\"elementor-element elementor-element-17cd7cd7 elementor-widget elementor-widget-heading\" data-id=\"17cd7cd7\" data-element_type=\"widget\" data-e-type=\"widget\" data-widget_type=\"heading.default\">\n\t\t\t\t\t<h2 class=\"elementor-heading-title elementor-size-default\">M\u00e9tiers de fabrication<\/h2>\t\t\t\t<\/div>\n\t\t\t\t<div class=\"elementor-element elementor-element-773515f4 elementor-widget__width-initial elementor-widget elementor-widget-text-editor\" data-id=\"773515f4\" data-element_type=\"widget\" data-e-type=\"widget\" data-widget_type=\"text-editor.default\">\n\t\t\t\t\t\t\t\t\t<p>Que vous alliiez des puissances \u00e9l\u00e9mentaires \u00e0 une lame, de la lumi\u00e8re aux mailles d\u2019une robe ou de la magie \u00e0 des runes et des potions, vous pouvez b\u00e9n\u00e9ficier du fruit de votre labeur comme en faire profit pour financer de plus grandes aventures encore.<\/p><p><strong>Apothicaire<\/strong><br>Concoctez des potions, des philtres et des fioles \u2013 des objets consommables qui ont les effets d\u2019un sort.<br>Utile pour : toute Vocation<\/p><p><strong>Fabricant d\u2019armures<\/strong><br>Forgez de puissantes cuirasses de protection \u00e0 partir de mailles et de plates, ainsi que des boucliers.<br>Utile pour : Clerc et Guerrier<\/p><p><strong>Artificier<\/strong><br>Cr\u00e9ez bijoux (colliers et bagues magiques) et armes pour lanceurs de sorts (b\u00e2tons, baguettes et grimoires).<br>Utile pour : Clerc et Mage<\/p><p><strong>Tailleur<\/strong><br>Cousez des armures de tissu et de cuir, des sacs et plus encore. Un choix populaire pour les Mages.<br>Utile pour : Mages et Voleurs <\/p><p><strong>Fabrication d\u2019armes<\/strong><br>R\u00e9alisez la plupart des types d\u2019armes, dont les masses \u00e0 une et deux mains, les \u00e9p\u00e9es, les haches, les dagues, les arcs et les armes \u00e0 feu.<br>Utile pour : Guerrier et Voleur<\/p>\t\t\t\t\t\t\t\t<\/div>\n\t\t\t\t<\/div>\n\t\t<div class=\"elementor-element elementor-element-3b552124 e-con-full e-flex e-con e-child\" data-id=\"3b552124\" data-element_type=\"container\" data-e-type=\"container\" data-settings=\"{&quot;motion_fx_motion_fx_scrolling&quot;:&quot;yes&quot;,&quot;motion_fx_translateY_effect&quot;:&quot;yes&quot;,&quot;motion_fx_translateY_direction&quot;:&quot;negative&quot;,&quot;motion_fx_translateY_speed&quot;:{&quot;unit&quot;:&quot;px&quot;,&quot;size&quot;:2,&quot;sizes&quot;:[]},&quot;motion_fx_translateY_affectedRange&quot;:{&quot;unit&quot;:&quot;%&quot;,&quot;size&quot;:&quot;&quot;,&quot;sizes&quot;:{&quot;start&quot;:25,&quot;end&quot;:100}},&quot;motion_fx_devices&quot;:[&quot;widescreen&quot;,&quot;desktop&quot;,&quot;laptop&quot;,&quot;tablet_extra&quot;]}\">\n\t\t<div class=\"elementor-element elementor-element-51b7c3af e-con-full screenshot-border e-flex e-con e-child\" data-id=\"51b7c3af\" data-element_type=\"container\" data-e-type=\"container\">\n\t\t\t\t<div class=\"elementor-element elementor-element-3232202d elementor-widget elementor-widget-image\" data-id=\"3232202d\" data-element_type=\"widget\" data-e-type=\"widget\" data-widget_type=\"image.default\">\n\t\t\t\t\t\t\t\t\t\t\t\t\t\t\t<img decoding=\"async\" width=\"720\" height=\"450\" src=\"https:\/\/riftgame.com\/wp-content\/uploads\/2025\/03\/enhancement2_webP.webp\" class=\"attachment-full size-full wp-image-974\" alt=\"\" srcset=\"https:\/\/riftgame.com\/wp-content\/uploads\/2025\/03\/enhancement2_webP.webp 720w, https:\/\/riftgame.com\/wp-content\/uploads\/2025\/03\/enhancement2_webP-300x188.webp 300w\" sizes=\"(max-width: 720px) 100vw, 720px\" \/>\t\t\t\t\t\t\t\t\t\t\t\t\t\t\t<\/div>\n\t\t\t\t<\/div>\n\t\t\t\t<div class=\"elementor-element elementor-element-15b9c3d4 elementor-widget elementor-widget-heading\" data-id=\"15b9c3d4\" data-element_type=\"widget\" data-e-type=\"widget\" data-widget_type=\"heading.default\">\n\t\t\t\t\t<h2 class=\"elementor-heading-title elementor-size-default\">Comp\u00e9tences d\u2019am\u00e9lioration<\/h2>\t\t\t\t<\/div>\n\t\t\t\t<div class=\"elementor-element elementor-element-463600b5 elementor-widget__width-initial elementor-widget elementor-widget-text-editor\" data-id=\"463600b5\" data-element_type=\"widget\" data-e-type=\"widget\" data-widget_type=\"text-editor.default\">\n\t\t\t\t\t\t\t\t\t<p>Fabriquez des objets que vous ou d&rsquo;autres joueurs avez fabriqu\u00e9s et apportez-les sur des terrains plus \u00e9lev\u00e9s ! Am\u00e9liorez leur puissance gr\u00e2ce aux runes, aux enchantements et aux orbes, que vous choisissiez de les conserver pour en tirer parti ou de les \u00e9changer avec d&rsquo;autres aventuriers. <\/p><p><strong>Fabricant de runes<\/strong><br>D\u00e9mantelez les objets magiques et insufflez les \u00e9nergies que vous en r\u00e9cup\u00e9rez dans des runes am\u00e9liorant vos statistiques.<br>Utile pour : toute Vocation<\/p><p><strong>Tissage des r\u00eaves<\/strong><br>Fabriquez des cl\u00e9s pour Dimensions, ainsi que de l&rsquo;eau, des \u00e9tincelles, de la fum\u00e9e et des effets d&rsquo;\u00e9clairage et de particules sans objet que vous pouvez ajouter \u00e0 vos retraites pr\u00e9f\u00e9r\u00e9es, ainsi que des objets runiques appel\u00e9s orbes de r\u00eave utilisables par tous. Appels sugg\u00e9r\u00e9s : N&rsquo;importe lequel<\/p>\t\t\t\t\t\t\t\t<\/div>\n\t\t\t\t<\/div>\n\t\t\t\t<\/div>\n\t\t<div class=\"elementor-element elementor-element-5c65c40 e-con-full max-content-width e-flex e-con e-child\" data-id=\"5c65c40\" data-element_type=\"container\" data-e-type=\"container\" data-settings=\"{&quot;motion_fx_motion_fx_scrolling&quot;:&quot;yes&quot;,&quot;motion_fx_translateY_effect&quot;:&quot;yes&quot;,&quot;motion_fx_translateY_direction&quot;:&quot;negative&quot;,&quot;motion_fx_translateY_speed&quot;:{&quot;unit&quot;:&quot;px&quot;,&quot;size&quot;:2,&quot;sizes&quot;:[]},&quot;motion_fx_translateY_affectedRange&quot;:{&quot;unit&quot;:&quot;%&quot;,&quot;size&quot;:&quot;&quot;,&quot;sizes&quot;:{&quot;start&quot;:25,&quot;end&quot;:100}},&quot;motion_fx_devices&quot;:[&quot;widescreen&quot;,&quot;desktop&quot;,&quot;laptop&quot;,&quot;tablet_extra&quot;]}\">\n\t\t<div class=\"elementor-element elementor-element-8ecbb80 e-con-full e-flex e-con e-child\" data-id=\"8ecbb80\" data-element_type=\"container\" data-e-type=\"container\">\n\t\t\t\t<div class=\"elementor-element elementor-element-cb81741 elementor-widget elementor-widget-heading\" data-id=\"cb81741\" data-element_type=\"widget\" data-e-type=\"widget\" data-widget_type=\"heading.default\">\n\t\t\t\t\t<h2 class=\"elementor-heading-title elementor-size-default\">Comp\u00e9tences suppl\u00e9mentaires<\/h2>\t\t\t\t<\/div>\n\t\t\t\t<div class=\"elementor-element elementor-element-b22b79b elementor-widget__width-initial elementor-widget elementor-widget-text-editor\" data-id=\"b22b79b\" data-element_type=\"widget\" data-e-type=\"widget\" data-widget_type=\"text-editor.default\">\n\t\t\t\t\t\t\t\t\t<p>Accordez-vous de la valeur \u00e0 l&rsquo;ind\u00e9pendance par-dessus tout dans l&rsquo;existence Ascensionn\u00e9e? Ensuite, les entra\u00eeneurs de Telara peuvent vous enseigner des comp\u00e9tences suppl\u00e9mentaires (sans compter dans votre limite de 3 comp\u00e9tences de m\u00e9tier !), de la chasse \u00e0 la nourriture \u00e0 la pr\u00e9paration de plats, en restaurant de la vie et du mana, en passant par l&rsquo;octroi de buffs ! <\/p><p><strong>Sp\u00e9cialiste de la survie<\/strong><br>Mitonnez des petits plats pour obtenir des bonus de statistiques et confectionnez des couchages\/tentes qui procurent de l\u2019exp\u00e9rience optimale pour vous et votre groupe.<br>Utile pour : toute Vocation<\/p><p><strong>P\u00eache<\/strong><br>Lancez votre ligne et jouez du moulinet de Bois d\u2019Argent \u00e0 Serratos. Meilleurs sont votre coin et votre leurre, meilleure sera la prise !<br>Utile pour : sp\u00e9cialiste de la Survie<br><br> <br>Utile pour : sp\u00e9cialiste de la Survie<\/p>\t\t\t\t\t\t\t\t<\/div>\n\t\t\t\t<\/div>\n\t\t\t\t<\/div>\n\t\t\t\t<\/div>\n\t\t\t\t<\/div>\n\t\t\t\t<\/div>\n\t\t","protected":false},"excerpt":{"rendered":"<p>Commerce et techniques de survie Les cit\u00e9s de Telara vivent au rythme du vacarme de ses fabricants. Des forges rugissantes, des m\u00e9tiers \u00e0 tisser ronflantes et des enclumes tonitruantes sont les signes r\u00e9v\u00e9lateurs des \u00c9lus cr\u00e9ant (et ratant aussi parfois) des \u00e9quipements, runes et potions entre autres. Vous trouver une place dans cette \u00e9conomie vivante [&hellip;]<\/p>\n","protected":false},"author":3,"featured_media":0,"parent":1241,"menu_order":0,"comment_status":"closed","ping_status":"closed","template":"","meta":{"_acf_changed":false,"footnotes":""},"class_list":["post-1183","page","type-page","status-publish","hentry"],"acf":[],"_links":{"self":[{"href":"https:\/\/riftgame.com\/fr\/wp-json\/wp\/v2\/pages\/1183","targetHints":{"allow":["GET"]}}],"collection":[{"href":"https:\/\/riftgame.com\/fr\/wp-json\/wp\/v2\/pages"}],"about":[{"href":"https:\/\/riftgame.com\/fr\/wp-json\/wp\/v2\/types\/page"}],"author":[{"embeddable":true,"href":"https:\/\/riftgame.com\/fr\/wp-json\/wp\/v2\/users\/3"}],"replies":[{"embeddable":true,"href":"https:\/\/riftgame.com\/fr\/wp-json\/wp\/v2\/comments?post=1183"}],"version-history":[{"count":0,"href":"https:\/\/riftgame.com\/fr\/wp-json\/wp\/v2\/pages\/1183\/revisions"}],"up":[{"embeddable":true,"href":"https:\/\/riftgame.com\/fr\/wp-json\/wp\/v2\/pages\/1241"}],"wp:attachment":[{"href":"https:\/\/riftgame.com\/fr\/wp-json\/wp\/v2\/media?parent=1183"}],"curies":[{"name":"wp","href":"https:\/\/api.w.org\/{rel}","templated":true}]}}