{"id":1168,"date":"2024-11-11T10:12:21","date_gmt":"2024-11-11T10:12:21","guid":{"rendered":"https:\/\/riftgame.com\/telara\/"},"modified":"2025-07-03T11:50:16","modified_gmt":"2025-07-03T11:50:16","slug":"telara","status":"publish","type":"page","link":"https:\/\/riftgame.com\/fr\/jeu\/telara\/","title":{"rendered":"Telara"},"content":{"rendered":"\t\t<div data-elementor-type=\"wp-page\" data-elementor-id=\"1168\" class=\"elementor elementor-1168 elementor-114\" data-elementor-post-type=\"page\">\n\t\t\t\t<div class=\"elementor-element elementor-element-3543bec e-con-full e-flex e-con e-parent\" data-id=\"3543bec\" data-element_type=\"container\" data-e-type=\"container\">\n\t\t<div class=\"elementor-element elementor-element-3dd170ae e-con-full max-container-width e-flex e-con e-child\" data-id=\"3dd170ae\" data-element_type=\"container\" data-e-type=\"container\" id=\"features-header-section\">\n\t\t<div class=\"elementor-element elementor-element-5b282a29 e-con-full e-flex e-con e-child\" data-id=\"5b282a29\" data-element_type=\"container\" data-e-type=\"container\" id=\"features-mask-top\" data-settings=\"{&quot;background_background&quot;:&quot;classic&quot;}\">\n\t\t<div class=\"elementor-element elementor-element-21063e77 e-con-full max-content-width e-flex e-con e-child\" data-id=\"21063e77\" data-element_type=\"container\" data-e-type=\"container\">\n\t\t<div class=\"elementor-element elementor-element-269aef8a e-con-full e-flex e-con e-child\" data-id=\"269aef8a\" data-element_type=\"container\" data-e-type=\"container\">\n\t\t\t\t<div class=\"elementor-element elementor-element-f7f33d7 animated-slow elementor-invisible elementor-widget elementor-widget-heading\" data-id=\"f7f33d7\" data-element_type=\"widget\" data-e-type=\"widget\" data-settings=\"{&quot;_animation&quot;:&quot;fadeInRight&quot;}\" data-widget_type=\"heading.default\">\n\t\t\t\t\t<h1 class=\"elementor-heading-title elementor-size-default\">TelaRa<\/h1>\t\t\t\t<\/div>\n\t\t\t\t<div class=\"elementor-element elementor-element-27a84fd4 animated-slow elementor-invisible elementor-widget elementor-widget-text-editor\" data-id=\"27a84fd4\" data-element_type=\"widget\" data-e-type=\"widget\" data-settings=\"{&quot;_animation&quot;:&quot;fadeInRight&quot;,&quot;_animation_delay&quot;:500}\" data-widget_type=\"text-editor.default\">\n\t\t\t\t\t\t\t\t\t<p>Forg\u00e9e \u00e0 la crois\u00e9e des Plans \u00e9l\u00e9mentaires, Telara est un monde merveilleux fait de paysages aussi vari\u00e9s que les \u00e9l\u00e9ments eux-m\u00eames.<\/p><p>Qu\u2019elles soient emplies de cr\u00e9atures fantastiques ou hant\u00e9es par les terrifiants adorateurs draconiques, chacune de ses zones a une histoire \u00e0 conter et de grandioses aventures \u00e0 vivre.<\/p>\t\t\t\t\t\t\t\t<\/div>\n\t\t\t\t<\/div>\n\t\t\t\t<\/div>\n\t\t\t\t<\/div>\n\t\t\t\t<\/div>\n\t\t<div class=\"elementor-element elementor-element-6948b32e e-con-full max-container-width e-flex e-con e-child\" data-id=\"6948b32e\" data-element_type=\"container\" data-e-type=\"container\" id=\"features-lower-section\">\n\t\t<div class=\"elementor-element elementor-element-5e67941f e-con-full max-content-width e-flex e-con e-child\" data-id=\"5e67941f\" data-element_type=\"container\" data-e-type=\"container\">\n\t\t<div class=\"elementor-element elementor-element-7db3c9e1 e-con-full e-flex e-con e-child\" data-id=\"7db3c9e1\" data-element_type=\"container\" data-e-type=\"container\" data-settings=\"{&quot;motion_fx_motion_fx_scrolling&quot;:&quot;yes&quot;,&quot;motion_fx_translateY_effect&quot;:&quot;yes&quot;,&quot;motion_fx_translateY_direction&quot;:&quot;negative&quot;,&quot;motion_fx_translateY_speed&quot;:{&quot;unit&quot;:&quot;px&quot;,&quot;size&quot;:2,&quot;sizes&quot;:[]},&quot;motion_fx_translateY_affectedRange&quot;:{&quot;unit&quot;:&quot;%&quot;,&quot;size&quot;:&quot;&quot;,&quot;sizes&quot;:{&quot;start&quot;:25,&quot;end&quot;:100}},&quot;motion_fx_devices&quot;:[&quot;widescreen&quot;,&quot;desktop&quot;,&quot;laptop&quot;,&quot;tablet_extra&quot;]}\">\n\t\t<div class=\"elementor-element elementor-element-72abab31 e-con-full screenshot-border e-flex e-con e-child\" data-id=\"72abab31\" data-element_type=\"container\" data-e-type=\"container\">\n\t\t\t\t<div class=\"elementor-element elementor-element-7ed08d45 elementor-widget elementor-widget-image\" data-id=\"7ed08d45\" data-element_type=\"widget\" data-e-type=\"widget\" data-widget_type=\"image.default\">\n\t\t\t\t\t\t\t\t\t\t\t\t\t\t\t<img fetchpriority=\"high\" decoding=\"async\" width=\"720\" height=\"450\" src=\"https:\/\/riftgame.com\/wp-content\/uploads\/2025\/04\/mathosia_webP_new.webp\" class=\"attachment-full size-full wp-image-1050\" alt=\"\" srcset=\"https:\/\/riftgame.com\/wp-content\/uploads\/2025\/04\/mathosia_webP_new.webp 720w, https:\/\/riftgame.com\/wp-content\/uploads\/2025\/04\/mathosia_webP_new-300x188.webp 300w\" sizes=\"(max-width: 720px) 100vw, 720px\" \/>\t\t\t\t\t\t\t\t\t\t\t\t\t\t\t<\/div>\n\t\t\t\t<\/div>\n\t\t\t\t<div class=\"elementor-element elementor-element-385d7e94 elementor-widget elementor-widget-heading\" data-id=\"385d7e94\" data-element_type=\"widget\" data-e-type=\"widget\" data-widget_type=\"heading.default\">\n\t\t\t\t\t<h2 class=\"elementor-heading-title elementor-size-default\">Mathosia<\/h2>\t\t\t\t<\/div>\n\t\t\t\t<div class=\"elementor-element elementor-element-3c3decad elementor-widget__width-initial elementor-widget elementor-widget-text-editor\" data-id=\"3c3decad\" data-element_type=\"widget\" data-e-type=\"widget\" data-widget_type=\"text-editor.default\">\n\t\t\t\t\t\t\t\t\t<p>Mathosia est le continent principal de Telara. D\u2019anciens et glorieux empires y ont \u00e9tendu leur influence, men\u00e9s par les solides chefs des Mathosiens, des Eths, des Nains et des Elfes\u2026 jusqu\u2019au jour o\u00f9 la magie noire provoqua l\u2019apparition de d\u00e9chirures, ou Failles, entre Telara les Plans \u00e9l\u00e9mentaires. <\/p><p>Mathosia est depuis constamment tortur\u00e9 par des Failles et des invasions planaires ; pourtant, malgr\u00e9 ces perturbations, cet endroit rec\u00e8le encore une infinit\u00e9 d\u2019\u00e9tranges merveilles.<\/p>\t\t\t\t\t\t\t\t<\/div>\n\t\t\t\t<\/div>\n\t\t<div class=\"elementor-element elementor-element-281759c7 e-con-full e-flex e-con e-child\" data-id=\"281759c7\" data-element_type=\"container\" data-e-type=\"container\" data-settings=\"{&quot;motion_fx_motion_fx_scrolling&quot;:&quot;yes&quot;,&quot;motion_fx_translateY_effect&quot;:&quot;yes&quot;,&quot;motion_fx_translateY_direction&quot;:&quot;negative&quot;,&quot;motion_fx_translateY_speed&quot;:{&quot;unit&quot;:&quot;px&quot;,&quot;size&quot;:2,&quot;sizes&quot;:[]},&quot;motion_fx_translateY_affectedRange&quot;:{&quot;unit&quot;:&quot;%&quot;,&quot;size&quot;:&quot;&quot;,&quot;sizes&quot;:{&quot;start&quot;:25,&quot;end&quot;:100}},&quot;motion_fx_devices&quot;:[&quot;widescreen&quot;,&quot;desktop&quot;,&quot;laptop&quot;,&quot;tablet_extra&quot;]}\">\n\t\t<div class=\"elementor-element elementor-element-6e9d6f89 e-con-full screenshot-border e-flex e-con e-child\" data-id=\"6e9d6f89\" data-element_type=\"container\" data-e-type=\"container\">\n\t\t\t\t<div class=\"elementor-element elementor-element-79e7fbc4 elementor-widget elementor-widget-image\" data-id=\"79e7fbc4\" data-element_type=\"widget\" data-e-type=\"widget\" data-widget_type=\"image.default\">\n\t\t\t\t\t\t\t\t\t\t\t\t\t\t\t<img decoding=\"async\" width=\"720\" height=\"450\" src=\"https:\/\/riftgame.com\/wp-content\/uploads\/2024\/11\/rift-emberisle.jpg\" class=\"attachment-full size-full wp-image-780\" alt=\"\" srcset=\"https:\/\/riftgame.com\/wp-content\/uploads\/2024\/11\/rift-emberisle.jpg 720w, https:\/\/riftgame.com\/wp-content\/uploads\/2024\/11\/rift-emberisle-300x188.jpg 300w\" sizes=\"(max-width: 720px) 100vw, 720px\" \/>\t\t\t\t\t\t\t\t\t\t\t\t\t\t\t<\/div>\n\t\t\t\t<\/div>\n\t\t\t\t<div class=\"elementor-element elementor-element-50b6c9fb elementor-widget elementor-widget-heading\" data-id=\"50b6c9fb\" data-element_type=\"widget\" data-e-type=\"widget\" data-widget_type=\"heading.default\">\n\t\t\t\t\t<h2 class=\"elementor-heading-title elementor-size-default\">\u00cele de Braise<\/h2>\t\t\t\t<\/div>\n\t\t\t\t<div class=\"elementor-element elementor-element-733038c4 elementor-widget__width-initial elementor-widget elementor-widget-text-editor\" data-id=\"733038c4\" data-element_type=\"widget\" data-e-type=\"widget\" data-widget_type=\"text-editor.default\">\n\t\t\t\t\t\t\t\t\t<p>Autrefois le bastion du peuple kelari, l\u2019\u00cele de Braise fut abandonn\u00e9e quand la un conflit avec des esprits vengeurs du Plan de l\u2019Eau mena\u00e7a la survie des Elves.<\/p><p>Aujourd\u2019hui, l\u2019\u00cele de Braise est un environnement mystique rempli de ruines anciennes et de jungles verdoyantes recouvertes de volutes de fum\u00e9e s\u2019\u00e9chappant du volcan massif qui si\u00e8ge en son coeur.<\/p>\t\t\t\t\t\t\t\t<\/div>\n\t\t\t\t<\/div>\n\t\t<div class=\"elementor-element elementor-element-29288df8 e-con-full e-flex e-con e-child\" data-id=\"29288df8\" data-element_type=\"container\" data-e-type=\"container\" data-settings=\"{&quot;motion_fx_motion_fx_scrolling&quot;:&quot;yes&quot;,&quot;motion_fx_translateY_effect&quot;:&quot;yes&quot;,&quot;motion_fx_translateY_direction&quot;:&quot;negative&quot;,&quot;motion_fx_translateY_speed&quot;:{&quot;unit&quot;:&quot;px&quot;,&quot;size&quot;:2,&quot;sizes&quot;:[]},&quot;motion_fx_translateY_affectedRange&quot;:{&quot;unit&quot;:&quot;%&quot;,&quot;size&quot;:&quot;&quot;,&quot;sizes&quot;:{&quot;start&quot;:25,&quot;end&quot;:100}},&quot;motion_fx_devices&quot;:[&quot;widescreen&quot;,&quot;desktop&quot;,&quot;laptop&quot;,&quot;tablet_extra&quot;]}\">\n\t\t<div class=\"elementor-element elementor-element-4407108a e-con-full screenshot-border e-flex e-con e-child\" data-id=\"4407108a\" data-element_type=\"container\" data-e-type=\"container\">\n\t\t\t\t<div class=\"elementor-element elementor-element-7a975eeb elementor-widget elementor-widget-image\" data-id=\"7a975eeb\" data-element_type=\"widget\" data-e-type=\"widget\" data-widget_type=\"image.default\">\n\t\t\t\t\t\t\t\t\t\t\t\t\t\t\t<img decoding=\"async\" width=\"720\" height=\"450\" src=\"https:\/\/riftgame.com\/wp-content\/uploads\/2024\/11\/rift-brevanedusken.jpg\" class=\"attachment-full size-full wp-image-778\" alt=\"\" srcset=\"https:\/\/riftgame.com\/wp-content\/uploads\/2024\/11\/rift-brevanedusken.jpg 720w, https:\/\/riftgame.com\/wp-content\/uploads\/2024\/11\/rift-brevanedusken-300x188.jpg 300w\" sizes=\"(max-width: 720px) 100vw, 720px\" \/>\t\t\t\t\t\t\t\t\t\t\t\t\t\t\t<\/div>\n\t\t\t\t<\/div>\n\t\t\t\t<div class=\"elementor-element elementor-element-7de85ae6 elementor-widget elementor-widget-heading\" data-id=\"7de85ae6\" data-element_type=\"widget\" data-e-type=\"widget\" data-widget_type=\"heading.default\">\n\t\t\t\t\t<h2 class=\"elementor-heading-title elementor-size-default\">Tynandra et Brunante<\/h2>\t\t\t\t<\/div>\n\t\t\t\t<div class=\"elementor-element elementor-element-24989e2d elementor-widget__width-initial elementor-widget elementor-widget-text-editor\" data-id=\"24989e2d\" data-element_type=\"widget\" data-e-type=\"widget\" data-widget_type=\"text-editor.default\">\n\t\t\t\t\t\t\t\t\t<p>Ces \u00eeles longtemps perdues au large de Telara ont longtemps \u00e9t\u00e9 ignor\u00e9es des peuples de Mathosia. Tynandra, autrefois berceau de la plus grande des civilisations que Telara ait jamais connues, est un continent dont les ruines attestent de l\u2019\u00e9tendue du pouvoir inventif de l\u2019humanit\u00e9. <\/p><p>Brunante est un lieu plus dangereux, et encore plus sinistre, une demeure parfaite pour les horreurs pr\u00eates \u00e0 servir Regulos, le dragon de la la Mort.<\/p>\t\t\t\t\t\t\t\t<\/div>\n\t\t\t\t<\/div>\n\t\t\t\t<\/div>\n\t\t\t\t<\/div>\n\t\t\t\t<\/div>\n\t\t\t\t<\/div>\n\t\t","protected":false},"excerpt":{"rendered":"<p>TelaRa Forg\u00e9e \u00e0 la crois\u00e9e des Plans \u00e9l\u00e9mentaires, Telara est un monde merveilleux fait de paysages aussi vari\u00e9s que les \u00e9l\u00e9ments eux-m\u00eames. Qu\u2019elles soient emplies de cr\u00e9atures fantastiques ou hant\u00e9es par les terrifiants adorateurs draconiques, chacune de ses zones a une histoire \u00e0 conter et de grandioses aventures \u00e0 vivre. Mathosia Mathosia est le continent [&hellip;]<\/p>\n","protected":false},"author":3,"featured_media":0,"parent":1241,"menu_order":0,"comment_status":"closed","ping_status":"closed","template":"","meta":{"_acf_changed":false,"footnotes":""},"class_list":["post-1168","page","type-page","status-publish","hentry"],"acf":[],"_links":{"self":[{"href":"https:\/\/riftgame.com\/fr\/wp-json\/wp\/v2\/pages\/1168","targetHints":{"allow":["GET"]}}],"collection":[{"href":"https:\/\/riftgame.com\/fr\/wp-json\/wp\/v2\/pages"}],"about":[{"href":"https:\/\/riftgame.com\/fr\/wp-json\/wp\/v2\/types\/page"}],"author":[{"embeddable":true,"href":"https:\/\/riftgame.com\/fr\/wp-json\/wp\/v2\/users\/3"}],"replies":[{"embeddable":true,"href":"https:\/\/riftgame.com\/fr\/wp-json\/wp\/v2\/comments?post=1168"}],"version-history":[{"count":0,"href":"https:\/\/riftgame.com\/fr\/wp-json\/wp\/v2\/pages\/1168\/revisions"}],"up":[{"embeddable":true,"href":"https:\/\/riftgame.com\/fr\/wp-json\/wp\/v2\/pages\/1241"}],"wp:attachment":[{"href":"https:\/\/riftgame.com\/fr\/wp-json\/wp\/v2\/media?parent=1168"}],"curies":[{"name":"wp","href":"https:\/\/api.w.org\/{rel}","templated":true}]}}