{"id":1166,"date":"2024-11-11T10:23:04","date_gmt":"2024-11-11T10:23:04","guid":{"rendered":"https:\/\/riftgame.com\/failles\/"},"modified":"2025-07-03T11:04:04","modified_gmt":"2025-07-03T11:04:04","slug":"failles","status":"publish","type":"page","link":"https:\/\/riftgame.com\/fr\/jeu\/failles\/","title":{"rendered":"Failles"},"content":{"rendered":"\t\t<div data-elementor-type=\"wp-page\" data-elementor-id=\"1166\" class=\"elementor elementor-1166 elementor-115\" data-elementor-post-type=\"page\">\n\t\t\t\t<div class=\"elementor-element elementor-element-58039659 e-con-full e-flex e-con e-parent\" data-id=\"58039659\" data-element_type=\"container\" data-e-type=\"container\">\n\t\t<div class=\"elementor-element elementor-element-3c71657b e-con-full max-container-width e-flex e-con e-child\" data-id=\"3c71657b\" data-element_type=\"container\" data-e-type=\"container\" id=\"features-header-section\">\n\t\t<div class=\"elementor-element elementor-element-7e57103f e-con-full e-flex e-con e-child\" data-id=\"7e57103f\" data-element_type=\"container\" data-e-type=\"container\" id=\"features-mask-top\" data-settings=\"{&quot;background_background&quot;:&quot;classic&quot;}\">\n\t\t<div class=\"elementor-element elementor-element-2ff2fd53 e-con-full max-content-width e-flex e-con e-child\" data-id=\"2ff2fd53\" data-element_type=\"container\" data-e-type=\"container\">\n\t\t<div class=\"elementor-element elementor-element-8b55523 e-con-full e-flex e-con e-child\" data-id=\"8b55523\" data-element_type=\"container\" data-e-type=\"container\">\n\t\t\t\t<div class=\"elementor-element elementor-element-6352e691 animated-slow elementor-invisible elementor-widget elementor-widget-heading\" data-id=\"6352e691\" data-element_type=\"widget\" data-e-type=\"widget\" data-settings=\"{&quot;_animation&quot;:&quot;fadeInRight&quot;}\" data-widget_type=\"heading.default\">\n\t\t\t\t\t<h1 class=\"elementor-heading-title elementor-size-default\">Failles<\/h1>\t\t\t\t<\/div>\n\t\t\t\t<div class=\"elementor-element elementor-element-37c713a2 animated-slow elementor-invisible elementor-widget elementor-widget-text-editor\" data-id=\"37c713a2\" data-element_type=\"widget\" data-e-type=\"widget\" data-settings=\"{&quot;_animation&quot;:&quot;fadeInRight&quot;,&quot;_animation_delay&quot;:500}\" data-widget_type=\"text-editor.default\">\n\t\t\t\t\t\t\t\t\t<p>Les Failles, des d\u00e9chirures de la r\u00e9alit\u00e9, \u00e9clatent lorsque les Plans \u00e9l\u00e9mentaires de l\u2019existence entrent en collision avec Telara.<\/p><p>Chacune d\u2019elles est un passage pour les envahisseurs, un portail crachant des arm\u00e9es d\u2019un autre monde pr\u00eates \u00e0 tout conqu\u00e9rir et d\u00e9truire. En t\u00eate de ces l\u00e9gions se trouvent les g\u00e9n\u00e9raux de la Temp\u00eate Sanglante, puissants serviteurs des dieux draconiques et ennemis jur\u00e9s des \u00c9lus. <\/p><p>Laissez trop de Failles se d\u00e9velopper, et des zones enti\u00e8res peuvent basculer !<\/p>\t\t\t\t\t\t\t\t<\/div>\n\t\t\t\t<\/div>\n\t\t\t\t<\/div>\n\t\t\t\t<\/div>\n\t\t\t\t<\/div>\n\t\t<div class=\"elementor-element elementor-element-3b7192a5 e-con-full max-container-width e-flex e-con e-child\" data-id=\"3b7192a5\" data-element_type=\"container\" data-e-type=\"container\" id=\"features-lower-section\">\n\t\t<div class=\"elementor-element elementor-element-815d598 e-con-full max-content-width e-flex e-con e-child\" data-id=\"815d598\" data-element_type=\"container\" data-e-type=\"container\">\n\t\t<div class=\"elementor-element elementor-element-7214c7bd e-con-full e-flex e-con e-child\" data-id=\"7214c7bd\" data-element_type=\"container\" data-e-type=\"container\" data-settings=\"{&quot;motion_fx_motion_fx_scrolling&quot;:&quot;yes&quot;,&quot;motion_fx_translateY_effect&quot;:&quot;yes&quot;,&quot;motion_fx_translateY_direction&quot;:&quot;negative&quot;,&quot;motion_fx_translateY_speed&quot;:{&quot;unit&quot;:&quot;px&quot;,&quot;size&quot;:2,&quot;sizes&quot;:[]},&quot;motion_fx_translateY_affectedRange&quot;:{&quot;unit&quot;:&quot;%&quot;,&quot;size&quot;:&quot;&quot;,&quot;sizes&quot;:{&quot;start&quot;:25,&quot;end&quot;:100}},&quot;motion_fx_devices&quot;:[&quot;widescreen&quot;,&quot;desktop&quot;,&quot;laptop&quot;,&quot;tablet_extra&quot;]}\">\n\t\t<div class=\"elementor-element elementor-element-20d4756c e-con-full screenshot-border e-flex e-con e-child\" data-id=\"20d4756c\" data-element_type=\"container\" data-e-type=\"container\">\n\t\t\t\t<div class=\"elementor-element elementor-element-22b3310f elementor-widget elementor-widget-image\" data-id=\"22b3310f\" data-element_type=\"widget\" data-e-type=\"widget\" data-widget_type=\"image.default\">\n\t\t\t\t\t\t\t\t\t\t\t\t\t\t\t<img fetchpriority=\"high\" decoding=\"async\" width=\"720\" height=\"450\" src=\"https:\/\/riftgame.com\/wp-content\/uploads\/2024\/11\/rift-nightmare.jpg\" class=\"attachment-full size-full wp-image-788\" alt=\"\" srcset=\"https:\/\/riftgame.com\/wp-content\/uploads\/2024\/11\/rift-nightmare.jpg 720w, https:\/\/riftgame.com\/wp-content\/uploads\/2024\/11\/rift-nightmare-300x188.jpg 300w\" sizes=\"(max-width: 720px) 100vw, 720px\" \/>\t\t\t\t\t\t\t\t\t\t\t\t\t\t\t<\/div>\n\t\t\t\t<\/div>\n\t\t\t\t<div class=\"elementor-element elementor-element-21c1cf69 elementor-widget elementor-widget-heading\" data-id=\"21c1cf69\" data-element_type=\"widget\" data-e-type=\"widget\" data-widget_type=\"heading.default\">\n\t\t\t\t\t<h2 class=\"elementor-heading-title elementor-size-default\">Failles de Cauchemar<\/h2>\t\t\t\t<\/div>\n\t\t\t\t<div class=\"elementor-element elementor-element-4d5ad9c3 elementor-widget__width-initial elementor-widget elementor-widget-text-editor\" data-id=\"4d5ad9c3\" data-element_type=\"widget\" data-e-type=\"widget\" data-widget_type=\"text-editor.default\">\n\t\t\t\t\t\t\t\t\t<p>De Bois d\u2019Argent et Libremarche jusqu\u2019au Glacier de Tarken, les Failles de Cauchemar d\u00e9chirent Telara, en offrant des d\u00e9fis progressifs absolument sans fin en d\u00e9versant de nouvelles horreurs dans le monde de Telara.<\/p><p>Tant que vous continuerez \u00e0 terminer les phases chronom\u00e9tr\u00e9es des Failles, de nouvelles vagues (plus difficiles) d\u2019envahisseurs d\u00e9barqueront.<\/p><p>\u00c0 mesure que vous tailladerez, d\u00e9cimerez et ravagerez les vagues successives d\u2019horribles cauchemars, vous obtiendrez de nouveaux butins, accomplirez de nouveaux exploits, mettrez la main sur de nouveaux coffres, et acc\u00e8derez aux Failles des paliers sup\u00e9rieurs.<\/p>\t\t\t\t\t\t\t\t<\/div>\n\t\t\t\t<\/div>\n\t\t<div class=\"elementor-element elementor-element-3ae5cade e-con-full e-flex e-con e-child\" data-id=\"3ae5cade\" data-element_type=\"container\" data-e-type=\"container\" data-settings=\"{&quot;motion_fx_motion_fx_scrolling&quot;:&quot;yes&quot;,&quot;motion_fx_translateY_effect&quot;:&quot;yes&quot;,&quot;motion_fx_translateY_direction&quot;:&quot;negative&quot;,&quot;motion_fx_translateY_speed&quot;:{&quot;unit&quot;:&quot;px&quot;,&quot;size&quot;:2,&quot;sizes&quot;:[]},&quot;motion_fx_translateY_affectedRange&quot;:{&quot;unit&quot;:&quot;%&quot;,&quot;size&quot;:&quot;&quot;,&quot;sizes&quot;:{&quot;start&quot;:25,&quot;end&quot;:100}},&quot;motion_fx_devices&quot;:[&quot;widescreen&quot;,&quot;desktop&quot;,&quot;laptop&quot;,&quot;tablet_extra&quot;]}\">\n\t\t<div class=\"elementor-element elementor-element-7dee967c e-con-full screenshot-border e-flex e-con e-child\" data-id=\"7dee967c\" data-element_type=\"container\" data-e-type=\"container\">\n\t\t\t\t<div class=\"elementor-element elementor-element-253a9bca elementor-widget elementor-widget-image\" data-id=\"253a9bca\" data-element_type=\"widget\" data-e-type=\"widget\" data-widget_type=\"image.default\">\n\t\t\t\t\t\t\t\t\t\t\t\t\t\t\t<img decoding=\"async\" width=\"720\" height=\"450\" src=\"https:\/\/riftgame.com\/wp-content\/uploads\/2024\/11\/rift-crafting.jpg\" class=\"attachment-full size-full wp-image-784\" alt=\"\" srcset=\"https:\/\/riftgame.com\/wp-content\/uploads\/2024\/11\/rift-crafting.jpg 720w, https:\/\/riftgame.com\/wp-content\/uploads\/2024\/11\/rift-crafting-300x188.jpg 300w\" sizes=\"(max-width: 720px) 100vw, 720px\" \/>\t\t\t\t\t\t\t\t\t\t\t\t\t\t\t<\/div>\n\t\t\t\t<\/div>\n\t\t\t\t<div class=\"elementor-element elementor-element-520728 elementor-widget elementor-widget-heading\" data-id=\"520728\" data-element_type=\"widget\" data-e-type=\"widget\" data-widget_type=\"heading.default\">\n\t\t\t\t\t<h2 class=\"elementor-heading-title elementor-size-default\">Failles d\u2019artisanat<\/h2>\t\t\t\t<\/div>\n\t\t\t\t<div class=\"elementor-element elementor-element-18982e9a elementor-widget__width-initial elementor-widget elementor-widget-text-editor\" data-id=\"18982e9a\" data-element_type=\"widget\" data-e-type=\"widget\" data-widget_type=\"text-editor.default\">\n\t\t\t\t\t\t\t\t\t<p>Arr\u00eatez les envahisseurs issus des Failles d\u2019artisanat planaire, tout en progressant vers le Glacier de Tarken, pour acqu\u00e9rir des mat\u00e9riaux fort convoit\u00e9s issus de l\u2019espace qui s\u00e9pare les Plans.<\/p><p>Des recettes d\u2019objets pouvoir in\u00e9gal\u00e9 vous attendent en ces lieux o\u00f9 les confins tourbilonnants du Cosmos attirent des \u00e9nergies rares et puissantes en provenance des Plans \u00e9l\u00e9mentaires !<\/p>\t\t\t\t\t\t\t\t<\/div>\n\t\t\t\t<\/div>\n\t\t<div class=\"elementor-element elementor-element-2c479f8a e-con-full e-flex e-con e-child\" data-id=\"2c479f8a\" data-element_type=\"container\" data-e-type=\"container\" data-settings=\"{&quot;motion_fx_motion_fx_scrolling&quot;:&quot;yes&quot;,&quot;motion_fx_translateY_effect&quot;:&quot;yes&quot;,&quot;motion_fx_translateY_direction&quot;:&quot;negative&quot;,&quot;motion_fx_translateY_speed&quot;:{&quot;unit&quot;:&quot;px&quot;,&quot;size&quot;:2,&quot;sizes&quot;:[]},&quot;motion_fx_translateY_affectedRange&quot;:{&quot;unit&quot;:&quot;%&quot;,&quot;size&quot;:&quot;&quot;,&quot;sizes&quot;:{&quot;start&quot;:25,&quot;end&quot;:100}},&quot;motion_fx_devices&quot;:[&quot;widescreen&quot;,&quot;desktop&quot;,&quot;laptop&quot;,&quot;tablet_extra&quot;]}\">\n\t\t<div class=\"elementor-element elementor-element-43e47527 e-con-full screenshot-border e-flex e-con e-child\" data-id=\"43e47527\" data-element_type=\"container\" data-e-type=\"container\">\n\t\t\t\t<div class=\"elementor-element elementor-element-2b3ac255 elementor-widget elementor-widget-image\" data-id=\"2b3ac255\" data-element_type=\"widget\" data-e-type=\"widget\" data-widget_type=\"image.default\">\n\t\t\t\t\t\t\t\t\t\t\t\t\t\t\t<img decoding=\"async\" width=\"720\" height=\"450\" src=\"https:\/\/riftgame.com\/wp-content\/uploads\/2024\/11\/rift-expert-raid.jpg\" class=\"attachment-full size-full wp-image-786\" alt=\"\" srcset=\"https:\/\/riftgame.com\/wp-content\/uploads\/2024\/11\/rift-expert-raid.jpg 720w, https:\/\/riftgame.com\/wp-content\/uploads\/2024\/11\/rift-expert-raid-300x188.jpg 300w\" sizes=\"(max-width: 720px) 100vw, 720px\" \/>\t\t\t\t\t\t\t\t\t\t\t\t\t\t\t<\/div>\n\t\t\t\t<\/div>\n\t\t\t\t<div class=\"elementor-element elementor-element-2f412807 elementor-widget elementor-widget-heading\" data-id=\"2f412807\" data-element_type=\"widget\" data-e-type=\"widget\" data-widget_type=\"heading.default\">\n\t\t\t\t\t<h2 class=\"elementor-heading-title elementor-size-default\">Failles de raid et de mode expert<\/h2>\t\t\t\t<\/div>\n\t\t\t\t<div class=\"elementor-element elementor-element-cf22869 elementor-widget__width-initial elementor-widget elementor-widget-text-editor\" data-id=\"cf22869\" data-element_type=\"widget\" data-e-type=\"widget\" data-widget_type=\"text-editor.default\">\n\t\t\t\t\t\t\t\t\t<p>Les Failles de raid sont con\u00e7ues pour des groupes d\u2019au moins dix \u00c9lus bien \u00e9quip\u00e9s et pr\u00e9par\u00e9s pour combattre des vagues de monstres effrayants aussi agressifs qu\u2019injurieux.<\/p><p>Chaque Faille de raid est men\u00e9e par de redoutables envahisseurs qui conf\u00e8rent un coffre de tr\u00e9sors uniques \u00e0 qui mettra fin \u00e0 leur incursion.<\/p>\t\t\t\t\t\t\t\t<\/div>\n\t\t\t\t<\/div>\n\t\t\t\t<\/div>\n\t\t\t\t<\/div>\n\t\t\t\t<\/div>\n\t\t\t\t<\/div>\n\t\t","protected":false},"excerpt":{"rendered":"<p>Failles Les Failles, des d\u00e9chirures de la r\u00e9alit\u00e9, \u00e9clatent lorsque les Plans \u00e9l\u00e9mentaires de l\u2019existence entrent en collision avec Telara. Chacune d\u2019elles est un passage pour les envahisseurs, un portail crachant des arm\u00e9es d\u2019un autre monde pr\u00eates \u00e0 tout conqu\u00e9rir et d\u00e9truire. En t\u00eate de ces l\u00e9gions se trouvent les g\u00e9n\u00e9raux de la Temp\u00eate Sanglante, [&hellip;]<\/p>\n","protected":false},"author":3,"featured_media":0,"parent":1241,"menu_order":0,"comment_status":"closed","ping_status":"closed","template":"","meta":{"_acf_changed":false,"footnotes":""},"class_list":["post-1166","page","type-page","status-publish","hentry"],"acf":[],"_links":{"self":[{"href":"https:\/\/riftgame.com\/fr\/wp-json\/wp\/v2\/pages\/1166","targetHints":{"allow":["GET"]}}],"collection":[{"href":"https:\/\/riftgame.com\/fr\/wp-json\/wp\/v2\/pages"}],"about":[{"href":"https:\/\/riftgame.com\/fr\/wp-json\/wp\/v2\/types\/page"}],"author":[{"embeddable":true,"href":"https:\/\/riftgame.com\/fr\/wp-json\/wp\/v2\/users\/3"}],"replies":[{"embeddable":true,"href":"https:\/\/riftgame.com\/fr\/wp-json\/wp\/v2\/comments?post=1166"}],"version-history":[{"count":0,"href":"https:\/\/riftgame.com\/fr\/wp-json\/wp\/v2\/pages\/1166\/revisions"}],"up":[{"embeddable":true,"href":"https:\/\/riftgame.com\/fr\/wp-json\/wp\/v2\/pages\/1241"}],"wp:attachment":[{"href":"https:\/\/riftgame.com\/fr\/wp-json\/wp\/v2\/media?parent=1166"}],"curies":[{"name":"wp","href":"https:\/\/api.w.org\/{rel}","templated":true}]}}