{"id":1164,"date":"2024-11-15T13:13:44","date_gmt":"2024-11-15T13:13:44","guid":{"rendered":"https:\/\/riftgame.com\/de-retour-dans-rift\/"},"modified":"2025-07-03T11:03:32","modified_gmt":"2025-07-03T11:03:32","slug":"de-retour-dans-rift","status":"publish","type":"page","link":"https:\/\/riftgame.com\/fr\/jeu\/de-retour-dans-rift\/","title":{"rendered":"De retour dans RIFT"},"content":{"rendered":"\t\t<div data-elementor-type=\"wp-page\" data-elementor-id=\"1164\" class=\"elementor elementor-1164 elementor-159\" data-elementor-post-type=\"page\">\n\t\t\t\t<div class=\"elementor-element elementor-element-2b0e5654 e-con-full e-flex e-con e-parent\" data-id=\"2b0e5654\" data-element_type=\"container\" data-e-type=\"container\">\n\t\t<div class=\"elementor-element elementor-element-7d12a942 e-con-full max-container-width e-flex e-con e-child\" data-id=\"7d12a942\" data-element_type=\"container\" data-e-type=\"container\" id=\"features-header-section\">\n\t\t<div class=\"elementor-element elementor-element-48ae3d69 e-con-full e-flex e-con e-child\" data-id=\"48ae3d69\" data-element_type=\"container\" data-e-type=\"container\" id=\"features-mask-top\" data-settings=\"{&quot;background_background&quot;:&quot;classic&quot;}\">\n\t\t<div class=\"elementor-element elementor-element-531f4f75 e-con-full max-content-width e-flex e-con e-child\" data-id=\"531f4f75\" data-element_type=\"container\" data-e-type=\"container\">\n\t\t<div class=\"elementor-element elementor-element-4924922f e-con-full e-flex e-con e-child\" data-id=\"4924922f\" data-element_type=\"container\" data-e-type=\"container\">\n\t\t\t\t<div class=\"elementor-element elementor-element-49276738 animated-slow elementor-invisible elementor-widget elementor-widget-heading\" data-id=\"49276738\" data-element_type=\"widget\" data-e-type=\"widget\" data-settings=\"{&quot;_animation&quot;:&quot;fadeInRight&quot;}\" data-widget_type=\"heading.default\">\n\t\t\t\t\t<h1 class=\"elementor-heading-title elementor-size-default\">De retour dans RIFT<\/h1>\t\t\t\t<\/div>\n\t\t\t\t<div class=\"elementor-element elementor-element-77b99d0a animated-slow elementor-invisible elementor-widget elementor-widget-text-editor\" data-id=\"77b99d0a\" data-element_type=\"widget\" data-e-type=\"widget\" data-settings=\"{&quot;_animation&quot;:&quot;fadeInRight&quot;,&quot;_animation_delay&quot;:500}\" data-widget_type=\"text-editor.default\">\n\t\t\t\t\t\t\t\t\t<div class=\"g12\"><p id=\"breadcrumbs\"><strong>Vous \u00eates nombreux \u00e0 faire votre retour dans RIFT et nous avons remarqu\u00e9 que vous aviez beaucoup de questions sur ce qui a chang\u00e9 depuis vos derni\u00e8res parties. Lisez ce qui suit pour d\u00e9couvrir les nouvelles fonctionnalit\u00e9s les plus appr\u00e9ci\u00e9es des joueurs !   <\/strong><\/p><\/div>\t\t\t\t\t\t\t\t<\/div>\n\t\t\t\t<\/div>\n\t\t\t\t<\/div>\n\t\t\t\t<\/div>\n\t\t\t\t<\/div>\n\t\t<div class=\"elementor-element elementor-element-1b66ed15 e-con-full max-container-width e-flex e-con e-child\" data-id=\"1b66ed15\" data-element_type=\"container\" data-e-type=\"container\" id=\"features-lower-section\">\n\t\t<div class=\"elementor-element elementor-element-61e7c4dd e-con-full max-content-width e-flex e-con e-child\" data-id=\"61e7c4dd\" data-element_type=\"container\" data-e-type=\"container\">\n\t\t<div class=\"elementor-element elementor-element-619ee006 e-con-full e-flex e-con e-child\" data-id=\"619ee006\" data-element_type=\"container\" data-e-type=\"container\" data-settings=\"{&quot;motion_fx_motion_fx_scrolling&quot;:&quot;yes&quot;,&quot;motion_fx_translateY_effect&quot;:&quot;yes&quot;,&quot;motion_fx_translateY_direction&quot;:&quot;negative&quot;,&quot;motion_fx_translateY_speed&quot;:{&quot;unit&quot;:&quot;px&quot;,&quot;size&quot;:2,&quot;sizes&quot;:[]},&quot;motion_fx_translateY_affectedRange&quot;:{&quot;unit&quot;:&quot;%&quot;,&quot;size&quot;:&quot;&quot;,&quot;sizes&quot;:{&quot;start&quot;:25,&quot;end&quot;:100}},&quot;motion_fx_devices&quot;:[&quot;widescreen&quot;,&quot;desktop&quot;,&quot;laptop&quot;,&quot;tablet_extra&quot;]}\">\n\t\t<div class=\"elementor-element elementor-element-50ccee00 e-con-full screenshot-border e-flex e-con e-child\" data-id=\"50ccee00\" data-element_type=\"container\" data-e-type=\"container\">\n\t\t\t\t<div class=\"elementor-element elementor-element-2487557a elementor-widget elementor-widget-image\" data-id=\"2487557a\" data-element_type=\"widget\" data-e-type=\"widget\" data-widget_type=\"image.default\">\n\t\t\t\t\t\t\t\t\t\t\t\t\t\t\t<img fetchpriority=\"high\" decoding=\"async\" width=\"720\" height=\"450\" src=\"https:\/\/riftgame.com\/wp-content\/uploads\/2025\/03\/storm-legion_webP.webp\" class=\"attachment-full size-full wp-image-980\" alt=\"\" srcset=\"https:\/\/riftgame.com\/wp-content\/uploads\/2025\/03\/storm-legion_webP.webp 720w, https:\/\/riftgame.com\/wp-content\/uploads\/2025\/03\/storm-legion_webP-300x188.webp 300w\" sizes=\"(max-width: 720px) 100vw, 720px\" \/>\t\t\t\t\t\t\t\t\t\t\t\t\t\t\t<\/div>\n\t\t\t\t<\/div>\n\t\t\t\t<div class=\"elementor-element elementor-element-3d619c3d elementor-widget elementor-widget-heading\" data-id=\"3d619c3d\" data-element_type=\"widget\" data-e-type=\"widget\" data-widget_type=\"heading.default\">\n\t\t\t\t\t<h2 class=\"elementor-heading-title elementor-size-default\">Storm Legion<\/h2>\t\t\t\t<\/div>\n\t\t\t\t<div class=\"elementor-element elementor-element-7bdff669 elementor-widget__width-initial elementor-widget elementor-widget-text-editor\" data-id=\"7bdff669\" data-element_type=\"widget\" data-e-type=\"widget\" data-widget_type=\"text-editor.default\">\n\t\t\t\t\t\t\t\t\t<p>L\u2019extension Storm Legion a augment\u00e9 le niveau maximum des personnages jusqu\u2019\u00e0 60 et a apport\u00e9 de nouvelles options de personnalisation :<\/p><ul><li>Pack d\u2019\u00e2mes de la Temp\u00eate : initialement incluses lors de l\u2019achat de l\u2019extension Storm Legion, les \u00c2mes de la Temp\u00eate sont d\u00e9sormais disponibles dans la boutique RIFT pour enrichir votre panoplie de Vocations.<ul><li><strong>Foudroyeur (\u00c2me de Guerrier)<\/strong> : les Foudroyeurs sont de v\u00e9ritables cuirass\u00e9s qui attaquent en projetant des \u00e9clairs et des explosions d\u2019\u00e9nergie pour \u00e9liminer les adversaires \u00e0 distance. R\u00f4le : DPS. <\/li><li><strong>Strat\u00e9guerre (\u00c2me de Voleur)<\/strong> : extr\u00eamement ing\u00e9nieux, les Strat\u00e9guerres manient des canons technomagiques et utilisent des moteurs enchant\u00e9s pour venir en aide \u00e0 leurs alli\u00e9s. R\u00f4le : soutien. <\/li><li><strong>Profanateur (\u00c2me de Clerc)<\/strong> : les Profanateurs accablent leurs adversaires de fl\u00e9aux et de putr\u00e9faction pour absorber leur force vitale et se renforcer ou soutenir leurs alli\u00e9s. R\u00f4les : soutien\/gu\u00e9risseur. <\/li><li><strong>Faucheur (\u00c2me de Mage)<\/strong> : maniant des armes tranchantes invoqu\u00e9es et des d\u00e9fenses arcaniques, les Faucheurs annihilent leurs ennemis en combat rapproch\u00e9. R\u00f4le : DPS. <\/li><\/ul><\/li><li>Harmonisation planaire : continuez d\u2019accro\u00eetre votre puissance apr\u00e8s avoir atteint le niveau maximum ! Ces nouvelles options de progression alternative proposent encore plus de possibilit\u00e9s de personnalisation pour votre personnage. Appuyez sur N dans le jeu pour acc\u00e9der \u00e0 davantage d\u2019options.  <\/li><\/ul><p> <\/p><p><em>Achetez le pack Storm Soul dans la boutique du jeu dans la cat\u00e9gorie DLC.<\/em><\/p>\t\t\t\t\t\t\t\t<\/div>\n\t\t\t\t<\/div>\n\t\t<div class=\"elementor-element elementor-element-34bdcf39 e-con-full e-flex e-con e-child\" data-id=\"34bdcf39\" data-element_type=\"container\" data-e-type=\"container\" data-settings=\"{&quot;motion_fx_motion_fx_scrolling&quot;:&quot;yes&quot;,&quot;motion_fx_translateY_effect&quot;:&quot;yes&quot;,&quot;motion_fx_translateY_direction&quot;:&quot;negative&quot;,&quot;motion_fx_translateY_speed&quot;:{&quot;unit&quot;:&quot;px&quot;,&quot;size&quot;:2,&quot;sizes&quot;:[]},&quot;motion_fx_translateY_affectedRange&quot;:{&quot;unit&quot;:&quot;%&quot;,&quot;size&quot;:&quot;&quot;,&quot;sizes&quot;:{&quot;start&quot;:25,&quot;end&quot;:100}},&quot;motion_fx_devices&quot;:[&quot;widescreen&quot;,&quot;desktop&quot;,&quot;laptop&quot;,&quot;tablet_extra&quot;]}\">\n\t\t<div class=\"elementor-element elementor-element-63e45842 e-con-full screenshot-border e-flex e-con e-child\" data-id=\"63e45842\" data-element_type=\"container\" data-e-type=\"container\">\n\t\t\t\t<div class=\"elementor-element elementor-element-337f32f9 elementor-widget elementor-widget-image\" data-id=\"337f32f9\" data-element_type=\"widget\" data-e-type=\"widget\" data-widget_type=\"image.default\">\n\t\t\t\t\t\t\t\t\t\t\t\t\t\t\t<img decoding=\"async\" width=\"720\" height=\"450\" src=\"https:\/\/riftgame.com\/wp-content\/uploads\/2025\/03\/nightmare-tide2_webP.webp\" class=\"attachment-full size-full wp-image-982\" alt=\"\" srcset=\"https:\/\/riftgame.com\/wp-content\/uploads\/2025\/03\/nightmare-tide2_webP.webp 720w, https:\/\/riftgame.com\/wp-content\/uploads\/2025\/03\/nightmare-tide2_webP-300x188.webp 300w\" sizes=\"(max-width: 720px) 100vw, 720px\" \/>\t\t\t\t\t\t\t\t\t\t\t\t\t\t\t<\/div>\n\t\t\t\t<\/div>\n\t\t\t\t<div class=\"elementor-element elementor-element-2c402432 elementor-widget elementor-widget-heading\" data-id=\"2c402432\" data-element_type=\"widget\" data-e-type=\"widget\" data-widget_type=\"heading.default\">\n\t\t\t\t\t<h2 class=\"elementor-heading-title elementor-size-default\">Nightmare Tide<\/h2>\t\t\t\t<\/div>\n\t\t\t\t<div class=\"elementor-element elementor-element-842887 elementor-widget__width-initial elementor-widget elementor-widget-text-editor\" data-id=\"842887\" data-element_type=\"widget\" data-e-type=\"widget\" data-widget_type=\"text-editor.default\">\n\t\t\t\t\t\t\t\t\t<p>L\u2019extension Nightmare Tide a augment\u00e9 le niveau maximum des personnages jusqu\u2019\u00e0 65 et a apport\u00e9 de nouveaux moyens de d\u00e9velopper vos pouvoirs.<\/p><ul><li>Capacit\u00e9s de Ma\u00eetrise : personnalisez votre personnage avec des capacit\u00e9s uniques, disponibles entre les niveaux 61 et 65.<\/li><li>Pack d\u2019\u00e2mes oniriques : avec l\u2019arriv\u00e9e des \u00c2mes oniriques (disponibles dans la boutique RIFT), chaque Vocation peut jouer tous les r\u00f4les dans le monde de Telara.<ul><li><strong>Arbitre (\u00c2me de Mage)<\/strong> : un tank arcanique qui harc\u00e8le ses ennemis de temp\u00eates et repousse leurs attaques gr\u00e2ce \u00e0 ses boucliers de glace. R\u00f4le : tank. <\/li><li><strong>Lib\u00e9rateur (\u00c2me de Guerrier) <\/strong>: ma\u00eetrise les soins de raid en canalisant une magie r\u00e9paratrice \u00e0 l\u2019aide de champs magn\u00e9tiques. R\u00f4le : gu\u00e9risseur. <\/li><li><strong>M\u00e9decin (\u00c2me de Voleur)<\/strong> : un archer alchimique qui se sert de ses capacit\u00e9s \u00e0 distance pour soigner et prot\u00e9ger ses alli\u00e9s dans le besoin. R\u00f4le : gu\u00e9risseur. <\/li><li><strong>Oracle (\u00c2me de Clerc)<\/strong> : un lanceur de sorts polyvalent qui m\u00e8ne des groupes entiers \u00e0 la victoire gr\u00e2ce \u00e0 ses bonus, boucliers, soins, am\u00e9liorations et mal\u00e9dictions. R\u00f4le : soutien. <\/li><\/ul><\/li><\/ul><p> <\/p><p><em> Achetez le pack Storm Soul dans la boutique du jeu dans la cat\u00e9gorie DLC.<\/em><\/p>\t\t\t\t\t\t\t\t<\/div>\n\t\t\t\t<\/div>\n\t\t\t\t<\/div>\n\t\t\t\t<\/div>\n\t\t\t\t<\/div>\n\t\t\t\t<\/div>\n\t\t","protected":false},"excerpt":{"rendered":"<p>De retour dans RIFT Vous \u00eates nombreux \u00e0 faire votre retour dans RIFT et nous avons remarqu\u00e9 que vous aviez beaucoup de questions sur ce qui a chang\u00e9 depuis vos derni\u00e8res parties. Lisez ce qui suit pour d\u00e9couvrir les nouvelles fonctionnalit\u00e9s les plus appr\u00e9ci\u00e9es des joueurs ! Storm Legion L\u2019extension Storm Legion a augment\u00e9 le [&hellip;]<\/p>\n","protected":false},"author":3,"featured_media":0,"parent":1241,"menu_order":0,"comment_status":"closed","ping_status":"closed","template":"","meta":{"_acf_changed":false,"footnotes":""},"class_list":["post-1164","page","type-page","status-publish","hentry"],"acf":[],"_links":{"self":[{"href":"https:\/\/riftgame.com\/fr\/wp-json\/wp\/v2\/pages\/1164","targetHints":{"allow":["GET"]}}],"collection":[{"href":"https:\/\/riftgame.com\/fr\/wp-json\/wp\/v2\/pages"}],"about":[{"href":"https:\/\/riftgame.com\/fr\/wp-json\/wp\/v2\/types\/page"}],"author":[{"embeddable":true,"href":"https:\/\/riftgame.com\/fr\/wp-json\/wp\/v2\/users\/3"}],"replies":[{"embeddable":true,"href":"https:\/\/riftgame.com\/fr\/wp-json\/wp\/v2\/comments?post=1164"}],"version-history":[{"count":0,"href":"https:\/\/riftgame.com\/fr\/wp-json\/wp\/v2\/pages\/1164\/revisions"}],"up":[{"embeddable":true,"href":"https:\/\/riftgame.com\/fr\/wp-json\/wp\/v2\/pages\/1241"}],"wp:attachment":[{"href":"https:\/\/riftgame.com\/fr\/wp-json\/wp\/v2\/media?parent=1164"}],"curies":[{"name":"wp","href":"https:\/\/api.w.org\/{rel}","templated":true}]}}