{"id":1148,"date":"2024-11-15T13:18:15","date_gmt":"2024-11-15T13:18:15","guid":{"rendered":"https:\/\/riftgame.com\/mentorat\/"},"modified":"2025-07-03T11:08:16","modified_gmt":"2025-07-03T11:08:16","slug":"mentorat","status":"publish","type":"page","link":"https:\/\/riftgame.com\/fr\/jeu\/mentorat\/","title":{"rendered":"Mentorat"},"content":{"rendered":"\t\t<div data-elementor-type=\"wp-page\" data-elementor-id=\"1148\" class=\"elementor elementor-1148 elementor-168\" data-elementor-post-type=\"page\">\n\t\t\t\t<div class=\"elementor-element elementor-element-e1b0c e-con-full e-flex e-con e-parent\" data-id=\"e1b0c\" data-element_type=\"container\" data-e-type=\"container\">\n\t\t<div class=\"elementor-element elementor-element-4baf9ab2 e-con-full max-container-width e-flex e-con e-child\" data-id=\"4baf9ab2\" data-element_type=\"container\" data-e-type=\"container\" id=\"features-header-section\">\n\t\t<div class=\"elementor-element elementor-element-52c15b0 e-con-full e-flex e-con e-child\" data-id=\"52c15b0\" data-element_type=\"container\" data-e-type=\"container\" id=\"features-mask-top\" data-settings=\"{&quot;background_background&quot;:&quot;classic&quot;}\">\n\t\t<div class=\"elementor-element elementor-element-52517c3b e-con-full max-content-width e-flex e-con e-child\" data-id=\"52517c3b\" data-element_type=\"container\" data-e-type=\"container\">\n\t\t<div class=\"elementor-element elementor-element-1926fb95 e-con-full e-flex e-con e-child\" data-id=\"1926fb95\" data-element_type=\"container\" data-e-type=\"container\">\n\t\t\t\t<div class=\"elementor-element elementor-element-2164e669 animated-slow elementor-invisible elementor-widget elementor-widget-heading\" data-id=\"2164e669\" data-element_type=\"widget\" data-e-type=\"widget\" data-settings=\"{&quot;_animation&quot;:&quot;fadeInRight&quot;}\" data-widget_type=\"heading.default\">\n\t\t\t\t\t<h1 class=\"elementor-heading-title elementor-size-default\">Mentorat<\/h1>\t\t\t\t<\/div>\n\t\t\t\t<div class=\"elementor-element elementor-element-78028a1d animated-slow elementor-invisible elementor-widget elementor-widget-text-editor\" data-id=\"78028a1d\" data-element_type=\"widget\" data-e-type=\"widget\" data-settings=\"{&quot;_animation&quot;:&quot;fadeInRight&quot;,&quot;_animation_delay&quot;:500}\" data-widget_type=\"text-editor.default\">\n\t\t\t\t\t\t\t\t\t<p>Le syst\u00e8me de Mentorat de RIFT vous permet de r\u00e9duire votre niveau tout en gagnant de l\u2019exp\u00e9rience et des r\u00e9compenses comparables \u00e0 votre niveau naturel, ou de l\u2019augmenter \u00e0 hauteur de celui de vos amis plus avanc\u00e9s dans le jeu !<\/p><p>Que vous jouiez en solo ou avec des amis, vous pouvez continuer \u00e0 faire progresser votre personnage n\u2019importe o\u00f9.<\/p>\t\t\t\t\t\t\t\t<\/div>\n\t\t\t\t<\/div>\n\t\t\t\t<\/div>\n\t\t\t\t<\/div>\n\t\t\t\t<\/div>\n\t\t<div class=\"elementor-element elementor-element-4c7d4732 e-con-full max-container-width e-flex e-con e-child\" data-id=\"4c7d4732\" data-element_type=\"container\" data-e-type=\"container\" id=\"features-lower-section\">\n\t\t<div class=\"elementor-element elementor-element-6eb79892 e-con-full max-content-width e-flex e-con e-child\" data-id=\"6eb79892\" data-element_type=\"container\" data-e-type=\"container\">\n\t\t<div class=\"elementor-element elementor-element-343757a9 e-con-full e-flex e-con e-child\" data-id=\"343757a9\" data-element_type=\"container\" data-e-type=\"container\" data-settings=\"{&quot;motion_fx_motion_fx_scrolling&quot;:&quot;yes&quot;,&quot;motion_fx_translateY_effect&quot;:&quot;yes&quot;,&quot;motion_fx_translateY_direction&quot;:&quot;negative&quot;,&quot;motion_fx_translateY_speed&quot;:{&quot;unit&quot;:&quot;px&quot;,&quot;size&quot;:2,&quot;sizes&quot;:[]},&quot;motion_fx_translateY_affectedRange&quot;:{&quot;unit&quot;:&quot;%&quot;,&quot;size&quot;:&quot;&quot;,&quot;sizes&quot;:{&quot;start&quot;:25,&quot;end&quot;:100}},&quot;motion_fx_devices&quot;:[&quot;widescreen&quot;,&quot;desktop&quot;,&quot;laptop&quot;,&quot;tablet_extra&quot;]}\">\n\t\t<div class=\"elementor-element elementor-element-7bf271d3 e-con-full screenshot-border e-flex e-con e-child\" data-id=\"7bf271d3\" data-element_type=\"container\" data-e-type=\"container\">\n\t\t\t\t<div class=\"elementor-element elementor-element-32b0f297 elementor-widget elementor-widget-image\" data-id=\"32b0f297\" data-element_type=\"widget\" data-e-type=\"widget\" data-widget_type=\"image.default\">\n\t\t\t\t\t\t\t\t\t\t\t\t\t\t\t<img fetchpriority=\"high\" decoding=\"async\" width=\"720\" height=\"450\" src=\"https:\/\/riftgame.com\/wp-content\/uploads\/2025\/01\/rift-mentoring.jpg\" class=\"attachment-full size-full wp-image-880\" alt=\"\" srcset=\"https:\/\/riftgame.com\/wp-content\/uploads\/2025\/01\/rift-mentoring.jpg 720w, https:\/\/riftgame.com\/wp-content\/uploads\/2025\/01\/rift-mentoring-300x188.jpg 300w\" sizes=\"(max-width: 720px) 100vw, 720px\" \/>\t\t\t\t\t\t\t\t\t\t\t\t\t\t\t<\/div>\n\t\t\t\t<\/div>\n\t\t\t\t<div class=\"elementor-element elementor-element-79829193 elementor-widget elementor-widget-heading\" data-id=\"79829193\" data-element_type=\"widget\" data-e-type=\"widget\" data-widget_type=\"heading.default\">\n\t\t\t\t\t<h2 class=\"elementor-heading-title elementor-size-default\">Comment le Mentorat fonctionne-t-il ?<\/h2>\t\t\t\t<\/div>\n\t\t\t\t<div class=\"elementor-element elementor-element-6b065b91 elementor-widget__width-initial elementor-widget elementor-widget-text-editor\" data-id=\"6b065b91\" data-element_type=\"widget\" data-e-type=\"widget\" data-widget_type=\"text-editor.default\">\n\t\t\t\t\t\t\t\t\t<p>Rien de plus simple que de venir en aide aux \u00c9lus de niveau plus faible ! Un simple clic sur votre portrait vous permet de saisir le niveau d\u00e9sir\u00e9. Vous pouvez aussi cliquer sur le portrait d\u2019un membre de groupe pour ajuster votre niveau sur le sien ! <\/p><p>i vous avez un faible pour les Aventures instantan\u00e9es, tout groupe auquel vous vous joindrez en tant que mentor vous fera redescendre automagiquement au niveau appropri\u00e9 si n\u00e9cessaire !<\/p>\t\t\t\t\t\t\t\t<\/div>\n\t\t\t\t<\/div>\n\t\t<div class=\"elementor-element elementor-element-6c2d7a28 e-con-full e-flex e-con e-child\" data-id=\"6c2d7a28\" data-element_type=\"container\" data-e-type=\"container\" data-settings=\"{&quot;motion_fx_motion_fx_scrolling&quot;:&quot;yes&quot;,&quot;motion_fx_translateY_effect&quot;:&quot;yes&quot;,&quot;motion_fx_translateY_direction&quot;:&quot;negative&quot;,&quot;motion_fx_translateY_speed&quot;:{&quot;unit&quot;:&quot;px&quot;,&quot;size&quot;:2,&quot;sizes&quot;:[]},&quot;motion_fx_translateY_affectedRange&quot;:{&quot;unit&quot;:&quot;%&quot;,&quot;size&quot;:&quot;&quot;,&quot;sizes&quot;:{&quot;start&quot;:25,&quot;end&quot;:100}},&quot;motion_fx_devices&quot;:[&quot;widescreen&quot;,&quot;desktop&quot;,&quot;laptop&quot;,&quot;tablet_extra&quot;]}\">\n\t\t<div class=\"elementor-element elementor-element-30afc295 e-con-full screenshot-border e-flex e-con e-child\" data-id=\"30afc295\" data-element_type=\"container\" data-e-type=\"container\">\n\t\t\t\t<div class=\"elementor-element elementor-element-394e592 elementor-widget elementor-widget-image\" data-id=\"394e592\" data-element_type=\"widget\" data-e-type=\"widget\" data-widget_type=\"image.default\">\n\t\t\t\t\t\t\t\t\t\t\t\t\t\t\t<img decoding=\"async\" width=\"720\" height=\"450\" src=\"https:\/\/riftgame.com\/wp-content\/uploads\/2025\/01\/rift-xp-and-rewards.jpg\" class=\"attachment-full size-full wp-image-882\" alt=\"\" srcset=\"https:\/\/riftgame.com\/wp-content\/uploads\/2025\/01\/rift-xp-and-rewards.jpg 720w, https:\/\/riftgame.com\/wp-content\/uploads\/2025\/01\/rift-xp-and-rewards-300x188.jpg 300w\" sizes=\"(max-width: 720px) 100vw, 720px\" \/>\t\t\t\t\t\t\t\t\t\t\t\t\t\t\t<\/div>\n\t\t\t\t<\/div>\n\t\t\t\t<div class=\"elementor-element elementor-element-614d84b7 elementor-widget elementor-widget-heading\" data-id=\"614d84b7\" data-element_type=\"widget\" data-e-type=\"widget\" data-widget_type=\"heading.default\">\n\t\t\t\t\t<h2 class=\"elementor-heading-title elementor-size-default\">Obtenez de l\u2019EXP et des r\u00e9compenses en tant que Mentor<\/h2>\t\t\t\t<\/div>\n\t\t\t\t<div class=\"elementor-element elementor-element-2989eed8 elementor-widget__width-initial elementor-widget elementor-widget-text-editor\" data-id=\"2989eed8\" data-element_type=\"widget\" data-e-type=\"widget\" data-widget_type=\"text-editor.default\">\n\t\t\t\t\t\t\t\t\t<p>Outre la d\u00e9couverte d\u2019un contenu que vous avez peut-\u00eatre manqu\u00e9 alors que vous grimpiez vos niveaux, vous obtiendrez des r\u00e9compenses et de l\u2019exp\u00e9rience que votre personnage peut utiliser \u00e0 son niveau maximum !<\/p><ul><li>Les qu\u00eates, le contenu des Failles et les monstres vous procurent une exp\u00e9rience comparable (mais l\u00e9g\u00e8rement inf\u00e9rieure) \u00e0 ce que vous auriez obtenu \u00e0 votre niveau naturel. Ce qui signifie que, lorsque vous \u00eates un mentor, vous continuez de progresser dans vos niveaux ou votre Harmonisation planaire ! <\/li><li>Vous obtenez une quantit\u00e9 comparable de pierre de source en r\u00e9compense pour les \u00e9v\u00e9nements de zone et les Failles.<\/li><li>Le Mentorat procure un bonus d\u2019exp\u00e9rience \u00e0 votre groupe entier lorsque vous aidez des joueurs de niveau inf\u00e9rieur !<br><br><\/li><\/ul>\t\t\t\t\t\t\t\t<\/div>\n\t\t\t\t<\/div>\n\t\t\t\t<\/div>\n\t\t\t\t<\/div>\n\t\t\t\t<\/div>\n\t\t\t\t<\/div>\n\t\t","protected":false},"excerpt":{"rendered":"<p>Mentorat Le syst\u00e8me de Mentorat de RIFT vous permet de r\u00e9duire votre niveau tout en gagnant de l\u2019exp\u00e9rience et des r\u00e9compenses comparables \u00e0 votre niveau naturel, ou de l\u2019augmenter \u00e0 hauteur de celui de vos amis plus avanc\u00e9s dans le jeu ! Que vous jouiez en solo ou avec des amis, vous pouvez continuer \u00e0 [&hellip;]<\/p>\n","protected":false},"author":3,"featured_media":0,"parent":1241,"menu_order":0,"comment_status":"closed","ping_status":"closed","template":"","meta":{"_acf_changed":false,"footnotes":""},"class_list":["post-1148","page","type-page","status-publish","hentry"],"acf":[],"_links":{"self":[{"href":"https:\/\/riftgame.com\/fr\/wp-json\/wp\/v2\/pages\/1148","targetHints":{"allow":["GET"]}}],"collection":[{"href":"https:\/\/riftgame.com\/fr\/wp-json\/wp\/v2\/pages"}],"about":[{"href":"https:\/\/riftgame.com\/fr\/wp-json\/wp\/v2\/types\/page"}],"author":[{"embeddable":true,"href":"https:\/\/riftgame.com\/fr\/wp-json\/wp\/v2\/users\/3"}],"replies":[{"embeddable":true,"href":"https:\/\/riftgame.com\/fr\/wp-json\/wp\/v2\/comments?post=1148"}],"version-history":[{"count":0,"href":"https:\/\/riftgame.com\/fr\/wp-json\/wp\/v2\/pages\/1148\/revisions"}],"up":[{"embeddable":true,"href":"https:\/\/riftgame.com\/fr\/wp-json\/wp\/v2\/pages\/1241"}],"wp:attachment":[{"href":"https:\/\/riftgame.com\/fr\/wp-json\/wp\/v2\/media?parent=1148"}],"curies":[{"name":"wp","href":"https:\/\/api.w.org\/{rel}","templated":true}]}}