{"id":1143,"date":"2024-11-15T13:17:39","date_gmt":"2024-11-15T13:17:39","guid":{"rendered":"https:\/\/riftgame.com\/batailles-dynamiques\/"},"modified":"2025-07-03T11:03:12","modified_gmt":"2025-07-03T11:03:12","slug":"batailles-dynamiques","status":"publish","type":"page","link":"https:\/\/riftgame.com\/fr\/jeu\/batailles-dynamiques\/","title":{"rendered":"Batailles dynamiques"},"content":{"rendered":"\t\t<div data-elementor-type=\"wp-page\" data-elementor-id=\"1143\" class=\"elementor elementor-1143 elementor-166\" data-elementor-post-type=\"page\">\n\t\t\t\t<div class=\"elementor-element elementor-element-5930a915 e-con-full e-flex e-con e-parent\" data-id=\"5930a915\" data-element_type=\"container\" data-e-type=\"container\">\n\t\t<div class=\"elementor-element elementor-element-2f5d849a e-con-full max-container-width e-flex e-con e-child\" data-id=\"2f5d849a\" data-element_type=\"container\" data-e-type=\"container\" id=\"features-header-section\">\n\t\t<div class=\"elementor-element elementor-element-476a9955 e-con-full e-flex e-con e-child\" data-id=\"476a9955\" data-element_type=\"container\" data-e-type=\"container\" id=\"features-mask-top\" data-settings=\"{&quot;background_background&quot;:&quot;classic&quot;}\">\n\t\t<div class=\"elementor-element elementor-element-75c60083 e-con-full max-content-width e-flex e-con e-child\" data-id=\"75c60083\" data-element_type=\"container\" data-e-type=\"container\">\n\t\t<div class=\"elementor-element elementor-element-45e60a58 e-con-full e-flex e-con e-child\" data-id=\"45e60a58\" data-element_type=\"container\" data-e-type=\"container\">\n\t\t\t\t<div class=\"elementor-element elementor-element-7508ee66 animated-slow elementor-invisible elementor-widget elementor-widget-heading\" data-id=\"7508ee66\" data-element_type=\"widget\" data-e-type=\"widget\" data-settings=\"{&quot;_animation&quot;:&quot;fadeInRight&quot;}\" data-widget_type=\"heading.default\">\n\t\t\t\t\t<h1 class=\"elementor-heading-title elementor-size-default\">Batailles dyNamiques<\/h1>\t\t\t\t<\/div>\n\t\t\t\t<div class=\"elementor-element elementor-element-4c3af318 animated-slow elementor-invisible elementor-widget elementor-widget-text-editor\" data-id=\"4c3af318\" data-element_type=\"widget\" data-e-type=\"widget\" data-settings=\"{&quot;_animation&quot;:&quot;fadeInRight&quot;,&quot;_animation_delay&quot;:500}\" data-widget_type=\"text-editor.default\">\n\t\t\t\t\t\t\t\t\t<p>Explorez le monde de RIFT et gagnez votre EXP de la mani\u00e8re qui vous convient le mieux. Il existe de nombreuses fa\u00e7ons de prouver votre valeur et d&rsquo;obtenir des r\u00e9compenses impressionnantes.  <\/p><p>Combattez aux c\u00f4t\u00e9s des l\u00e9gendes et n&rsquo;en devenez qu&rsquo;une vous-m\u00eame !<\/p>\t\t\t\t\t\t\t\t<\/div>\n\t\t\t\t<\/div>\n\t\t\t\t<\/div>\n\t\t\t\t<\/div>\n\t\t\t\t<\/div>\n\t\t<div class=\"elementor-element elementor-element-1df50861 e-con-full max-container-width e-flex e-con e-child\" data-id=\"1df50861\" data-element_type=\"container\" data-e-type=\"container\" id=\"features-lower-section\">\n\t\t<div class=\"elementor-element elementor-element-469432ad e-con-full max-content-width e-flex e-con e-child\" data-id=\"469432ad\" data-element_type=\"container\" data-e-type=\"container\">\n\t\t<div class=\"elementor-element elementor-element-1b6195cf e-con-full e-flex e-con e-child\" data-id=\"1b6195cf\" data-element_type=\"container\" data-e-type=\"container\" data-settings=\"{&quot;motion_fx_motion_fx_scrolling&quot;:&quot;yes&quot;,&quot;motion_fx_translateY_effect&quot;:&quot;yes&quot;,&quot;motion_fx_translateY_direction&quot;:&quot;negative&quot;,&quot;motion_fx_translateY_speed&quot;:{&quot;unit&quot;:&quot;px&quot;,&quot;size&quot;:2,&quot;sizes&quot;:[]},&quot;motion_fx_translateY_affectedRange&quot;:{&quot;unit&quot;:&quot;%&quot;,&quot;size&quot;:&quot;&quot;,&quot;sizes&quot;:{&quot;start&quot;:25,&quot;end&quot;:100}},&quot;motion_fx_devices&quot;:[&quot;widescreen&quot;,&quot;desktop&quot;,&quot;laptop&quot;,&quot;tablet_extra&quot;]}\">\n\t\t<div class=\"elementor-element elementor-element-643d7e90 e-con-full screenshot-border e-flex e-con e-child\" data-id=\"643d7e90\" data-element_type=\"container\" data-e-type=\"container\">\n\t\t\t\t<div class=\"elementor-element elementor-element-36a166de elementor-widget elementor-widget-image\" data-id=\"36a166de\" data-element_type=\"widget\" data-e-type=\"widget\" data-widget_type=\"image.default\">\n\t\t\t\t\t\t\t\t\t\t\t\t\t\t\t<img fetchpriority=\"high\" decoding=\"async\" width=\"720\" height=\"450\" src=\"https:\/\/riftgame.com\/wp-content\/uploads\/2025\/01\/rift-instant-adventures.jpg\" class=\"attachment-full size-full wp-image-872\" alt=\"\" srcset=\"https:\/\/riftgame.com\/wp-content\/uploads\/2025\/01\/rift-instant-adventures.jpg 720w, https:\/\/riftgame.com\/wp-content\/uploads\/2025\/01\/rift-instant-adventures-300x188.jpg 300w\" sizes=\"(max-width: 720px) 100vw, 720px\" \/>\t\t\t\t\t\t\t\t\t\t\t\t\t\t\t<\/div>\n\t\t\t\t<\/div>\n\t\t\t\t<div class=\"elementor-element elementor-element-20f65d77 elementor-widget elementor-widget-heading\" data-id=\"20f65d77\" data-element_type=\"widget\" data-e-type=\"widget\" data-widget_type=\"heading.default\">\n\t\t\t\t\t<h2 class=\"elementor-heading-title elementor-size-default\">Aventures instantan\u00e9es<\/h2>\t\t\t\t<\/div>\n\t\t\t\t<div class=\"elementor-element elementor-element-560c4863 elementor-widget__width-initial elementor-widget elementor-widget-text-editor\" data-id=\"560c4863\" data-element_type=\"widget\" data-e-type=\"widget\" data-widget_type=\"text-editor.default\">\n\t\t\t\t\t\t\t\t\t<p>Les Aventures instantan\u00e9es proposent de l\u2019action prenante et du butin infini \u00e0 port\u00e9e d\u2019un clic. Que vous montiez les niveaux dans Libremarche ou soyez un(e) joueur(se) aguerri(e), entrez dans les Aventures instantan\u00e9es et vous serez directement emmen\u00e9(e) l\u00e0 o\u00f9 Telara a le plus besoin de vous. <\/p><p>Avec leurs ennemis et objectifs qui s\u2019\u00e9chelonnent selon le nombre de participants, vous aurez toujours un d\u00e9fi \u00e0 relever ! Venez \u00e0 bout de combats en monde ouvert, en donjon, ou m\u00eame en raid au fil de qu\u00eates crois\u00e9es qui vous transportent d\u2019une aventure \u00e0 une autre ! <\/p>\t\t\t\t\t\t\t\t<\/div>\n\t\t\t\t<\/div>\n\t\t<div class=\"elementor-element elementor-element-3ee9d6f1 e-con-full e-flex e-con e-child\" data-id=\"3ee9d6f1\" data-element_type=\"container\" data-e-type=\"container\" data-settings=\"{&quot;motion_fx_motion_fx_scrolling&quot;:&quot;yes&quot;,&quot;motion_fx_translateY_effect&quot;:&quot;yes&quot;,&quot;motion_fx_translateY_direction&quot;:&quot;negative&quot;,&quot;motion_fx_translateY_speed&quot;:{&quot;unit&quot;:&quot;px&quot;,&quot;size&quot;:2,&quot;sizes&quot;:[]},&quot;motion_fx_translateY_affectedRange&quot;:{&quot;unit&quot;:&quot;%&quot;,&quot;size&quot;:&quot;&quot;,&quot;sizes&quot;:{&quot;start&quot;:25,&quot;end&quot;:100}},&quot;motion_fx_devices&quot;:[&quot;widescreen&quot;,&quot;desktop&quot;,&quot;laptop&quot;,&quot;tablet_extra&quot;]}\">\n\t\t<div class=\"elementor-element elementor-element-1562621c e-con-full screenshot-border e-flex e-con e-child\" data-id=\"1562621c\" data-element_type=\"container\" data-e-type=\"container\">\n\t\t\t\t<div class=\"elementor-element elementor-element-2687987 elementor-widget elementor-widget-image\" data-id=\"2687987\" data-element_type=\"widget\" data-e-type=\"widget\" data-widget_type=\"image.default\">\n\t\t\t\t\t\t\t\t\t\t\t\t\t\t\t<img decoding=\"async\" width=\"720\" height=\"450\" src=\"https:\/\/riftgame.com\/wp-content\/uploads\/2025\/01\/rift-invasions.jpg\" class=\"attachment-full size-full wp-image-874\" alt=\"\" srcset=\"https:\/\/riftgame.com\/wp-content\/uploads\/2025\/01\/rift-invasions.jpg 720w, https:\/\/riftgame.com\/wp-content\/uploads\/2025\/01\/rift-invasions-300x188.jpg 300w\" sizes=\"(max-width: 720px) 100vw, 720px\" \/>\t\t\t\t\t\t\t\t\t\t\t\t\t\t\t<\/div>\n\t\t\t\t<\/div>\n\t\t\t\t<div class=\"elementor-element elementor-element-3b87b90e elementor-widget elementor-widget-heading\" data-id=\"3b87b90e\" data-element_type=\"widget\" data-e-type=\"widget\" data-widget_type=\"heading.default\">\n\t\t\t\t\t<h2 class=\"elementor-heading-title elementor-size-default\">\u00c9v\u00e9nements de zone et invasions<\/h2>\t\t\t\t<\/div>\n\t\t\t\t<div class=\"elementor-element elementor-element-49a53e38 elementor-widget__width-initial elementor-widget elementor-widget-text-editor\" data-id=\"49a53e38\" data-element_type=\"widget\" data-e-type=\"widget\" data-widget_type=\"text-editor.default\">\n\t\t\t\t\t\t\t\t\t<p>Les \u00e9v\u00e9nements de zone en monde ouvert peuvent prendre la forme d\u2019invasions \u00e9l\u00e9mentaires, mais aussi de c\u00e9l\u00e9brations qui font de Telara un monde qui rime sans cesse avec dangers et opportunit\u00e9s.<\/p><p>Avec les invasions de zone qui d\u00e9chirent les cieux et transforment l\u2019environnement, vous n\u2019\u00eates pas pr\u00eats de trouver le temps long dans RIFT.<br><br>(M\u00eame si vous, et vos pr\u00e9cieux bastions et donneurs de qu\u00eate, pourraient en souffrir si les colosses planaires sont laiss\u00e9s libres de faire ce qu\u2019ils veulent !) <\/p>\t\t\t\t\t\t\t\t<\/div>\n\t\t\t\t<\/div>\n\t\t<div class=\"elementor-element elementor-element-15485422 e-con-full e-flex e-con e-child\" data-id=\"15485422\" data-element_type=\"container\" data-e-type=\"container\" data-settings=\"{&quot;motion_fx_motion_fx_scrolling&quot;:&quot;yes&quot;,&quot;motion_fx_translateY_effect&quot;:&quot;yes&quot;,&quot;motion_fx_translateY_direction&quot;:&quot;negative&quot;,&quot;motion_fx_translateY_speed&quot;:{&quot;unit&quot;:&quot;px&quot;,&quot;size&quot;:2,&quot;sizes&quot;:[]},&quot;motion_fx_translateY_affectedRange&quot;:{&quot;unit&quot;:&quot;%&quot;,&quot;size&quot;:&quot;&quot;,&quot;sizes&quot;:{&quot;start&quot;:25,&quot;end&quot;:100}},&quot;motion_fx_devices&quot;:[&quot;widescreen&quot;,&quot;desktop&quot;,&quot;laptop&quot;,&quot;tablet_extra&quot;]}\">\n\t\t<div class=\"elementor-element elementor-element-74f1a419 e-con-full screenshot-border e-flex e-con e-child\" data-id=\"74f1a419\" data-element_type=\"container\" data-e-type=\"container\">\n\t\t\t\t<div class=\"elementor-element elementor-element-1a6cc33b elementor-widget elementor-widget-image\" data-id=\"1a6cc33b\" data-element_type=\"widget\" data-e-type=\"widget\" data-widget_type=\"image.default\">\n\t\t\t\t\t\t\t\t\t\t\t\t\t\t\t<img decoding=\"async\" width=\"720\" height=\"450\" src=\"https:\/\/riftgame.com\/wp-content\/uploads\/2025\/01\/rift-strongholds.jpg\" class=\"attachment-full size-full wp-image-878\" alt=\"\" srcset=\"https:\/\/riftgame.com\/wp-content\/uploads\/2025\/01\/rift-strongholds.jpg 720w, https:\/\/riftgame.com\/wp-content\/uploads\/2025\/01\/rift-strongholds-300x188.jpg 300w\" sizes=\"(max-width: 720px) 100vw, 720px\" \/>\t\t\t\t\t\t\t\t\t\t\t\t\t\t\t<\/div>\n\t\t\t\t<\/div>\n\t\t\t\t<div class=\"elementor-element elementor-element-4f05a1b9 elementor-widget elementor-widget-heading\" data-id=\"4f05a1b9\" data-element_type=\"widget\" data-e-type=\"widget\" data-widget_type=\"heading.default\">\n\t\t\t\t\t<h2 class=\"elementor-heading-title elementor-size-default\">Bastions<\/h2>\t\t\t\t<\/div>\n\t\t\t\t<div class=\"elementor-element elementor-element-581e5c49 elementor-widget__width-initial elementor-widget elementor-widget-text-editor\" data-id=\"581e5c49\" data-element_type=\"widget\" data-e-type=\"widget\" data-widget_type=\"text-editor.default\">\n\t\t\t\t\t\t\t\t\t<p>La guerre planaire passe au niveau sup\u00e9rieur : capturez des bastions et d\u00e9fendez-les contre des hordes d\u2019envahisseurs de la Temp\u00eate Sanglante, puis d\u00e9veloppez-les pour vous mesurer de 10 \u00e0 70 joueurs (et m\u00eame plus) !<\/p><p>Am\u00e9liorez vos bastions \u00e0 l\u2019aide de fortifications \u00e0 plusieurs paliers, et bondissez de plateforme en plateforme pour vaincre vos ennemis et obtenir des r\u00e9compenses.<\/p>\t\t\t\t\t\t\t\t<\/div>\n\t\t\t\t<\/div>\n\t\t<div class=\"elementor-element elementor-element-48181e3 e-con-full e-flex e-con e-child\" data-id=\"48181e3\" data-element_type=\"container\" data-e-type=\"container\" data-settings=\"{&quot;motion_fx_motion_fx_scrolling&quot;:&quot;yes&quot;,&quot;motion_fx_translateY_effect&quot;:&quot;yes&quot;,&quot;motion_fx_translateY_direction&quot;:&quot;negative&quot;,&quot;motion_fx_translateY_speed&quot;:{&quot;unit&quot;:&quot;px&quot;,&quot;size&quot;:2,&quot;sizes&quot;:[]},&quot;motion_fx_translateY_affectedRange&quot;:{&quot;unit&quot;:&quot;%&quot;,&quot;size&quot;:&quot;&quot;,&quot;sizes&quot;:{&quot;start&quot;:25,&quot;end&quot;:100}},&quot;motion_fx_devices&quot;:[&quot;widescreen&quot;,&quot;desktop&quot;,&quot;laptop&quot;,&quot;tablet_extra&quot;]}\">\n\t\t<div class=\"elementor-element elementor-element-56eedb1 e-con-full screenshot-border e-flex e-con e-child\" data-id=\"56eedb1\" data-element_type=\"container\" data-e-type=\"container\">\n\t\t\t\t<div class=\"elementor-element elementor-element-c9d313a elementor-widget elementor-widget-image\" data-id=\"c9d313a\" data-element_type=\"widget\" data-e-type=\"widget\" data-widget_type=\"image.default\">\n\t\t\t\t\t\t\t\t\t\t\t\t\t\t\t<img loading=\"lazy\" decoding=\"async\" width=\"720\" height=\"450\" src=\"https:\/\/riftgame.com\/wp-content\/uploads\/2025\/01\/rift-onslaught.jpg\" class=\"attachment-full size-full wp-image-876\" alt=\"\" srcset=\"https:\/\/riftgame.com\/wp-content\/uploads\/2025\/01\/rift-onslaught.jpg 720w, https:\/\/riftgame.com\/wp-content\/uploads\/2025\/01\/rift-onslaught-300x188.jpg 300w\" sizes=\"(max-width: 720px) 100vw, 720px\" \/>\t\t\t\t\t\t\t\t\t\t\t\t\t\t\t<\/div>\n\t\t\t\t<\/div>\n\t\t\t\t<div class=\"elementor-element elementor-element-666c35f elementor-widget elementor-widget-heading\" data-id=\"666c35f\" data-element_type=\"widget\" data-e-type=\"widget\" data-widget_type=\"heading.default\">\n\t\t\t\t\t<h2 class=\"elementor-heading-title elementor-size-default\">Assauts<\/h2>\t\t\t\t<\/div>\n\t\t\t\t<div class=\"elementor-element elementor-element-e2577a9 elementor-widget__width-initial elementor-widget elementor-widget-text-editor\" data-id=\"e2577a9\" data-element_type=\"widget\" data-e-type=\"widget\" data-widget_type=\"text-editor.default\">\n\t\t\t\t\t\t\t\t\t<p>Des hordes d\u2019envahisseurs planaires essaient chaque jour de d\u00e9truire les Fontesources et les structures d\u00e9fensives diss\u00e9min\u00e9es aux quatre coins de Telara. Repoussez leurs arm\u00e9es en am\u00e9liorant les tours, en d\u00e9fendant les points de rupture essentiels, et en menant la charge contre les assaillants. <\/p>\t\t\t\t\t\t\t\t<\/div>\n\t\t\t\t<\/div>\n\t\t\t\t<\/div>\n\t\t\t\t<\/div>\n\t\t\t\t<\/div>\n\t\t\t\t<\/div>\n\t\t","protected":false},"excerpt":{"rendered":"<p>Batailles dyNamiques Explorez le monde de RIFT et gagnez votre EXP de la mani\u00e8re qui vous convient le mieux. Il existe de nombreuses fa\u00e7ons de prouver votre valeur et d&rsquo;obtenir des r\u00e9compenses impressionnantes. Combattez aux c\u00f4t\u00e9s des l\u00e9gendes et n&rsquo;en devenez qu&rsquo;une vous-m\u00eame ! Aventures instantan\u00e9es Les Aventures instantan\u00e9es proposent de l\u2019action prenante et du [&hellip;]<\/p>\n","protected":false},"author":3,"featured_media":0,"parent":1241,"menu_order":0,"comment_status":"closed","ping_status":"closed","template":"","meta":{"_acf_changed":false,"footnotes":""},"class_list":["post-1143","page","type-page","status-publish","hentry"],"acf":[],"_links":{"self":[{"href":"https:\/\/riftgame.com\/fr\/wp-json\/wp\/v2\/pages\/1143","targetHints":{"allow":["GET"]}}],"collection":[{"href":"https:\/\/riftgame.com\/fr\/wp-json\/wp\/v2\/pages"}],"about":[{"href":"https:\/\/riftgame.com\/fr\/wp-json\/wp\/v2\/types\/page"}],"author":[{"embeddable":true,"href":"https:\/\/riftgame.com\/fr\/wp-json\/wp\/v2\/users\/3"}],"replies":[{"embeddable":true,"href":"https:\/\/riftgame.com\/fr\/wp-json\/wp\/v2\/comments?post=1143"}],"version-history":[{"count":0,"href":"https:\/\/riftgame.com\/fr\/wp-json\/wp\/v2\/pages\/1143\/revisions"}],"up":[{"embeddable":true,"href":"https:\/\/riftgame.com\/fr\/wp-json\/wp\/v2\/pages\/1241"}],"wp:attachment":[{"href":"https:\/\/riftgame.com\/fr\/wp-json\/wp\/v2\/media?parent=1143"}],"curies":[{"name":"wp","href":"https:\/\/api.w.org\/{rel}","templated":true}]}}