{"id":1139,"date":"2024-11-11T10:39:31","date_gmt":"2024-11-11T10:39:31","guid":{"rendered":"https:\/\/riftgame.com\/dimensions\/"},"modified":"2025-07-03T11:03:47","modified_gmt":"2025-07-03T11:03:47","slug":"dimensions","status":"publish","type":"page","link":"https:\/\/riftgame.com\/fr\/jeu\/dimensions\/","title":{"rendered":"Dimensions"},"content":{"rendered":"\t\t<div data-elementor-type=\"wp-page\" data-elementor-id=\"1139\" class=\"elementor elementor-1139 elementor-122\" data-elementor-post-type=\"page\">\n\t\t\t\t<div class=\"elementor-element elementor-element-254af985 e-con-full e-flex e-con e-parent\" data-id=\"254af985\" data-element_type=\"container\" data-e-type=\"container\">\n\t\t<div class=\"elementor-element elementor-element-7e829974 e-con-full max-container-width e-flex e-con e-child\" data-id=\"7e829974\" data-element_type=\"container\" data-e-type=\"container\" id=\"features-header-section\">\n\t\t<div class=\"elementor-element elementor-element-15271efb e-con-full e-flex e-con e-child\" data-id=\"15271efb\" data-element_type=\"container\" data-e-type=\"container\" id=\"features-mask-top\" data-settings=\"{&quot;background_background&quot;:&quot;classic&quot;}\">\n\t\t<div class=\"elementor-element elementor-element-6042c36 e-con-full max-content-width e-flex e-con e-child\" data-id=\"6042c36\" data-element_type=\"container\" data-e-type=\"container\">\n\t\t<div class=\"elementor-element elementor-element-203f2663 e-con-full e-flex e-con e-child\" data-id=\"203f2663\" data-element_type=\"container\" data-e-type=\"container\">\n\t\t\t\t<div class=\"elementor-element elementor-element-481bad83 animated-slow elementor-invisible elementor-widget elementor-widget-heading\" data-id=\"481bad83\" data-element_type=\"widget\" data-e-type=\"widget\" data-settings=\"{&quot;_animation&quot;:&quot;fadeInRight&quot;}\" data-widget_type=\"heading.default\">\n\t\t\t\t\t<h1 class=\"elementor-heading-title elementor-size-default\">Dimensions<\/h1>\t\t\t\t<\/div>\n\t\t\t\t<div class=\"elementor-element elementor-element-4dbab7d8 animated-slow elementor-invisible elementor-widget elementor-widget-text-editor\" data-id=\"4dbab7d8\" data-element_type=\"widget\" data-e-type=\"widget\" data-settings=\"{&quot;_animation&quot;:&quot;fadeInRight&quot;,&quot;_animation_delay&quot;:500}\" data-widget_type=\"text-editor.default\">\n\t\t\t\t\t\t\t\t\t<p>Les Dimensions sont des domaines de Telara dont les joueurs et les guildes sont propri\u00e9taires.<\/p><p>Totalement personnalisables gr\u00e2ce \u00e0 des objets et des blocs de construction trouv\u00e9s au fil de vos aventures ou achet\u00e9s aupr\u00e8s de marchands, les Dimensions vous offrent la libert\u00e9 et la possibilit\u00e9 de b\u00e2tir tout ce que vos r\u00eaves vous inspirent.<\/p>\t\t\t\t\t\t\t\t<\/div>\n\t\t\t\t<\/div>\n\t\t\t\t<\/div>\n\t\t\t\t<\/div>\n\t\t\t\t<\/div>\n\t\t<div class=\"elementor-element elementor-element-36909a20 e-con-full max-container-width e-flex e-con e-child\" data-id=\"36909a20\" data-element_type=\"container\" data-e-type=\"container\" id=\"features-lower-section\">\n\t\t<div class=\"elementor-element elementor-element-7ae47efd e-con-full max-content-width e-flex e-con e-child\" data-id=\"7ae47efd\" data-element_type=\"container\" data-e-type=\"container\">\n\t\t<div class=\"elementor-element elementor-element-335fa9ad e-con-full e-flex e-con e-child\" data-id=\"335fa9ad\" data-element_type=\"container\" data-e-type=\"container\" data-settings=\"{&quot;motion_fx_motion_fx_scrolling&quot;:&quot;yes&quot;,&quot;motion_fx_translateY_effect&quot;:&quot;yes&quot;,&quot;motion_fx_translateY_direction&quot;:&quot;negative&quot;,&quot;motion_fx_translateY_speed&quot;:{&quot;unit&quot;:&quot;px&quot;,&quot;size&quot;:2,&quot;sizes&quot;:[]},&quot;motion_fx_translateY_affectedRange&quot;:{&quot;unit&quot;:&quot;%&quot;,&quot;size&quot;:&quot;&quot;,&quot;sizes&quot;:{&quot;start&quot;:25,&quot;end&quot;:100}},&quot;motion_fx_devices&quot;:[&quot;widescreen&quot;,&quot;desktop&quot;,&quot;laptop&quot;,&quot;tablet_extra&quot;]}\">\n\t\t<div class=\"elementor-element elementor-element-da2ab56 e-con-full screenshot-border e-flex e-con e-child\" data-id=\"da2ab56\" data-element_type=\"container\" data-e-type=\"container\">\n\t\t\t\t<div class=\"elementor-element elementor-element-5e969e00 elementor-widget elementor-widget-image\" data-id=\"5e969e00\" data-element_type=\"widget\" data-e-type=\"widget\" data-widget_type=\"image.default\">\n\t\t\t\t\t\t\t\t\t\t\t\t\t\t\t<img fetchpriority=\"high\" decoding=\"async\" width=\"720\" height=\"450\" src=\"https:\/\/riftgame.com\/wp-content\/uploads\/2024\/11\/rift-dimensions.jpg\" class=\"attachment-full size-full wp-image-794\" alt=\"\" srcset=\"https:\/\/riftgame.com\/wp-content\/uploads\/2024\/11\/rift-dimensions.jpg 720w, https:\/\/riftgame.com\/wp-content\/uploads\/2024\/11\/rift-dimensions-300x188.jpg 300w\" sizes=\"(max-width: 720px) 100vw, 720px\" \/>\t\t\t\t\t\t\t\t\t\t\t\t\t\t\t<\/div>\n\t\t\t\t<\/div>\n\t\t\t\t<div class=\"elementor-element elementor-element-7096339f elementor-widget elementor-widget-heading\" data-id=\"7096339f\" data-element_type=\"widget\" data-e-type=\"widget\" data-widget_type=\"heading.default\">\n\t\t\t\t\t<h2 class=\"elementor-heading-title elementor-size-default\">Un domaine rien qu\u2019\u00e0 vous<\/h2>\t\t\t\t<\/div>\n\t\t\t\t<div class=\"elementor-element elementor-element-7fa9a73 elementor-widget__width-initial elementor-widget elementor-widget-text-editor\" data-id=\"7fa9a73\" data-element_type=\"widget\" data-e-type=\"widget\" data-widget_type=\"text-editor.default\">\n\t\t\t\t\t\t\t\t\t<p>Les ing\u00e9nieurs empyr\u00e9ens vendent les cl\u00e9s de Dimensions ouvrant la porte vers une foule de destinations \u00e0 couper le souffle diss\u00e9min\u00e9es aux quatre coins de Telara.<\/p><p>Chacun de ces endroits est telle la toile vierge d\u2019un tableau qui n\u2019attend que deux choses : que vous laissiez votre imagination parler et vous mettiez \u00e0 l\u2019ouvrage.<br><br>Transformerez-vous votre refuge en un merveilleux ch\u00e2teau, ou bien en un nid haut perch\u00e9 dont l\u2019acc\u00e8s requiert les plus folles acrobaties ?<\/p><p>Quels tr\u00e9sors exposerez-vous, et quelle forme donnerez-vous \u00e0 vos merveilles ?<\/p>\t\t\t\t\t\t\t\t<\/div>\n\t\t\t\t<\/div>\n\t\t<div class=\"elementor-element elementor-element-e2b9176 e-con-full e-flex e-con e-child\" data-id=\"e2b9176\" data-element_type=\"container\" data-e-type=\"container\" data-settings=\"{&quot;motion_fx_motion_fx_scrolling&quot;:&quot;yes&quot;,&quot;motion_fx_translateY_effect&quot;:&quot;yes&quot;,&quot;motion_fx_translateY_direction&quot;:&quot;negative&quot;,&quot;motion_fx_translateY_speed&quot;:{&quot;unit&quot;:&quot;px&quot;,&quot;size&quot;:2,&quot;sizes&quot;:[]},&quot;motion_fx_translateY_affectedRange&quot;:{&quot;unit&quot;:&quot;%&quot;,&quot;size&quot;:&quot;&quot;,&quot;sizes&quot;:{&quot;start&quot;:25,&quot;end&quot;:100}},&quot;motion_fx_devices&quot;:[&quot;widescreen&quot;,&quot;desktop&quot;,&quot;laptop&quot;,&quot;tablet_extra&quot;]}\">\n\t\t<div class=\"elementor-element elementor-element-7a80c99e e-con-full screenshot-border e-flex e-con e-child\" data-id=\"7a80c99e\" data-element_type=\"container\" data-e-type=\"container\">\n\t\t\t\t<div class=\"elementor-element elementor-element-20eca18c elementor-widget elementor-widget-image\" data-id=\"20eca18c\" data-element_type=\"widget\" data-e-type=\"widget\" data-widget_type=\"image.default\">\n\t\t\t\t\t\t\t\t\t\t\t\t\t\t\t<img decoding=\"async\" width=\"720\" height=\"450\" src=\"https:\/\/riftgame.com\/wp-content\/uploads\/2024\/11\/rift-building.jpg\" class=\"attachment-full size-full wp-image-790\" alt=\"\" srcset=\"https:\/\/riftgame.com\/wp-content\/uploads\/2024\/11\/rift-building.jpg 720w, https:\/\/riftgame.com\/wp-content\/uploads\/2024\/11\/rift-building-300x188.jpg 300w\" sizes=\"(max-width: 720px) 100vw, 720px\" \/>\t\t\t\t\t\t\t\t\t\t\t\t\t\t\t<\/div>\n\t\t\t\t<\/div>\n\t\t\t\t<div class=\"elementor-element elementor-element-484a0924 elementor-widget elementor-widget-heading\" data-id=\"484a0924\" data-element_type=\"widget\" data-e-type=\"widget\" data-widget_type=\"heading.default\">\n\t\t\t\t\t<h2 class=\"elementor-heading-title elementor-size-default\">Construisez et modelez<\/h2>\t\t\t\t<\/div>\n\t\t\t\t<div class=\"elementor-element elementor-element-66e71750 elementor-widget__width-initial elementor-widget elementor-widget-text-editor\" data-id=\"66e71750\" data-element_type=\"widget\" data-e-type=\"widget\" data-widget_type=\"text-editor.default\">\n\t\t\t\t\t\t\t\t\t<p>Des outils de personnalisation simples \u00e0 utiliser vous permettent de modifier la taille d\u2019une quantit\u00e9 impressionnante d\u2019objets dimensionnels pr\u00eats \u00e0 l\u2019emploi et \u00e9volutifs, de les associer \u00e0 d\u2019autres et de les manipuler \u00e0 votre guise. Vous voulez orner votre retraite \u00e9clatante de plantes et de fleurs ?   <\/p><p>Choisir un jeune arbre parmi votre inventaire, le faire glisser dans votre Dimension et le voir prendre vie dans celle-ci ? <\/p><p>Utilisez des outils d\u2019un emploi extr\u00eamement facile pour faire pivoter votre arbre, le mettre \u00e0 l\u2019\u00e9chelle souhait\u00e9e et le transformer, ou bien \u00e9changez-le contre de simples planches et de la pierre \u2013 des mati\u00e8res premi\u00e8res qui laisseront libre cours \u00e0 votre imagination !<\/p>\t\t\t\t\t\t\t\t<\/div>\n\t\t\t\t<\/div>\n\t\t<div class=\"elementor-element elementor-element-6c4f53fd e-con-full e-flex e-con e-child\" data-id=\"6c4f53fd\" data-element_type=\"container\" data-e-type=\"container\" data-settings=\"{&quot;motion_fx_motion_fx_scrolling&quot;:&quot;yes&quot;,&quot;motion_fx_translateY_effect&quot;:&quot;yes&quot;,&quot;motion_fx_translateY_direction&quot;:&quot;negative&quot;,&quot;motion_fx_translateY_speed&quot;:{&quot;unit&quot;:&quot;px&quot;,&quot;size&quot;:2,&quot;sizes&quot;:[]},&quot;motion_fx_translateY_affectedRange&quot;:{&quot;unit&quot;:&quot;%&quot;,&quot;size&quot;:&quot;&quot;,&quot;sizes&quot;:{&quot;start&quot;:25,&quot;end&quot;:100}},&quot;motion_fx_devices&quot;:[&quot;widescreen&quot;,&quot;desktop&quot;,&quot;laptop&quot;,&quot;tablet_extra&quot;]}\">\n\t\t<div class=\"elementor-element elementor-element-173e3802 e-con-full screenshot-border e-flex e-con e-child\" data-id=\"173e3802\" data-element_type=\"container\" data-e-type=\"container\">\n\t\t\t\t<div class=\"elementor-element elementor-element-56948ee5 elementor-widget elementor-widget-image\" data-id=\"56948ee5\" data-element_type=\"widget\" data-e-type=\"widget\" data-widget_type=\"image.default\">\n\t\t\t\t\t\t\t\t\t\t\t\t\t\t\t<img decoding=\"async\" width=\"720\" height=\"450\" src=\"https:\/\/riftgame.com\/wp-content\/uploads\/2024\/11\/rift-creations.jpg\" class=\"attachment-full size-full wp-image-792\" alt=\"\" srcset=\"https:\/\/riftgame.com\/wp-content\/uploads\/2024\/11\/rift-creations.jpg 720w, https:\/\/riftgame.com\/wp-content\/uploads\/2024\/11\/rift-creations-300x188.jpg 300w\" sizes=\"(max-width: 720px) 100vw, 720px\" \/>\t\t\t\t\t\t\t\t\t\t\t\t\t\t\t<\/div>\n\t\t\t\t<\/div>\n\t\t\t\t<div class=\"elementor-element elementor-element-43963dda elementor-widget elementor-widget-heading\" data-id=\"43963dda\" data-element_type=\"widget\" data-e-type=\"widget\" data-widget_type=\"heading.default\">\n\t\t\t\t\t<h2 class=\"elementor-heading-title elementor-size-default\">Partagez vos cr\u00e9ations<\/h2>\t\t\t\t<\/div>\n\t\t\t\t<div class=\"elementor-element elementor-element-71c8e8d6 elementor-widget__width-initial elementor-widget elementor-widget-text-editor\" data-id=\"71c8e8d6\" data-element_type=\"widget\" data-e-type=\"widget\" data-widget_type=\"text-editor.default\">\n\t\t\t\t\t\t\t\t\t<p><br>Invitez qui vous voulez dans vos Dimensions : amis, compagnons de guilde\u2026 le choix est v\u00f4tre ! Besoin d\u2019un coup de main pour terminer un temple \u00e9rig\u00e9 en l\u2019honneur de Santic ? <\/p><p>Donnez \u00e0 vos invit\u00e9s des privil\u00e8ges de construction et fa\u00e7onnez c\u00f4te \u00e0 c\u00f4te. \u00cates-vous pr\u00eat \u00e0 fi\u00e8rement exhiber votre donjon suspendu dans les airs ? Donnez le ton en ajoutant des \u00e9l\u00e9ments d\u2019ambiance uniques incluant, parmi d\u2019autres, des cieux insolites et de la musique.  <\/p><p>Recommandez les Dimensions que vous visitez sur n\u2019importe quel serveur, et regardez vos pr\u00e9f\u00e9r\u00e9es gravir les classements !<\/p>\t\t\t\t\t\t\t\t<\/div>\n\t\t\t\t<\/div>\n\t\t\t\t<\/div>\n\t\t\t\t<\/div>\n\t\t\t\t<\/div>\n\t\t\t\t<\/div>\n\t\t","protected":false},"excerpt":{"rendered":"<p>Dimensions Les Dimensions sont des domaines de Telara dont les joueurs et les guildes sont propri\u00e9taires. Totalement personnalisables gr\u00e2ce \u00e0 des objets et des blocs de construction trouv\u00e9s au fil de vos aventures ou achet\u00e9s aupr\u00e8s de marchands, les Dimensions vous offrent la libert\u00e9 et la possibilit\u00e9 de b\u00e2tir tout ce que vos r\u00eaves vous [&hellip;]<\/p>\n","protected":false},"author":3,"featured_media":0,"parent":1241,"menu_order":0,"comment_status":"closed","ping_status":"closed","template":"","meta":{"_acf_changed":false,"footnotes":""},"class_list":["post-1139","page","type-page","status-publish","hentry"],"acf":[],"_links":{"self":[{"href":"https:\/\/riftgame.com\/fr\/wp-json\/wp\/v2\/pages\/1139","targetHints":{"allow":["GET"]}}],"collection":[{"href":"https:\/\/riftgame.com\/fr\/wp-json\/wp\/v2\/pages"}],"about":[{"href":"https:\/\/riftgame.com\/fr\/wp-json\/wp\/v2\/types\/page"}],"author":[{"embeddable":true,"href":"https:\/\/riftgame.com\/fr\/wp-json\/wp\/v2\/users\/3"}],"replies":[{"embeddable":true,"href":"https:\/\/riftgame.com\/fr\/wp-json\/wp\/v2\/comments?post=1139"}],"version-history":[{"count":0,"href":"https:\/\/riftgame.com\/fr\/wp-json\/wp\/v2\/pages\/1139\/revisions"}],"up":[{"embeddable":true,"href":"https:\/\/riftgame.com\/fr\/wp-json\/wp\/v2\/pages\/1241"}],"wp:attachment":[{"href":"https:\/\/riftgame.com\/fr\/wp-json\/wp\/v2\/media?parent=1139"}],"curies":[{"name":"wp","href":"https:\/\/api.w.org\/{rel}","templated":true}]}}