{"id":1135,"date":"2024-11-15T13:15:49","date_gmt":"2024-11-15T13:15:49","guid":{"rendered":"https:\/\/riftgame.com\/systeme-de-classes-des-elus\/"},"modified":"2025-07-03T11:50:06","modified_gmt":"2025-07-03T11:50:06","slug":"systeme-de-classes-des-elus","status":"publish","type":"page","link":"https:\/\/riftgame.com\/fr\/jeu\/systeme-de-classes-des-elus\/","title":{"rendered":"Syst\u00e8me de classes des \u00c9lus"},"content":{"rendered":"\t\t<div data-elementor-type=\"wp-page\" data-elementor-id=\"1135\" class=\"elementor elementor-1135 elementor-162\" data-elementor-post-type=\"page\">\n\t\t\t\t<div class=\"elementor-element elementor-element-22d550fa e-con-full e-flex e-con e-parent\" data-id=\"22d550fa\" data-element_type=\"container\" data-e-type=\"container\">\n\t\t<div class=\"elementor-element elementor-element-3c96561b e-con-full max-container-width e-flex e-con e-child\" data-id=\"3c96561b\" data-element_type=\"container\" data-e-type=\"container\" id=\"features-header-section\">\n\t\t<div class=\"elementor-element elementor-element-1a6adc0 e-con-full e-flex e-con e-child\" data-id=\"1a6adc0\" data-element_type=\"container\" data-e-type=\"container\" id=\"features-mask-top\" data-settings=\"{&quot;background_background&quot;:&quot;classic&quot;}\">\n\t\t<div class=\"elementor-element elementor-element-bbd00da e-con-full max-content-width e-flex e-con e-child\" data-id=\"bbd00da\" data-element_type=\"container\" data-e-type=\"container\">\n\t\t<div class=\"elementor-element elementor-element-3e53e085 e-con-full e-flex e-con e-child\" data-id=\"3e53e085\" data-element_type=\"container\" data-e-type=\"container\">\n\t\t\t\t<div class=\"elementor-element elementor-element-1cb53652 animated-slow elementor-invisible elementor-widget elementor-widget-heading\" data-id=\"1cb53652\" data-element_type=\"widget\" data-e-type=\"widget\" data-settings=\"{&quot;_animation&quot;:&quot;fadeInRight&quot;}\" data-widget_type=\"heading.default\">\n\t\t\t\t\t<h1 class=\"elementor-heading-title elementor-size-default\">Syst\u00e8me de classes des \u00c9lus<\/h1>\t\t\t\t<\/div>\n\t\t\t\t<div class=\"elementor-element elementor-element-1313c659 animated-slow elementor-invisible elementor-widget elementor-widget-text-editor\" data-id=\"1313c659\" data-element_type=\"widget\" data-e-type=\"widget\" data-settings=\"{&quot;_animation&quot;:&quot;fadeInRight&quot;,&quot;_animation_delay&quot;:500}\" data-widget_type=\"text-editor.default\">\n\t\t\t\t\t\t\t\t\t<p>Trois \u00e2mes battent, h\u00e9las, dans ma poitrine !<\/p>\t\t\t\t\t\t\t\t<\/div>\n\t\t\t\t<\/div>\n\t\t\t\t<\/div>\n\t\t\t\t<\/div>\n\t\t\t\t<\/div>\n\t\t<div class=\"elementor-element elementor-element-1be0d678 e-con-full max-container-width e-flex e-con e-child\" data-id=\"1be0d678\" data-element_type=\"container\" data-e-type=\"container\" id=\"features-lower-section\">\n\t\t<div class=\"elementor-element elementor-element-44b42d0c e-con-full max-content-width e-flex e-con e-child\" data-id=\"44b42d0c\" data-element_type=\"container\" data-e-type=\"container\">\n\t\t<div class=\"elementor-element elementor-element-79d74fa e-con-full e-flex e-con e-child\" data-id=\"79d74fa\" data-element_type=\"container\" data-e-type=\"container\" data-settings=\"{&quot;motion_fx_motion_fx_scrolling&quot;:&quot;yes&quot;,&quot;motion_fx_translateY_effect&quot;:&quot;yes&quot;,&quot;motion_fx_translateY_direction&quot;:&quot;negative&quot;,&quot;motion_fx_translateY_speed&quot;:{&quot;unit&quot;:&quot;px&quot;,&quot;size&quot;:2,&quot;sizes&quot;:[]},&quot;motion_fx_translateY_affectedRange&quot;:{&quot;unit&quot;:&quot;%&quot;,&quot;size&quot;:&quot;&quot;,&quot;sizes&quot;:{&quot;start&quot;:25,&quot;end&quot;:100}},&quot;motion_fx_devices&quot;:[&quot;widescreen&quot;,&quot;desktop&quot;,&quot;laptop&quot;,&quot;tablet_extra&quot;]}\">\n\t\t<div class=\"elementor-element elementor-element-91c865c e-con-full screenshot-border e-flex e-con e-child\" data-id=\"91c865c\" data-element_type=\"container\" data-e-type=\"container\">\n\t\t\t\t<div class=\"elementor-element elementor-element-483ff775 elementor-widget elementor-widget-image\" data-id=\"483ff775\" data-element_type=\"widget\" data-e-type=\"widget\" data-widget_type=\"image.default\">\n\t\t\t\t\t\t\t\t\t\t\t\t\t\t\t<img fetchpriority=\"high\" decoding=\"async\" width=\"720\" height=\"450\" src=\"https:\/\/riftgame.com\/wp-content\/uploads\/2025\/01\/rift-soul-tree.jpg\" class=\"attachment-full size-full wp-image-870\" alt=\"\" srcset=\"https:\/\/riftgame.com\/wp-content\/uploads\/2025\/01\/rift-soul-tree.jpg 720w, https:\/\/riftgame.com\/wp-content\/uploads\/2025\/01\/rift-soul-tree-300x188.jpg 300w\" sizes=\"(max-width: 720px) 100vw, 720px\" \/>\t\t\t\t\t\t\t\t\t\t\t\t\t\t\t<\/div>\n\t\t\t\t<\/div>\n\t\t\t\t<div class=\"elementor-element elementor-element-834f85e elementor-widget elementor-widget-heading\" data-id=\"834f85e\" data-element_type=\"widget\" data-e-type=\"widget\" data-widget_type=\"heading.default\">\n\t\t\t\t\t<h2 class=\"elementor-heading-title elementor-size-default\">Arbre des \u00e2mes<\/h2>\t\t\t\t<\/div>\n\t\t\t\t<div class=\"elementor-element elementor-element-24128f9b elementor-widget__width-initial elementor-widget elementor-widget-text-editor\" data-id=\"24128f9b\" data-element_type=\"widget\" data-e-type=\"widget\" data-widget_type=\"text-editor.default\">\n\t\t\t\t\t\t\t\t\t<p>Chaque \u00c2me est repr\u00e9sent\u00e9e par un Arbre des \u00c2mes qui lui est propre. Au fur et \u00e0 mesure de la mont\u00e9e en niveau de votre personnage, vous gagnez des points d\u2019\u00c2me que vous pouvez investir afin d\u2019acc\u00e9der aux capacit\u00e9s et caract\u00e9ristiques uniques de vos Arbres des \u00c2mes. <\/p><ul><li><strong>D\u00e9veloppement des branches<br><\/strong>Afin d\u2019attribuer de nouvelles comp\u00e9tences \u00e0 votre personnage et d\u00e9bloquer des capacit\u00e9s de niveau sup\u00e9rieur, d\u00e9pensez vos points d\u2019\u00c2me dans les capacit\u00e9s situ\u00e9es dans les \u00ab branches \u00bb de vos arbres.<\/li><li><strong>D\u00e9veloppement des racines<br><\/strong>Vous d\u00e9bloquez de nouvelles comp\u00e9tences \u00ab racines \u00bb pour votre personnage \u00e0 mesure que vous investissez des points d\u2019\u00c2me dans les capacit\u00e9s des \u00ab branches \u00bb. Si les branches de l\u2019Arbre des \u00c2mes repr\u00e9sentent les choix uniques que vous pouvez faire pour votre personnage, les racines repr\u00e9sentent la source de la puissance de l\u2019\u00c2me \u00e0 laquelle tous les joueurs peuvent acc\u00e9der. <\/li><\/ul>\t\t\t\t\t\t\t\t<\/div>\n\t\t\t\t<div class=\"elementor-element elementor-element-036c6b8 elementor-widget elementor-widget-heading\" data-id=\"036c6b8\" data-element_type=\"widget\" data-e-type=\"widget\" data-widget_type=\"heading.default\">\n\t\t\t\t\t<h2 class=\"elementor-heading-title elementor-size-default\">Changement d\u2019\u00c2mes et de r\u00f4les<\/h2>\t\t\t\t<\/div>\n\t\t\t\t<div class=\"elementor-element elementor-element-f37962b elementor-widget__width-initial elementor-widget elementor-widget-text-editor\" data-id=\"f37962b\" data-element_type=\"widget\" data-e-type=\"widget\" data-widget_type=\"text-editor.default\">\n\t\t\t\t\t\t\t\t\t<p>Lorsque vous souhaitez changer vos \u00c2mes \u00e9quip\u00e9es, rendez-vous aupr\u00e8s de votre entra\u00eeneur de Vocation pour r\u00e9initialiser vos points d\u2019\u00c2me, ou cr\u00e9ez tout simplement un autre R\u00f4le ! Chaque R\u00f4le vous permet de sauvegarder une nouvelle combinaison d\u2019\u00c2mes que vous pouvez activer quand vous le voulez Vous pouvez voir le nombre de R\u00f4les que vous avez d\u00e9bloqu\u00e9s dans la fen\u00eatre de l\u2019Arbre des \u00c2mes, et en changer \u00e0 tout moment, pour ainsi passer d\u2019une combinaison d\u2019\u00c2mes infligeant des d\u00e9g\u00e2ts \u00e0 votre meilleur R\u00f4le de soigneur en un clin d\u2019\u0153il.  <\/p>\t\t\t\t\t\t\t\t<\/div>\n\t\t\t\t<\/div>\n\t\t<div class=\"elementor-element elementor-element-7da07201 e-con-full e-flex e-con e-child\" data-id=\"7da07201\" data-element_type=\"container\" data-e-type=\"container\" data-settings=\"{&quot;motion_fx_motion_fx_scrolling&quot;:&quot;yes&quot;,&quot;motion_fx_translateY_effect&quot;:&quot;yes&quot;,&quot;motion_fx_translateY_direction&quot;:&quot;negative&quot;,&quot;motion_fx_translateY_speed&quot;:{&quot;unit&quot;:&quot;px&quot;,&quot;size&quot;:2,&quot;sizes&quot;:[]},&quot;motion_fx_translateY_affectedRange&quot;:{&quot;unit&quot;:&quot;%&quot;,&quot;size&quot;:&quot;&quot;,&quot;sizes&quot;:{&quot;start&quot;:25,&quot;end&quot;:100}},&quot;motion_fx_devices&quot;:[&quot;widescreen&quot;,&quot;desktop&quot;,&quot;laptop&quot;,&quot;tablet_extra&quot;]}\">\n\t\t<div class=\"elementor-element elementor-element-2940f0ec e-con-full screenshot-border e-flex e-con e-child\" data-id=\"2940f0ec\" data-element_type=\"container\" data-e-type=\"container\">\n\t\t\t\t<div class=\"elementor-element elementor-element-6c3dde3b elementor-widget elementor-widget-image\" data-id=\"6c3dde3b\" data-element_type=\"widget\" data-e-type=\"widget\" data-widget_type=\"image.default\">\n\t\t\t\t\t\t\t\t\t\t\t\t\t\t\t<img decoding=\"async\" width=\"720\" height=\"450\" src=\"https:\/\/riftgame.com\/wp-content\/uploads\/2025\/01\/rift-purposes.jpg\" class=\"attachment-full size-full wp-image-868\" alt=\"\" srcset=\"https:\/\/riftgame.com\/wp-content\/uploads\/2025\/01\/rift-purposes.jpg 720w, https:\/\/riftgame.com\/wp-content\/uploads\/2025\/01\/rift-purposes-300x188.jpg 300w\" sizes=\"(max-width: 720px) 100vw, 720px\" \/>\t\t\t\t\t\t\t\t\t\t\t\t\t\t\t<\/div>\n\t\t\t\t<\/div>\n\t\t\t\t<div class=\"elementor-element elementor-element-346ba54f elementor-widget elementor-widget-heading\" data-id=\"346ba54f\" data-element_type=\"widget\" data-e-type=\"widget\" data-widget_type=\"heading.default\">\n\t\t\t\t\t<h2 class=\"elementor-heading-title elementor-size-default\">Profils<\/h2>\t\t\t\t<\/div>\n\t\t\t\t<div class=\"elementor-element elementor-element-2bf57274 elementor-widget__width-initial elementor-widget elementor-widget-text-editor\" data-id=\"2bf57274\" data-element_type=\"widget\" data-e-type=\"widget\" data-widget_type=\"text-editor.default\">\n\t\t\t\t\t\t\t\t\t<p>Quand vous cr\u00e9ez un nouveau personnage, le jeu vous proposera plusieurs Profils, des combinaisons pr\u00e9d\u00e9finies d\u2019\u00c2mes qui sugg\u00e8rent un chemin de progression o\u00f9 investir ses points d\u2019\u00c2me.<\/p><p>Libre \u00e0 vous de vous \u00e9carter des Profils pr\u00e9d\u00e9finis lorsque vous avez des points d\u2019\u00c2me \u00e0 d\u00e9penser, et vous pouvez toujours consulter les bases du Profil, ses styles de jeu, des astuces, la difficult\u00e9 et plus via la fen\u00eatre de l\u2019Arbre des \u00c2mes.<\/p>\t\t\t\t\t\t\t\t<\/div>\n\t\t\t\t<\/div>\n\t\t<div class=\"elementor-element elementor-element-7196e03b e-con-full e-flex e-con e-child\" data-id=\"7196e03b\" data-element_type=\"container\" data-e-type=\"container\" data-settings=\"{&quot;motion_fx_motion_fx_scrolling&quot;:&quot;yes&quot;,&quot;motion_fx_translateY_effect&quot;:&quot;yes&quot;,&quot;motion_fx_translateY_direction&quot;:&quot;negative&quot;,&quot;motion_fx_translateY_speed&quot;:{&quot;unit&quot;:&quot;px&quot;,&quot;size&quot;:2,&quot;sizes&quot;:[]},&quot;motion_fx_translateY_affectedRange&quot;:{&quot;unit&quot;:&quot;%&quot;,&quot;size&quot;:&quot;&quot;,&quot;sizes&quot;:{&quot;start&quot;:25,&quot;end&quot;:100}},&quot;motion_fx_devices&quot;:[&quot;widescreen&quot;,&quot;desktop&quot;,&quot;laptop&quot;,&quot;tablet_extra&quot;]}\">\n\t\t<div class=\"elementor-element elementor-element-3500fcad e-con-full screenshot-border e-flex e-con e-child\" data-id=\"3500fcad\" data-element_type=\"container\" data-e-type=\"container\">\n\t\t\t\t<div class=\"elementor-element elementor-element-64395355 elementor-widget elementor-widget-image\" data-id=\"64395355\" data-element_type=\"widget\" data-e-type=\"widget\" data-widget_type=\"image.default\">\n\t\t\t\t\t\t\t\t\t\t\t\t\t\t\t<img decoding=\"async\" width=\"720\" height=\"450\" src=\"https:\/\/riftgame.com\/wp-content\/uploads\/2025\/01\/rift-attunement.jpg\" class=\"attachment-full size-full wp-image-866\" alt=\"\" srcset=\"https:\/\/riftgame.com\/wp-content\/uploads\/2025\/01\/rift-attunement.jpg 720w, https:\/\/riftgame.com\/wp-content\/uploads\/2025\/01\/rift-attunement-300x188.jpg 300w\" sizes=\"(max-width: 720px) 100vw, 720px\" \/>\t\t\t\t\t\t\t\t\t\t\t\t\t\t\t<\/div>\n\t\t\t\t<\/div>\n\t\t\t\t<div class=\"elementor-element elementor-element-16f24b70 elementor-widget elementor-widget-heading\" data-id=\"16f24b70\" data-element_type=\"widget\" data-e-type=\"widget\" data-widget_type=\"heading.default\">\n\t\t\t\t\t<h2 class=\"elementor-heading-title elementor-size-default\">Harmonisation planaire<\/h2>\t\t\t\t<\/div>\n\t\t\t\t<div class=\"elementor-element elementor-element-1eb13bdc elementor-widget__width-initial elementor-widget elementor-widget-text-editor\" data-id=\"1eb13bdc\" data-element_type=\"widget\" data-e-type=\"widget\" data-widget_type=\"text-editor.default\">\n\t\t\t\t\t\t\t\t\t<p>D\u00e8s le niveau 50, vous engrangez de l\u2019exp\u00e9rience pour faire v\u00f4tre le pouvoir des Plans ! \u00c0 mesure que vous gagnez et investissez des points d\u2019Harmonisation, vous acc\u00e9dez \u00e0 de nouvelles capacit\u00e9s ainsi que des bonus de statistiques, de r\u00e9sistances, de vitesse et plus. <\/p><p>Chaque bonus que vous d\u00e9bloquez ouvre ses hexagones adjacents \u00e0 l&rsquo;achat. Acqu\u00e9rez plusieurs rangs d\u2019un m\u00eame bonus, ou r\u00e9partissez vos points dans d\u2019autres pouvoirs. Concentrez-vous sur un seul \u00e9l\u00e9ment, devenez polyvalent en vous harmonisant avec plusieurs, ou obtenez-les tous ! Le choix est v\u00f4tre.  <\/p>\t\t\t\t\t\t\t\t<\/div>\n\t\t\t\t<\/div>\n\t\t\t\t<\/div>\n\t\t\t\t<\/div>\n\t\t\t\t<\/div>\n\t\t\t\t<\/div>\n\t\t","protected":false},"excerpt":{"rendered":"<p>Syst\u00e8me de classes des \u00c9lus Trois \u00e2mes battent, h\u00e9las, dans ma poitrine ! Arbre des \u00e2mes Chaque \u00c2me est repr\u00e9sent\u00e9e par un Arbre des \u00c2mes qui lui est propre. Au fur et \u00e0 mesure de la mont\u00e9e en niveau de votre personnage, vous gagnez des points d\u2019\u00c2me que vous pouvez investir afin d\u2019acc\u00e9der aux capacit\u00e9s [&hellip;]<\/p>\n","protected":false},"author":3,"featured_media":0,"parent":1241,"menu_order":0,"comment_status":"closed","ping_status":"closed","template":"","meta":{"_acf_changed":false,"footnotes":""},"class_list":["post-1135","page","type-page","status-publish","hentry"],"acf":[],"_links":{"self":[{"href":"https:\/\/riftgame.com\/fr\/wp-json\/wp\/v2\/pages\/1135","targetHints":{"allow":["GET"]}}],"collection":[{"href":"https:\/\/riftgame.com\/fr\/wp-json\/wp\/v2\/pages"}],"about":[{"href":"https:\/\/riftgame.com\/fr\/wp-json\/wp\/v2\/types\/page"}],"author":[{"embeddable":true,"href":"https:\/\/riftgame.com\/fr\/wp-json\/wp\/v2\/users\/3"}],"replies":[{"embeddable":true,"href":"https:\/\/riftgame.com\/fr\/wp-json\/wp\/v2\/comments?post=1135"}],"version-history":[{"count":0,"href":"https:\/\/riftgame.com\/fr\/wp-json\/wp\/v2\/pages\/1135\/revisions"}],"up":[{"embeddable":true,"href":"https:\/\/riftgame.com\/fr\/wp-json\/wp\/v2\/pages\/1241"}],"wp:attachment":[{"href":"https:\/\/riftgame.com\/fr\/wp-json\/wp\/v2\/media?parent=1135"}],"curies":[{"name":"wp","href":"https:\/\/api.w.org\/{rel}","templated":true}]}}