{"id":1530,"date":"2025-06-03T14:09:59","date_gmt":"2025-06-03T14:09:59","guid":{"rendered":"https:\/\/riftgame.com\/impressum\/"},"modified":"2025-08-01T13:17:14","modified_gmt":"2025-08-01T13:17:14","slug":"impressum","status":"publish","type":"page","link":"https:\/\/riftgame.com\/de\/impressum\/","title":{"rendered":"Impressum"},"content":{"rendered":"\t\t<div data-elementor-type=\"wp-page\" data-elementor-id=\"1530\" class=\"elementor elementor-1530 elementor-1393\" data-elementor-post-type=\"page\">\n\t\t\t\t<div class=\"elementor-element elementor-element-2d59789 e-con-full main-container e-flex e-con e-parent\" data-id=\"2d59789\" data-element_type=\"container\" data-e-type=\"container\" data-settings=\"{&quot;background_background&quot;:&quot;classic&quot;}\">\n\t\t<div class=\"elementor-element elementor-element-ef41bc9 e-con-full e-flex e-con e-child\" data-id=\"ef41bc9\" data-element_type=\"container\" data-e-type=\"container\" data-settings=\"{&quot;background_background&quot;:&quot;classic&quot;}\">\n\t\t<div class=\"elementor-element elementor-element-0c0bbd9 e-con-full content-width e-flex e-con e-child\" data-id=\"0c0bbd9\" data-element_type=\"container\" data-e-type=\"container\">\n\t\t<div class=\"elementor-element elementor-element-b520f6a e-con-full e-flex e-con e-child\" data-id=\"b520f6a\" data-element_type=\"container\" data-e-type=\"container\">\n\t\t\t\t<div class=\"elementor-element elementor-element-460375f elementor-widget elementor-widget-theme-post-title elementor-page-title elementor-widget-heading\" data-id=\"460375f\" data-element_type=\"widget\" data-e-type=\"widget\" data-widget_type=\"theme-post-title.default\">\n\t\t\t\t\t<h1 class=\"elementor-heading-title elementor-size-default\">Impressum<\/h1>\t\t\t\t<\/div>\n\t\t\t\t<div class=\"elementor-element elementor-element-a4b5c4a elementor-widget elementor-widget-text-editor\" data-id=\"a4b5c4a\" data-element_type=\"widget\" data-e-type=\"widget\" data-widget_type=\"text-editor.default\">\n\t\t\t\t\t\t\t\t\t<p><strong>gamigo US Inc.<\/strong><br>3800 Quick Hill Road,<br>Austin,<br>TX, 78728<br>USA<\/p><p>Registrierter Firmensitz: 850 New Burton Road, Suite 201, Dover, County of Kent, Delaware 19904, USA<\/p><p>E-Mail: <a href=\"mailto:infoUS@gamigo.com\">infoUS@gamigo.com<\/a> (nicht f\u00fcr Support-Anfragen)<\/p><p>Jugendschutzbeauftragter: Dr. Andreas Lober<br>E-Mail: <a href=\"mailto:youthprotection@gamigo.com\">jugendschutz@gamigo.com<\/a><\/p><p>Gesch\u00e4ftsf\u00fchrer: Jens Knauber<\/p><p>Eine Delaware Corporation<br>Aktenzeichen: 7097021<\/p><p>Umsatzsteueridentifikationsnummer: EU 276 015 462<\/p><p>Inhaltlich verantwortlich (nach \u00a7 18 Abs. 2 MStV):<br>Wolfgang Duhr<br>Behringstra\u00dfe 16 b<br>22765 Hamburg<br>Deutschland<\/p><p>Wir nehmen an einem Streitbeilegungsverfahren vor einer Verbraucherstelle nicht teil und sind hierzu auch nicht verpflichtet.<\/p><p>Zentrale Kontaktstellen gem\u00e4\u00df Digital Services Act (DSA):<\/p><p>Die Beh\u00f6rden der EU-Mitgliedstaaten, die Europ\u00e4ische Kommission und das Europ\u00e4ische Gremium f\u00fcr digitale Dienste k\u00f6nnen gamigo US Inc. und ihre rechtliche Vertreterin in der EU, gamigo AG, Behringstr. 16b, 22765 Hamburg, Deutschland, Telefon: +49 (0)40 411 885 0, \u00fcber <a class=\"external-link\" href=\"mailto:DSA-contact@gamigo.com\" rel=\"nofollow\">DSA-contact@gamigo.com<\/a> in deutscher oder englischer Sprache kontaktieren. <\/p><p>Diese Kontaktstelle ist der Kontaktaufnahme mit den oben aufgef\u00fchrten Beh\u00f6rden vorbehalten.<\/p><p>Nutzer:innen unserer Dienste bitten wir, uns wie gewohnt \u00fcber unseren <a class=\"external-link\" href=\"https:\/\/support.gamigo.com\/de\/support\/home\" rel=\"nofollow noopener\" target=\"_blank\">Kundensupport<\/a> zu kontaktieren.<\/p>\t\t\t\t\t\t\t\t<\/div>\n\t\t\t\t<\/div>\n\t\t\t\t<\/div>\n\t\t\t\t<\/div>\n\t\t\t\t<\/div>\n\t\t\t\t<\/div>\n\t\t","protected":false},"excerpt":{"rendered":"<p>gamigo US Inc.3800 Quick Hill Road,Austin,TX, 78728USA Registrierter Firmensitz: 850 New Burton Road, Suite 201, Dover, County of Kent, Delaware 19904, USA E-Mail: infoUS@gamigo.com (nicht f\u00fcr Support-Anfragen) Jugendschutzbeauftragter: Dr. Andreas LoberE-Mail: jugendschutz@gamigo.com Gesch\u00e4ftsf\u00fchrer: Jens Knauber Eine Delaware CorporationAktenzeichen: 7097021 Umsatzsteueridentifikationsnummer: EU 276 015 462 Inhaltlich verantwortlich (nach \u00a7 18 Abs. 2 MStV):Wolfgang DuhrBehringstra\u00dfe 16 b22765 [&hellip;]<\/p>\n","protected":false},"author":3,"featured_media":0,"parent":0,"menu_order":0,"comment_status":"closed","ping_status":"closed","template":"","meta":{"_acf_changed":false,"footnotes":""},"class_list":["post-1530","page","type-page","status-publish","hentry"],"acf":[],"_links":{"self":[{"href":"https:\/\/riftgame.com\/de\/wp-json\/wp\/v2\/pages\/1530","targetHints":{"allow":["GET"]}}],"collection":[{"href":"https:\/\/riftgame.com\/de\/wp-json\/wp\/v2\/pages"}],"about":[{"href":"https:\/\/riftgame.com\/de\/wp-json\/wp\/v2\/types\/page"}],"author":[{"embeddable":true,"href":"https:\/\/riftgame.com\/de\/wp-json\/wp\/v2\/users\/3"}],"replies":[{"embeddable":true,"href":"https:\/\/riftgame.com\/de\/wp-json\/wp\/v2\/comments?post=1530"}],"version-history":[{"count":0,"href":"https:\/\/riftgame.com\/de\/wp-json\/wp\/v2\/pages\/1530\/revisions"}],"wp:attachment":[{"href":"https:\/\/riftgame.com\/de\/wp-json\/wp\/v2\/media?parent=1530"}],"curies":[{"name":"wp","href":"https:\/\/api.w.org\/{rel}","templated":true}]}}