{"id":1211,"date":"2024-11-15T13:17:59","date_gmt":"2024-11-15T13:17:59","guid":{"rendered":"https:\/\/riftgame.com\/pvp\/"},"modified":"2025-07-03T11:52:36","modified_gmt":"2025-07-03T11:52:36","slug":"pvp","status":"publish","type":"page","link":"https:\/\/riftgame.com\/de\/spiel\/pvp\/","title":{"rendered":"PVP"},"content":{"rendered":"\t\t<div data-elementor-type=\"wp-page\" data-elementor-id=\"1211\" class=\"elementor elementor-1211 elementor-167\" data-elementor-post-type=\"page\">\n\t\t\t\t<div class=\"elementor-element elementor-element-50f48d6e e-con-full e-flex e-con e-parent\" data-id=\"50f48d6e\" data-element_type=\"container\" data-e-type=\"container\">\n\t\t<div class=\"elementor-element elementor-element-46e6ddad e-con-full max-container-width e-flex e-con e-child\" data-id=\"46e6ddad\" data-element_type=\"container\" data-e-type=\"container\" id=\"features-header-section\">\n\t\t<div class=\"elementor-element elementor-element-54317d5b e-con-full e-flex e-con e-child\" data-id=\"54317d5b\" data-element_type=\"container\" data-e-type=\"container\" id=\"features-mask-top\" data-settings=\"{&quot;background_background&quot;:&quot;classic&quot;}\">\n\t\t<div class=\"elementor-element elementor-element-2159ce0f e-con-full max-content-width e-flex e-con e-child\" data-id=\"2159ce0f\" data-element_type=\"container\" data-e-type=\"container\">\n\t\t<div class=\"elementor-element elementor-element-3566d313 e-con-full e-flex e-con e-child\" data-id=\"3566d313\" data-element_type=\"container\" data-e-type=\"container\">\n\t\t\t\t<div class=\"elementor-element elementor-element-70b97151 animated-slow elementor-invisible elementor-widget elementor-widget-heading\" data-id=\"70b97151\" data-element_type=\"widget\" data-e-type=\"widget\" data-settings=\"{&quot;_animation&quot;:&quot;fadeInRight&quot;}\" data-widget_type=\"heading.default\">\n\t\t\t\t\t<h1 class=\"elementor-heading-title elementor-size-default\">PvP<\/h1>\t\t\t\t<\/div>\n\t\t\t\t<div class=\"elementor-element elementor-element-6ea143a5 animated-slow elementor-invisible elementor-widget elementor-widget-text-editor\" data-id=\"6ea143a5\" data-element_type=\"widget\" data-e-type=\"widget\" data-settings=\"{&quot;_animation&quot;:&quot;fadeInRight&quot;,&quot;_animation_delay&quot;:500}\" data-widget_type=\"text-editor.default\">\n\t\t\t\t\t\t\t\t\t<p>Was k\u00f6nnte der Intensit\u00e4t des Blutsturmkrieges gleichkommen? Die Antwort ist einfach: Der Kampf gegen andere Auserw\u00e4hlte! Beweist euer K\u00f6nnen in instanziierten Kriegsfronten, massiven Versionen von \u201cEroberung\u201d (Schlachtfeldern f\u00fcr 3 Fraktionen), der offenen Welt oder von Spielern erstellten PvP-Dimensionen, und erstreitet euch EP, Ausr\u00fcstung und Ruhm.  <\/p>\t\t\t\t\t\t\t\t<\/div>\n\t\t\t\t<\/div>\n\t\t\t\t<\/div>\n\t\t\t\t<\/div>\n\t\t\t\t<\/div>\n\t\t<div class=\"elementor-element elementor-element-67f43b57 e-con-full max-container-width e-flex e-con e-child\" data-id=\"67f43b57\" data-element_type=\"container\" data-e-type=\"container\" id=\"features-lower-section\">\n\t\t<div class=\"elementor-element elementor-element-5c310dd5 e-con-full max-content-width e-flex e-con e-child\" data-id=\"5c310dd5\" data-element_type=\"container\" data-e-type=\"container\">\n\t\t<div class=\"elementor-element elementor-element-6b8dc3e9 e-con-full e-flex e-con e-child\" data-id=\"6b8dc3e9\" data-element_type=\"container\" data-e-type=\"container\" data-settings=\"{&quot;motion_fx_motion_fx_scrolling&quot;:&quot;yes&quot;,&quot;motion_fx_translateY_effect&quot;:&quot;yes&quot;,&quot;motion_fx_translateY_direction&quot;:&quot;negative&quot;,&quot;motion_fx_translateY_speed&quot;:{&quot;unit&quot;:&quot;px&quot;,&quot;size&quot;:2,&quot;sizes&quot;:[]},&quot;motion_fx_translateY_affectedRange&quot;:{&quot;unit&quot;:&quot;%&quot;,&quot;size&quot;:&quot;&quot;,&quot;sizes&quot;:{&quot;start&quot;:25,&quot;end&quot;:100}},&quot;motion_fx_devices&quot;:[&quot;widescreen&quot;,&quot;desktop&quot;,&quot;laptop&quot;,&quot;tablet_extra&quot;]}\">\n\t\t<div class=\"elementor-element elementor-element-46f84716 e-con-full screenshot-border e-flex e-con e-child\" data-id=\"46f84716\" data-element_type=\"container\" data-e-type=\"container\">\n\t\t\t\t<div class=\"elementor-element elementor-element-465efde2 elementor-widget elementor-widget-image\" data-id=\"465efde2\" data-element_type=\"widget\" data-e-type=\"widget\" data-widget_type=\"image.default\">\n\t\t\t\t\t\t\t\t\t\t\t\t\t\t\t\t<a href=\"https:\/\/www.youtube.com\/watch?v=vEsH6b73f5k&#038;t=1s\" target=\"_blank\" rel=\"noopener\">\n\t\t\t\t\t\t\t<img fetchpriority=\"high\" decoding=\"async\" width=\"720\" height=\"450\" src=\"https:\/\/riftgame.com\/wp-content\/uploads\/2025\/03\/Pvp_relentless2.png\" class=\"attachment-full size-full wp-image-963\" alt=\"\" srcset=\"https:\/\/riftgame.com\/wp-content\/uploads\/2025\/03\/Pvp_relentless2.png 720w, https:\/\/riftgame.com\/wp-content\/uploads\/2025\/03\/Pvp_relentless2-300x188.png 300w\" sizes=\"(max-width: 720px) 100vw, 720px\" \/>\t\t\t\t\t\t\t\t<\/a>\n\t\t\t\t\t\t\t\t\t\t\t\t\t\t\t<\/div>\n\t\t\t\t<\/div>\n\t\t\t\t<div class=\"elementor-element elementor-element-40c562cd elementor-widget elementor-widget-heading\" data-id=\"40c562cd\" data-element_type=\"widget\" data-e-type=\"widget\" data-widget_type=\"heading.default\">\n\t\t\t\t\t<h2 class=\"elementor-heading-title elementor-size-default\">Leitfaden f\u00fcr PvP-K\u00e4mpfe<\/h2>\t\t\t\t<\/div>\n\t\t\t\t<div class=\"elementor-element elementor-element-27f9ede7 elementor-widget__width-initial elementor-widget elementor-widget-text-editor\" data-id=\"27f9ede7\" data-element_type=\"widget\" data-e-type=\"widget\" data-widget_type=\"text-editor.default\">\n\t\t\t\t\t\t\t\t\t<p>Was k\u00f6nnte der Intensit\u00e4t des Blutsturmkrieges gleichkommen? Die Antwort ist einfach: Der Kampf gegen andere Auserw\u00e4hlte! Beweist euer K\u00f6nnen in instanziierten Kriegsfronten, massiven Versionen von \u201cEroberung\u201d (Schlachtfeldern f\u00fcr 3 Fraktionen), der offenen Welt oder von Spielern erstellten PvP-Dimensionen, und erstreitet euch EP, Ausr\u00fcstung und Ruhm.  <\/p><p>In diesem Video erfahrt ihr mehr \u00fcber das<a href=\"https:\/\/www.youtube.com\/watch?v=vEsH6b73f5k&amp;t=1s\" target=\"_blank\" rel=\"noopener\"> PvP in RIFT<\/a>.<\/p>\t\t\t\t\t\t\t\t<\/div>\n\t\t\t\t<\/div>\n\t\t<div class=\"elementor-element elementor-element-2132ba00 e-con-full e-flex e-con e-child\" data-id=\"2132ba00\" data-element_type=\"container\" data-e-type=\"container\" data-settings=\"{&quot;motion_fx_motion_fx_scrolling&quot;:&quot;yes&quot;,&quot;motion_fx_translateY_effect&quot;:&quot;yes&quot;,&quot;motion_fx_translateY_direction&quot;:&quot;negative&quot;,&quot;motion_fx_translateY_speed&quot;:{&quot;unit&quot;:&quot;px&quot;,&quot;size&quot;:2,&quot;sizes&quot;:[]},&quot;motion_fx_translateY_affectedRange&quot;:{&quot;unit&quot;:&quot;%&quot;,&quot;size&quot;:&quot;&quot;,&quot;sizes&quot;:{&quot;start&quot;:25,&quot;end&quot;:100}},&quot;motion_fx_devices&quot;:[&quot;widescreen&quot;,&quot;desktop&quot;,&quot;laptop&quot;,&quot;tablet_extra&quot;]}\">\n\t\t<div class=\"elementor-element elementor-element-2d06dd28 e-con-full screenshot-border e-flex e-con e-child\" data-id=\"2d06dd28\" data-element_type=\"container\" data-e-type=\"container\">\n\t\t\t\t<div class=\"elementor-element elementor-element-74bd2ea9 elementor-widget elementor-widget-image\" data-id=\"74bd2ea9\" data-element_type=\"widget\" data-e-type=\"widget\" data-widget_type=\"image.default\">\n\t\t\t\t\t\t\t\t\t\t\t\t\t\t\t<img decoding=\"async\" width=\"720\" height=\"450\" src=\"https:\/\/riftgame.com\/wp-content\/uploads\/2025\/03\/Pvp_a-boundless-universe\u200b.png\" class=\"attachment-full size-full wp-image-965\" alt=\"\" srcset=\"https:\/\/riftgame.com\/wp-content\/uploads\/2025\/03\/Pvp_a-boundless-universe\u200b.png 720w, https:\/\/riftgame.com\/wp-content\/uploads\/2025\/03\/Pvp_a-boundless-universe\u200b-300x188.png 300w\" sizes=\"(max-width: 720px) 100vw, 720px\" \/>\t\t\t\t\t\t\t\t\t\t\t\t\t\t\t<\/div>\n\t\t\t\t<\/div>\n\t\t\t\t<div class=\"elementor-element elementor-element-2d92ec91 elementor-widget elementor-widget-heading\" data-id=\"2d92ec91\" data-element_type=\"widget\" data-e-type=\"widget\" data-widget_type=\"heading.default\">\n\t\t\t\t\t<h2 class=\"elementor-heading-title elementor-size-default\">Kriegsfront\n<\/h2>\t\t\t\t<\/div>\n\t\t\t\t<div class=\"elementor-element elementor-element-739044e1 elementor-widget__width-initial elementor-widget elementor-widget-text-editor\" data-id=\"739044e1\" data-element_type=\"widget\" data-e-type=\"widget\" data-widget_type=\"text-editor.default\">\n\t\t\t\t\t\t\t\t\t<p>Kriegsfronten sind in RIFT die wichtigste Form des PvP. In diesen instanziierten Schlachtfeldern treten zwei Auserw\u00e4hlten-Teams in verschiedenen Spielmodi gegeneinander an, darunter: <br><br> <\/p><ul><li>Kampf um die Fahne<\/li><li>Angriff<\/li><li>M\u00e4rtyrertum<\/li><li>Eskalation<\/li><\/ul><p>In diesem Video erfahrt ihr mehr \u00fcber <a href=\"https:\/\/youtu.be\/e7dG_Zpx9eU\" target=\"_blank\" rel=\"noopener\">Kriegsfronten<\/a>.<\/p>\t\t\t\t\t\t\t\t<\/div>\n\t\t\t\t<\/div>\n\t\t<div class=\"elementor-element elementor-element-3ee308d5 e-con-full e-flex e-con e-child\" data-id=\"3ee308d5\" data-element_type=\"container\" data-e-type=\"container\" data-settings=\"{&quot;motion_fx_motion_fx_scrolling&quot;:&quot;yes&quot;,&quot;motion_fx_translateY_effect&quot;:&quot;yes&quot;,&quot;motion_fx_translateY_direction&quot;:&quot;negative&quot;,&quot;motion_fx_translateY_speed&quot;:{&quot;unit&quot;:&quot;px&quot;,&quot;size&quot;:2,&quot;sizes&quot;:[]},&quot;motion_fx_translateY_affectedRange&quot;:{&quot;unit&quot;:&quot;%&quot;,&quot;size&quot;:&quot;&quot;,&quot;sizes&quot;:{&quot;start&quot;:25,&quot;end&quot;:100}},&quot;motion_fx_devices&quot;:[&quot;widescreen&quot;,&quot;desktop&quot;,&quot;laptop&quot;,&quot;tablet_extra&quot;]}\">\n\t\t<div class=\"elementor-element elementor-element-79bebbf e-con-full screenshot-border e-flex e-con e-child\" data-id=\"79bebbf\" data-element_type=\"container\" data-e-type=\"container\">\n\t\t\t\t<div class=\"elementor-element elementor-element-3540662 elementor-widget elementor-widget-image\" data-id=\"3540662\" data-element_type=\"widget\" data-e-type=\"widget\" data-widget_type=\"image.default\">\n\t\t\t\t\t\t\t\t\t\t\t\t\t\t\t<img decoding=\"async\" width=\"720\" height=\"450\" src=\"https:\/\/riftgame.com\/wp-content\/uploads\/2025\/03\/Pvp_new-way-to-play.png\" class=\"attachment-full size-full wp-image-967\" alt=\"\" srcset=\"https:\/\/riftgame.com\/wp-content\/uploads\/2025\/03\/Pvp_new-way-to-play.png 720w, https:\/\/riftgame.com\/wp-content\/uploads\/2025\/03\/Pvp_new-way-to-play-300x188.png 300w\" sizes=\"(max-width: 720px) 100vw, 720px\" \/>\t\t\t\t\t\t\t\t\t\t\t\t\t\t\t<\/div>\n\t\t\t\t<\/div>\n\t\t\t\t<div class=\"elementor-element elementor-element-2a31845e elementor-widget elementor-widget-heading\" data-id=\"2a31845e\" data-element_type=\"widget\" data-e-type=\"widget\" data-widget_type=\"heading.default\">\n\t\t\t\t\t<h2 class=\"elementor-heading-title elementor-size-default\">Eroberung<\/h2>\t\t\t\t<\/div>\n\t\t\t\t<div class=\"elementor-element elementor-element-43e47d1d elementor-widget__width-initial elementor-widget elementor-widget-text-editor\" data-id=\"43e47d1d\" data-element_type=\"widget\" data-e-type=\"widget\" data-widget_type=\"text-editor.default\">\n\t\t\t\t\t\t\t\t\t<div class=\"content-column one_half\">Auf Stufe 65 erhaltet ihr die M\u00f6glichkeit, am Modus \u201cEroberung\u201d teilzunehmen. In diesen Schlachten k\u00e4mpfen drei Fraktionen in einer alternativen Realit\u00e4t gegeneinander. Stellt euch in den Dienst der Abendd\u00e4mmerung, der Herrschaft oder des Schwurs und k\u00e4mpft in gewaltigen Schlachten, um PvP- und PvE-Ziele zu erreichen und Vorteile zur St\u00e4rkung eures Charakters zu verdienen, die auch nach der Schlacht noch anhalten. <\/div><div> <\/div><div><p>In diesem Video erfahrt ihr mehr \u00fcber den Modus \u201c<a href=\"https:\/\/youtu.be\/dZLlPibVkpE\" target=\"_blank\" rel=\"noopener\">Eroberung<\/a>\u201d.<\/p><\/div>\t\t\t\t\t\t\t\t<\/div>\n\t\t\t\t<\/div>\n\t\t\t\t<\/div>\n\t\t\t\t<\/div>\n\t\t<div class=\"elementor-element elementor-element-302ca8e e-con-full max-container-width e-flex e-con e-child\" data-id=\"302ca8e\" data-element_type=\"container\" data-e-type=\"container\">\n\t\t<div class=\"elementor-element elementor-element-2cf26e4 e-con-full max-content-width e-flex e-con e-child\" data-id=\"2cf26e4\" data-element_type=\"container\" data-e-type=\"container\">\n\t\t<div class=\"elementor-element elementor-element-2847166 e-con-full e-flex e-con e-child\" data-id=\"2847166\" data-element_type=\"container\" data-e-type=\"container\" data-settings=\"{&quot;motion_fx_motion_fx_scrolling&quot;:&quot;yes&quot;,&quot;motion_fx_translateY_effect&quot;:&quot;yes&quot;,&quot;motion_fx_translateY_direction&quot;:&quot;negative&quot;,&quot;motion_fx_translateY_speed&quot;:{&quot;unit&quot;:&quot;px&quot;,&quot;size&quot;:2,&quot;sizes&quot;:[]},&quot;motion_fx_translateY_affectedRange&quot;:{&quot;unit&quot;:&quot;%&quot;,&quot;size&quot;:&quot;&quot;,&quot;sizes&quot;:{&quot;start&quot;:25,&quot;end&quot;:100}},&quot;motion_fx_devices&quot;:[&quot;widescreen&quot;,&quot;desktop&quot;,&quot;laptop&quot;,&quot;tablet_extra&quot;]}\">\n\t\t<div class=\"elementor-element elementor-element-417e328 e-con-full screenshot-border e-flex e-con e-child\" data-id=\"417e328\" data-element_type=\"container\" data-e-type=\"container\">\n\t\t\t\t<div class=\"elementor-element elementor-element-96175bf elementor-widget elementor-widget-image\" data-id=\"96175bf\" data-element_type=\"widget\" data-e-type=\"widget\" data-widget_type=\"image.default\">\n\t\t\t\t\t\t\t\t\t\t\t\t\t\t\t\t<a href=\"https:\/\/www.youtube.com\/watch?v=vEsH6b73f5k&#038;t=1s\" target=\"_blank\" rel=\"noopener\">\n\t\t\t\t\t\t\t<img loading=\"lazy\" decoding=\"async\" width=\"720\" height=\"450\" src=\"https:\/\/riftgame.com\/wp-content\/uploads\/2025\/05\/open-world_720-450.jpg\" class=\"attachment-full size-full wp-image-1207\" alt=\"Open worlds colide\" srcset=\"https:\/\/riftgame.com\/wp-content\/uploads\/2025\/05\/open-world_720-450.jpg 720w, https:\/\/riftgame.com\/wp-content\/uploads\/2025\/05\/open-world_720-450-300x188.jpg 300w\" sizes=\"(max-width: 720px) 100vw, 720px\" \/>\t\t\t\t\t\t\t\t<\/a>\n\t\t\t\t\t\t\t\t\t\t\t\t\t\t\t<\/div>\n\t\t\t\t<\/div>\n\t\t\t\t<div class=\"elementor-element elementor-element-361a93c elementor-widget elementor-widget-heading\" data-id=\"361a93c\" data-element_type=\"widget\" data-e-type=\"widget\" data-widget_type=\"heading.default\">\n\t\t\t\t\t<h2 class=\"elementor-heading-title elementor-size-default\">Offene Welt<\/h2>\t\t\t\t<\/div>\n\t\t\t\t<div class=\"elementor-element elementor-element-22f9dd0 elementor-widget__width-initial elementor-widget elementor-widget-text-editor\" data-id=\"22f9dd0\" data-element_type=\"widget\" data-e-type=\"widget\" data-widget_type=\"text-editor.default\">\n\t\t\t\t\t\t\t\t\t<div class=\"content-column one_half\"><div class=\"content-column one_half\">K\u00e4mpft in ganz Telara! Auf unseren dedizierten PvP-Servern nimmt das K\u00e4mpfen niemals ein Ende, sodass selbst die blutr\u00fcnstigsten Auserw\u00e4hlten jederzeit ihren Hunger stillen k\u00f6nnen. Ihr m\u00fcsst immer bereit sein, eure St\u00e4rke zu beweisen, wenn ihr den Weg eines Gegners kreuzt!  <\/div><\/div><div> <\/div><div><p>In diesem Video erfahrt ihr mehr \u00fcber das <a href=\"https:\/\/youtu.be\/e-VhGJZoCmM\" target=\"_blank\" rel=\"noopener\">PvP in der offenen Welt<\/a>.<\/p><\/div>\t\t\t\t\t\t\t\t<\/div>\n\t\t\t\t<\/div>\n\t\t<div class=\"elementor-element elementor-element-53dc048 e-con-full e-flex e-con e-child\" data-id=\"53dc048\" data-element_type=\"container\" data-e-type=\"container\" data-settings=\"{&quot;motion_fx_motion_fx_scrolling&quot;:&quot;yes&quot;,&quot;motion_fx_translateY_effect&quot;:&quot;yes&quot;,&quot;motion_fx_translateY_direction&quot;:&quot;negative&quot;,&quot;motion_fx_translateY_speed&quot;:{&quot;unit&quot;:&quot;px&quot;,&quot;size&quot;:2,&quot;sizes&quot;:[]},&quot;motion_fx_translateY_affectedRange&quot;:{&quot;unit&quot;:&quot;%&quot;,&quot;size&quot;:&quot;&quot;,&quot;sizes&quot;:{&quot;start&quot;:25,&quot;end&quot;:100}},&quot;motion_fx_devices&quot;:[&quot;widescreen&quot;,&quot;desktop&quot;,&quot;laptop&quot;,&quot;tablet_extra&quot;]}\">\n\t\t<div class=\"elementor-element elementor-element-8c0127f e-con-full screenshot-border e-flex e-con e-child\" data-id=\"8c0127f\" data-element_type=\"container\" data-e-type=\"container\">\n\t\t\t\t<div class=\"elementor-element elementor-element-ad48c0e elementor-widget elementor-widget-image\" data-id=\"ad48c0e\" data-element_type=\"widget\" data-e-type=\"widget\" data-widget_type=\"image.default\">\n\t\t\t\t\t\t\t\t\t\t\t\t\t\t\t<img loading=\"lazy\" decoding=\"async\" width=\"720\" height=\"450\" src=\"https:\/\/riftgame.com\/wp-content\/uploads\/2024\/11\/rift-nightmare.jpg\" class=\"attachment-full size-full wp-image-789\" alt=\"\" srcset=\"https:\/\/riftgame.com\/wp-content\/uploads\/2024\/11\/rift-nightmare.jpg 720w, https:\/\/riftgame.com\/wp-content\/uploads\/2024\/11\/rift-nightmare-300x188.jpg 300w\" sizes=\"(max-width: 720px) 100vw, 720px\" \/>\t\t\t\t\t\t\t\t\t\t\t\t\t\t\t<\/div>\n\t\t\t\t<\/div>\n\t\t\t\t<div class=\"elementor-element elementor-element-aba2411 elementor-widget elementor-widget-heading\" data-id=\"aba2411\" data-element_type=\"widget\" data-e-type=\"widget\" data-widget_type=\"heading.default\">\n\t\t\t\t\t<h2 class=\"elementor-heading-title elementor-size-default\">PvP-Dimension\n<\/h2>\t\t\t\t<\/div>\n\t\t\t\t<div class=\"elementor-element elementor-element-c6785b8 elementor-widget__width-initial elementor-widget elementor-widget-text-editor\" data-id=\"c6785b8\" data-element_type=\"widget\" data-e-type=\"widget\" data-widget_type=\"text-editor.default\">\n\t\t\t\t\t\t\t\t\t<div class=\"content-column one_half\"><div class=\"content-column one_half\">Ihr wisst, was man braucht, um Spieler in RIFT zu beeindrucken? Dann dr\u00fcckt Telara euren Stempel auf, indem ihr eure ganz eigenen PvP-Schlachtfelder erstellt! <\/div><div> <\/div><\/div><div>In diesem Video erfahrt ihr mehr \u00fcber <a href=\"https:\/\/youtu.be\/pJvAWJv7e10\" target=\"_blank\" rel=\"noopener\">PvP-Dimensionen<\/a>.<\/div>\t\t\t\t\t\t\t\t<\/div>\n\t\t\t\t<\/div>\n\t\t<div class=\"elementor-element elementor-element-2b1e9a8 e-con-full e-flex e-con e-child\" data-id=\"2b1e9a8\" data-element_type=\"container\" data-e-type=\"container\" data-settings=\"{&quot;motion_fx_motion_fx_scrolling&quot;:&quot;yes&quot;,&quot;motion_fx_translateY_effect&quot;:&quot;yes&quot;,&quot;motion_fx_translateY_direction&quot;:&quot;negative&quot;,&quot;motion_fx_translateY_speed&quot;:{&quot;unit&quot;:&quot;px&quot;,&quot;size&quot;:2,&quot;sizes&quot;:[]},&quot;motion_fx_translateY_affectedRange&quot;:{&quot;unit&quot;:&quot;%&quot;,&quot;size&quot;:&quot;&quot;,&quot;sizes&quot;:{&quot;start&quot;:25,&quot;end&quot;:100}},&quot;motion_fx_devices&quot;:[&quot;widescreen&quot;,&quot;desktop&quot;,&quot;laptop&quot;,&quot;tablet_extra&quot;]}\">\n\t\t<div class=\"elementor-element elementor-element-ccf3e64 e-con-full screenshot-border e-flex e-con e-child\" data-id=\"ccf3e64\" data-element_type=\"container\" data-e-type=\"container\">\n\t\t\t\t<div class=\"elementor-element elementor-element-fcb1563 elementor-widget elementor-widget-image\" data-id=\"fcb1563\" data-element_type=\"widget\" data-e-type=\"widget\" data-widget_type=\"image.default\">\n\t\t\t\t\t\t\t\t\t\t\t\t\t\t\t<img loading=\"lazy\" decoding=\"async\" width=\"720\" height=\"450\" src=\"https:\/\/riftgame.com\/wp-content\/uploads\/2025\/05\/prestige-720-450.jpg\" class=\"attachment-full size-full wp-image-1210\" alt=\"Hail to the victor\" srcset=\"https:\/\/riftgame.com\/wp-content\/uploads\/2025\/05\/prestige-720-450.jpg 720w, https:\/\/riftgame.com\/wp-content\/uploads\/2025\/05\/prestige-720-450-300x188.jpg 300w\" sizes=\"(max-width: 720px) 100vw, 720px\" \/>\t\t\t\t\t\t\t\t\t\t\t\t\t\t\t<\/div>\n\t\t\t\t<\/div>\n\t\t\t\t<div class=\"elementor-element elementor-element-7e4f109 elementor-widget elementor-widget-heading\" data-id=\"7e4f109\" data-element_type=\"widget\" data-e-type=\"widget\" data-widget_type=\"heading.default\">\n\t\t\t\t\t<h2 class=\"elementor-heading-title elementor-size-default\">Prestige und Erfolge\n<\/h2>\t\t\t\t<\/div>\n\t\t\t\t<div class=\"elementor-element elementor-element-cd72b69 elementor-widget__width-initial elementor-widget elementor-widget-text-editor\" data-id=\"cd72b69\" data-element_type=\"widget\" data-e-type=\"widget\" data-widget_type=\"text-editor.default\">\n\t\t\t\t\t\t\t\t\t<div class=\"content-column one_half\">Im Kampf Spieler gegen Spieler schaltet ihr weitere Erfolge sowie neue R\u00fcstungen, Titel und Kost\u00fcme frei.<\/div><div> <\/div><div class=\"content-column one_half\">In diesem Video erfahrt ihr mehr \u00fcber <a href=\"https:\/\/youtu.be\/Ymqk81nxwRM\" target=\"_blank\" rel=\"noopener\">Prestige und Erfolge<\/a>.<\/div><div> <\/div><div><p><strong>Ausr\u00fcstung und Verst\u00e4rkungen<\/strong><\/p><div class=\"content-column one_half\">Ihr habt auf dem Schlachtfeld eine Menge Gunst und Prestige gesammelt und damit neue Ausr\u00fcstung freigeschaltet, aber was nun? <a href=\"https:\/\/youtu.be\/7lAlvv-DjTk\" target=\"_blank\" rel=\"noopener\">Grim hat ein paar gute Tipps<\/a>, wie ihr das Meiste aus eurer Ausr\u00fcstung herausholt. <\/div><\/div><div> <\/div>\t\t\t\t\t\t\t\t<\/div>\n\t\t\t\t<\/div>\n\t\t\t\t<\/div>\n\t\t\t\t<\/div>\n\t\t\t\t<\/div>\n\t\t\t\t<\/div>\n\t\t","protected":false},"excerpt":{"rendered":"<p>PvP Was k\u00f6nnte der Intensit\u00e4t des Blutsturmkrieges gleichkommen? Die Antwort ist einfach: Der Kampf gegen andere Auserw\u00e4hlte! Beweist euer K\u00f6nnen in instanziierten Kriegsfronten, massiven Versionen von \u201cEroberung\u201d (Schlachtfeldern f\u00fcr 3 Fraktionen), der offenen Welt oder von Spielern erstellten PvP-Dimensionen, und erstreitet euch EP, Ausr\u00fcstung und Ruhm. Leitfaden f\u00fcr PvP-K\u00e4mpfe Was k\u00f6nnte der Intensit\u00e4t des Blutsturmkrieges [&hellip;]<\/p>\n","protected":false},"author":3,"featured_media":0,"parent":1240,"menu_order":0,"comment_status":"closed","ping_status":"closed","template":"","meta":{"_acf_changed":false,"footnotes":""},"class_list":["post-1211","page","type-page","status-publish","hentry"],"acf":[],"_links":{"self":[{"href":"https:\/\/riftgame.com\/de\/wp-json\/wp\/v2\/pages\/1211","targetHints":{"allow":["GET"]}}],"collection":[{"href":"https:\/\/riftgame.com\/de\/wp-json\/wp\/v2\/pages"}],"about":[{"href":"https:\/\/riftgame.com\/de\/wp-json\/wp\/v2\/types\/page"}],"author":[{"embeddable":true,"href":"https:\/\/riftgame.com\/de\/wp-json\/wp\/v2\/users\/3"}],"replies":[{"embeddable":true,"href":"https:\/\/riftgame.com\/de\/wp-json\/wp\/v2\/comments?post=1211"}],"version-history":[{"count":0,"href":"https:\/\/riftgame.com\/de\/wp-json\/wp\/v2\/pages\/1211\/revisions"}],"up":[{"embeddable":true,"href":"https:\/\/riftgame.com\/de\/wp-json\/wp\/v2\/pages\/1240"}],"wp:attachment":[{"href":"https:\/\/riftgame.com\/de\/wp-json\/wp\/v2\/media?parent=1211"}],"curies":[{"name":"wp","href":"https:\/\/api.w.org\/{rel}","templated":true}]}}