{"id":1184,"date":"2024-10-29T14:22:46","date_gmt":"2024-10-29T14:22:46","guid":{"rendered":"https:\/\/riftgame.com\/was-genau-ist-rift-eigentlich\/"},"modified":"2025-07-03T11:53:41","modified_gmt":"2025-07-03T11:53:41","slug":"was-genau-ist-rift-eigentlich","status":"publish","type":"page","link":"https:\/\/riftgame.com\/de\/spiel\/was-genau-ist-rift-eigentlich\/","title":{"rendered":"Was genau ist RIFT eigentlich?"},"content":{"rendered":"\t\t<div data-elementor-type=\"wp-page\" data-elementor-id=\"1184\" class=\"elementor elementor-1184 elementor-21\" data-elementor-post-type=\"page\">\n\t\t\t\t<div class=\"elementor-element elementor-element-2427db04 e-con-full e-flex e-con e-parent\" data-id=\"2427db04\" data-element_type=\"container\" data-e-type=\"container\">\n\t\t<div class=\"elementor-element elementor-element-41dd36c4 e-con-full max-container-width e-flex e-con e-child\" data-id=\"41dd36c4\" data-element_type=\"container\" data-e-type=\"container\" id=\"features-header-section\">\n\t\t<div class=\"elementor-element elementor-element-31d7e02f e-con-full e-flex e-con e-child\" data-id=\"31d7e02f\" data-element_type=\"container\" data-e-type=\"container\" id=\"features-mask-top\" data-settings=\"{&quot;background_background&quot;:&quot;classic&quot;}\">\n\t\t<div class=\"elementor-element elementor-element-9b2495c e-con-full max-content-width e-flex e-con e-child\" data-id=\"9b2495c\" data-element_type=\"container\" data-e-type=\"container\">\n\t\t<div class=\"elementor-element elementor-element-58c9f650 e-con-full e-flex e-con e-child\" data-id=\"58c9f650\" data-element_type=\"container\" data-e-type=\"container\">\n\t\t\t\t<div class=\"elementor-element elementor-element-639fcd26 animated-slow elementor-invisible elementor-widget elementor-widget-heading\" data-id=\"639fcd26\" data-element_type=\"widget\" data-e-type=\"widget\" data-settings=\"{&quot;_animation&quot;:&quot;fadeInRight&quot;}\" data-widget_type=\"heading.default\">\n\t\t\t\t\t<h1 class=\"elementor-heading-title elementor-size-default\">Was ist Rift<\/h1>\t\t\t\t<\/div>\n\t\t\t\t<div class=\"elementor-element elementor-element-42a2e7e8 animated-slow elementor-invisible elementor-widget elementor-widget-text-editor\" data-id=\"42a2e7e8\" data-element_type=\"widget\" data-e-type=\"widget\" data-settings=\"{&quot;_animation&quot;:&quot;fadeInRight&quot;,&quot;_animation_delay&quot;:500}\" data-widget_type=\"text-editor.default\">\n\t\t\t\t\t\t\t\t\t<p>RIFT ist ein Massen-Mehrspieler-Online-Rollenspiel (MMORPG) im dynamischen Fantasy-Universum Telaras. Du bist ein Auserw\u00e4hlter, ein Held Telaras, der sein Land gegen Eindringlinge aus den Elementarebenen verteidigt.<\/p>\t\t\t\t\t\t\t\t<\/div>\n\t\t\t\t<\/div>\n\t\t\t\t<\/div>\n\t\t\t\t<\/div>\n\t\t\t\t<\/div>\n\t\t\t\t<\/div>\n\t\t<div class=\"elementor-element elementor-element-54590d2 e-flex e-con-boxed e-con e-parent\" data-id=\"54590d2\" data-element_type=\"container\" data-e-type=\"container\" data-settings=\"{&quot;background_background&quot;:&quot;classic&quot;}\">\n\t\t\t\t\t<div class=\"e-con-inner\">\n\t\t<div class=\"elementor-element elementor-element-0c6dd10 e-con-full e-flex e-con e-child\" data-id=\"0c6dd10\" data-element_type=\"container\" data-e-type=\"container\">\n\t\t<div class=\"elementor-element elementor-element-5d7a44e e-con-full e-flex e-con e-child\" data-id=\"5d7a44e\" data-element_type=\"container\" data-e-type=\"container\">\n\t\t\t\t<div class=\"elementor-element elementor-element-54c0d27 elementor-widget elementor-widget-heading\" data-id=\"54c0d27\" data-element_type=\"widget\" data-e-type=\"widget\" data-widget_type=\"heading.default\">\n\t\t\t\t\t<h2 class=\"elementor-heading-title elementor-size-default\">Eine Rollenspiel-Odyssee<\/h2>\t\t\t\t<\/div>\n\t\t\t\t<div class=\"elementor-element elementor-element-d3ae13f elementor-widget elementor-widget-text-editor\" data-id=\"d3ae13f\" data-element_type=\"widget\" data-e-type=\"widget\" data-widget_type=\"text-editor.default\">\n\t\t\t\t\t\t\t\t\t<p>Telara ist ein K\u00f6nigreich, in dem \u00fcberall und zu jeder Zeit eine kriegerische Auseinandersetzung ausbrechen kann. Sei also stets wachsam in deinem Kampf um Ruhm und Ehre!  <\/p><p>Dank eines ausgekl\u00fcgelten Systems zur Charaktererstellung sowie eines grenzenlosen Universums bietet RIFT ein \u00e4u\u00dferst abwechslungsreiches und komplexes Gameplay inklusive sich st\u00e4ndig erweiternder Spielinhalte bzw. Performanzverbesserungen. Zudem ist das Spiel KOSTENLOS \u2013 ohne Tricks und Fallen!  <\/p>\t\t\t\t\t\t\t\t<\/div>\n\t\t\t\t<\/div>\n\t\t\t\t<div class=\"elementor-element elementor-element-59caec2 elementor-widget elementor-widget-spacer\" data-id=\"59caec2\" data-element_type=\"widget\" data-e-type=\"widget\" data-widget_type=\"spacer.default\">\n\t\t\t\t\t\t\t<div class=\"elementor-spacer\">\n\t\t\t<div class=\"elementor-spacer-inner\"><\/div>\n\t\t<\/div>\n\t\t\t\t\t\t<\/div>\n\t\t<div class=\"elementor-element elementor-element-6310f5c e-con-full e-flex e-con e-child\" data-id=\"6310f5c\" data-element_type=\"container\" data-e-type=\"container\">\n\t\t<div class=\"elementor-element elementor-element-22ddd3f e-con-full screenshot-border e-flex e-con e-child\" data-id=\"22ddd3f\" data-element_type=\"container\" data-e-type=\"container\">\n\t\t\t\t<div class=\"elementor-element elementor-element-ee6f067 screen elementor-widget__width-initial elementor-widget elementor-widget-image\" data-id=\"ee6f067\" data-element_type=\"widget\" data-e-type=\"widget\" data-widget_type=\"image.default\">\n\t\t\t\t\t\t\t\t\t\t\t\t\t\t\t<img fetchpriority=\"high\" decoding=\"async\" width=\"554\" height=\"311\" src=\"https:\/\/riftgame.com\/wp-content\/uploads\/2024\/10\/overview.webp\" class=\"attachment-large size-large wp-image-717\" alt=\"\" srcset=\"https:\/\/riftgame.com\/wp-content\/uploads\/2024\/10\/overview.webp 554w, https:\/\/riftgame.com\/wp-content\/uploads\/2024\/10\/overview-300x168.webp 300w\" sizes=\"(max-width: 554px) 100vw, 554px\" \/>\t\t\t\t\t\t\t\t\t\t\t\t\t\t\t<\/div>\n\t\t\t\t<\/div>\n\t\t\t\t<\/div>\n\t\t\t\t<\/div>\n\t\t<div class=\"elementor-element elementor-element-cfa2c00 e-con-full e-flex e-con e-child\" data-id=\"cfa2c00\" data-element_type=\"container\" data-e-type=\"container\">\n\t\t<div class=\"elementor-element elementor-element-a6f9782 e-con-full e-flex e-con e-child\" data-id=\"a6f9782\" data-element_type=\"container\" data-e-type=\"container\">\n\t\t<div class=\"elementor-element elementor-element-a0a8f38 e-con-full screenshot-border e-flex e-con e-child\" data-id=\"a0a8f38\" data-element_type=\"container\" data-e-type=\"container\">\n\t\t\t\t<div class=\"elementor-element elementor-element-48cb349 screen elementor-widget elementor-widget-image\" data-id=\"48cb349\" data-element_type=\"widget\" data-e-type=\"widget\" data-widget_type=\"image.default\">\n\t\t\t\t\t\t\t\t\t\t\t\t\t\t\t<img decoding=\"async\" width=\"720\" height=\"450\" src=\"https:\/\/riftgame.com\/wp-content\/uploads\/2024\/11\/rift-relentless.jpg\" class=\"attachment-large size-large wp-image-733\" alt=\"\" srcset=\"https:\/\/riftgame.com\/wp-content\/uploads\/2024\/11\/rift-relentless.jpg 720w, https:\/\/riftgame.com\/wp-content\/uploads\/2024\/11\/rift-relentless-300x188.jpg 300w\" sizes=\"(max-width: 720px) 100vw, 720px\" \/>\t\t\t\t\t\t\t\t\t\t\t\t\t\t\t<\/div>\n\t\t\t\t<\/div>\n\t\t\t\t<\/div>\n\t\t\t\t<div class=\"elementor-element elementor-element-9f21627 elementor-widget elementor-widget-spacer\" data-id=\"9f21627\" data-element_type=\"widget\" data-e-type=\"widget\" data-widget_type=\"spacer.default\">\n\t\t\t\t\t\t\t<div class=\"elementor-spacer\">\n\t\t\t<div class=\"elementor-spacer-inner\"><\/div>\n\t\t<\/div>\n\t\t\t\t\t\t<\/div>\n\t\t<div class=\"elementor-element elementor-element-02ff9b8 e-con-full e-flex e-con e-child\" data-id=\"02ff9b8\" data-element_type=\"container\" data-e-type=\"container\">\n\t\t\t\t<div class=\"elementor-element elementor-element-9fac9bf elementor-widget elementor-widget-heading\" data-id=\"9fac9bf\" data-element_type=\"widget\" data-e-type=\"widget\" data-widget_type=\"heading.default\">\n\t\t\t\t\t<h2 class=\"elementor-heading-title elementor-size-default\">Ein unerbittlicher Kampf<\/h2>\t\t\t\t<\/div>\n\t\t\t\t<div class=\"elementor-element elementor-element-20dd937 elementor-widget elementor-widget-text-editor\" data-id=\"20dd937\" data-element_type=\"widget\" data-e-type=\"widget\" data-widget_type=\"text-editor.default\">\n\t\t\t\t\t\t\t\t\t<p>Schlage in der offenen Welt gemeinsam mit unz\u00e4hligen anderen Spielern kolossale Schlachten gegen feindliche Legionen, erkunde Dungeons und bew\u00e4hre dich in PvP-Kriegsfronten. RIFT bietet dir schier endlose M\u00f6glichkeiten, dich an Gro\u00dfereignissen zu beteiligen \u2013 ganz gleich, ob du den M\u00e4chten der Finsternis im Alleingang den Garaus machen m\u00f6chtest oder es vorziehst als Mitglied einer Gruppe (z. B. in einem Dungeon oder auf einem Schlachtzug) gegen das B\u00f6se ins Feld zu ziehen. Du allein entscheidest ab der ersten Spielminute \u00fcber dein Schicksal in Telara. RIFT l\u00e4sst dir einen beispiellosen kreativen Freiraum bei der Gestaltung deiner Abenteuerreise durch eine magische Welt.  <\/p>\t\t\t\t\t\t\t\t<\/div>\n\t\t\t\t<\/div>\n\t\t\t\t<\/div>\n\t\t<div class=\"elementor-element elementor-element-0ce024a e-con-full e-flex e-con e-child\" data-id=\"0ce024a\" data-element_type=\"container\" data-e-type=\"container\">\n\t\t<div class=\"elementor-element elementor-element-7914ee1 e-con-full e-flex e-con e-child\" data-id=\"7914ee1\" data-element_type=\"container\" data-e-type=\"container\">\n\t\t\t\t<div class=\"elementor-element elementor-element-fb1a531 elementor-widget elementor-widget-heading\" data-id=\"fb1a531\" data-element_type=\"widget\" data-e-type=\"widget\" data-widget_type=\"heading.default\">\n\t\t\t\t\t<h2 class=\"elementor-heading-title elementor-size-default\">Ein grenzenloses Universum<\/h2>\t\t\t\t<\/div>\n\t\t\t\t<div class=\"elementor-element elementor-element-5f8a59b elementor-widget elementor-widget-text-editor\" data-id=\"5f8a59b\" data-element_type=\"widget\" data-e-type=\"widget\" data-widget_type=\"text-editor.default\">\n\t\t\t\t\t\t\t\t\t<p>Zwar beginnt dein Abenteuer in Telara, doch deine Reise f\u00fchrt dich in Gefilde, die weit jenseits der Risse (\u00d6ffnungen zu den Elementarebenen) liegen, die das Firmament dieser Welt in St\u00fccke rei\u00dfen. Auf deinen ersten Erkundungsausfl\u00fcgen durch Mathosia bereist du die Glutinsel und ein wenig sp\u00e4ter Brevane und D\u00e4mmerland \u2013 Regionen am Rande der bekannten Welt. Dort befindet sich ein altes Dimensionstor, das den Weg zu sagenumwobenen K\u00f6nigreichen \u00f6ffnet, die dein Schicksal ver\u00e4ndern werden. Sollte dein unsteter Geist nach noch mehr Abenteuer lechzen, dann empfiehlt sich die Erforschung alternativer Dimensionen Telaras: der Splitter.   <\/p>\t\t\t\t\t\t\t\t<\/div>\n\t\t\t\t<\/div>\n\t\t\t\t<div class=\"elementor-element elementor-element-132e0fc elementor-widget elementor-widget-spacer\" data-id=\"132e0fc\" data-element_type=\"widget\" data-e-type=\"widget\" data-widget_type=\"spacer.default\">\n\t\t\t\t\t\t\t<div class=\"elementor-spacer\">\n\t\t\t<div class=\"elementor-spacer-inner\"><\/div>\n\t\t<\/div>\n\t\t\t\t\t\t<\/div>\n\t\t<div class=\"elementor-element elementor-element-077beb4 e-con-full e-flex e-con e-child\" data-id=\"077beb4\" data-element_type=\"container\" data-e-type=\"container\">\n\t\t<div class=\"elementor-element elementor-element-7fbddce e-con-full screenshot-border e-flex e-con e-child\" data-id=\"7fbddce\" data-element_type=\"container\" data-e-type=\"container\">\n\t\t\t\t<div class=\"elementor-element elementor-element-aec24b2 screen elementor-widget elementor-widget-image\" data-id=\"aec24b2\" data-element_type=\"widget\" data-e-type=\"widget\" data-widget_type=\"image.default\">\n\t\t\t\t\t\t\t\t\t\t\t\t\t\t\t<img decoding=\"async\" width=\"720\" height=\"450\" src=\"https:\/\/riftgame.com\/wp-content\/uploads\/2024\/11\/rift-newway.jpg\" class=\"attachment-large size-large wp-image-731\" alt=\"\" srcset=\"https:\/\/riftgame.com\/wp-content\/uploads\/2024\/11\/rift-newway.jpg 720w, https:\/\/riftgame.com\/wp-content\/uploads\/2024\/11\/rift-newway-300x188.jpg 300w\" sizes=\"(max-width: 720px) 100vw, 720px\" \/>\t\t\t\t\t\t\t\t\t\t\t\t\t\t\t<\/div>\n\t\t\t\t<\/div>\n\t\t\t\t<\/div>\n\t\t\t\t<\/div>\n\t\t<div class=\"elementor-element elementor-element-e944614 e-con-full e-flex e-con e-child\" data-id=\"e944614\" data-element_type=\"container\" data-e-type=\"container\">\n\t\t<div class=\"elementor-element elementor-element-421435d e-con-full e-flex e-con e-child\" data-id=\"421435d\" data-element_type=\"container\" data-e-type=\"container\">\n\t\t<div class=\"elementor-element elementor-element-281d448 e-con-full screenshot-border e-flex e-con e-child\" data-id=\"281d448\" data-element_type=\"container\" data-e-type=\"container\">\n\t\t\t\t<div class=\"elementor-element elementor-element-7df3dd2 screen elementor-widget elementor-widget-image\" data-id=\"7df3dd2\" data-element_type=\"widget\" data-e-type=\"widget\" data-widget_type=\"image.default\">\n\t\t\t\t\t\t\t\t\t\t\t\t\t\t\t<img loading=\"lazy\" decoding=\"async\" width=\"720\" height=\"450\" src=\"https:\/\/riftgame.com\/wp-content\/uploads\/2025\/04\/faq-factions_webP.webp\" class=\"attachment-large size-large wp-image-1043\" alt=\"\" srcset=\"https:\/\/riftgame.com\/wp-content\/uploads\/2025\/04\/faq-factions_webP.webp 720w, https:\/\/riftgame.com\/wp-content\/uploads\/2025\/04\/faq-factions_webP-300x188.webp 300w\" sizes=\"(max-width: 720px) 100vw, 720px\" \/>\t\t\t\t\t\t\t\t\t\t\t\t\t\t\t<\/div>\n\t\t\t\t<\/div>\n\t\t\t\t<\/div>\n\t\t\t\t<div class=\"elementor-element elementor-element-8eeb934 elementor-widget elementor-widget-spacer\" data-id=\"8eeb934\" data-element_type=\"widget\" data-e-type=\"widget\" data-widget_type=\"spacer.default\">\n\t\t\t\t\t\t\t<div class=\"elementor-spacer\">\n\t\t\t<div class=\"elementor-spacer-inner\"><\/div>\n\t\t<\/div>\n\t\t\t\t\t\t<\/div>\n\t\t<div class=\"elementor-element elementor-element-2306a0d e-con-full e-flex e-con e-child\" data-id=\"2306a0d\" data-element_type=\"container\" data-e-type=\"container\">\n\t\t\t\t<div class=\"elementor-element elementor-element-6813fa8 elementor-widget elementor-widget-heading\" data-id=\"6813fa8\" data-element_type=\"widget\" data-e-type=\"widget\" data-widget_type=\"heading.default\">\n\t\t\t\t\t<h2 class=\"elementor-heading-title elementor-size-default\">Eine neue Art des Spielens<\/h2>\t\t\t\t<\/div>\n\t\t\t\t<div class=\"elementor-element elementor-element-7c7e8e6 elementor-widget elementor-widget-text-editor\" data-id=\"7c7e8e6\" data-element_type=\"widget\" data-e-type=\"widget\" data-widget_type=\"text-editor.default\">\n\t\t\t\t\t\t\t\t\t<p>RIFT bietet dir die einmalige Gelegenheit, deine Charakter exakt an deinen Spielstil anzupassen. W\u00e4hle die Fraktion, in deren Namen du in den Kampf ziehen m\u00f6chtest (W\u00e4chter oder Skeptiker), dein Volk und anschlie\u00dfend deine Berufung. Zur Auswahl stehen Krieger, Kleriker, Magier, Schurke oder Primalist. Im Rahmen jeder dieser Berufungen kannst du wiederum einzigartige Seelen mit besonderen Kr\u00e4ften und Eigenschaften ausw\u00e4hlen bzw. miteinander kombinieren. Dar\u00fcber hinaus besteht in RIFT die M\u00f6glichkeit, sich mithilfe sogenannter Bestimmungen, vorgefertigten Profilen, sofort ins Schlachtenget\u00fcmmel zu st\u00fcrzen!   <\/p>\t\t\t\t\t\t\t\t<\/div>\n\t\t\t\t<\/div>\n\t\t\t\t<\/div>\n\t\t\t\t\t<\/div>\n\t\t\t\t<\/div>\n\t\t\t\t<\/div>\n\t\t","protected":false},"excerpt":{"rendered":"<p>Was ist Rift RIFT ist ein Massen-Mehrspieler-Online-Rollenspiel (MMORPG) im dynamischen Fantasy-Universum Telaras. Du bist ein Auserw\u00e4hlter, ein Held Telaras, der sein Land gegen Eindringlinge aus den Elementarebenen verteidigt. Eine Rollenspiel-Odyssee Telara ist ein K\u00f6nigreich, in dem \u00fcberall und zu jeder Zeit eine kriegerische Auseinandersetzung ausbrechen kann. Sei also stets wachsam in deinem Kampf um Ruhm [&hellip;]<\/p>\n","protected":false},"author":3,"featured_media":0,"parent":1240,"menu_order":0,"comment_status":"closed","ping_status":"closed","template":"","meta":{"_acf_changed":false,"footnotes":""},"class_list":["post-1184","page","type-page","status-publish","hentry"],"acf":[],"_links":{"self":[{"href":"https:\/\/riftgame.com\/de\/wp-json\/wp\/v2\/pages\/1184","targetHints":{"allow":["GET"]}}],"collection":[{"href":"https:\/\/riftgame.com\/de\/wp-json\/wp\/v2\/pages"}],"about":[{"href":"https:\/\/riftgame.com\/de\/wp-json\/wp\/v2\/types\/page"}],"author":[{"embeddable":true,"href":"https:\/\/riftgame.com\/de\/wp-json\/wp\/v2\/users\/3"}],"replies":[{"embeddable":true,"href":"https:\/\/riftgame.com\/de\/wp-json\/wp\/v2\/comments?post=1184"}],"version-history":[{"count":0,"href":"https:\/\/riftgame.com\/de\/wp-json\/wp\/v2\/pages\/1184\/revisions"}],"up":[{"embeddable":true,"href":"https:\/\/riftgame.com\/de\/wp-json\/wp\/v2\/pages\/1240"}],"wp:attachment":[{"href":"https:\/\/riftgame.com\/de\/wp-json\/wp\/v2\/media?parent=1184"}],"curies":[{"name":"wp","href":"https:\/\/api.w.org\/{rel}","templated":true}]}}