{"id":1182,"date":"2024-11-15T13:18:44","date_gmt":"2024-11-15T13:18:44","guid":{"rendered":"https:\/\/riftgame.com\/gewerbefertigkeiten\/"},"modified":"2025-07-03T11:52:13","modified_gmt":"2025-07-03T11:52:13","slug":"gewerbefertigkeiten","status":"publish","type":"page","link":"https:\/\/riftgame.com\/de\/spiel\/gewerbefertigkeiten\/","title":{"rendered":"Gewerbefertigkeiten"},"content":{"rendered":"\t\t<div data-elementor-type=\"wp-page\" data-elementor-id=\"1182\" class=\"elementor elementor-1182 elementor-169\" data-elementor-post-type=\"page\">\n\t\t\t\t<div class=\"elementor-element elementor-element-74452847 e-con-full e-flex e-con e-parent\" data-id=\"74452847\" data-element_type=\"container\" data-e-type=\"container\">\n\t\t<div class=\"elementor-element elementor-element-4a27100b e-con-full max-container-width e-flex e-con e-child\" data-id=\"4a27100b\" data-element_type=\"container\" data-e-type=\"container\" id=\"features-header-section\">\n\t\t<div class=\"elementor-element elementor-element-376479e9 e-con-full e-flex e-con e-child\" data-id=\"376479e9\" data-element_type=\"container\" data-e-type=\"container\" id=\"features-mask-top\" data-settings=\"{&quot;background_background&quot;:&quot;classic&quot;}\">\n\t\t<div class=\"elementor-element elementor-element-4385521 e-con-full max-content-width e-flex e-con e-child\" data-id=\"4385521\" data-element_type=\"container\" data-e-type=\"container\">\n\t\t<div class=\"elementor-element elementor-element-315d44c9 e-con-full e-flex e-con e-child\" data-id=\"315d44c9\" data-element_type=\"container\" data-e-type=\"container\">\n\t\t\t\t<div class=\"elementor-element elementor-element-7dd2d8c6 animated-slow elementor-invisible elementor-widget elementor-widget-heading\" data-id=\"7dd2d8c6\" data-element_type=\"widget\" data-e-type=\"widget\" data-settings=\"{&quot;_animation&quot;:&quot;fadeInRight&quot;}\" data-widget_type=\"heading.default\">\n\t\t\t\t\t<h1 class=\"elementor-heading-title elementor-size-default\">Gewerbefertigkeiten<\/h1>\t\t\t\t<\/div>\n\t\t\t\t<div class=\"elementor-element elementor-element-286cdd25 animated-slow elementor-invisible elementor-widget elementor-widget-text-editor\" data-id=\"286cdd25\" data-element_type=\"widget\" data-e-type=\"widget\" data-settings=\"{&quot;_animation&quot;:&quot;fadeInRight&quot;,&quot;_animation_delay&quot;:500}\" data-widget_type=\"text-editor.default\">\n\t\t\t\t\t\t\t\t\t<p>Die Stra\u00dfen der St\u00e4dte Telaras sind erf\u00fcllt vom L\u00e4rm feilschender Handelsleute und flei\u00dfiger Handwerker. Gl\u00fchende \u00d6fen, surrende Webst\u00fchle und der metallene Klang von Ambossen sind untr\u00fcgliche Anzeichen daf\u00fcr, dass Auserw\u00e4hlte mit der Herstellung von Ausr\u00fcstungsgegenst\u00e4nden, Runen, Tr\u00e4nken oder dergleichen besch\u00e4ftigt sind. <\/p><p>Finde deinen Platz in der bl\u00fchenden Wirtschaft Telaras und entscheide dich f\u00fcr ein Handwerk oder f\u00fcr mehrere. Du kannst Rohstoffe sammeln und an die Auserw\u00e4hlten verkaufen, seltene Waffen und R\u00fcstung schmieden oder dich sogar f\u00fcr beides entscheiden.<\/p>\t\t\t\t\t\t\t\t<\/div>\n\t\t\t\t<\/div>\n\t\t\t\t<\/div>\n\t\t\t\t<\/div>\n\t\t\t\t<\/div>\n\t\t<div class=\"elementor-element elementor-element-61b48216 e-con-full max-container-width e-flex e-con e-child\" data-id=\"61b48216\" data-element_type=\"container\" data-e-type=\"container\" id=\"features-lower-section\">\n\t\t<div class=\"elementor-element elementor-element-2ae0e074 e-con-full max-content-width e-flex e-con e-child\" data-id=\"2ae0e074\" data-element_type=\"container\" data-e-type=\"container\">\n\t\t<div class=\"elementor-element elementor-element-1eae417c e-con-full e-flex e-con e-child\" data-id=\"1eae417c\" data-element_type=\"container\" data-e-type=\"container\" data-settings=\"{&quot;motion_fx_motion_fx_scrolling&quot;:&quot;yes&quot;,&quot;motion_fx_translateY_effect&quot;:&quot;yes&quot;,&quot;motion_fx_translateY_direction&quot;:&quot;negative&quot;,&quot;motion_fx_translateY_speed&quot;:{&quot;unit&quot;:&quot;px&quot;,&quot;size&quot;:2,&quot;sizes&quot;:[]},&quot;motion_fx_translateY_affectedRange&quot;:{&quot;unit&quot;:&quot;%&quot;,&quot;size&quot;:&quot;&quot;,&quot;sizes&quot;:{&quot;start&quot;:25,&quot;end&quot;:100}},&quot;motion_fx_devices&quot;:[&quot;widescreen&quot;,&quot;desktop&quot;,&quot;laptop&quot;,&quot;tablet_extra&quot;]}\">\n\t\t<div class=\"elementor-element elementor-element-35f05f3e e-con-full screenshot-border e-flex e-con e-child\" data-id=\"35f05f3e\" data-element_type=\"container\" data-e-type=\"container\">\n\t\t\t\t<div class=\"elementor-element elementor-element-2d43901a elementor-widget elementor-widget-image\" data-id=\"2d43901a\" data-element_type=\"widget\" data-e-type=\"widget\" data-widget_type=\"image.default\">\n\t\t\t\t\t\t\t\t\t\t\t\t\t\t\t<img fetchpriority=\"high\" decoding=\"async\" width=\"720\" height=\"450\" src=\"https:\/\/riftgame.com\/wp-content\/uploads\/2024\/11\/rift-fishing.jpg\" class=\"attachment-full size-full wp-image-801\" alt=\"\" srcset=\"https:\/\/riftgame.com\/wp-content\/uploads\/2024\/11\/rift-fishing.jpg 720w, https:\/\/riftgame.com\/wp-content\/uploads\/2024\/11\/rift-fishing-300x188.jpg 300w\" sizes=\"(max-width: 720px) 100vw, 720px\" \/>\t\t\t\t\t\t\t\t\t\t\t\t\t\t\t<\/div>\n\t\t\t\t<\/div>\n\t\t\t\t<div class=\"elementor-element elementor-element-312a6ba4 elementor-widget elementor-widget-heading\" data-id=\"312a6ba4\" data-element_type=\"widget\" data-e-type=\"widget\" data-widget_type=\"heading.default\">\n\t\t\t\t\t<h2 class=\"elementor-heading-title elementor-size-default\">Sammlerfertigkeiten<\/h2>\t\t\t\t<\/div>\n\t\t\t\t<div class=\"elementor-element elementor-element-1bcf7759 elementor-widget__width-initial elementor-widget elementor-widget-text-editor\" data-id=\"1bcf7759\" data-element_type=\"widget\" data-e-type=\"widget\" data-widget_type=\"text-editor.default\">\n\t\t\t\t\t\t\t\t\t<p>Die Sch\u00e4tze dieser Welt liegen dir zu F\u00fc\u00dfen: jage, pfl\u00fccke, f\u00f6rdere. Sammle Rohstoffe f\u00fcr dein bevorzugtes Handwerk oder verdiene Geld und verkaufe sie einfach an den Meistbietenden! <\/p><p><strong>Schlachten<\/strong><br>Sammle und verarbeite Felle, Leder, Fleisch und mehr und mache dich dadurch bei Ausstattern und K\u00f6chen beliebt.<br>Unterst\u00fctzt: Ausstatter, R\u00fcstungsschmied, Apotheker<\/p><p><strong>Fischen<\/strong><br>Wirf deine Angel aus und fange allerlei exotische Fische von Freimark bis Seratos. Je besser der K\u00f6der, desto fetter der Fisch!<br>Unterst\u00fctzt: \u00dcberleben <br>Unterst\u00fctzt: \u00dcberleben<\/p><p><strong>Sammelkunde<\/strong><br>Nie war der Handel mit Kr\u00e4utern und Holz ergiebiger! Sammle beides, um die Rohstoffe anschlie\u00dfend selbst zu verwerten oder verkaufe sie an den Meistbietenden.<br>Unterst\u00fctzt: Apotheker, Kunsthandwerker, Waffenschmied<\/p><p><strong>Bergbau<\/strong><br>Baue glitzernde Erze und funkelnde Edelsteine ab, die f\u00fcr die Herstellung von R\u00fcstungen, Waffen und magischen Ger\u00e4tschaften unerl\u00e4sslich sind.<br>Unterst\u00fctzt: R\u00fcstungsschmied, Waffenschmied, Kunsthandwerker<\/p>\t\t\t\t\t\t\t\t<\/div>\n\t\t\t\t<\/div>\n\t\t<div class=\"elementor-element elementor-element-12830d60 e-con-full e-flex e-con e-child\" data-id=\"12830d60\" data-element_type=\"container\" data-e-type=\"container\" data-settings=\"{&quot;motion_fx_motion_fx_scrolling&quot;:&quot;yes&quot;,&quot;motion_fx_translateY_effect&quot;:&quot;yes&quot;,&quot;motion_fx_translateY_direction&quot;:&quot;negative&quot;,&quot;motion_fx_translateY_speed&quot;:{&quot;unit&quot;:&quot;px&quot;,&quot;size&quot;:2,&quot;sizes&quot;:[]},&quot;motion_fx_translateY_affectedRange&quot;:{&quot;unit&quot;:&quot;%&quot;,&quot;size&quot;:&quot;&quot;,&quot;sizes&quot;:{&quot;start&quot;:25,&quot;end&quot;:100}},&quot;motion_fx_devices&quot;:[&quot;widescreen&quot;,&quot;desktop&quot;,&quot;laptop&quot;,&quot;tablet_extra&quot;]}\">\n\t\t<div class=\"elementor-element elementor-element-b0a90f8 e-con-full screenshot-border e-flex e-con e-child\" data-id=\"b0a90f8\" data-element_type=\"container\" data-e-type=\"container\">\n\t\t\t\t<div class=\"elementor-element elementor-element-59a42751 elementor-widget elementor-widget-image\" data-id=\"59a42751\" data-element_type=\"widget\" data-e-type=\"widget\" data-widget_type=\"image.default\">\n\t\t\t\t\t\t\t\t\t\t\t\t\t\t\t<img decoding=\"async\" width=\"720\" height=\"450\" src=\"https:\/\/riftgame.com\/wp-content\/uploads\/2024\/11\/rift-craftingskill.jpg\" class=\"attachment-full size-full wp-image-797\" alt=\"\" srcset=\"https:\/\/riftgame.com\/wp-content\/uploads\/2024\/11\/rift-craftingskill.jpg 720w, https:\/\/riftgame.com\/wp-content\/uploads\/2024\/11\/rift-craftingskill-300x188.jpg 300w\" sizes=\"(max-width: 720px) 100vw, 720px\" \/>\t\t\t\t\t\t\t\t\t\t\t\t\t\t\t<\/div>\n\t\t\t\t<\/div>\n\t\t\t\t<div class=\"elementor-element elementor-element-17cd7cd7 elementor-widget elementor-widget-heading\" data-id=\"17cd7cd7\" data-element_type=\"widget\" data-e-type=\"widget\" data-widget_type=\"heading.default\">\n\t\t\t\t\t<h2 class=\"elementor-heading-title elementor-size-default\">Handwerkliche Fertigkeiten<\/h2>\t\t\t\t<\/div>\n\t\t\t\t<div class=\"elementor-element elementor-element-773515f4 elementor-widget__width-initial elementor-widget elementor-widget-text-editor\" data-id=\"773515f4\" data-element_type=\"widget\" data-e-type=\"widget\" data-widget_type=\"text-editor.default\">\n\t\t\t\t\t\t\t\t\t<p>Ganz gleich, ob es darum geht, eine Klinge mit Elementarkr\u00e4ften zu schmieden, Brillanz in eine Robe zu weben oder Runen und Tr\u00e4nken bindende Magie zu verleihen, du kannst die Fr\u00fcchte deiner Arbeit selbst ernten oder verkaufen, um damit noch spannendere Abenteuer zu finanzieren.<\/p><p><strong>Apotheker<\/strong><br>Stelle Tr\u00e4nke, Zaubertr\u00e4nke und Phiolen her: Gegenst\u00e4nde, die Zauber wirkende Effekte besitzen und die sich Auserw\u00e4hlte einverleiben k\u00f6nnen.<br>Empfohlene Berufungen: Alle<\/p><p><strong>R\u00fcstungsschmied<\/strong><br>Schmiede Schutzr\u00fcstungen: von Ketten- und Plattenpanzern bis hin zu Schutzschilden.<br>Empfohlene Berufungen: Kleriker, Krieger<\/p><p><strong>Kunsthandwerker<\/strong><br>Fertige sowohl Schmuck (magische Ringe und Halsketten) als auch Waffen wie St\u00e4be, Zauberst\u00e4be und \u2013 b\u00fccher f\u00fcr Zauberwirker.<br>Empfohlene Berufungen: Kleriker, Magier<\/p><p><strong>Ausstatter<\/strong><br>Fertige Stoff- und Lederr\u00fcstungen sowie Beutel und vieles mehr an. Eine bei Magiern \u00e4u\u00dferst beliebte Option.<br>Empfohlene Berufungen: Magier, Schurke <\/p><p><strong>Waffenschmied<\/strong><br>Schmiede die g\u00e4ngigsten Waffen einschlie\u00dflich Ein- und Zweihandausf\u00fchrungen von Streitkolben, Schwertern, \u00c4xten, Dolchen, Bogen und Gewehren.<br>Empfohlene Berufungen: Krieger, Schurke<\/p>\t\t\t\t\t\t\t\t<\/div>\n\t\t\t\t<\/div>\n\t\t<div class=\"elementor-element elementor-element-3b552124 e-con-full e-flex e-con e-child\" data-id=\"3b552124\" data-element_type=\"container\" data-e-type=\"container\" data-settings=\"{&quot;motion_fx_motion_fx_scrolling&quot;:&quot;yes&quot;,&quot;motion_fx_translateY_effect&quot;:&quot;yes&quot;,&quot;motion_fx_translateY_direction&quot;:&quot;negative&quot;,&quot;motion_fx_translateY_speed&quot;:{&quot;unit&quot;:&quot;px&quot;,&quot;size&quot;:2,&quot;sizes&quot;:[]},&quot;motion_fx_translateY_affectedRange&quot;:{&quot;unit&quot;:&quot;%&quot;,&quot;size&quot;:&quot;&quot;,&quot;sizes&quot;:{&quot;start&quot;:25,&quot;end&quot;:100}},&quot;motion_fx_devices&quot;:[&quot;widescreen&quot;,&quot;desktop&quot;,&quot;laptop&quot;,&quot;tablet_extra&quot;]}\">\n\t\t<div class=\"elementor-element elementor-element-51b7c3af e-con-full screenshot-border e-flex e-con e-child\" data-id=\"51b7c3af\" data-element_type=\"container\" data-e-type=\"container\">\n\t\t\t\t<div class=\"elementor-element elementor-element-3232202d elementor-widget elementor-widget-image\" data-id=\"3232202d\" data-element_type=\"widget\" data-e-type=\"widget\" data-widget_type=\"image.default\">\n\t\t\t\t\t\t\t\t\t\t\t\t\t\t\t<img decoding=\"async\" width=\"720\" height=\"450\" src=\"https:\/\/riftgame.com\/wp-content\/uploads\/2025\/03\/enhancement2_webP.webp\" class=\"attachment-full size-full wp-image-975\" alt=\"\" srcset=\"https:\/\/riftgame.com\/wp-content\/uploads\/2025\/03\/enhancement2_webP.webp 720w, https:\/\/riftgame.com\/wp-content\/uploads\/2025\/03\/enhancement2_webP-300x188.webp 300w\" sizes=\"(max-width: 720px) 100vw, 720px\" \/>\t\t\t\t\t\t\t\t\t\t\t\t\t\t\t<\/div>\n\t\t\t\t<\/div>\n\t\t\t\t<div class=\"elementor-element elementor-element-15b9c3d4 elementor-widget elementor-widget-heading\" data-id=\"15b9c3d4\" data-element_type=\"widget\" data-e-type=\"widget\" data-widget_type=\"heading.default\">\n\t\t\t\t\t<h2 class=\"elementor-heading-title elementor-size-default\">Aufwertungsfertigkeiten<\/h2>\t\t\t\t<\/div>\n\t\t\t\t<div class=\"elementor-element elementor-element-463600b5 elementor-widget__width-initial elementor-widget elementor-widget-text-editor\" data-id=\"463600b5\" data-element_type=\"widget\" data-e-type=\"widget\" data-widget_type=\"text-editor.default\">\n\t\t\t\t\t\t\t\t\t<p>Nimm hergestellte Gegenst\u00e4nde, die du oder andere Spieler hergestellt haben, und bringe sie auf ein h\u00f6heres Gel\u00e4nde! Verbessere ihre St\u00e4rke dank Runen, Verzauberungen und Kugeln, egal ob du sie zu deinem Vorteil beh\u00e4ltst oder sie mit anderen Abenteurern tauschst. <\/p><p><strong>Runenfertiger<\/strong><br>Zerlege magische Gegenst\u00e4nde und binde die Energie, um Runen zu erstellen, die jede Statistik veredeln.<br>Empfohlene Berufungen: Alle<\/p><p><strong>Traumweber<\/strong><br>Stelle Schl\u00fcssel f\u00fcr Dimensionen sowie Wasser, Funken, Rauch und objektfreie Licht- und Partikeleffekte her, die du zu deinen Lieblingsr\u00fcckzugsorten hinzuf\u00fcgen kannst, sowie Runengegenst\u00e4nde namens Traumkugeln, die von allen verwendet werden k\u00f6nnen.<br>Empfohlene Berufungen: Alle<br><br><\/p>\t\t\t\t\t\t\t\t<\/div>\n\t\t\t\t<\/div>\n\t\t\t\t<\/div>\n\t\t<div class=\"elementor-element elementor-element-5c65c40 e-con-full max-content-width e-flex e-con e-child\" data-id=\"5c65c40\" data-element_type=\"container\" data-e-type=\"container\" data-settings=\"{&quot;motion_fx_motion_fx_scrolling&quot;:&quot;yes&quot;,&quot;motion_fx_translateY_effect&quot;:&quot;yes&quot;,&quot;motion_fx_translateY_direction&quot;:&quot;negative&quot;,&quot;motion_fx_translateY_speed&quot;:{&quot;unit&quot;:&quot;px&quot;,&quot;size&quot;:2,&quot;sizes&quot;:[]},&quot;motion_fx_translateY_affectedRange&quot;:{&quot;unit&quot;:&quot;%&quot;,&quot;size&quot;:&quot;&quot;,&quot;sizes&quot;:{&quot;start&quot;:25,&quot;end&quot;:100}},&quot;motion_fx_devices&quot;:[&quot;widescreen&quot;,&quot;desktop&quot;,&quot;laptop&quot;,&quot;tablet_extra&quot;]}\">\n\t\t<div class=\"elementor-element elementor-element-8ecbb80 e-con-full e-flex e-con e-child\" data-id=\"8ecbb80\" data-element_type=\"container\" data-e-type=\"container\">\n\t\t\t\t<div class=\"elementor-element elementor-element-cb81741 elementor-widget elementor-widget-heading\" data-id=\"cb81741\" data-element_type=\"widget\" data-e-type=\"widget\" data-widget_type=\"heading.default\">\n\t\t\t\t\t<h2 class=\"elementor-heading-title elementor-size-default\">Erg\u00e4nzungsfertigkeiten<\/h2>\t\t\t\t<\/div>\n\t\t\t\t<div class=\"elementor-element elementor-element-b22b79b elementor-widget__width-initial elementor-widget elementor-widget-text-editor\" data-id=\"b22b79b\" data-element_type=\"widget\" data-e-type=\"widget\" data-widget_type=\"text-editor.default\">\n\t\t\t\t\t\t\t\t\t<p>Du sch\u00e4tzt am Auserw\u00e4hlten-Dasein vor allem die Unabh\u00e4ngigkeit? Dann lass dir doch von teleranischen Ausbildern einfach noch ein paar zus\u00e4tzliche Fertigkeiten beibringen! Ganz gleich, ob das neu Erlernte der Jagd, der Zubereitung \u00fcberlebenswichtiger Speisen, der Manawiederherstellung oder der Erlangung einzigartiger St\u00e4rkungen dient, die Obergrenze von drei Handwerksfertigkeiten bleibt davon unber\u00fchrt! <\/p><p><strong>\u00dcberleben<\/strong><br>Bereite eine Vielzahl von Gerichten zu, die deine pers\u00f6nlichen Werte positiv beeinflussen und erstelle Bettrollen\/Zelte, die dir sowie deinen Gef\u00e4hrten zus\u00e4tzliche Erfahrungspunkte bringen.<br>Empfohlene Berufungen: Alle<\/p><p><strong>Fischen<\/strong><br>Wirf deine Angel aus und fange allerlei exotische Fische von Freimark bis Seratos. Je besser der K\u00f6der, desto fetter der Fisch!<br><br> <br>Unterst\u00fctzt: \u00dcberleben<\/p>\t\t\t\t\t\t\t\t<\/div>\n\t\t\t\t<\/div>\n\t\t\t\t<\/div>\n\t\t\t\t<\/div>\n\t\t\t\t<\/div>\n\t\t\t\t<\/div>\n\t\t","protected":false},"excerpt":{"rendered":"<p>Gewerbefertigkeiten Die Stra\u00dfen der St\u00e4dte Telaras sind erf\u00fcllt vom L\u00e4rm feilschender Handelsleute und flei\u00dfiger Handwerker. Gl\u00fchende \u00d6fen, surrende Webst\u00fchle und der metallene Klang von Ambossen sind untr\u00fcgliche Anzeichen daf\u00fcr, dass Auserw\u00e4hlte mit der Herstellung von Ausr\u00fcstungsgegenst\u00e4nden, Runen, Tr\u00e4nken oder dergleichen besch\u00e4ftigt sind. Finde deinen Platz in der bl\u00fchenden Wirtschaft Telaras und entscheide dich f\u00fcr ein [&hellip;]<\/p>\n","protected":false},"author":3,"featured_media":0,"parent":1240,"menu_order":0,"comment_status":"closed","ping_status":"closed","template":"","meta":{"_acf_changed":false,"footnotes":""},"class_list":["post-1182","page","type-page","status-publish","hentry"],"acf":[],"_links":{"self":[{"href":"https:\/\/riftgame.com\/de\/wp-json\/wp\/v2\/pages\/1182","targetHints":{"allow":["GET"]}}],"collection":[{"href":"https:\/\/riftgame.com\/de\/wp-json\/wp\/v2\/pages"}],"about":[{"href":"https:\/\/riftgame.com\/de\/wp-json\/wp\/v2\/types\/page"}],"author":[{"embeddable":true,"href":"https:\/\/riftgame.com\/de\/wp-json\/wp\/v2\/users\/3"}],"replies":[{"embeddable":true,"href":"https:\/\/riftgame.com\/de\/wp-json\/wp\/v2\/comments?post=1182"}],"version-history":[{"count":0,"href":"https:\/\/riftgame.com\/de\/wp-json\/wp\/v2\/pages\/1182\/revisions"}],"up":[{"embeddable":true,"href":"https:\/\/riftgame.com\/de\/wp-json\/wp\/v2\/pages\/1240"}],"wp:attachment":[{"href":"https:\/\/riftgame.com\/de\/wp-json\/wp\/v2\/media?parent=1182"}],"curies":[{"name":"wp","href":"https:\/\/api.w.org\/{rel}","templated":true}]}}