{"id":1165,"date":"2024-11-11T10:23:04","date_gmt":"2024-11-11T10:23:04","guid":{"rendered":"https:\/\/riftgame.com\/risse\/"},"modified":"2025-07-03T11:52:56","modified_gmt":"2025-07-03T11:52:56","slug":"risse","status":"publish","type":"page","link":"https:\/\/riftgame.com\/de\/spiel\/risse\/","title":{"rendered":"Risse"},"content":{"rendered":"\t\t<div data-elementor-type=\"wp-page\" data-elementor-id=\"1165\" class=\"elementor elementor-1165 elementor-115\" data-elementor-post-type=\"page\">\n\t\t\t\t<div class=\"elementor-element elementor-element-58039659 e-con-full e-flex e-con e-parent\" data-id=\"58039659\" data-element_type=\"container\" data-e-type=\"container\">\n\t\t<div class=\"elementor-element elementor-element-3c71657b e-con-full max-container-width e-flex e-con e-child\" data-id=\"3c71657b\" data-element_type=\"container\" data-e-type=\"container\" id=\"features-header-section\">\n\t\t<div class=\"elementor-element elementor-element-7e57103f e-con-full e-flex e-con e-child\" data-id=\"7e57103f\" data-element_type=\"container\" data-e-type=\"container\" id=\"features-mask-top\" data-settings=\"{&quot;background_background&quot;:&quot;classic&quot;}\">\n\t\t<div class=\"elementor-element elementor-element-2ff2fd53 e-con-full max-content-width e-flex e-con e-child\" data-id=\"2ff2fd53\" data-element_type=\"container\" data-e-type=\"container\">\n\t\t<div class=\"elementor-element elementor-element-8b55523 e-con-full e-flex e-con e-child\" data-id=\"8b55523\" data-element_type=\"container\" data-e-type=\"container\">\n\t\t\t\t<div class=\"elementor-element elementor-element-6352e691 animated-slow elementor-invisible elementor-widget elementor-widget-heading\" data-id=\"6352e691\" data-element_type=\"widget\" data-e-type=\"widget\" data-settings=\"{&quot;_animation&quot;:&quot;fadeInRight&quot;}\" data-widget_type=\"heading.default\">\n\t\t\t\t\t<h1 class=\"elementor-heading-title elementor-size-default\">Risse<\/h1>\t\t\t\t<\/div>\n\t\t\t\t<div class=\"elementor-element elementor-element-37c713a2 animated-slow elementor-invisible elementor-widget elementor-widget-text-editor\" data-id=\"37c713a2\" data-element_type=\"widget\" data-e-type=\"widget\" data-settings=\"{&quot;_animation&quot;:&quot;fadeInRight&quot;,&quot;_animation_delay&quot;:500}\" data-widget_type=\"text-editor.default\">\n\t\t\t\t\t\t\t\t\t<p>Risse sind Spalte im Raum-Zeit-Kontinuum und tauchen \u00fcberall dort auf, wo Elementar-Ebenen mit der Welt von Telara kollidieren.<\/p><p>Jeder Riss ist eine Passage f\u00fcr Invasoren, ein Portal f\u00fcr Armeen aus dem Jenseits, die nur ein Ziel kennen: Eroberung und Zerst\u00f6rung. An der Spitze dieser Armeen stehen die Gener\u00e4le des Blutsturms, m\u00e4chtige Schergen der Dracheng\u00f6tter und Erzfeinde der Auserw\u00e4hlten. <\/p><p>Werden nicht gen\u00fcgend Risse geschlossen, kann das B\u00f6se ganze Zonen \u00fcberrennen!<\/p>\t\t\t\t\t\t\t\t<\/div>\n\t\t\t\t<\/div>\n\t\t\t\t<\/div>\n\t\t\t\t<\/div>\n\t\t\t\t<\/div>\n\t\t<div class=\"elementor-element elementor-element-3b7192a5 e-con-full max-container-width e-flex e-con e-child\" data-id=\"3b7192a5\" data-element_type=\"container\" data-e-type=\"container\" id=\"features-lower-section\">\n\t\t<div class=\"elementor-element elementor-element-815d598 e-con-full max-content-width e-flex e-con e-child\" data-id=\"815d598\" data-element_type=\"container\" data-e-type=\"container\">\n\t\t<div class=\"elementor-element elementor-element-7214c7bd e-con-full e-flex e-con e-child\" data-id=\"7214c7bd\" data-element_type=\"container\" data-e-type=\"container\" data-settings=\"{&quot;motion_fx_motion_fx_scrolling&quot;:&quot;yes&quot;,&quot;motion_fx_translateY_effect&quot;:&quot;yes&quot;,&quot;motion_fx_translateY_direction&quot;:&quot;negative&quot;,&quot;motion_fx_translateY_speed&quot;:{&quot;unit&quot;:&quot;px&quot;,&quot;size&quot;:2,&quot;sizes&quot;:[]},&quot;motion_fx_translateY_affectedRange&quot;:{&quot;unit&quot;:&quot;%&quot;,&quot;size&quot;:&quot;&quot;,&quot;sizes&quot;:{&quot;start&quot;:25,&quot;end&quot;:100}},&quot;motion_fx_devices&quot;:[&quot;widescreen&quot;,&quot;desktop&quot;,&quot;laptop&quot;,&quot;tablet_extra&quot;]}\">\n\t\t<div class=\"elementor-element elementor-element-20d4756c e-con-full screenshot-border e-flex e-con e-child\" data-id=\"20d4756c\" data-element_type=\"container\" data-e-type=\"container\">\n\t\t\t\t<div class=\"elementor-element elementor-element-22b3310f elementor-widget elementor-widget-image\" data-id=\"22b3310f\" data-element_type=\"widget\" data-e-type=\"widget\" data-widget_type=\"image.default\">\n\t\t\t\t\t\t\t\t\t\t\t\t\t\t\t<img fetchpriority=\"high\" decoding=\"async\" width=\"720\" height=\"450\" src=\"https:\/\/riftgame.com\/wp-content\/uploads\/2024\/11\/rift-nightmare.jpg\" class=\"attachment-full size-full wp-image-789\" alt=\"\" srcset=\"https:\/\/riftgame.com\/wp-content\/uploads\/2024\/11\/rift-nightmare.jpg 720w, https:\/\/riftgame.com\/wp-content\/uploads\/2024\/11\/rift-nightmare-300x188.jpg 300w\" sizes=\"(max-width: 720px) 100vw, 720px\" \/>\t\t\t\t\t\t\t\t\t\t\t\t\t\t\t<\/div>\n\t\t\t\t<\/div>\n\t\t\t\t<div class=\"elementor-element elementor-element-21c1cf69 elementor-widget elementor-widget-heading\" data-id=\"21c1cf69\" data-element_type=\"widget\" data-e-type=\"widget\" data-widget_type=\"heading.default\">\n\t\t\t\t\t<h2 class=\"elementor-heading-title elementor-size-default\">Nightmare Rifts<\/h2>\t\t\t\t<\/div>\n\t\t\t\t<div class=\"elementor-element elementor-element-4d5ad9c3 elementor-widget__width-initial elementor-widget elementor-widget-text-editor\" data-id=\"4d5ad9c3\" data-element_type=\"widget\" data-e-type=\"widget\" data-widget_type=\"text-editor.default\">\n\t\t\t\t\t\t\t\t\t<p>Von Siberwald und Freimark bis hin zum Tarken-Gletscher \u2013 ganz Telara wird von Albtraumrissen heimgesucht, die dem kampferprobten Auserw\u00e4hlten eine schier endlose Abfolge von Herausforderungen entgegenschleudern und die Welt st\u00e4ndig mit neuen Schrecken \u00fcberziehen.<\/p><p>Solange du dich w\u00e4hrend der einzelnen Rissphasen innerhalb des Zeitlimits bewegst, werden dir sukzessive neue (und stetig schwererer zu besiegende) Eindringlingswellen entgegengeworfen.<\/p><p>W\u00e4hrend du Welle um Welle niederringst, erh\u00e4ltst du im Gegenzug f\u00fcr deinen heldenhaften Kampf sagenhaft Beute, Erfolge, Vorratskisten sowie Zugriff auf Risse der n\u00e4chsth\u00f6heren Kategorie.<\/p>\t\t\t\t\t\t\t\t<\/div>\n\t\t\t\t<\/div>\n\t\t<div class=\"elementor-element elementor-element-3ae5cade e-con-full e-flex e-con e-child\" data-id=\"3ae5cade\" data-element_type=\"container\" data-e-type=\"container\" data-settings=\"{&quot;motion_fx_motion_fx_scrolling&quot;:&quot;yes&quot;,&quot;motion_fx_translateY_effect&quot;:&quot;yes&quot;,&quot;motion_fx_translateY_direction&quot;:&quot;negative&quot;,&quot;motion_fx_translateY_speed&quot;:{&quot;unit&quot;:&quot;px&quot;,&quot;size&quot;:2,&quot;sizes&quot;:[]},&quot;motion_fx_translateY_affectedRange&quot;:{&quot;unit&quot;:&quot;%&quot;,&quot;size&quot;:&quot;&quot;,&quot;sizes&quot;:{&quot;start&quot;:25,&quot;end&quot;:100}},&quot;motion_fx_devices&quot;:[&quot;widescreen&quot;,&quot;desktop&quot;,&quot;laptop&quot;,&quot;tablet_extra&quot;]}\">\n\t\t<div class=\"elementor-element elementor-element-7dee967c e-con-full screenshot-border e-flex e-con e-child\" data-id=\"7dee967c\" data-element_type=\"container\" data-e-type=\"container\">\n\t\t\t\t<div class=\"elementor-element elementor-element-253a9bca elementor-widget elementor-widget-image\" data-id=\"253a9bca\" data-element_type=\"widget\" data-e-type=\"widget\" data-widget_type=\"image.default\">\n\t\t\t\t\t\t\t\t\t\t\t\t\t\t\t<img decoding=\"async\" width=\"720\" height=\"450\" src=\"https:\/\/riftgame.com\/wp-content\/uploads\/2024\/11\/rift-crafting.jpg\" class=\"attachment-full size-full wp-image-785\" alt=\"\" srcset=\"https:\/\/riftgame.com\/wp-content\/uploads\/2024\/11\/rift-crafting.jpg 720w, https:\/\/riftgame.com\/wp-content\/uploads\/2024\/11\/rift-crafting-300x188.jpg 300w\" sizes=\"(max-width: 720px) 100vw, 720px\" \/>\t\t\t\t\t\t\t\t\t\t\t\t\t\t\t<\/div>\n\t\t\t\t<\/div>\n\t\t\t\t<div class=\"elementor-element elementor-element-520728 elementor-widget elementor-widget-heading\" data-id=\"520728\" data-element_type=\"widget\" data-e-type=\"widget\" data-widget_type=\"heading.default\">\n\t\t\t\t\t<h2 class=\"elementor-heading-title elementor-size-default\">Handwerksrisse<\/h2>\t\t\t\t<\/div>\n\t\t\t\t<div class=\"elementor-element elementor-element-18982e9a elementor-widget__width-initial elementor-widget elementor-widget-text-editor\" data-id=\"18982e9a\" data-element_type=\"widget\" data-e-type=\"widget\" data-widget_type=\"text-editor.default\">\n\t\t\t\t\t\t\t\t\t<p>W\u00e4hrend du dir den Weg auf dem Tarken-Gletscher freik\u00e4mpfst, lauern am Wegesrand Eindringlinge aus Ebenenhandwerksrissen, die es zu besiegen gilt, willst in den Besitz brandneuer Materialien und Anleitungen von noch nie da gewesener Macht gelangen.<\/p><p>Doch sei gewarnt: Diese riesige Eisw\u00fcste ist ein gef\u00e4hrlicher Ort, an dem die tosenden R\u00e4nder des Kosmos selbst den Elementarreichen seltene und m\u00e4chtige Energien entrei\u00dfen!<\/p>\t\t\t\t\t\t\t\t<\/div>\n\t\t\t\t<\/div>\n\t\t<div class=\"elementor-element elementor-element-2c479f8a e-con-full e-flex e-con e-child\" data-id=\"2c479f8a\" data-element_type=\"container\" data-e-type=\"container\" data-settings=\"{&quot;motion_fx_motion_fx_scrolling&quot;:&quot;yes&quot;,&quot;motion_fx_translateY_effect&quot;:&quot;yes&quot;,&quot;motion_fx_translateY_direction&quot;:&quot;negative&quot;,&quot;motion_fx_translateY_speed&quot;:{&quot;unit&quot;:&quot;px&quot;,&quot;size&quot;:2,&quot;sizes&quot;:[]},&quot;motion_fx_translateY_affectedRange&quot;:{&quot;unit&quot;:&quot;%&quot;,&quot;size&quot;:&quot;&quot;,&quot;sizes&quot;:{&quot;start&quot;:25,&quot;end&quot;:100}},&quot;motion_fx_devices&quot;:[&quot;widescreen&quot;,&quot;desktop&quot;,&quot;laptop&quot;,&quot;tablet_extra&quot;]}\">\n\t\t<div class=\"elementor-element elementor-element-43e47527 e-con-full screenshot-border e-flex e-con e-child\" data-id=\"43e47527\" data-element_type=\"container\" data-e-type=\"container\">\n\t\t\t\t<div class=\"elementor-element elementor-element-2b3ac255 elementor-widget elementor-widget-image\" data-id=\"2b3ac255\" data-element_type=\"widget\" data-e-type=\"widget\" data-widget_type=\"image.default\">\n\t\t\t\t\t\t\t\t\t\t\t\t\t\t\t<img decoding=\"async\" width=\"720\" height=\"450\" src=\"https:\/\/riftgame.com\/wp-content\/uploads\/2024\/11\/rift-expert-raid.jpg\" class=\"attachment-full size-full wp-image-787\" alt=\"\" srcset=\"https:\/\/riftgame.com\/wp-content\/uploads\/2024\/11\/rift-expert-raid.jpg 720w, https:\/\/riftgame.com\/wp-content\/uploads\/2024\/11\/rift-expert-raid-300x188.jpg 300w\" sizes=\"(max-width: 720px) 100vw, 720px\" \/>\t\t\t\t\t\t\t\t\t\t\t\t\t\t\t<\/div>\n\t\t\t\t<\/div>\n\t\t\t\t<div class=\"elementor-element elementor-element-2f412807 elementor-widget elementor-widget-heading\" data-id=\"2f412807\" data-element_type=\"widget\" data-e-type=\"widget\" data-widget_type=\"heading.default\">\n\t\t\t\t\t<h2 class=\"elementor-heading-title elementor-size-default\">Experten- und Schlachtzugsrisse<\/h2>\t\t\t\t<\/div>\n\t\t\t\t<div class=\"elementor-element elementor-element-cf22869 elementor-widget__width-initial elementor-widget elementor-widget-text-editor\" data-id=\"cf22869\" data-element_type=\"widget\" data-e-type=\"widget\" data-widget_type=\"text-editor.default\">\n\t\t\t\t\t\t\t\t\t<p>Schlachtzugsrisse sind f\u00fcr 10 oder mehr schwerbewaffnete und unerschrockene Auserw\u00e4hlte konzipiert, die willens sind, es mit Wellen der abscheulichsten Kreaturen aufzunehmen.<\/p><p>Jeder Schlachtzugsriss bringt m\u00e4chtige Eindringlinge hervor, die dir und deinen Waffenbr\u00fcdern nach gewonnener Schlacht Truhen voller sagenhafter und einmaliger Sch\u00e4tze bescheren.<\/p>\t\t\t\t\t\t\t\t<\/div>\n\t\t\t\t<\/div>\n\t\t\t\t<\/div>\n\t\t\t\t<\/div>\n\t\t\t\t<\/div>\n\t\t\t\t<\/div>\n\t\t","protected":false},"excerpt":{"rendered":"<p>Risse Risse sind Spalte im Raum-Zeit-Kontinuum und tauchen \u00fcberall dort auf, wo Elementar-Ebenen mit der Welt von Telara kollidieren. Jeder Riss ist eine Passage f\u00fcr Invasoren, ein Portal f\u00fcr Armeen aus dem Jenseits, die nur ein Ziel kennen: Eroberung und Zerst\u00f6rung. An der Spitze dieser Armeen stehen die Gener\u00e4le des Blutsturms, m\u00e4chtige Schergen der Dracheng\u00f6tter [&hellip;]<\/p>\n","protected":false},"author":3,"featured_media":0,"parent":1240,"menu_order":0,"comment_status":"closed","ping_status":"closed","template":"","meta":{"_acf_changed":false,"footnotes":""},"class_list":["post-1165","page","type-page","status-publish","hentry"],"acf":[],"_links":{"self":[{"href":"https:\/\/riftgame.com\/de\/wp-json\/wp\/v2\/pages\/1165","targetHints":{"allow":["GET"]}}],"collection":[{"href":"https:\/\/riftgame.com\/de\/wp-json\/wp\/v2\/pages"}],"about":[{"href":"https:\/\/riftgame.com\/de\/wp-json\/wp\/v2\/types\/page"}],"author":[{"embeddable":true,"href":"https:\/\/riftgame.com\/de\/wp-json\/wp\/v2\/users\/3"}],"replies":[{"embeddable":true,"href":"https:\/\/riftgame.com\/de\/wp-json\/wp\/v2\/comments?post=1165"}],"version-history":[{"count":0,"href":"https:\/\/riftgame.com\/de\/wp-json\/wp\/v2\/pages\/1165\/revisions"}],"up":[{"embeddable":true,"href":"https:\/\/riftgame.com\/de\/wp-json\/wp\/v2\/pages\/1240"}],"wp:attachment":[{"href":"https:\/\/riftgame.com\/de\/wp-json\/wp\/v2\/media?parent=1165"}],"curies":[{"name":"wp","href":"https:\/\/api.w.org\/{rel}","templated":true}]}}