{"id":1163,"date":"2024-11-15T13:13:44","date_gmt":"2024-11-15T13:13:44","guid":{"rendered":"https:\/\/riftgame.com\/rift-rueckkehr\/"},"modified":"2025-07-03T11:52:47","modified_gmt":"2025-07-03T11:52:47","slug":"rift-rueckkehr","status":"publish","type":"page","link":"https:\/\/riftgame.com\/de\/spiel\/rift-rueckkehr\/","title":{"rendered":"RIFT-R\u00fcckkehr"},"content":{"rendered":"\t\t<div data-elementor-type=\"wp-page\" data-elementor-id=\"1163\" class=\"elementor elementor-1163 elementor-159\" data-elementor-post-type=\"page\">\n\t\t\t\t<div class=\"elementor-element elementor-element-2b0e5654 e-con-full e-flex e-con e-parent\" data-id=\"2b0e5654\" data-element_type=\"container\" data-e-type=\"container\">\n\t\t<div class=\"elementor-element elementor-element-7d12a942 e-con-full max-container-width e-flex e-con e-child\" data-id=\"7d12a942\" data-element_type=\"container\" data-e-type=\"container\" id=\"features-header-section\">\n\t\t<div class=\"elementor-element elementor-element-48ae3d69 e-con-full e-flex e-con e-child\" data-id=\"48ae3d69\" data-element_type=\"container\" data-e-type=\"container\" id=\"features-mask-top\" data-settings=\"{&quot;background_background&quot;:&quot;classic&quot;}\">\n\t\t<div class=\"elementor-element elementor-element-531f4f75 e-con-full max-content-width e-flex e-con e-child\" data-id=\"531f4f75\" data-element_type=\"container\" data-e-type=\"container\">\n\t\t<div class=\"elementor-element elementor-element-4924922f e-con-full e-flex e-con e-child\" data-id=\"4924922f\" data-element_type=\"container\" data-e-type=\"container\">\n\t\t\t\t<div class=\"elementor-element elementor-element-49276738 animated-slow elementor-invisible elementor-widget elementor-widget-heading\" data-id=\"49276738\" data-element_type=\"widget\" data-e-type=\"widget\" data-settings=\"{&quot;_animation&quot;:&quot;fadeInRight&quot;}\" data-widget_type=\"heading.default\">\n\t\t\t\t\t<h1 class=\"elementor-heading-title elementor-size-default\">RIFT-R\u00fcckkehr<\/h1>\t\t\t\t<\/div>\n\t\t\t\t<div class=\"elementor-element elementor-element-77b99d0a animated-slow elementor-invisible elementor-widget elementor-widget-text-editor\" data-id=\"77b99d0a\" data-element_type=\"widget\" data-e-type=\"widget\" data-settings=\"{&quot;_animation&quot;:&quot;fadeInRight&quot;,&quot;_animation_delay&quot;:500}\" data-widget_type=\"text-editor.default\">\n\t\t\t\t\t\t\t\t\t<div class=\"g12\"><p id=\"breadcrumbs\"><strong>Bei all den zur\u00fcckkehrenden Spielern in letzter Zeit haben wir festgestellt, dass ihr viele Fragen dar\u00fcber habt, was sich seit eurer letzten Anmeldung ver\u00e4ndert hat. Lest weiter und erhaltet einen \u00dcberblick \u00fcber die beliebtesten Features, die wir hinzugef\u00fcgt haben!   <\/strong><\/p><\/div>\t\t\t\t\t\t\t\t<\/div>\n\t\t\t\t<\/div>\n\t\t\t\t<\/div>\n\t\t\t\t<\/div>\n\t\t\t\t<\/div>\n\t\t<div class=\"elementor-element elementor-element-1b66ed15 e-con-full max-container-width e-flex e-con e-child\" data-id=\"1b66ed15\" data-element_type=\"container\" data-e-type=\"container\" id=\"features-lower-section\">\n\t\t<div class=\"elementor-element elementor-element-61e7c4dd e-con-full max-content-width e-flex e-con e-child\" data-id=\"61e7c4dd\" data-element_type=\"container\" data-e-type=\"container\">\n\t\t<div class=\"elementor-element elementor-element-619ee006 e-con-full e-flex e-con e-child\" data-id=\"619ee006\" data-element_type=\"container\" data-e-type=\"container\" data-settings=\"{&quot;motion_fx_motion_fx_scrolling&quot;:&quot;yes&quot;,&quot;motion_fx_translateY_effect&quot;:&quot;yes&quot;,&quot;motion_fx_translateY_direction&quot;:&quot;negative&quot;,&quot;motion_fx_translateY_speed&quot;:{&quot;unit&quot;:&quot;px&quot;,&quot;size&quot;:2,&quot;sizes&quot;:[]},&quot;motion_fx_translateY_affectedRange&quot;:{&quot;unit&quot;:&quot;%&quot;,&quot;size&quot;:&quot;&quot;,&quot;sizes&quot;:{&quot;start&quot;:25,&quot;end&quot;:100}},&quot;motion_fx_devices&quot;:[&quot;widescreen&quot;,&quot;desktop&quot;,&quot;laptop&quot;,&quot;tablet_extra&quot;]}\">\n\t\t<div class=\"elementor-element elementor-element-50ccee00 e-con-full screenshot-border e-flex e-con e-child\" data-id=\"50ccee00\" data-element_type=\"container\" data-e-type=\"container\">\n\t\t\t\t<div class=\"elementor-element elementor-element-2487557a elementor-widget elementor-widget-image\" data-id=\"2487557a\" data-element_type=\"widget\" data-e-type=\"widget\" data-widget_type=\"image.default\">\n\t\t\t\t\t\t\t\t\t\t\t\t\t\t\t<img fetchpriority=\"high\" decoding=\"async\" width=\"720\" height=\"450\" src=\"https:\/\/riftgame.com\/wp-content\/uploads\/2025\/03\/storm-legion_webP.webp\" class=\"attachment-full size-full wp-image-981\" alt=\"\" srcset=\"https:\/\/riftgame.com\/wp-content\/uploads\/2025\/03\/storm-legion_webP.webp 720w, https:\/\/riftgame.com\/wp-content\/uploads\/2025\/03\/storm-legion_webP-300x188.webp 300w\" sizes=\"(max-width: 720px) 100vw, 720px\" \/>\t\t\t\t\t\t\t\t\t\t\t\t\t\t\t<\/div>\n\t\t\t\t<\/div>\n\t\t\t\t<div class=\"elementor-element elementor-element-3d619c3d elementor-widget elementor-widget-heading\" data-id=\"3d619c3d\" data-element_type=\"widget\" data-e-type=\"widget\" data-widget_type=\"heading.default\">\n\t\t\t\t\t<h2 class=\"elementor-heading-title elementor-size-default\">Storm Legion<\/h2>\t\t\t\t<\/div>\n\t\t\t\t<div class=\"elementor-element elementor-element-7bdff669 elementor-widget__width-initial elementor-widget elementor-widget-text-editor\" data-id=\"7bdff669\" data-element_type=\"widget\" data-e-type=\"widget\" data-widget_type=\"text-editor.default\">\n\t\t\t\t\t\t\t\t\t<p>Durch die Storm Legion-Erweiterung wurde die Charakterstufe auf 60 erh\u00f6ht und es wurden neue Anpassungsoptionen eingef\u00fchrt:<\/p><ul><li>Die Sturmseelen waren urspr\u00fcnglich beim Kauf der Storm Legion-Erweiterung eingeschlossen und sind jetzt im RIFT Shop erh\u00e4ltlich, um das Repertoire eurer Berufungen zu erweitern.<ul><li><strong>Sturmherr (Seele des Kriegers)<\/strong>: Sturmherren sind Fernkampf-Schlachtkonstrukte, die Blitze und Energiest\u00f6\u00dfe entfesseln, um Feinde aus weiter Entfernung niederzustrecken. Rolle: SPS. <\/li><li><strong>Taktiker (Seele des Schurken):<\/strong> Der Umgang mit Technik liegt ihm von Natur aus und so nennt der Taktiker diverse Magitech-Kanonen und mit Zaubern belegte Maschinen sein Eigen. Damit heilt er Verb\u00fcndete, die seiner Unterst\u00fctzung bed\u00fcrfen. Rolle: Unterst\u00fctzung. <\/li><li><strong>Sch\u00e4nder (Seele des Klerikers)<\/strong>: Sch\u00e4nder benutzen F\u00e4ulnis und Pesthauch im Kampf gegen ihre Feinde. Sie sch\u00f6pfen Lebensenergie ab, um sich selbst und ihre Gruppe zu st\u00e4rken. Rollen: Unterst\u00fctzung\/Heiler. <\/li><li><strong>Vorbote (Seele des Magiers):<\/strong> Mit Bannspr\u00fcchen belegte Klingen und arkane Abwehrtechniken des Vorboten bedeuten f\u00fcr seine Feinde im Nahkampf den sicheren Untergang. Rolle: SPS. <\/li><\/ul><\/li><li>Ebenen-Einstimmung: Erh\u00f6ht eure Kraft weiter, auch nachdem ihr das Stufenlimit erreicht habt! Der erweiterte alternative Fortschritt bietet noch mehr M\u00f6glichkeiten, euren Charakter zu individualisieren. Dr\u00fcckt im Spiel \u2018N\u2019, um weitere Optionen zu sehen.  <\/li><\/ul><p> <\/p><p><em>Kaufe das Storm Soul Pack im Ingame-Store unter der Kategorie DLC.<\/em><\/p>\t\t\t\t\t\t\t\t<\/div>\n\t\t\t\t<\/div>\n\t\t<div class=\"elementor-element elementor-element-34bdcf39 e-con-full e-flex e-con e-child\" data-id=\"34bdcf39\" data-element_type=\"container\" data-e-type=\"container\" data-settings=\"{&quot;motion_fx_motion_fx_scrolling&quot;:&quot;yes&quot;,&quot;motion_fx_translateY_effect&quot;:&quot;yes&quot;,&quot;motion_fx_translateY_direction&quot;:&quot;negative&quot;,&quot;motion_fx_translateY_speed&quot;:{&quot;unit&quot;:&quot;px&quot;,&quot;size&quot;:2,&quot;sizes&quot;:[]},&quot;motion_fx_translateY_affectedRange&quot;:{&quot;unit&quot;:&quot;%&quot;,&quot;size&quot;:&quot;&quot;,&quot;sizes&quot;:{&quot;start&quot;:25,&quot;end&quot;:100}},&quot;motion_fx_devices&quot;:[&quot;widescreen&quot;,&quot;desktop&quot;,&quot;laptop&quot;,&quot;tablet_extra&quot;]}\">\n\t\t<div class=\"elementor-element elementor-element-63e45842 e-con-full screenshot-border e-flex e-con e-child\" data-id=\"63e45842\" data-element_type=\"container\" data-e-type=\"container\">\n\t\t\t\t<div class=\"elementor-element elementor-element-337f32f9 elementor-widget elementor-widget-image\" data-id=\"337f32f9\" data-element_type=\"widget\" data-e-type=\"widget\" data-widget_type=\"image.default\">\n\t\t\t\t\t\t\t\t\t\t\t\t\t\t\t<img decoding=\"async\" width=\"720\" height=\"450\" src=\"https:\/\/riftgame.com\/wp-content\/uploads\/2025\/03\/nightmare-tide2_webP.webp\" class=\"attachment-full size-full wp-image-983\" alt=\"\" srcset=\"https:\/\/riftgame.com\/wp-content\/uploads\/2025\/03\/nightmare-tide2_webP.webp 720w, https:\/\/riftgame.com\/wp-content\/uploads\/2025\/03\/nightmare-tide2_webP-300x188.webp 300w\" sizes=\"(max-width: 720px) 100vw, 720px\" \/>\t\t\t\t\t\t\t\t\t\t\t\t\t\t\t<\/div>\n\t\t\t\t<\/div>\n\t\t\t\t<div class=\"elementor-element elementor-element-2c402432 elementor-widget elementor-widget-heading\" data-id=\"2c402432\" data-element_type=\"widget\" data-e-type=\"widget\" data-widget_type=\"heading.default\">\n\t\t\t\t\t<h2 class=\"elementor-heading-title elementor-size-default\">Nightmare Tide<\/h2>\t\t\t\t<\/div>\n\t\t\t\t<div class=\"elementor-element elementor-element-842887 elementor-widget__width-initial elementor-widget elementor-widget-text-editor\" data-id=\"842887\" data-element_type=\"widget\" data-e-type=\"widget\" data-widget_type=\"text-editor.default\">\n\t\t\t\t\t\t\t\t\t<p>Durch die Nightmare Tide-Erweiterung wurde die Charakterstufe auf 65 erh\u00f6ht und es wurden neue Wege zur Kraft eingef\u00fchrt:<\/p><ul><li>Beherrschungsf\u00e4higkeiten: Individualisiert euren Charakter, indem ihr einzigartige F\u00e4higkeiten aus den Stufen 61-65 ausw\u00e4hlt.<\/li><li>Durch die Ver\u00f6ffentlichung von Traumseelen (erh\u00e4ltlich im RIFT Shop), kann jede Berufung jede Rolle in der Welt von Telara einnehmen.<ul><li><strong>Schlichter (Seele des Magiers):<\/strong> Arkane Tanks, die ihre Feinde mit St\u00fcrmen peinigen und deren Angriffe mit Eisschilden abwehren. Rolle: Tank. <\/li><li><strong>Befreier (Seele des Kriegers)<\/strong>: Meisterhafte Schlachtzug-Heiler, die heilende Magie durch Magnetfelder flie\u00dfen lassen. Rolle: Heiler. <\/li><li><strong>Medicus (Seele des Schurken)<\/strong>: Alchemistische Bogensch\u00fctzen, die ihre F\u00e4higkeiten aus der Ferne nutzen, um Freunden in Not beizustehen und sie zu heilen. Rolle: Heiler. <\/li><li><strong>Orakel (Seele des Klerikers)<\/strong>: Vielseitige Zauberwirker, die Gruppen mit einem Repertoire an Segen, Schilden, Heilungen, St\u00e4rkungen und Fl\u00fcchen beistehen. Rolle: Unterst\u00fctzung. <\/li><\/ul><\/li><\/ul><p> <\/p><p><em> Kaufe das Storm Soul Pack im Ingame-Store unter der Kategorie DLC.<\/em><\/p>\t\t\t\t\t\t\t\t<\/div>\n\t\t\t\t<\/div>\n\t\t\t\t<\/div>\n\t\t\t\t<\/div>\n\t\t\t\t<\/div>\n\t\t\t\t<\/div>\n\t\t","protected":false},"excerpt":{"rendered":"<p>RIFT-R\u00fcckkehr Bei all den zur\u00fcckkehrenden Spielern in letzter Zeit haben wir festgestellt, dass ihr viele Fragen dar\u00fcber habt, was sich seit eurer letzten Anmeldung ver\u00e4ndert hat. Lest weiter und erhaltet einen \u00dcberblick \u00fcber die beliebtesten Features, die wir hinzugef\u00fcgt haben! Storm Legion Durch die Storm Legion-Erweiterung wurde die Charakterstufe auf 60 erh\u00f6ht und es wurden [&hellip;]<\/p>\n","protected":false},"author":3,"featured_media":0,"parent":1240,"menu_order":0,"comment_status":"closed","ping_status":"closed","template":"","meta":{"_acf_changed":false,"footnotes":""},"class_list":["post-1163","page","type-page","status-publish","hentry"],"acf":[],"_links":{"self":[{"href":"https:\/\/riftgame.com\/de\/wp-json\/wp\/v2\/pages\/1163","targetHints":{"allow":["GET"]}}],"collection":[{"href":"https:\/\/riftgame.com\/de\/wp-json\/wp\/v2\/pages"}],"about":[{"href":"https:\/\/riftgame.com\/de\/wp-json\/wp\/v2\/types\/page"}],"author":[{"embeddable":true,"href":"https:\/\/riftgame.com\/de\/wp-json\/wp\/v2\/users\/3"}],"replies":[{"embeddable":true,"href":"https:\/\/riftgame.com\/de\/wp-json\/wp\/v2\/comments?post=1163"}],"version-history":[{"count":0,"href":"https:\/\/riftgame.com\/de\/wp-json\/wp\/v2\/pages\/1163\/revisions"}],"up":[{"embeddable":true,"href":"https:\/\/riftgame.com\/de\/wp-json\/wp\/v2\/pages\/1240"}],"wp:attachment":[{"href":"https:\/\/riftgame.com\/de\/wp-json\/wp\/v2\/media?parent=1163"}],"curies":[{"name":"wp","href":"https:\/\/api.w.org\/{rel}","templated":true}]}}