{"id":1149,"date":"2024-11-15T13:19:04","date_gmt":"2024-11-15T13:19:04","guid":{"rendered":"https:\/\/riftgame.com\/schergen\/"},"modified":"2025-07-03T11:53:06","modified_gmt":"2025-07-03T11:53:06","slug":"schergen","status":"publish","type":"page","link":"https:\/\/riftgame.com\/de\/spiel\/schergen\/","title":{"rendered":"Schergen"},"content":{"rendered":"\t\t<div data-elementor-type=\"wp-page\" data-elementor-id=\"1149\" class=\"elementor elementor-1149 elementor-170\" data-elementor-post-type=\"page\">\n\t\t\t\t<div class=\"elementor-element elementor-element-6b958cca e-con-full e-flex e-con e-parent\" data-id=\"6b958cca\" data-element_type=\"container\" data-e-type=\"container\">\n\t\t<div class=\"elementor-element elementor-element-41d6ee1 e-con-full max-container-width e-flex e-con e-child\" data-id=\"41d6ee1\" data-element_type=\"container\" data-e-type=\"container\" id=\"features-header-section\">\n\t\t<div class=\"elementor-element elementor-element-463638d3 e-con-full e-flex e-con e-child\" data-id=\"463638d3\" data-element_type=\"container\" data-e-type=\"container\" id=\"features-mask-top\" data-settings=\"{&quot;background_background&quot;:&quot;classic&quot;}\">\n\t\t<div class=\"elementor-element elementor-element-2e3c08d1 e-con-full max-content-width e-flex e-con e-child\" data-id=\"2e3c08d1\" data-element_type=\"container\" data-e-type=\"container\">\n\t\t<div class=\"elementor-element elementor-element-634e1e09 e-con-full e-flex e-con e-child\" data-id=\"634e1e09\" data-element_type=\"container\" data-e-type=\"container\">\n\t\t\t\t<div class=\"elementor-element elementor-element-3f74fa6f animated-slow elementor-invisible elementor-widget elementor-widget-heading\" data-id=\"3f74fa6f\" data-element_type=\"widget\" data-e-type=\"widget\" data-settings=\"{&quot;_animation&quot;:&quot;fadeInRight&quot;}\" data-widget_type=\"heading.default\">\n\t\t\t\t\t<h1 class=\"elementor-heading-title elementor-size-default\">Schergen<\/h1>\t\t\t\t<\/div>\n\t\t\t\t<div class=\"elementor-element elementor-element-25e7d7a3 animated-slow elementor-invisible elementor-widget elementor-widget-text-editor\" data-id=\"25e7d7a3\" data-element_type=\"widget\" data-e-type=\"widget\" data-settings=\"{&quot;_animation&quot;:&quot;fadeInRight&quot;,&quot;_animation_delay&quot;:500}\" data-widget_type=\"text-editor.default\">\n\t\t\t\t\t\t\t\t\t<p>Du hast viele Abenteuer f\u00fcr Telaraner bestritten, und es ist h\u00f6chste Zeit, dass diese jetzt f\u00fcr dich auf Abenteuerreise gehen! Minions ist ein Mini-Sammelspiel in RIFT. <\/p><p>Es ist ein thematisch gestaltetes Kartenspiel, bei dem du Schergenkarten sammelst und Abenteuerkarten f\u00fcr deine Schergen w\u00e4hlst. Wenn es deinen Schergen gelingt, ihre Abenteuer abzuschlie\u00dfen, geh\u00f6rt die Beute dir! <\/p>\t\t\t\t\t\t\t\t<\/div>\n\t\t\t\t<\/div>\n\t\t\t\t<\/div>\n\t\t\t\t<\/div>\n\t\t\t\t<\/div>\n\t\t<div class=\"elementor-element elementor-element-57a1c63d e-con-full max-container-width e-flex e-con e-child\" data-id=\"57a1c63d\" data-element_type=\"container\" data-e-type=\"container\" id=\"features-lower-section\">\n\t\t<div class=\"elementor-element elementor-element-70635ad6 e-con-full max-content-width e-flex e-con e-child\" data-id=\"70635ad6\" data-element_type=\"container\" data-e-type=\"container\">\n\t\t<div class=\"elementor-element elementor-element-70eaae7a e-con-full e-flex e-con e-child\" data-id=\"70eaae7a\" data-element_type=\"container\" data-e-type=\"container\" data-settings=\"{&quot;motion_fx_motion_fx_scrolling&quot;:&quot;yes&quot;,&quot;motion_fx_translateY_effect&quot;:&quot;yes&quot;,&quot;motion_fx_translateY_direction&quot;:&quot;negative&quot;,&quot;motion_fx_translateY_speed&quot;:{&quot;unit&quot;:&quot;px&quot;,&quot;size&quot;:2,&quot;sizes&quot;:[]},&quot;motion_fx_translateY_affectedRange&quot;:{&quot;unit&quot;:&quot;%&quot;,&quot;size&quot;:&quot;&quot;,&quot;sizes&quot;:{&quot;start&quot;:25,&quot;end&quot;:100}},&quot;motion_fx_devices&quot;:[&quot;widescreen&quot;,&quot;desktop&quot;,&quot;laptop&quot;,&quot;tablet_extra&quot;]}\">\n\t\t<div class=\"elementor-element elementor-element-53541a3c e-con-full screenshot-border e-flex e-con e-child\" data-id=\"53541a3c\" data-element_type=\"container\" data-e-type=\"container\">\n\t\t\t\t<div class=\"elementor-element elementor-element-718e7127 elementor-widget elementor-widget-image\" data-id=\"718e7127\" data-element_type=\"widget\" data-e-type=\"widget\" data-widget_type=\"image.default\">\n\t\t\t\t\t\t\t\t\t\t\t\t\t\t\t<img fetchpriority=\"high\" decoding=\"async\" width=\"720\" height=\"450\" src=\"https:\/\/riftgame.com\/wp-content\/uploads\/2025\/03\/minions-collectables_webP.webp\" class=\"attachment-full size-full wp-image-971\" alt=\"\" srcset=\"https:\/\/riftgame.com\/wp-content\/uploads\/2025\/03\/minions-collectables_webP.webp 720w, https:\/\/riftgame.com\/wp-content\/uploads\/2025\/03\/minions-collectables_webP-300x188.webp 300w\" sizes=\"(max-width: 720px) 100vw, 720px\" \/>\t\t\t\t\t\t\t\t\t\t\t\t\t\t\t<\/div>\n\t\t\t\t<\/div>\n\t\t\t\t<div class=\"elementor-element elementor-element-632c44d5 elementor-widget elementor-widget-heading\" data-id=\"632c44d5\" data-element_type=\"widget\" data-e-type=\"widget\" data-widget_type=\"heading.default\">\n\t\t\t\t\t<h2 class=\"elementor-heading-title elementor-size-default\">Schergen sind besondere Sammlerst\u00fccke<\/h2>\t\t\t\t<\/div>\n\t\t\t\t<div class=\"elementor-element elementor-element-2815c796 elementor-widget__width-initial elementor-widget elementor-widget-text-editor\" data-id=\"2815c796\" data-element_type=\"widget\" data-e-type=\"widget\" data-widget_type=\"text-editor.default\">\n\t\t\t\t\t\t\t\t\t<p>Deine Schergensammlung ist etwas ganz Besonderes und wird von allen deinen Charakteren auf einem (europ\u00e4ischen oder nordamerikanischen) Server-Cluster geteilt.<\/p><p>Das bedeutet, du kannst deiner Sammlung auf jedem Server-Cluster jeweils nur einen Schergen pro Sorte hinzuf\u00fcgen (wenn du mit der Maus \u00fcber die Schergenkarte f\u00e4hrst, wird ein Tooltip angezeigt, der dich dar\u00fcber informiert, ob du diesen Schergen schon gesammelt hast.)<\/p><p>Deine erste Schergenkarte erh\u00e4ltst du von einem Questgeber in Meridian, Sanctum, der Sturmbucht oder bei der Atragarianischen Quelle.<\/p>\t\t\t\t\t\t\t\t<\/div>\n\t\t\t\t<\/div>\n\t\t<div class=\"elementor-element elementor-element-1996e696 e-con-full e-flex e-con e-child\" data-id=\"1996e696\" data-element_type=\"container\" data-e-type=\"container\" data-settings=\"{&quot;motion_fx_motion_fx_scrolling&quot;:&quot;yes&quot;,&quot;motion_fx_translateY_effect&quot;:&quot;yes&quot;,&quot;motion_fx_translateY_direction&quot;:&quot;negative&quot;,&quot;motion_fx_translateY_speed&quot;:{&quot;unit&quot;:&quot;px&quot;,&quot;size&quot;:2,&quot;sizes&quot;:[]},&quot;motion_fx_translateY_affectedRange&quot;:{&quot;unit&quot;:&quot;%&quot;,&quot;size&quot;:&quot;&quot;,&quot;sizes&quot;:{&quot;start&quot;:25,&quot;end&quot;:100}},&quot;motion_fx_devices&quot;:[&quot;widescreen&quot;,&quot;desktop&quot;,&quot;laptop&quot;,&quot;tablet_extra&quot;]}\">\n\t\t<div class=\"elementor-element elementor-element-a00395c e-con-full screenshot-border e-flex e-con e-child\" data-id=\"a00395c\" data-element_type=\"container\" data-e-type=\"container\">\n\t\t\t\t<div class=\"elementor-element elementor-element-61333f2c elementor-widget elementor-widget-image\" data-id=\"61333f2c\" data-element_type=\"widget\" data-e-type=\"widget\" data-widget_type=\"image.default\">\n\t\t\t\t\t\t\t\t\t\t\t\t\t\t\t<img decoding=\"async\" width=\"720\" height=\"450\" src=\"https:\/\/riftgame.com\/wp-content\/uploads\/2025\/03\/minions-reward-types_webP.webp\" class=\"attachment-full size-full wp-image-973\" alt=\"\" srcset=\"https:\/\/riftgame.com\/wp-content\/uploads\/2025\/03\/minions-reward-types_webP.webp 720w, https:\/\/riftgame.com\/wp-content\/uploads\/2025\/03\/minions-reward-types_webP-300x188.webp 300w\" sizes=\"(max-width: 720px) 100vw, 720px\" \/>\t\t\t\t\t\t\t\t\t\t\t\t\t\t\t<\/div>\n\t\t\t\t<\/div>\n\t\t\t\t<div class=\"elementor-element elementor-element-88452cb elementor-widget elementor-widget-heading\" data-id=\"88452cb\" data-element_type=\"widget\" data-e-type=\"widget\" data-widget_type=\"heading.default\">\n\t\t\t\t\t<h2 class=\"elementor-heading-title elementor-size-default\">Belohnungsarten<\/h2>\t\t\t\t<\/div>\n\t\t\t\t<div class=\"elementor-element elementor-element-4dfd4633 elementor-widget__width-initial elementor-widget elementor-widget-text-editor\" data-id=\"4dfd4633\" data-element_type=\"widget\" data-e-type=\"widget\" data-widget_type=\"text-editor.default\">\n\t\t\t\t\t\t\t\t\t<p>Deine Schergen k\u00f6nnen mit Handwerksmaterial, Dimensionsgegenst\u00e4nden, Artefakten oder Bekanntheit zur\u00fcckkehren.<\/p><p>Anders ausgedr\u00fcckt kannst du dir beim Sammeln, Ernten und bei der Suche nach kostenlosen Dimensionsgegenst\u00e4nden von deinen Schergen helfen lassen. Wenn du einen Schergen auf ein Abenteuer schickst, bei dem es Beute zu verdienen gibt, wird er immer mit mindestens einem Beutest\u00fcck zur\u00fcckkehren. Sei dir dar\u00fcber im Klaren, dass die Beute, die du erh\u00e4ltst, davon abh\u00e4ngt, mit welchem Charakter du angemeldet bist, wenn du die Belohnung f\u00fcr ein Abenteuer einforderst!<br><br> <\/p><p>Sei dir dar\u00fcber im Klaren, dass die Beute, die du erh\u00e4ltst, davon abh\u00e4ngt, mit welchem Charakter du angemeldet bist, wenn du die Belohnung f\u00fcr ein Abenteuer einforderst!<\/p>\t\t\t\t\t\t\t\t<\/div>\n\t\t\t\t<\/div>\n\t\t\t\t<\/div>\n\t\t\t\t<\/div>\n\t\t\t\t<\/div>\n\t\t\t\t<\/div>\n\t\t","protected":false},"excerpt":{"rendered":"<p>Schergen Du hast viele Abenteuer f\u00fcr Telaraner bestritten, und es ist h\u00f6chste Zeit, dass diese jetzt f\u00fcr dich auf Abenteuerreise gehen! Minions ist ein Mini-Sammelspiel in RIFT. Es ist ein thematisch gestaltetes Kartenspiel, bei dem du Schergenkarten sammelst und Abenteuerkarten f\u00fcr deine Schergen w\u00e4hlst. Wenn es deinen Schergen gelingt, ihre Abenteuer abzuschlie\u00dfen, geh\u00f6rt die Beute [&hellip;]<\/p>\n","protected":false},"author":3,"featured_media":0,"parent":1240,"menu_order":0,"comment_status":"closed","ping_status":"closed","template":"","meta":{"_acf_changed":false,"footnotes":""},"class_list":["post-1149","page","type-page","status-publish","hentry"],"acf":[],"_links":{"self":[{"href":"https:\/\/riftgame.com\/de\/wp-json\/wp\/v2\/pages\/1149","targetHints":{"allow":["GET"]}}],"collection":[{"href":"https:\/\/riftgame.com\/de\/wp-json\/wp\/v2\/pages"}],"about":[{"href":"https:\/\/riftgame.com\/de\/wp-json\/wp\/v2\/types\/page"}],"author":[{"embeddable":true,"href":"https:\/\/riftgame.com\/de\/wp-json\/wp\/v2\/users\/3"}],"replies":[{"embeddable":true,"href":"https:\/\/riftgame.com\/de\/wp-json\/wp\/v2\/comments?post=1149"}],"version-history":[{"count":0,"href":"https:\/\/riftgame.com\/de\/wp-json\/wp\/v2\/pages\/1149\/revisions"}],"up":[{"embeddable":true,"href":"https:\/\/riftgame.com\/de\/wp-json\/wp\/v2\/pages\/1240"}],"wp:attachment":[{"href":"https:\/\/riftgame.com\/de\/wp-json\/wp\/v2\/media?parent=1149"}],"curies":[{"name":"wp","href":"https:\/\/api.w.org\/{rel}","templated":true}]}}