{"id":1142,"date":"2024-11-15T13:17:39","date_gmt":"2024-11-15T13:17:39","guid":{"rendered":"https:\/\/riftgame.com\/dynamische-schlachten\/"},"modified":"2025-07-03T11:01:16","modified_gmt":"2025-07-03T11:01:16","slug":"dynamische-schlachten","status":"publish","type":"page","link":"https:\/\/riftgame.com\/de\/spiel\/dynamische-schlachten\/","title":{"rendered":"Dynamische Schlachten"},"content":{"rendered":"\t\t<div data-elementor-type=\"wp-page\" data-elementor-id=\"1142\" class=\"elementor elementor-1142 elementor-166\" data-elementor-post-type=\"page\">\n\t\t\t\t<div class=\"elementor-element elementor-element-5930a915 e-con-full e-flex e-con e-parent\" data-id=\"5930a915\" data-element_type=\"container\" data-e-type=\"container\">\n\t\t<div class=\"elementor-element elementor-element-2f5d849a e-con-full max-container-width e-flex e-con e-child\" data-id=\"2f5d849a\" data-element_type=\"container\" data-e-type=\"container\" id=\"features-header-section\">\n\t\t<div class=\"elementor-element elementor-element-476a9955 e-con-full e-flex e-con e-child\" data-id=\"476a9955\" data-element_type=\"container\" data-e-type=\"container\" id=\"features-mask-top\" data-settings=\"{&quot;background_background&quot;:&quot;classic&quot;}\">\n\t\t<div class=\"elementor-element elementor-element-75c60083 e-con-full max-content-width e-flex e-con e-child\" data-id=\"75c60083\" data-element_type=\"container\" data-e-type=\"container\">\n\t\t<div class=\"elementor-element elementor-element-45e60a58 e-con-full e-flex e-con e-child\" data-id=\"45e60a58\" data-element_type=\"container\" data-e-type=\"container\">\n\t\t\t\t<div class=\"elementor-element elementor-element-7508ee66 animated-slow elementor-invisible elementor-widget elementor-widget-heading\" data-id=\"7508ee66\" data-element_type=\"widget\" data-e-type=\"widget\" data-settings=\"{&quot;_animation&quot;:&quot;fadeInRight&quot;}\" data-widget_type=\"heading.default\">\n\t\t\t\t\t<h1 class=\"elementor-heading-title elementor-size-default\">Dynamische Schlachten<\/h1>\t\t\t\t<\/div>\n\t\t\t\t<div class=\"elementor-element elementor-element-4c3af318 animated-slow elementor-invisible elementor-widget elementor-widget-text-editor\" data-id=\"4c3af318\" data-element_type=\"widget\" data-e-type=\"widget\" data-settings=\"{&quot;_animation&quot;:&quot;fadeInRight&quot;,&quot;_animation_delay&quot;:500}\" data-widget_type=\"text-editor.default\">\n\t\t\t\t\t\t\t\t\t<p>Erkunde die Welt von RIFT und sammle deine EXP auf eine Art und Weise, die dir am besten passt. Es gibt viele M\u00f6glichkeiten, deinen Wert zu beweisen und tolle Belohnungen zu sammeln.  <\/p><p>K\u00e4mpfe Seite an Seite mit Legenden und werde selbst einer!<\/p>\t\t\t\t\t\t\t\t<\/div>\n\t\t\t\t<\/div>\n\t\t\t\t<\/div>\n\t\t\t\t<\/div>\n\t\t\t\t<\/div>\n\t\t<div class=\"elementor-element elementor-element-1df50861 e-con-full max-container-width e-flex e-con e-child\" data-id=\"1df50861\" data-element_type=\"container\" data-e-type=\"container\" id=\"features-lower-section\">\n\t\t<div class=\"elementor-element elementor-element-469432ad e-con-full max-content-width e-flex e-con e-child\" data-id=\"469432ad\" data-element_type=\"container\" data-e-type=\"container\">\n\t\t<div class=\"elementor-element elementor-element-1b6195cf e-con-full e-flex e-con e-child\" data-id=\"1b6195cf\" data-element_type=\"container\" data-e-type=\"container\" data-settings=\"{&quot;motion_fx_motion_fx_scrolling&quot;:&quot;yes&quot;,&quot;motion_fx_translateY_effect&quot;:&quot;yes&quot;,&quot;motion_fx_translateY_direction&quot;:&quot;negative&quot;,&quot;motion_fx_translateY_speed&quot;:{&quot;unit&quot;:&quot;px&quot;,&quot;size&quot;:2,&quot;sizes&quot;:[]},&quot;motion_fx_translateY_affectedRange&quot;:{&quot;unit&quot;:&quot;%&quot;,&quot;size&quot;:&quot;&quot;,&quot;sizes&quot;:{&quot;start&quot;:25,&quot;end&quot;:100}},&quot;motion_fx_devices&quot;:[&quot;widescreen&quot;,&quot;desktop&quot;,&quot;laptop&quot;,&quot;tablet_extra&quot;]}\">\n\t\t<div class=\"elementor-element elementor-element-643d7e90 e-con-full screenshot-border e-flex e-con e-child\" data-id=\"643d7e90\" data-element_type=\"container\" data-e-type=\"container\">\n\t\t\t\t<div class=\"elementor-element elementor-element-36a166de elementor-widget elementor-widget-image\" data-id=\"36a166de\" data-element_type=\"widget\" data-e-type=\"widget\" data-widget_type=\"image.default\">\n\t\t\t\t\t\t\t\t\t\t\t\t\t\t\t<img fetchpriority=\"high\" decoding=\"async\" width=\"720\" height=\"450\" src=\"https:\/\/riftgame.com\/wp-content\/uploads\/2025\/01\/rift-instant-adventures.jpg\" class=\"attachment-full size-full wp-image-873\" alt=\"\" srcset=\"https:\/\/riftgame.com\/wp-content\/uploads\/2025\/01\/rift-instant-adventures.jpg 720w, https:\/\/riftgame.com\/wp-content\/uploads\/2025\/01\/rift-instant-adventures-300x188.jpg 300w\" sizes=\"(max-width: 720px) 100vw, 720px\" \/>\t\t\t\t\t\t\t\t\t\t\t\t\t\t\t<\/div>\n\t\t\t\t<\/div>\n\t\t\t\t<div class=\"elementor-element elementor-element-20f65d77 elementor-widget elementor-widget-heading\" data-id=\"20f65d77\" data-element_type=\"widget\" data-e-type=\"widget\" data-widget_type=\"heading.default\">\n\t\t\t\t\t<h2 class=\"elementor-heading-title elementor-size-default\">Sofort-Abenteuer<\/h2>\t\t\t\t<\/div>\n\t\t\t\t<div class=\"elementor-element elementor-element-560c4863 elementor-widget__width-initial elementor-widget elementor-widget-text-editor\" data-id=\"560c4863\" data-element_type=\"widget\" data-e-type=\"widget\" data-widget_type=\"text-editor.default\">\n\t\t\t\t\t\t\t\t\t<p>Sofort-Abenteuer bieten epische Action und schier unersch\u00f6pfliche Beute. Ob du in Freimark um Stufenaufstieg bem\u00fcht bist oder mit einem Charakter der h\u00f6chsten Stufe spielst, nimm einfach an Sofort-Abenteuern teil und du wirst augenblicklich an den Ort Telaras gebracht, an dem deine F\u00e4higkeiten gerade am dringendsten ben\u00f6tigt werden. <\/p><p>Feinde und Zielvorgaben, die sich je nach Gruppengr\u00f6\u00dfe ver\u00e4ndern, garantieren st\u00e4ndige Herausforderungen! Schlage Schlachten im Freien, in Dungeons oder Schlachtz\u00fcgen und jage mithilfe miteinander verwobener Quests von Abenteuer zu Abenteuer! <\/p>\t\t\t\t\t\t\t\t<\/div>\n\t\t\t\t<\/div>\n\t\t<div class=\"elementor-element elementor-element-3ee9d6f1 e-con-full e-flex e-con e-child\" data-id=\"3ee9d6f1\" data-element_type=\"container\" data-e-type=\"container\" data-settings=\"{&quot;motion_fx_motion_fx_scrolling&quot;:&quot;yes&quot;,&quot;motion_fx_translateY_effect&quot;:&quot;yes&quot;,&quot;motion_fx_translateY_direction&quot;:&quot;negative&quot;,&quot;motion_fx_translateY_speed&quot;:{&quot;unit&quot;:&quot;px&quot;,&quot;size&quot;:2,&quot;sizes&quot;:[]},&quot;motion_fx_translateY_affectedRange&quot;:{&quot;unit&quot;:&quot;%&quot;,&quot;size&quot;:&quot;&quot;,&quot;sizes&quot;:{&quot;start&quot;:25,&quot;end&quot;:100}},&quot;motion_fx_devices&quot;:[&quot;widescreen&quot;,&quot;desktop&quot;,&quot;laptop&quot;,&quot;tablet_extra&quot;]}\">\n\t\t<div class=\"elementor-element elementor-element-1562621c e-con-full screenshot-border e-flex e-con e-child\" data-id=\"1562621c\" data-element_type=\"container\" data-e-type=\"container\">\n\t\t\t\t<div class=\"elementor-element elementor-element-2687987 elementor-widget elementor-widget-image\" data-id=\"2687987\" data-element_type=\"widget\" data-e-type=\"widget\" data-widget_type=\"image.default\">\n\t\t\t\t\t\t\t\t\t\t\t\t\t\t\t<img decoding=\"async\" width=\"720\" height=\"450\" src=\"https:\/\/riftgame.com\/wp-content\/uploads\/2025\/01\/rift-invasions.jpg\" class=\"attachment-full size-full wp-image-875\" alt=\"\" srcset=\"https:\/\/riftgame.com\/wp-content\/uploads\/2025\/01\/rift-invasions.jpg 720w, https:\/\/riftgame.com\/wp-content\/uploads\/2025\/01\/rift-invasions-300x188.jpg 300w\" sizes=\"(max-width: 720px) 100vw, 720px\" \/>\t\t\t\t\t\t\t\t\t\t\t\t\t\t\t<\/div>\n\t\t\t\t<\/div>\n\t\t\t\t<div class=\"elementor-element elementor-element-3b87b90e elementor-widget elementor-widget-heading\" data-id=\"3b87b90e\" data-element_type=\"widget\" data-e-type=\"widget\" data-widget_type=\"heading.default\">\n\t\t\t\t\t<h2 class=\"elementor-heading-title elementor-size-default\">Zonen- Ereignisse und Invasionen<\/h2>\t\t\t\t<\/div>\n\t\t\t\t<div class=\"elementor-element elementor-element-49a53e38 elementor-widget__width-initial elementor-widget elementor-widget-text-editor\" data-id=\"49a53e38\" data-element_type=\"widget\" data-e-type=\"widget\" data-widget_type=\"text-editor.default\">\n\t\t\t\t\t\t\t\t\t<p>Von Elementar-Invasionen bis hin zu ausgelassenen Feierlichkeiten: Dynamische Ereignisse sorgen daf\u00fcr, dass in der Welt von Telara niemals Langeweile aufkommt. Zonen-Invasionen, die das Himmelszelt aufrei\u00dfen und ganze Landstriche verw\u00fcsten, lassen dich in RIFT keine Sekunde lang zur Ruhe kommen.<\/p><p>Die einzige Verschnaufpause, die dir ein Amoklauf von Elementar-Kolossen g\u00f6nnt, ist die sprichw\u00f6rtlich letzte Ruhe. Also sei auf der Hut! <\/p>\t\t\t\t\t\t\t\t<\/div>\n\t\t\t\t<\/div>\n\t\t<div class=\"elementor-element elementor-element-15485422 e-con-full e-flex e-con e-child\" data-id=\"15485422\" data-element_type=\"container\" data-e-type=\"container\" data-settings=\"{&quot;motion_fx_motion_fx_scrolling&quot;:&quot;yes&quot;,&quot;motion_fx_translateY_effect&quot;:&quot;yes&quot;,&quot;motion_fx_translateY_direction&quot;:&quot;negative&quot;,&quot;motion_fx_translateY_speed&quot;:{&quot;unit&quot;:&quot;px&quot;,&quot;size&quot;:2,&quot;sizes&quot;:[]},&quot;motion_fx_translateY_affectedRange&quot;:{&quot;unit&quot;:&quot;%&quot;,&quot;size&quot;:&quot;&quot;,&quot;sizes&quot;:{&quot;start&quot;:25,&quot;end&quot;:100}},&quot;motion_fx_devices&quot;:[&quot;widescreen&quot;,&quot;desktop&quot;,&quot;laptop&quot;,&quot;tablet_extra&quot;]}\">\n\t\t<div class=\"elementor-element elementor-element-74f1a419 e-con-full screenshot-border e-flex e-con e-child\" data-id=\"74f1a419\" data-element_type=\"container\" data-e-type=\"container\">\n\t\t\t\t<div class=\"elementor-element elementor-element-1a6cc33b elementor-widget elementor-widget-image\" data-id=\"1a6cc33b\" data-element_type=\"widget\" data-e-type=\"widget\" data-widget_type=\"image.default\">\n\t\t\t\t\t\t\t\t\t\t\t\t\t\t\t<img decoding=\"async\" width=\"720\" height=\"450\" src=\"https:\/\/riftgame.com\/wp-content\/uploads\/2025\/01\/rift-strongholds.jpg\" class=\"attachment-full size-full wp-image-879\" alt=\"\" srcset=\"https:\/\/riftgame.com\/wp-content\/uploads\/2025\/01\/rift-strongholds.jpg 720w, https:\/\/riftgame.com\/wp-content\/uploads\/2025\/01\/rift-strongholds-300x188.jpg 300w\" sizes=\"(max-width: 720px) 100vw, 720px\" \/>\t\t\t\t\t\t\t\t\t\t\t\t\t\t\t<\/div>\n\t\t\t\t<\/div>\n\t\t\t\t<div class=\"elementor-element elementor-element-4f05a1b9 elementor-widget elementor-widget-heading\" data-id=\"4f05a1b9\" data-element_type=\"widget\" data-e-type=\"widget\" data-widget_type=\"heading.default\">\n\t\t\t\t\t<h2 class=\"elementor-heading-title elementor-size-default\">St\u00fctzpunkte<\/h2>\t\t\t\t<\/div>\n\t\t\t\t<div class=\"elementor-element elementor-element-581e5c49 elementor-widget__width-initial elementor-widget elementor-widget-text-editor\" data-id=\"581e5c49\" data-element_type=\"widget\" data-e-type=\"widget\" data-widget_type=\"text-editor.default\">\n\t\t\t\t\t\t\t\t\t<p>Macht dich bereit f\u00fcr die n\u00e4chste Stufe des Ebenenkrieges. Erobere St\u00fctzpunkte und verteidigt sie gegen die heranst\u00fcrmenden Horden des Blutsturms. Ihr selbst k\u00f6nnt die Intensit\u00e4t der Schlacht bestimmen und mit 10-70+ Spielern antreten, die Entscheidung liegt allein bei euch!<\/p><p>Baut eure St\u00fctzpunkte zu mehrschichtigen Befestigungen aus, springt von Plattform zu Plattform und vernichtet eure Feinde, um au\u00dfergew\u00f6hnliche Belohnungen zu erhalten.<\/p>\t\t\t\t\t\t\t\t<\/div>\n\t\t\t\t<\/div>\n\t\t<div class=\"elementor-element elementor-element-48181e3 e-con-full e-flex e-con e-child\" data-id=\"48181e3\" data-element_type=\"container\" data-e-type=\"container\" data-settings=\"{&quot;motion_fx_motion_fx_scrolling&quot;:&quot;yes&quot;,&quot;motion_fx_translateY_effect&quot;:&quot;yes&quot;,&quot;motion_fx_translateY_direction&quot;:&quot;negative&quot;,&quot;motion_fx_translateY_speed&quot;:{&quot;unit&quot;:&quot;px&quot;,&quot;size&quot;:2,&quot;sizes&quot;:[]},&quot;motion_fx_translateY_affectedRange&quot;:{&quot;unit&quot;:&quot;%&quot;,&quot;size&quot;:&quot;&quot;,&quot;sizes&quot;:{&quot;start&quot;:25,&quot;end&quot;:100}},&quot;motion_fx_devices&quot;:[&quot;widescreen&quot;,&quot;desktop&quot;,&quot;laptop&quot;,&quot;tablet_extra&quot;]}\">\n\t\t<div class=\"elementor-element elementor-element-56eedb1 e-con-full screenshot-border e-flex e-con e-child\" data-id=\"56eedb1\" data-element_type=\"container\" data-e-type=\"container\">\n\t\t\t\t<div class=\"elementor-element elementor-element-c9d313a elementor-widget elementor-widget-image\" data-id=\"c9d313a\" data-element_type=\"widget\" data-e-type=\"widget\" data-widget_type=\"image.default\">\n\t\t\t\t\t\t\t\t\t\t\t\t\t\t\t<img loading=\"lazy\" decoding=\"async\" width=\"720\" height=\"450\" src=\"https:\/\/riftgame.com\/wp-content\/uploads\/2025\/01\/rift-onslaught.jpg\" class=\"attachment-full size-full wp-image-877\" alt=\"\" srcset=\"https:\/\/riftgame.com\/wp-content\/uploads\/2025\/01\/rift-onslaught.jpg 720w, https:\/\/riftgame.com\/wp-content\/uploads\/2025\/01\/rift-onslaught-300x188.jpg 300w\" sizes=\"(max-width: 720px) 100vw, 720px\" \/>\t\t\t\t\t\t\t\t\t\t\t\t\t\t\t<\/div>\n\t\t\t\t<\/div>\n\t\t\t\t<div class=\"elementor-element elementor-element-666c35f elementor-widget elementor-widget-heading\" data-id=\"666c35f\" data-element_type=\"widget\" data-e-type=\"widget\" data-widget_type=\"heading.default\">\n\t\t\t\t\t<h2 class=\"elementor-heading-title elementor-size-default\">Ansturm<\/h2>\t\t\t\t<\/div>\n\t\t\t\t<div class=\"elementor-element elementor-element-e2577a9 elementor-widget__width-initial elementor-widget elementor-widget-text-editor\" data-id=\"e2577a9\" data-element_type=\"widget\" data-e-type=\"widget\" data-widget_type=\"text-editor.default\">\n\t\t\t\t\t\t\t\t\t<p>Tagt\u00e4glich versuchen Horden von Ebenen-Eindringlingen Quellbrunnen und Verteidigungsanlagen in ganz Telara zu zerst\u00f6ren. Schlage ihre bewaffneten Haufen zur\u00fcck, indem du T\u00fcrme verst\u00e4rkst und wichtige Unterbrechungspunkte verteidigst. Stelle dich an die Spitze deiner Truppen und f\u00fchre den entscheidenden Angriff gegen die marodierenden Eindringlinge. <\/p>\t\t\t\t\t\t\t\t<\/div>\n\t\t\t\t<\/div>\n\t\t\t\t<\/div>\n\t\t\t\t<\/div>\n\t\t\t\t<\/div>\n\t\t\t\t<\/div>\n\t\t","protected":false},"excerpt":{"rendered":"<p>Dynamische Schlachten Erkunde die Welt von RIFT und sammle deine EXP auf eine Art und Weise, die dir am besten passt. Es gibt viele M\u00f6glichkeiten, deinen Wert zu beweisen und tolle Belohnungen zu sammeln. K\u00e4mpfe Seite an Seite mit Legenden und werde selbst einer! Sofort-Abenteuer Sofort-Abenteuer bieten epische Action und schier unersch\u00f6pfliche Beute. Ob du [&hellip;]<\/p>\n","protected":false},"author":3,"featured_media":0,"parent":1240,"menu_order":0,"comment_status":"closed","ping_status":"closed","template":"","meta":{"_acf_changed":false,"footnotes":""},"class_list":["post-1142","page","type-page","status-publish","hentry"],"acf":[],"_links":{"self":[{"href":"https:\/\/riftgame.com\/de\/wp-json\/wp\/v2\/pages\/1142","targetHints":{"allow":["GET"]}}],"collection":[{"href":"https:\/\/riftgame.com\/de\/wp-json\/wp\/v2\/pages"}],"about":[{"href":"https:\/\/riftgame.com\/de\/wp-json\/wp\/v2\/types\/page"}],"author":[{"embeddable":true,"href":"https:\/\/riftgame.com\/de\/wp-json\/wp\/v2\/users\/3"}],"replies":[{"embeddable":true,"href":"https:\/\/riftgame.com\/de\/wp-json\/wp\/v2\/comments?post=1142"}],"version-history":[{"count":0,"href":"https:\/\/riftgame.com\/de\/wp-json\/wp\/v2\/pages\/1142\/revisions"}],"up":[{"embeddable":true,"href":"https:\/\/riftgame.com\/de\/wp-json\/wp\/v2\/pages\/1240"}],"wp:attachment":[{"href":"https:\/\/riftgame.com\/de\/wp-json\/wp\/v2\/media?parent=1142"}],"curies":[{"name":"wp","href":"https:\/\/api.w.org\/{rel}","templated":true}]}}