{"id":1140,"date":"2024-11-15T13:17:21","date_gmt":"2024-11-15T13:17:21","guid":{"rendered":"https:\/\/riftgame.com\/dungeons-und-chroniken\/"},"modified":"2025-07-03T11:00:58","modified_gmt":"2025-07-03T11:00:58","slug":"dungeons-und-chroniken","status":"publish","type":"page","link":"https:\/\/riftgame.com\/de\/spiel\/dungeons-und-chroniken\/","title":{"rendered":"Dungeons und Chroniken"},"content":{"rendered":"\t\t<div data-elementor-type=\"wp-page\" data-elementor-id=\"1140\" class=\"elementor elementor-1140 elementor-165\" data-elementor-post-type=\"page\">\n\t\t\t\t<div class=\"elementor-element elementor-element-2583564f e-con-full e-flex e-con e-parent\" data-id=\"2583564f\" data-element_type=\"container\" data-e-type=\"container\">\n\t\t<div class=\"elementor-element elementor-element-4fd7f03e e-con-full max-container-width e-flex e-con e-child\" data-id=\"4fd7f03e\" data-element_type=\"container\" data-e-type=\"container\" id=\"features-header-section\">\n\t\t<div class=\"elementor-element elementor-element-425f3542 e-con-full e-flex e-con e-child\" data-id=\"425f3542\" data-element_type=\"container\" data-e-type=\"container\" id=\"features-mask-top\" data-settings=\"{&quot;background_background&quot;:&quot;classic&quot;}\">\n\t\t<div class=\"elementor-element elementor-element-2c5a1c4 e-con-full max-content-width e-flex e-con e-child\" data-id=\"2c5a1c4\" data-element_type=\"container\" data-e-type=\"container\">\n\t\t<div class=\"elementor-element elementor-element-5815b2c1 e-con-full e-flex e-con e-child\" data-id=\"5815b2c1\" data-element_type=\"container\" data-e-type=\"container\">\n\t\t\t\t<div class=\"elementor-element elementor-element-6407dfda animated-slow elementor-invisible elementor-widget elementor-widget-heading\" data-id=\"6407dfda\" data-element_type=\"widget\" data-e-type=\"widget\" data-settings=\"{&quot;_animation&quot;:&quot;fadeInRight&quot;}\" data-widget_type=\"heading.default\">\n\t\t\t\t\t<h1 class=\"elementor-heading-title elementor-size-default\">Dungeons und Chroniken<\/h1>\t\t\t\t<\/div>\n\t\t\t\t<div class=\"elementor-element elementor-element-569237f1 animated-slow elementor-invisible elementor-widget elementor-widget-text-editor\" data-id=\"569237f1\" data-element_type=\"widget\" data-e-type=\"widget\" data-settings=\"{&quot;_animation&quot;:&quot;fadeInRight&quot;,&quot;_animation_delay&quot;:500}\" data-widget_type=\"text-editor.default\">\n\t\t\t\t\t\t\t\t\t<p>Erkunden und erobern. RIFT bietet eine gro\u00dfe Auswahl an PvE-Inhalten, darunter Dungeons und Chroniken. <\/p><p>Versammle deine Freunde, sch\u00e4rfe deine Klingen und wage dich dorthin, wo Helden sich trauen.<\/p>\t\t\t\t\t\t\t\t<\/div>\n\t\t\t\t<\/div>\n\t\t\t\t<\/div>\n\t\t\t\t<\/div>\n\t\t\t\t<\/div>\n\t\t<div class=\"elementor-element elementor-element-35e317fc e-con-full max-container-width e-flex e-con e-child\" data-id=\"35e317fc\" data-element_type=\"container\" data-e-type=\"container\" id=\"features-lower-section\">\n\t\t<div class=\"elementor-element elementor-element-53a822f2 e-con-full max-content-width e-flex e-con e-child\" data-id=\"53a822f2\" data-element_type=\"container\" data-e-type=\"container\">\n\t\t<div class=\"elementor-element elementor-element-1744d183 e-con-full e-flex e-con e-child\" data-id=\"1744d183\" data-element_type=\"container\" data-e-type=\"container\" data-settings=\"{&quot;motion_fx_motion_fx_scrolling&quot;:&quot;yes&quot;,&quot;motion_fx_translateY_effect&quot;:&quot;yes&quot;,&quot;motion_fx_translateY_direction&quot;:&quot;negative&quot;,&quot;motion_fx_translateY_speed&quot;:{&quot;unit&quot;:&quot;px&quot;,&quot;size&quot;:2,&quot;sizes&quot;:[]},&quot;motion_fx_translateY_affectedRange&quot;:{&quot;unit&quot;:&quot;%&quot;,&quot;size&quot;:&quot;&quot;,&quot;sizes&quot;:{&quot;start&quot;:25,&quot;end&quot;:100}},&quot;motion_fx_devices&quot;:[&quot;widescreen&quot;,&quot;desktop&quot;,&quot;laptop&quot;,&quot;tablet_extra&quot;],&quot;background_background&quot;:&quot;slideshow&quot;,&quot;background_slideshow_gallery&quot;:[],&quot;background_slideshow_slide_duration&quot;:5000,&quot;background_slideshow_slide_transition&quot;:&quot;fade&quot;,&quot;background_slideshow_transition_duration&quot;:500}\">\n\t\t<div class=\"elementor-element elementor-element-3f5fb0d6 e-con-full screenshot-border e-flex e-con e-child\" data-id=\"3f5fb0d6\" data-element_type=\"container\" data-e-type=\"container\">\n\t\t\t\t<div class=\"elementor-element elementor-element-12376d1f elementor-widget elementor-widget-image\" data-id=\"12376d1f\" data-element_type=\"widget\" data-e-type=\"widget\" data-widget_type=\"image.default\">\n\t\t\t\t\t\t\t\t\t\t\t\t\t\t\t<img fetchpriority=\"high\" decoding=\"async\" width=\"720\" height=\"450\" src=\"https:\/\/riftgame.com\/wp-content\/uploads\/2025\/02\/dungeons_small.png\" class=\"attachment-full size-full wp-image-959\" alt=\"\" srcset=\"https:\/\/riftgame.com\/wp-content\/uploads\/2025\/02\/dungeons_small.png 720w, https:\/\/riftgame.com\/wp-content\/uploads\/2025\/02\/dungeons_small-300x188.png 300w\" sizes=\"(max-width: 720px) 100vw, 720px\" \/>\t\t\t\t\t\t\t\t\t\t\t\t\t\t\t<\/div>\n\t\t\t\t<\/div>\n\t\t\t\t<div class=\"elementor-element elementor-element-758f22fa elementor-widget elementor-widget-heading\" data-id=\"758f22fa\" data-element_type=\"widget\" data-e-type=\"widget\" data-widget_type=\"heading.default\">\n\t\t\t\t\t<h2 class=\"elementor-heading-title elementor-size-default\">DuNgeons<\/h2>\t\t\t\t<\/div>\n\t\t\t\t<div class=\"elementor-element elementor-element-37e8df3c elementor-widget__width-initial elementor-widget elementor-widget-text-editor\" data-id=\"37e8df3c\" data-element_type=\"widget\" data-e-type=\"widget\" data-widget_type=\"text-editor.default\">\n\t\t\t\t\t\t\t\t\t<p>Ob in finsteren Burggew\u00f6lben und tiefen Schluchten, in St\u00e4dten und Gruften, \u00fcberall r\u00fcsten die Schergen des Blutsturms zum Krieg.<\/p><p> Ihre dunklen Reiche und unheimlichen Verstecke halten f\u00fcr jeden Spieler, ganz gleich ob Anf\u00e4nger oder Experte, aufregende Herausforderungen bereit. Schare deine Freunde um dich, wetze deine Klingen und werde zum Helden. <\/p>\t\t\t\t\t\t\t\t<\/div>\n\t\t\t\t<\/div>\n\t\t<div class=\"elementor-element elementor-element-1ba15e04 e-con-full e-flex e-con e-child\" data-id=\"1ba15e04\" data-element_type=\"container\" data-e-type=\"container\" data-settings=\"{&quot;motion_fx_motion_fx_scrolling&quot;:&quot;yes&quot;,&quot;motion_fx_translateY_effect&quot;:&quot;yes&quot;,&quot;motion_fx_translateY_direction&quot;:&quot;negative&quot;,&quot;motion_fx_translateY_speed&quot;:{&quot;unit&quot;:&quot;px&quot;,&quot;size&quot;:2,&quot;sizes&quot;:[]},&quot;motion_fx_translateY_affectedRange&quot;:{&quot;unit&quot;:&quot;%&quot;,&quot;size&quot;:&quot;&quot;,&quot;sizes&quot;:{&quot;start&quot;:25,&quot;end&quot;:100}},&quot;motion_fx_devices&quot;:[&quot;widescreen&quot;,&quot;desktop&quot;,&quot;laptop&quot;,&quot;tablet_extra&quot;]}\">\n\t\t<div class=\"elementor-element elementor-element-2247232b e-con-full screenshot-border e-flex e-con e-child\" data-id=\"2247232b\" data-element_type=\"container\" data-e-type=\"container\">\n\t\t\t\t<div class=\"elementor-element elementor-element-5aafdbe5 elementor-widget elementor-widget-image\" data-id=\"5aafdbe5\" data-element_type=\"widget\" data-e-type=\"widget\" data-widget_type=\"image.default\">\n\t\t\t\t\t\t\t\t\t\t\t\t\t\t\t<img decoding=\"async\" width=\"720\" height=\"450\" src=\"https:\/\/riftgame.com\/wp-content\/uploads\/2025\/03\/chronicles_webP.webp\" class=\"attachment-full size-full wp-image-979\" alt=\"\" srcset=\"https:\/\/riftgame.com\/wp-content\/uploads\/2025\/03\/chronicles_webP.webp 720w, https:\/\/riftgame.com\/wp-content\/uploads\/2025\/03\/chronicles_webP-300x188.webp 300w\" sizes=\"(max-width: 720px) 100vw, 720px\" \/>\t\t\t\t\t\t\t\t\t\t\t\t\t\t\t<\/div>\n\t\t\t\t<\/div>\n\t\t\t\t<div class=\"elementor-element elementor-element-2082152c elementor-widget elementor-widget-heading\" data-id=\"2082152c\" data-element_type=\"widget\" data-e-type=\"widget\" data-widget_type=\"heading.default\">\n\t\t\t\t\t<h2 class=\"elementor-heading-title elementor-size-default\">ChRoniken<\/h2>\t\t\t\t<\/div>\n\t\t\t\t<div class=\"elementor-element elementor-element-da673a7 elementor-widget__width-initial elementor-widget elementor-widget-text-editor\" data-id=\"da673a7\" data-element_type=\"widget\" data-e-type=\"widget\" data-widget_type=\"text-editor.default\">\n\t\t\t\t\t\t\t\t\t<p>Chroniken sind Dungeons f\u00fcr ein bis zwei Spieler. Dank dieses Features kann wirklich jeder an epischen Schlachtz\u00fcgen teilnehmen. <\/p><p>Tauche ein in die mitrei\u00dfende Geschichte Telaras, stelle dich den Drachen des Blutsturms in den Weg und erlebe Abenteuer, welche die Welt von Telara f\u00fcr immer ver\u00e4ndern werden \u2013 allein oder mit einem Freund!<\/p>\t\t\t\t\t\t\t\t<\/div>\n\t\t\t\t<\/div>\n\t\t\t\t<\/div>\n\t\t\t\t<\/div>\n\t\t\t\t<\/div>\n\t\t\t\t<\/div>\n\t\t","protected":false},"excerpt":{"rendered":"<p>Dungeons und Chroniken Erkunden und erobern. RIFT bietet eine gro\u00dfe Auswahl an PvE-Inhalten, darunter Dungeons und Chroniken. Versammle deine Freunde, sch\u00e4rfe deine Klingen und wage dich dorthin, wo Helden sich trauen. DuNgeons Ob in finsteren Burggew\u00f6lben und tiefen Schluchten, in St\u00e4dten und Gruften, \u00fcberall r\u00fcsten die Schergen des Blutsturms zum Krieg. Ihre dunklen Reiche und [&hellip;]<\/p>\n","protected":false},"author":3,"featured_media":0,"parent":1240,"menu_order":0,"comment_status":"closed","ping_status":"closed","template":"","meta":{"_acf_changed":false,"footnotes":""},"class_list":["post-1140","page","type-page","status-publish","hentry"],"acf":[],"_links":{"self":[{"href":"https:\/\/riftgame.com\/de\/wp-json\/wp\/v2\/pages\/1140","targetHints":{"allow":["GET"]}}],"collection":[{"href":"https:\/\/riftgame.com\/de\/wp-json\/wp\/v2\/pages"}],"about":[{"href":"https:\/\/riftgame.com\/de\/wp-json\/wp\/v2\/types\/page"}],"author":[{"embeddable":true,"href":"https:\/\/riftgame.com\/de\/wp-json\/wp\/v2\/users\/3"}],"replies":[{"embeddable":true,"href":"https:\/\/riftgame.com\/de\/wp-json\/wp\/v2\/comments?post=1140"}],"version-history":[{"count":0,"href":"https:\/\/riftgame.com\/de\/wp-json\/wp\/v2\/pages\/1140\/revisions"}],"up":[{"embeddable":true,"href":"https:\/\/riftgame.com\/de\/wp-json\/wp\/v2\/pages\/1240"}],"wp:attachment":[{"href":"https:\/\/riftgame.com\/de\/wp-json\/wp\/v2\/media?parent=1140"}],"curies":[{"name":"wp","href":"https:\/\/api.w.org\/{rel}","templated":true}]}}