{"id":1138,"date":"2024-11-11T10:39:31","date_gmt":"2024-11-11T10:39:31","guid":{"rendered":"https:\/\/riftgame.com\/dimensionen\/"},"modified":"2025-07-03T11:00:49","modified_gmt":"2025-07-03T11:00:49","slug":"dimensionen","status":"publish","type":"page","link":"https:\/\/riftgame.com\/de\/spiel\/dimensionen\/","title":{"rendered":"Dimensionen"},"content":{"rendered":"\t\t<div data-elementor-type=\"wp-page\" data-elementor-id=\"1138\" class=\"elementor elementor-1138 elementor-122\" data-elementor-post-type=\"page\">\n\t\t\t\t<div class=\"elementor-element elementor-element-254af985 e-con-full e-flex e-con e-parent\" data-id=\"254af985\" data-element_type=\"container\" data-e-type=\"container\">\n\t\t<div class=\"elementor-element elementor-element-7e829974 e-con-full max-container-width e-flex e-con e-child\" data-id=\"7e829974\" data-element_type=\"container\" data-e-type=\"container\" id=\"features-header-section\">\n\t\t<div class=\"elementor-element elementor-element-15271efb e-con-full e-flex e-con e-child\" data-id=\"15271efb\" data-element_type=\"container\" data-e-type=\"container\" id=\"features-mask-top\" data-settings=\"{&quot;background_background&quot;:&quot;classic&quot;}\">\n\t\t<div class=\"elementor-element elementor-element-6042c36 e-con-full max-content-width e-flex e-con e-child\" data-id=\"6042c36\" data-element_type=\"container\" data-e-type=\"container\">\n\t\t<div class=\"elementor-element elementor-element-203f2663 e-con-full e-flex e-con e-child\" data-id=\"203f2663\" data-element_type=\"container\" data-e-type=\"container\">\n\t\t\t\t<div class=\"elementor-element elementor-element-481bad83 animated-slow elementor-invisible elementor-widget elementor-widget-heading\" data-id=\"481bad83\" data-element_type=\"widget\" data-e-type=\"widget\" data-settings=\"{&quot;_animation&quot;:&quot;fadeInRight&quot;}\" data-widget_type=\"heading.default\">\n\t\t\t\t\t<h1 class=\"elementor-heading-title elementor-size-default\">Dimensionen<\/h1>\t\t\t\t<\/div>\n\t\t\t\t<div class=\"elementor-element elementor-element-4dbab7d8 animated-slow elementor-invisible elementor-widget elementor-widget-text-editor\" data-id=\"4dbab7d8\" data-element_type=\"widget\" data-e-type=\"widget\" data-settings=\"{&quot;_animation&quot;:&quot;fadeInRight&quot;,&quot;_animation_delay&quot;:500}\" data-widget_type=\"text-editor.default\">\n\t\t\t\t\t\t\t\t\t<p>Dimensionen sind spieler- oder gildeneigene Splitter Telaras, die mit zahlreichen Gegenst\u00e4nden und Bausteinen, die im Rahmen von Abenteuern verdient oder von H\u00e4ndlern erworben werden, individuell gestaltet werden k\u00f6nnen.<\/p><p>Dimensionen bieten dir die M\u00f6glichkeit, deiner Fantasie freien Lauf zu lassen!<\/p>\t\t\t\t\t\t\t\t<\/div>\n\t\t\t\t<\/div>\n\t\t\t\t<\/div>\n\t\t\t\t<\/div>\n\t\t\t\t<\/div>\n\t\t<div class=\"elementor-element elementor-element-36909a20 e-con-full max-container-width e-flex e-con e-child\" data-id=\"36909a20\" data-element_type=\"container\" data-e-type=\"container\" id=\"features-lower-section\">\n\t\t<div class=\"elementor-element elementor-element-7ae47efd e-con-full max-content-width e-flex e-con e-child\" data-id=\"7ae47efd\" data-element_type=\"container\" data-e-type=\"container\">\n\t\t<div class=\"elementor-element elementor-element-335fa9ad e-con-full e-flex e-con e-child\" data-id=\"335fa9ad\" data-element_type=\"container\" data-e-type=\"container\" data-settings=\"{&quot;motion_fx_motion_fx_scrolling&quot;:&quot;yes&quot;,&quot;motion_fx_translateY_effect&quot;:&quot;yes&quot;,&quot;motion_fx_translateY_direction&quot;:&quot;negative&quot;,&quot;motion_fx_translateY_speed&quot;:{&quot;unit&quot;:&quot;px&quot;,&quot;size&quot;:2,&quot;sizes&quot;:[]},&quot;motion_fx_translateY_affectedRange&quot;:{&quot;unit&quot;:&quot;%&quot;,&quot;size&quot;:&quot;&quot;,&quot;sizes&quot;:{&quot;start&quot;:25,&quot;end&quot;:100}},&quot;motion_fx_devices&quot;:[&quot;widescreen&quot;,&quot;desktop&quot;,&quot;laptop&quot;,&quot;tablet_extra&quot;]}\">\n\t\t<div class=\"elementor-element elementor-element-da2ab56 e-con-full screenshot-border e-flex e-con e-child\" data-id=\"da2ab56\" data-element_type=\"container\" data-e-type=\"container\">\n\t\t\t\t<div class=\"elementor-element elementor-element-5e969e00 elementor-widget elementor-widget-image\" data-id=\"5e969e00\" data-element_type=\"widget\" data-e-type=\"widget\" data-widget_type=\"image.default\">\n\t\t\t\t\t\t\t\t\t\t\t\t\t\t\t<img fetchpriority=\"high\" decoding=\"async\" width=\"720\" height=\"450\" src=\"https:\/\/riftgame.com\/wp-content\/uploads\/2024\/11\/rift-dimensions.jpg\" class=\"attachment-full size-full wp-image-795\" alt=\"\" srcset=\"https:\/\/riftgame.com\/wp-content\/uploads\/2024\/11\/rift-dimensions.jpg 720w, https:\/\/riftgame.com\/wp-content\/uploads\/2024\/11\/rift-dimensions-300x188.jpg 300w\" sizes=\"(max-width: 720px) 100vw, 720px\" \/>\t\t\t\t\t\t\t\t\t\t\t\t\t\t\t<\/div>\n\t\t\t\t<\/div>\n\t\t\t\t<div class=\"elementor-element elementor-element-7096339f elementor-widget elementor-widget-heading\" data-id=\"7096339f\" data-element_type=\"widget\" data-e-type=\"widget\" data-widget_type=\"heading.default\">\n\t\t\t\t\t<h2 class=\"elementor-heading-title elementor-size-default\">Dein eigenes Reich<\/h2>\t\t\t\t<\/div>\n\t\t\t\t<div class=\"elementor-element elementor-element-7fa9a73 elementor-widget__width-initial elementor-widget elementor-widget-text-editor\" data-id=\"7fa9a73\" data-element_type=\"widget\" data-e-type=\"widget\" data-widget_type=\"text-editor.default\">\n\t\t\t\t\t\t\t\t\t<p>Empyreum-Ingenieure verkaufen Schl\u00fcssel zu Dimensionen, die eine Vielzahl atemberaubender Pl\u00e4tze an den verschiedensten Orten der Welt bieten.<\/p><p>Jede einzelne ist eine Leinwand, die du mit Fantasie und Geschick nach eigenem Gusto gestalten kannst. Du allein entscheidest, ob du dein abgelegenes Refugium in eine imposante Trutzburg verwandelst oder einen windgepeitschten Adlerhorst, der nur mittels halsbrecherischer Akrobatik zu erreichen ist.<\/p><p>Welchen Sch\u00e4tzen m\u00f6chtest du dort ein Zuhause geben und welche Wunder sollen Gestalt annehmen?<\/p>\t\t\t\t\t\t\t\t<\/div>\n\t\t\t\t<\/div>\n\t\t<div class=\"elementor-element elementor-element-e2b9176 e-con-full e-flex e-con e-child\" data-id=\"e2b9176\" data-element_type=\"container\" data-e-type=\"container\" data-settings=\"{&quot;motion_fx_motion_fx_scrolling&quot;:&quot;yes&quot;,&quot;motion_fx_translateY_effect&quot;:&quot;yes&quot;,&quot;motion_fx_translateY_direction&quot;:&quot;negative&quot;,&quot;motion_fx_translateY_speed&quot;:{&quot;unit&quot;:&quot;px&quot;,&quot;size&quot;:2,&quot;sizes&quot;:[]},&quot;motion_fx_translateY_affectedRange&quot;:{&quot;unit&quot;:&quot;%&quot;,&quot;size&quot;:&quot;&quot;,&quot;sizes&quot;:{&quot;start&quot;:25,&quot;end&quot;:100}},&quot;motion_fx_devices&quot;:[&quot;widescreen&quot;,&quot;desktop&quot;,&quot;laptop&quot;,&quot;tablet_extra&quot;]}\">\n\t\t<div class=\"elementor-element elementor-element-7a80c99e e-con-full screenshot-border e-flex e-con e-child\" data-id=\"7a80c99e\" data-element_type=\"container\" data-e-type=\"container\">\n\t\t\t\t<div class=\"elementor-element elementor-element-20eca18c elementor-widget elementor-widget-image\" data-id=\"20eca18c\" data-element_type=\"widget\" data-e-type=\"widget\" data-widget_type=\"image.default\">\n\t\t\t\t\t\t\t\t\t\t\t\t\t\t\t<img decoding=\"async\" width=\"720\" height=\"450\" src=\"https:\/\/riftgame.com\/wp-content\/uploads\/2024\/11\/rift-building.jpg\" class=\"attachment-full size-full wp-image-791\" alt=\"\" srcset=\"https:\/\/riftgame.com\/wp-content\/uploads\/2024\/11\/rift-building.jpg 720w, https:\/\/riftgame.com\/wp-content\/uploads\/2024\/11\/rift-building-300x188.jpg 300w\" sizes=\"(max-width: 720px) 100vw, 720px\" \/>\t\t\t\t\t\t\t\t\t\t\t\t\t\t\t<\/div>\n\t\t\t\t<\/div>\n\t\t\t\t<div class=\"elementor-element elementor-element-484a0924 elementor-widget elementor-widget-heading\" data-id=\"484a0924\" data-element_type=\"widget\" data-e-type=\"widget\" data-widget_type=\"heading.default\">\n\t\t\t\t\t<h2 class=\"elementor-heading-title elementor-size-default\">Aufbau und Gestaltung<\/h2>\t\t\t\t<\/div>\n\t\t\t\t<div class=\"elementor-element elementor-element-66e71750 elementor-widget__width-initial elementor-widget elementor-widget-text-editor\" data-id=\"66e71750\" data-element_type=\"widget\" data-e-type=\"widget\" data-widget_type=\"text-editor.default\">\n\t\t\t\t\t\t\t\t\t<p>Nutzerfreundliche Werkzeuge zur individuellen Gestaltung erm\u00f6glichen dir Bearbeitung und Anpassung einer st\u00e4ndig wachsenden Zahl von Dimensionsobjekten. Du kannst z. B. ihre Gr\u00f6\u00dfe \u00e4ndern oder sie mit anderen Objekten kombinieren, ganz wie du willst. Du m\u00f6chtest deinen magmaumsp\u00fclten Zufluchtsort begr\u00fcnen?   <\/p><p>Dann ziehe einfach einen Sch\u00f6ssling aus deinem Inventar in deine Dimension und beobachte, wie der Baum zum Leben erwacht. Verwende leicht zu bedienende Werkzeuge und drehe, skaliere oder ver\u00e4ndere deinen Baum. Vielleicht m\u00f6chtest du ihn aber auch gegen Planken und Steine eintauschen. <\/p><p>Deiner Fantasie sind dank dieser Rohstoffe keinerlei Grenzen gesetzt!<\/p>\t\t\t\t\t\t\t\t<\/div>\n\t\t\t\t<\/div>\n\t\t<div class=\"elementor-element elementor-element-6c4f53fd e-con-full e-flex e-con e-child\" data-id=\"6c4f53fd\" data-element_type=\"container\" data-e-type=\"container\" data-settings=\"{&quot;motion_fx_motion_fx_scrolling&quot;:&quot;yes&quot;,&quot;motion_fx_translateY_effect&quot;:&quot;yes&quot;,&quot;motion_fx_translateY_direction&quot;:&quot;negative&quot;,&quot;motion_fx_translateY_speed&quot;:{&quot;unit&quot;:&quot;px&quot;,&quot;size&quot;:2,&quot;sizes&quot;:[]},&quot;motion_fx_translateY_affectedRange&quot;:{&quot;unit&quot;:&quot;%&quot;,&quot;size&quot;:&quot;&quot;,&quot;sizes&quot;:{&quot;start&quot;:25,&quot;end&quot;:100}},&quot;motion_fx_devices&quot;:[&quot;widescreen&quot;,&quot;desktop&quot;,&quot;laptop&quot;,&quot;tablet_extra&quot;]}\">\n\t\t<div class=\"elementor-element elementor-element-173e3802 e-con-full screenshot-border e-flex e-con e-child\" data-id=\"173e3802\" data-element_type=\"container\" data-e-type=\"container\">\n\t\t\t\t<div class=\"elementor-element elementor-element-56948ee5 elementor-widget elementor-widget-image\" data-id=\"56948ee5\" data-element_type=\"widget\" data-e-type=\"widget\" data-widget_type=\"image.default\">\n\t\t\t\t\t\t\t\t\t\t\t\t\t\t\t<img decoding=\"async\" width=\"720\" height=\"450\" src=\"https:\/\/riftgame.com\/wp-content\/uploads\/2024\/11\/rift-creations.jpg\" class=\"attachment-full size-full wp-image-793\" alt=\"\" srcset=\"https:\/\/riftgame.com\/wp-content\/uploads\/2024\/11\/rift-creations.jpg 720w, https:\/\/riftgame.com\/wp-content\/uploads\/2024\/11\/rift-creations-300x188.jpg 300w\" sizes=\"(max-width: 720px) 100vw, 720px\" \/>\t\t\t\t\t\t\t\t\t\t\t\t\t\t\t<\/div>\n\t\t\t\t<\/div>\n\t\t\t\t<div class=\"elementor-element elementor-element-43963dda elementor-widget elementor-widget-heading\" data-id=\"43963dda\" data-element_type=\"widget\" data-e-type=\"widget\" data-widget_type=\"heading.default\">\n\t\t\t\t\t<h2 class=\"elementor-heading-title elementor-size-default\">Teile deine sch\u00f6pferische Energie<\/h2>\t\t\t\t<\/div>\n\t\t\t\t<div class=\"elementor-element elementor-element-71c8e8d6 elementor-widget__width-initial elementor-widget elementor-widget-text-editor\" data-id=\"71c8e8d6\" data-element_type=\"widget\" data-e-type=\"widget\" data-widget_type=\"text-editor.default\">\n\t\t\t\t\t\t\t\t\t<p>Lade Freunde, Gildengef\u00e4hrten oder wen auch immer du magst, in deine Dimensionen ein. Du brauchst Hilfe bei der Fertigstellung eines Tempels zu Ehren von Thontic? <\/p><p>Gew\u00e4hre deinen G\u00e4sten ganz einfach gleichzeitig Bau- und Handwerksprivilegien. Alles bereit f\u00fcr die Premiere deines schwebenden Dungeons?  <\/p><p>Verwende neue, einzigartige atmosph\u00e4rische Features wie atemberaubende Himmelszelte, besondere Musik und vieles mehr, um das gew\u00fcnschte Ambiente zu schaffen und an die Spitze der Bestenlisten zu st\u00fcrmen!<\/p>\t\t\t\t\t\t\t\t<\/div>\n\t\t\t\t<\/div>\n\t\t\t\t<\/div>\n\t\t\t\t<\/div>\n\t\t\t\t<\/div>\n\t\t\t\t<\/div>\n\t\t","protected":false},"excerpt":{"rendered":"<p>Dimensionen Dimensionen sind spieler- oder gildeneigene Splitter Telaras, die mit zahlreichen Gegenst\u00e4nden und Bausteinen, die im Rahmen von Abenteuern verdient oder von H\u00e4ndlern erworben werden, individuell gestaltet werden k\u00f6nnen. Dimensionen bieten dir die M\u00f6glichkeit, deiner Fantasie freien Lauf zu lassen! Dein eigenes Reich Empyreum-Ingenieure verkaufen Schl\u00fcssel zu Dimensionen, die eine Vielzahl atemberaubender Pl\u00e4tze an den [&hellip;]<\/p>\n","protected":false},"author":3,"featured_media":0,"parent":1240,"menu_order":0,"comment_status":"closed","ping_status":"closed","template":"","meta":{"_acf_changed":false,"footnotes":""},"class_list":["post-1138","page","type-page","status-publish","hentry"],"acf":[],"_links":{"self":[{"href":"https:\/\/riftgame.com\/de\/wp-json\/wp\/v2\/pages\/1138","targetHints":{"allow":["GET"]}}],"collection":[{"href":"https:\/\/riftgame.com\/de\/wp-json\/wp\/v2\/pages"}],"about":[{"href":"https:\/\/riftgame.com\/de\/wp-json\/wp\/v2\/types\/page"}],"author":[{"embeddable":true,"href":"https:\/\/riftgame.com\/de\/wp-json\/wp\/v2\/users\/3"}],"replies":[{"embeddable":true,"href":"https:\/\/riftgame.com\/de\/wp-json\/wp\/v2\/comments?post=1138"}],"version-history":[{"count":0,"href":"https:\/\/riftgame.com\/de\/wp-json\/wp\/v2\/pages\/1138\/revisions"}],"up":[{"embeddable":true,"href":"https:\/\/riftgame.com\/de\/wp-json\/wp\/v2\/pages\/1240"}],"wp:attachment":[{"href":"https:\/\/riftgame.com\/de\/wp-json\/wp\/v2\/media?parent=1138"}],"curies":[{"name":"wp","href":"https:\/\/api.w.org\/{rel}","templated":true}]}}