{"id":1134,"date":"2024-11-15T13:15:49","date_gmt":"2024-11-15T13:15:49","guid":{"rendered":"https:\/\/riftgame.com\/das-klassensystem-der-auserwaehlten\/"},"modified":"2025-07-03T11:00:26","modified_gmt":"2025-07-03T11:00:26","slug":"das-klassensystem-der-auserwaehlten","status":"publish","type":"page","link":"https:\/\/riftgame.com\/de\/spiel\/das-klassensystem-der-auserwaehlten\/","title":{"rendered":"Das Klassensystem der Auserw\u00e4hlten"},"content":{"rendered":"\t\t<div data-elementor-type=\"wp-page\" data-elementor-id=\"1134\" class=\"elementor elementor-1134 elementor-162\" data-elementor-post-type=\"page\">\n\t\t\t\t<div class=\"elementor-element elementor-element-22d550fa e-con-full e-flex e-con e-parent\" data-id=\"22d550fa\" data-element_type=\"container\" data-e-type=\"container\">\n\t\t<div class=\"elementor-element elementor-element-3c96561b e-con-full max-container-width e-flex e-con e-child\" data-id=\"3c96561b\" data-element_type=\"container\" data-e-type=\"container\" id=\"features-header-section\">\n\t\t<div class=\"elementor-element elementor-element-1a6adc0 e-con-full e-flex e-con e-child\" data-id=\"1a6adc0\" data-element_type=\"container\" data-e-type=\"container\" id=\"features-mask-top\" data-settings=\"{&quot;background_background&quot;:&quot;classic&quot;}\">\n\t\t<div class=\"elementor-element elementor-element-bbd00da e-con-full max-content-width e-flex e-con e-child\" data-id=\"bbd00da\" data-element_type=\"container\" data-e-type=\"container\">\n\t\t<div class=\"elementor-element elementor-element-3e53e085 e-con-full e-flex e-con e-child\" data-id=\"3e53e085\" data-element_type=\"container\" data-e-type=\"container\">\n\t\t\t\t<div class=\"elementor-element elementor-element-1cb53652 animated-slow elementor-invisible elementor-widget elementor-widget-heading\" data-id=\"1cb53652\" data-element_type=\"widget\" data-e-type=\"widget\" data-settings=\"{&quot;_animation&quot;:&quot;fadeInRight&quot;}\" data-widget_type=\"heading.default\">\n\t\t\t\t\t<h1 class=\"elementor-heading-title elementor-size-default\">Das Klassensystem der Auserw\u00e4hlten<\/h1>\t\t\t\t<\/div>\n\t\t\t\t<div class=\"elementor-element elementor-element-1313c659 animated-slow elementor-invisible elementor-widget elementor-widget-text-editor\" data-id=\"1313c659\" data-element_type=\"widget\" data-e-type=\"widget\" data-settings=\"{&quot;_animation&quot;:&quot;fadeInRight&quot;,&quot;_animation_delay&quot;:500}\" data-widget_type=\"text-editor.default\">\n\t\t\t\t\t\t\t\t\t<p>Drei Seelen schlagen, ach, in meiner Brust!<\/p>\t\t\t\t\t\t\t\t<\/div>\n\t\t\t\t<\/div>\n\t\t\t\t<\/div>\n\t\t\t\t<\/div>\n\t\t\t\t<\/div>\n\t\t<div class=\"elementor-element elementor-element-1be0d678 e-con-full max-container-width e-flex e-con e-child\" data-id=\"1be0d678\" data-element_type=\"container\" data-e-type=\"container\" id=\"features-lower-section\">\n\t\t<div class=\"elementor-element elementor-element-44b42d0c e-con-full max-content-width e-flex e-con e-child\" data-id=\"44b42d0c\" data-element_type=\"container\" data-e-type=\"container\">\n\t\t<div class=\"elementor-element elementor-element-79d74fa e-con-full e-flex e-con e-child\" data-id=\"79d74fa\" data-element_type=\"container\" data-e-type=\"container\" data-settings=\"{&quot;motion_fx_motion_fx_scrolling&quot;:&quot;yes&quot;,&quot;motion_fx_translateY_effect&quot;:&quot;yes&quot;,&quot;motion_fx_translateY_direction&quot;:&quot;negative&quot;,&quot;motion_fx_translateY_speed&quot;:{&quot;unit&quot;:&quot;px&quot;,&quot;size&quot;:2,&quot;sizes&quot;:[]},&quot;motion_fx_translateY_affectedRange&quot;:{&quot;unit&quot;:&quot;%&quot;,&quot;size&quot;:&quot;&quot;,&quot;sizes&quot;:{&quot;start&quot;:25,&quot;end&quot;:100}},&quot;motion_fx_devices&quot;:[&quot;widescreen&quot;,&quot;desktop&quot;,&quot;laptop&quot;,&quot;tablet_extra&quot;]}\">\n\t\t<div class=\"elementor-element elementor-element-91c865c e-con-full screenshot-border e-flex e-con e-child\" data-id=\"91c865c\" data-element_type=\"container\" data-e-type=\"container\">\n\t\t\t\t<div class=\"elementor-element elementor-element-483ff775 elementor-widget elementor-widget-image\" data-id=\"483ff775\" data-element_type=\"widget\" data-e-type=\"widget\" data-widget_type=\"image.default\">\n\t\t\t\t\t\t\t\t\t\t\t\t\t\t\t<img fetchpriority=\"high\" decoding=\"async\" width=\"720\" height=\"450\" src=\"https:\/\/riftgame.com\/wp-content\/uploads\/2025\/01\/rift-soul-tree.jpg\" class=\"attachment-full size-full wp-image-871\" alt=\"\" srcset=\"https:\/\/riftgame.com\/wp-content\/uploads\/2025\/01\/rift-soul-tree.jpg 720w, https:\/\/riftgame.com\/wp-content\/uploads\/2025\/01\/rift-soul-tree-300x188.jpg 300w\" sizes=\"(max-width: 720px) 100vw, 720px\" \/>\t\t\t\t\t\t\t\t\t\t\t\t\t\t\t<\/div>\n\t\t\t\t<\/div>\n\t\t\t\t<div class=\"elementor-element elementor-element-834f85e elementor-widget elementor-widget-heading\" data-id=\"834f85e\" data-element_type=\"widget\" data-e-type=\"widget\" data-widget_type=\"heading.default\">\n\t\t\t\t\t<h2 class=\"elementor-heading-title elementor-size-default\">Der Seelenbaum<\/h2>\t\t\t\t<\/div>\n\t\t\t\t<div class=\"elementor-element elementor-element-24128f9b elementor-widget__width-initial elementor-widget elementor-widget-text-editor\" data-id=\"24128f9b\" data-element_type=\"widget\" data-e-type=\"widget\" data-widget_type=\"text-editor.default\">\n\t\t\t\t\t\t\t\t\t<p><br>Jede Seele wird durch einen eigenen Seelenbaum dargestellt. Mit fortschreitender Spieldauer erh\u00e4ltst du Seelenpunkte, die du den einzigartigen F\u00e4higkeiten und Eigenschaften deines Seelenbaumes zuweisen kannst. <\/p><ul><li><strong>Der Seelenbaum \u2013 \u00c4ste<br><\/strong>Verteile Seelenpunkte auf die F\u00e4higkeiten in den \u00c4sten deines Baumes, um deinem Charakter neue Fertigkeiten zu gew\u00e4hren und h\u00f6herrangige F\u00e4higkeiten freizuschalten.<\/li><li>D<strong>er Seelenbaum \u2013 Wurzeln<br><\/strong>Weist du den Astf\u00e4higkeiten Seelenpunkte zu, so schaltest du in den Wurzeln des Seelenbaumes neue F\u00e4higkeiten f\u00fcr deinen Charakter frei. W\u00e4hrend Seelenbaum\u00e4ste die einzigartigen Gestaltungsm\u00f6glichkeiten f\u00fcr deinen Charakter darstellen, stehen Wurzeln f\u00fcr die Kr\u00e4fte des Seelenkerns, zu denen alle Spieler Zugriff haben.<br><br><br> <\/li><\/ul>\t\t\t\t\t\t\t\t<\/div>\n\t\t\t\t<div class=\"elementor-element elementor-element-036c6b8 elementor-widget elementor-widget-heading\" data-id=\"036c6b8\" data-element_type=\"widget\" data-e-type=\"widget\" data-widget_type=\"heading.default\">\n\t\t\t\t\t<h2 class=\"elementor-heading-title elementor-size-default\">Das Wechseln von Seelen und Rollen<\/h2>\t\t\t\t<\/div>\n\t\t\t\t<div class=\"elementor-element elementor-element-f37962b elementor-widget__width-initial elementor-widget elementor-widget-text-editor\" data-id=\"f37962b\" data-element_type=\"widget\" data-e-type=\"widget\" data-widget_type=\"text-editor.default\">\n\t\t\t\t\t\t\t\t\t<p>M\u00f6chtest du eine ausgebildete Seele wechseln, dann statte deinem Berufungsausbilder einen Besuch ab, um deine Seelenpunkte zur\u00fcckzusetzen oder aktiviere einfach eine neue Rolle! Jede Rolle erlaubt dir das Speichern einer anderen Seelenkombination, die du nach Belieben verwenden kannst. Im Seelenbaum-Feld siehst du, wie viele Rollen du gerade freigeschaltet hast. Ein Wechsel dieser Rollen ist jederzeit m\u00f6glich. Auf diese Weise kannst du beispielsweise innerhalb k\u00fcrzester Zeit m\u00fchelos von einer Tod und Verderben bringenden Seelenkonfiguration zu einer heilenden wechseln.  <\/p>\t\t\t\t\t\t\t\t<\/div>\n\t\t\t\t<\/div>\n\t\t<div class=\"elementor-element elementor-element-7da07201 e-con-full e-flex e-con e-child\" data-id=\"7da07201\" data-element_type=\"container\" data-e-type=\"container\" data-settings=\"{&quot;motion_fx_motion_fx_scrolling&quot;:&quot;yes&quot;,&quot;motion_fx_translateY_effect&quot;:&quot;yes&quot;,&quot;motion_fx_translateY_direction&quot;:&quot;negative&quot;,&quot;motion_fx_translateY_speed&quot;:{&quot;unit&quot;:&quot;px&quot;,&quot;size&quot;:2,&quot;sizes&quot;:[]},&quot;motion_fx_translateY_affectedRange&quot;:{&quot;unit&quot;:&quot;%&quot;,&quot;size&quot;:&quot;&quot;,&quot;sizes&quot;:{&quot;start&quot;:25,&quot;end&quot;:100}},&quot;motion_fx_devices&quot;:[&quot;widescreen&quot;,&quot;desktop&quot;,&quot;laptop&quot;,&quot;tablet_extra&quot;]}\">\n\t\t<div class=\"elementor-element elementor-element-2940f0ec e-con-full screenshot-border e-flex e-con e-child\" data-id=\"2940f0ec\" data-element_type=\"container\" data-e-type=\"container\">\n\t\t\t\t<div class=\"elementor-element elementor-element-6c3dde3b elementor-widget elementor-widget-image\" data-id=\"6c3dde3b\" data-element_type=\"widget\" data-e-type=\"widget\" data-widget_type=\"image.default\">\n\t\t\t\t\t\t\t\t\t\t\t\t\t\t\t<img decoding=\"async\" width=\"720\" height=\"450\" src=\"https:\/\/riftgame.com\/wp-content\/uploads\/2025\/01\/rift-purposes.jpg\" class=\"attachment-full size-full wp-image-869\" alt=\"\" srcset=\"https:\/\/riftgame.com\/wp-content\/uploads\/2025\/01\/rift-purposes.jpg 720w, https:\/\/riftgame.com\/wp-content\/uploads\/2025\/01\/rift-purposes-300x188.jpg 300w\" sizes=\"(max-width: 720px) 100vw, 720px\" \/>\t\t\t\t\t\t\t\t\t\t\t\t\t\t\t<\/div>\n\t\t\t\t<\/div>\n\t\t\t\t<div class=\"elementor-element elementor-element-346ba54f elementor-widget elementor-widget-heading\" data-id=\"346ba54f\" data-element_type=\"widget\" data-e-type=\"widget\" data-widget_type=\"heading.default\">\n\t\t\t\t\t<h2 class=\"elementor-heading-title elementor-size-default\">Bestimmungen<\/h2>\t\t\t\t<\/div>\n\t\t\t\t<div class=\"elementor-element elementor-element-2bf57274 elementor-widget__width-initial elementor-widget elementor-widget-text-editor\" data-id=\"2bf57274\" data-element_type=\"widget\" data-e-type=\"widget\" data-widget_type=\"text-editor.default\">\n\t\t\t\t\t\t\t\t\t<p>Bei der Erstellung eines neuen Charakters werden dir zahlreiche Bestimmungen angeboten. Hierbei handelt es sich um vorgegebene Seelenkombinationen, die dir bei der sinnvollen Zuweisung deiner Seelenpunkte Orientierungshilfen geben sollen.<\/p><p>Es steht dir nat\u00fcrlich frei, von diesen Vorgaben abzuweichen und deine Seelenpunkte nach eigenem Gutd\u00fcnken zu verteilen. Nutze dein Seelenbaum-Feld, um mehr \u00fcber Bestimmungsgrundlagen, Spielstile, Tipps, Schwierigkeitsbewertungen usw. zu erfahren.<\/p>\t\t\t\t\t\t\t\t<\/div>\n\t\t\t\t<\/div>\n\t\t<div class=\"elementor-element elementor-element-7196e03b e-con-full e-flex e-con e-child\" data-id=\"7196e03b\" data-element_type=\"container\" data-e-type=\"container\" data-settings=\"{&quot;motion_fx_motion_fx_scrolling&quot;:&quot;yes&quot;,&quot;motion_fx_translateY_effect&quot;:&quot;yes&quot;,&quot;motion_fx_translateY_direction&quot;:&quot;negative&quot;,&quot;motion_fx_translateY_speed&quot;:{&quot;unit&quot;:&quot;px&quot;,&quot;size&quot;:2,&quot;sizes&quot;:[]},&quot;motion_fx_translateY_affectedRange&quot;:{&quot;unit&quot;:&quot;%&quot;,&quot;size&quot;:&quot;&quot;,&quot;sizes&quot;:{&quot;start&quot;:25,&quot;end&quot;:100}},&quot;motion_fx_devices&quot;:[&quot;widescreen&quot;,&quot;desktop&quot;,&quot;laptop&quot;,&quot;tablet_extra&quot;]}\">\n\t\t<div class=\"elementor-element elementor-element-3500fcad e-con-full screenshot-border e-flex e-con e-child\" data-id=\"3500fcad\" data-element_type=\"container\" data-e-type=\"container\">\n\t\t\t\t<div class=\"elementor-element elementor-element-64395355 elementor-widget elementor-widget-image\" data-id=\"64395355\" data-element_type=\"widget\" data-e-type=\"widget\" data-widget_type=\"image.default\">\n\t\t\t\t\t\t\t\t\t\t\t\t\t\t\t<img decoding=\"async\" width=\"720\" height=\"450\" src=\"https:\/\/riftgame.com\/wp-content\/uploads\/2025\/01\/rift-attunement.jpg\" class=\"attachment-full size-full wp-image-867\" alt=\"\" srcset=\"https:\/\/riftgame.com\/wp-content\/uploads\/2025\/01\/rift-attunement.jpg 720w, https:\/\/riftgame.com\/wp-content\/uploads\/2025\/01\/rift-attunement-300x188.jpg 300w\" sizes=\"(max-width: 720px) 100vw, 720px\" \/>\t\t\t\t\t\t\t\t\t\t\t\t\t\t\t<\/div>\n\t\t\t\t<\/div>\n\t\t\t\t<div class=\"elementor-element elementor-element-16f24b70 elementor-widget elementor-widget-heading\" data-id=\"16f24b70\" data-element_type=\"widget\" data-e-type=\"widget\" data-widget_type=\"heading.default\">\n\t\t\t\t\t<h2 class=\"elementor-heading-title elementor-size-default\">Ebenen-Einstimmung<\/h2>\t\t\t\t<\/div>\n\t\t\t\t<div class=\"elementor-element elementor-element-1eb13bdc elementor-widget__width-initial elementor-widget elementor-widget-text-editor\" data-id=\"1eb13bdc\" data-element_type=\"widget\" data-e-type=\"widget\" data-widget_type=\"text-editor.default\">\n\t\t\t\t\t\t\t\t\t<p>Ab Level 50 kannst du deine erworbene Erfahrung nutzen, um dir die Kr\u00e4fte der Ebenen zu eigen zu machen. Durch das Sammeln und Zuweisen von Einstimmungspunkten, schaltest du F\u00e4higkeiten und Boosts zur Verbesserung deiner statistischen Werte, Widerst\u00e4nde, Reitgeschwindigkeit sowie andere Boni frei. <\/p><p>F\u00fcr jeden Bonus, den du freischaltest, wird dir zur gleichen Zeit auch der dazugeh\u00f6rige Zauber angeboten, den du kaufen kannst. Hol dir verschiedene R\u00e4nge eines Bonus oder schau dir andere Kr\u00e4fte und Vorteile an. Spezialisiere dich auf eine Ebene, sei in mehreren bewandert oder hole sie dir einfach alle. Hier hast du die Qual der Wahl!  <\/p>\t\t\t\t\t\t\t\t<\/div>\n\t\t\t\t<\/div>\n\t\t\t\t<\/div>\n\t\t\t\t<\/div>\n\t\t\t\t<\/div>\n\t\t\t\t<\/div>\n\t\t","protected":false},"excerpt":{"rendered":"<p>Das Klassensystem der Auserw\u00e4hlten Drei Seelen schlagen, ach, in meiner Brust! Der Seelenbaum Jede Seele wird durch einen eigenen Seelenbaum dargestellt. Mit fortschreitender Spieldauer erh\u00e4ltst du Seelenpunkte, die du den einzigartigen F\u00e4higkeiten und Eigenschaften deines Seelenbaumes zuweisen kannst. Der Seelenbaum \u2013 \u00c4steVerteile Seelenpunkte auf die F\u00e4higkeiten in den \u00c4sten deines Baumes, um deinem Charakter neue [&hellip;]<\/p>\n","protected":false},"author":3,"featured_media":0,"parent":1240,"menu_order":0,"comment_status":"closed","ping_status":"closed","template":"","meta":{"_acf_changed":false,"footnotes":""},"class_list":["post-1134","page","type-page","status-publish","hentry"],"acf":[],"_links":{"self":[{"href":"https:\/\/riftgame.com\/de\/wp-json\/wp\/v2\/pages\/1134","targetHints":{"allow":["GET"]}}],"collection":[{"href":"https:\/\/riftgame.com\/de\/wp-json\/wp\/v2\/pages"}],"about":[{"href":"https:\/\/riftgame.com\/de\/wp-json\/wp\/v2\/types\/page"}],"author":[{"embeddable":true,"href":"https:\/\/riftgame.com\/de\/wp-json\/wp\/v2\/users\/3"}],"replies":[{"embeddable":true,"href":"https:\/\/riftgame.com\/de\/wp-json\/wp\/v2\/comments?post=1134"}],"version-history":[{"count":0,"href":"https:\/\/riftgame.com\/de\/wp-json\/wp\/v2\/pages\/1134\/revisions"}],"up":[{"embeddable":true,"href":"https:\/\/riftgame.com\/de\/wp-json\/wp\/v2\/pages\/1240"}],"wp:attachment":[{"href":"https:\/\/riftgame.com\/de\/wp-json\/wp\/v2\/media?parent=1134"}],"curies":[{"name":"wp","href":"https:\/\/api.w.org\/{rel}","templated":true}]}}